{"id":8966,"date":"2022-05-17T13:42:25","date_gmt":"2022-05-17T12:42:25","guid":{"rendered":"https:\/\/meva.net\/it-ch\/?page_id=8966"},"modified":"2025-11-18T14:42:02","modified_gmt":"2025-11-18T14:42:02","slug":"le-nostre-sedi","status":"publish","type":"page","link":"https:\/\/meva.net\/it-ch\/le-nostre-sedi\/","title":{"rendered":"Le nostre sedi"},"content":{"rendered":"","protected":false},"excerpt":{"rendered":"<p>Benvenuti in MEVA Worldwide. Le soluzioni di casseratura MEVA sono rappresentate in oltre 40 paesi in tutto il mondo. Visitate la vostra sede regionale per trovare il team giusto per voi.<\/p>\n","protected":false},"author":1,"featured_media":0,"parent":0,"menu_order":0,"comment_status":"closed","ping_status":"closed","template":"template-global-locations.php","meta":[],"acf":[],"yoast_head":"<!-- This site is optimized with the Yoast SEO plugin v19.13 - https:\/\/yoast.com\/wordpress\/plugins\/seo\/ -->\n<title>Le nostre sedi - MEVA Switzerland (IT)<\/title>\n<meta name=\"description\" content=\"Willkommen bei MEVA Schalungssysteme weltweit. MEVA Schalungsl\u00f6sungen sind in \u00fcber 40 L\u00e4ndern der Welt vertreten. Besuchen Sie Ihren regionalen Standort, um das richtige Team f\u00fcr Sie zu finden.\" \/>\n<meta name=\"robots\" content=\"index, follow, max-snippet:-1, max-image-preview:large, max-video-preview:-1\" \/>\n<link rel=\"canonical\" href=\"https:\/\/meva.net\/it-ch\/le-nostre-sedi\/\" \/>\n<meta property=\"og:locale\" content=\"de_DE\" \/>\n<meta property=\"og:type\" content=\"article\" \/>\n<meta property=\"og:title\" content=\"Le nostre sedi - MEVA Switzerland (IT)\" \/>\n<meta property=\"og:description\" content=\"Willkommen bei MEVA Schalungssysteme weltweit. MEVA Schalungsl\u00f6sungen sind in \u00fcber 40 L\u00e4ndern der Welt vertreten. Besuchen Sie Ihren regionalen Standort, um das richtige Team f\u00fcr Sie zu finden.\" \/>\n<meta property=\"og:url\" content=\"https:\/\/meva.net\/it-ch\/le-nostre-sedi\/\" \/>\n<meta property=\"og:site_name\" content=\"MEVA Switzerland (IT)\" \/>\n<meta property=\"article:modified_time\" content=\"2025-11-18T14:42:02+00:00\" \/>\n<meta name=\"twitter:card\" content=\"summary_large_image\" \/>\n<script type=\"application\/ld+json\" class=\"yoast-schema-graph\">{\"@context\":\"https:\/\/schema.org\",\"@graph\":[{\"@type\":\"WebPage\",\"@id\":\"https:\/\/meva.net\/it-ch\/le-nostre-sedi\/\",\"url\":\"https:\/\/meva.net\/it-ch\/le-nostre-sedi\/\",\"name\":\"Le nostre sedi - MEVA Switzerland (IT)\",\"isPartOf\":{\"@id\":\"https:\/\/meva.net\/it-ch\/#website\"},\"datePublished\":\"2022-05-17T12:42:25+00:00\",\"dateModified\":\"2025-11-18T14:42:02+00:00\",\"description\":\"Willkommen bei MEVA Schalungssysteme weltweit. MEVA Schalungsl\u00f6sungen sind in \u00fcber 40 L\u00e4ndern der Welt vertreten. Besuchen Sie Ihren regionalen Standort, um das richtige Team f\u00fcr Sie zu finden.\",\"breadcrumb\":{\"@id\":\"https:\/\/meva.net\/it-ch\/le-nostre-sedi\/#breadcrumb\"},\"inLanguage\":\"de-CH\",\"potentialAction\":[{\"@type\":\"ReadAction\",\"target\":[\"https:\/\/meva.net\/it-ch\/le-nostre-sedi\/\"]}]},{\"@type\":\"BreadcrumbList\",\"@id\":\"https:\/\/meva.net\/it-ch\/le-nostre-sedi\/#breadcrumb\",\"itemListElement\":[{\"@type\":\"ListItem\",\"position\":1,\"name\":\"Home\",\"item\":\"https:\/\/meva.net\/it-ch\/\"},{\"@type\":\"ListItem\",\"position\":2,\"name\":\"Le nostre sedi\"}]},{\"@type\":\"WebSite\",\"@id\":\"https:\/\/meva.net\/it-ch\/#website\",\"url\":\"https:\/\/meva.net\/it-ch\/\",\"name\":\"MEVA Schweiz\",\"description\":\"\",\"potentialAction\":[{\"@type\":\"SearchAction\",\"target\":{\"@type\":\"EntryPoint\",\"urlTemplate\":\"https:\/\/meva.net\/it-ch\/?s={search_term_string}\"},\"query-input\":\"required name=search_term_string\"}],\"inLanguage\":\"de-CH\"}]}<\/script>\n<!-- \/ Yoast SEO plugin. -->","yoast_head_json":{"title":"Le nostre sedi - MEVA Switzerland (IT)","description":"Willkommen bei MEVA Schalungssysteme weltweit. MEVA Schalungsl\u00f6sungen sind in \u00fcber 40 L\u00e4ndern der Welt vertreten. Besuchen Sie Ihren regionalen Standort, um das richtige Team f\u00fcr Sie zu finden.","robots":{"index":"index","follow":"follow","max-snippet":"max-snippet:-1","max-image-preview":"max-image-preview:large","max-video-preview":"max-video-preview:-1"},"canonical":"https:\/\/meva.net\/it-ch\/le-nostre-sedi\/","og_locale":"de_DE","og_type":"article","og_title":"Le nostre sedi - MEVA Switzerland (IT)","og_description":"Willkommen bei MEVA Schalungssysteme weltweit. MEVA Schalungsl\u00f6sungen sind in \u00fcber 40 L\u00e4ndern der Welt vertreten. Besuchen Sie Ihren regionalen Standort, um das richtige Team f\u00fcr Sie zu finden.","og_url":"https:\/\/meva.net\/it-ch\/le-nostre-sedi\/","og_site_name":"MEVA Switzerland (IT)","article_modified_time":"2025-11-18T14:42:02+00:00","twitter_card":"summary_large_image","schema":{"@context":"https:\/\/schema.org","@graph":[{"@type":"WebPage","@id":"https:\/\/meva.net\/it-ch\/le-nostre-sedi\/","url":"https:\/\/meva.net\/it-ch\/le-nostre-sedi\/","name":"Le nostre sedi - MEVA Switzerland (IT)","isPartOf":{"@id":"https:\/\/meva.net\/it-ch\/#website"},"datePublished":"2022-05-17T12:42:25+00:00","dateModified":"2025-11-18T14:42:02+00:00","description":"Willkommen bei MEVA Schalungssysteme weltweit. MEVA Schalungsl\u00f6sungen sind in \u00fcber 40 L\u00e4ndern der Welt vertreten. Besuchen Sie Ihren regionalen Standort, um das richtige Team f\u00fcr Sie zu finden.","breadcrumb":{"@id":"https:\/\/meva.net\/it-ch\/le-nostre-sedi\/#breadcrumb"},"inLanguage":"de-CH","potentialAction":[{"@type":"ReadAction","target":["https:\/\/meva.net\/it-ch\/le-nostre-sedi\/"]}]},{"@type":"BreadcrumbList","@id":"https:\/\/meva.net\/it-ch\/le-nostre-sedi\/#breadcrumb","itemListElement":[{"@type":"ListItem","position":1,"name":"Home","item":"https:\/\/meva.net\/it-ch\/"},{"@type":"ListItem","position":2,"name":"Le nostre sedi"}]},{"@type":"WebSite","@id":"https:\/\/meva.net\/it-ch\/#website","url":"https:\/\/meva.net\/it-ch\/","name":"MEVA Schweiz","description":"","potentialAction":[{"@type":"SearchAction","target":{"@type":"EntryPoint","urlTemplate":"https:\/\/meva.net\/it-ch\/?s={search_term_string}"},"query-input":"required name=search_term_string"}],"inLanguage":"de-CH"}]}},"_links":{"self":[{"href":"https:\/\/meva.net\/it-ch\/wp-json\/wp\/v2\/pages\/8966"}],"collection":[{"href":"https:\/\/meva.net\/it-ch\/wp-json\/wp\/v2\/pages"}],"about":[{"href":"https:\/\/meva.net\/it-ch\/wp-json\/wp\/v2\/types\/page"}],"author":[{"embeddable":true,"href":"https:\/\/meva.net\/it-ch\/wp-json\/wp\/v2\/users\/1"}],"replies":[{"embeddable":true,"href":"https:\/\/meva.net\/it-ch\/wp-json\/wp\/v2\/comments?post=8966"}],"version-history":[{"count":13,"href":"https:\/\/meva.net\/it-ch\/wp-json\/wp\/v2\/pages\/8966\/revisions"}],"predecessor-version":[{"id":10277,"href":"https:\/\/meva.net\/it-ch\/wp-json\/wp\/v2\/pages\/8966\/revisions\/10277"}],"wp:attachment":[{"href":"https:\/\/meva.net\/it-ch\/wp-json\/wp\/v2\/media?parent=8966"}],"curies":[{"name":"wp","href":"https:\/\/api.w.org\/{rel}","templated":true}]}}