{"id":4963,"date":"2022-01-24T17:54:08","date_gmt":"2022-01-24T17:54:08","guid":{"rendered":"https:\/\/meva.net\/it-ch\/?page_id=4963"},"modified":"2022-11-21T12:36:55","modified_gmt":"2022-11-21T12:36:55","slug":"karriere","status":"publish","type":"page","link":"https:\/\/meva.net\/it-ch\/karriere\/","title":{"rendered":"Karriere"},"content":{"rendered":"","protected":false},"excerpt":{"rendered":"","protected":false},"author":3,"featured_media":0,"parent":0,"menu_order":0,"comment_status":"closed","ping_status":"closed","template":"template-building-blocks-better.php","meta":[],"acf":[],"yoast_head":"<!-- This site is optimized with the Yoast SEO plugin v19.13 - https:\/\/yoast.com\/wordpress\/plugins\/seo\/ -->\n<title>Karriere - MEVA Switzerland (IT)<\/title>\n<meta name=\"description\" content=\"Als inhabergef\u00fchrtes Unternehmen mit \u00fcberschaubarer Organisation und \u00fcber 500 Mitarbeitern sind wir weit entfernt von der B\u00fcrokratie, den Hierarchien und der Anonymit\u00e4t eines Gro\u00dfunternehmens. Wir sind \u2013 national, international und weltweit \u2013 eine Familie. Der Mitarbeiter ist kein kleines R\u00e4dchen im gro\u00dfen anonymen Getriebe, sondern arbeitet bereichs- und hierarchie\u00fcbergreifend im Team.\" \/>\n<meta name=\"robots\" content=\"index, follow, max-snippet:-1, max-image-preview:large, max-video-preview:-1\" \/>\n<link rel=\"canonical\" href=\"https:\/\/meva.net\/it-ch\/karriere\/\" \/>\n<meta property=\"og:locale\" content=\"de_DE\" \/>\n<meta property=\"og:type\" content=\"article\" \/>\n<meta property=\"og:title\" content=\"Karriere - MEVA Switzerland (IT)\" \/>\n<meta property=\"og:description\" content=\"Als inhabergef\u00fchrtes Unternehmen mit \u00fcberschaubarer Organisation und \u00fcber 500 Mitarbeitern sind wir weit entfernt von der B\u00fcrokratie, den Hierarchien und der Anonymit\u00e4t eines Gro\u00dfunternehmens. Wir sind \u2013 national, international und weltweit \u2013 eine Familie. Der Mitarbeiter ist kein kleines R\u00e4dchen im gro\u00dfen anonymen Getriebe, sondern arbeitet bereichs- und hierarchie\u00fcbergreifend im Team.\" \/>\n<meta property=\"og:url\" content=\"https:\/\/meva.net\/it-ch\/karriere\/\" \/>\n<meta property=\"og:site_name\" content=\"MEVA Switzerland (IT)\" \/>\n<meta property=\"article:modified_time\" content=\"2022-11-21T12:36:55+00:00\" \/>\n<meta name=\"twitter:card\" content=\"summary_large_image\" \/>\n<script type=\"application\/ld+json\" class=\"yoast-schema-graph\">{\"@context\":\"https:\/\/schema.org\",\"@graph\":[{\"@type\":\"WebPage\",\"@id\":\"https:\/\/meva.net\/it-ch\/karriere\/\",\"url\":\"https:\/\/meva.net\/it-ch\/karriere\/\",\"name\":\"Karriere - MEVA Switzerland (IT)\",\"isPartOf\":{\"@id\":\"https:\/\/meva.net\/it-ch\/#website\"},\"datePublished\":\"2022-01-24T17:54:08+00:00\",\"dateModified\":\"2022-11-21T12:36:55+00:00\",\"description\":\"Als inhabergef\u00fchrtes Unternehmen mit \u00fcberschaubarer Organisation und \u00fcber 500 Mitarbeitern sind wir weit entfernt von der B\u00fcrokratie, den Hierarchien und der Anonymit\u00e4t eines Gro\u00dfunternehmens. Wir sind \u2013 national, international und weltweit \u2013 eine Familie. Der Mitarbeiter ist kein kleines R\u00e4dchen im gro\u00dfen anonymen Getriebe, sondern arbeitet bereichs- und hierarchie\u00fcbergreifend im Team.\",\"breadcrumb\":{\"@id\":\"https:\/\/meva.net\/it-ch\/karriere\/#breadcrumb\"},\"inLanguage\":\"de-CH\",\"potentialAction\":[{\"@type\":\"ReadAction\",\"target\":[\"https:\/\/meva.net\/it-ch\/karriere\/\"]}]},{\"@type\":\"BreadcrumbList\",\"@id\":\"https:\/\/meva.net\/it-ch\/karriere\/#breadcrumb\",\"itemListElement\":[{\"@type\":\"ListItem\",\"position\":1,\"name\":\"Home\",\"item\":\"https:\/\/meva.net\/it-ch\/\"},{\"@type\":\"ListItem\",\"position\":2,\"name\":\"Karriere\"}]},{\"@type\":\"WebSite\",\"@id\":\"https:\/\/meva.net\/it-ch\/#website\",\"url\":\"https:\/\/meva.net\/it-ch\/\",\"name\":\"MEVA Schweiz\",\"description\":\"\",\"potentialAction\":[{\"@type\":\"SearchAction\",\"target\":{\"@type\":\"EntryPoint\",\"urlTemplate\":\"https:\/\/meva.net\/it-ch\/?s={search_term_string}\"},\"query-input\":\"required name=search_term_string\"}],\"inLanguage\":\"de-CH\"}]}<\/script>\n<!-- \/ Yoast SEO plugin. -->","yoast_head_json":{"title":"Karriere - MEVA Switzerland (IT)","description":"Als inhabergef\u00fchrtes Unternehmen mit \u00fcberschaubarer Organisation und \u00fcber 500 Mitarbeitern sind wir weit entfernt von der B\u00fcrokratie, den Hierarchien und der Anonymit\u00e4t eines Gro\u00dfunternehmens. Wir sind \u2013 national, international und weltweit \u2013 eine Familie. Der Mitarbeiter ist kein kleines R\u00e4dchen im gro\u00dfen anonymen Getriebe, sondern arbeitet bereichs- und hierarchie\u00fcbergreifend im Team.","robots":{"index":"index","follow":"follow","max-snippet":"max-snippet:-1","max-image-preview":"max-image-preview:large","max-video-preview":"max-video-preview:-1"},"canonical":"https:\/\/meva.net\/it-ch\/karriere\/","og_locale":"de_DE","og_type":"article","og_title":"Karriere - MEVA Switzerland (IT)","og_description":"Als inhabergef\u00fchrtes Unternehmen mit \u00fcberschaubarer Organisation und \u00fcber 500 Mitarbeitern sind wir weit entfernt von der B\u00fcrokratie, den Hierarchien und der Anonymit\u00e4t eines Gro\u00dfunternehmens. Wir sind \u2013 national, international und weltweit \u2013 eine Familie. Der Mitarbeiter ist kein kleines R\u00e4dchen im gro\u00dfen anonymen Getriebe, sondern arbeitet bereichs- und hierarchie\u00fcbergreifend im Team.","og_url":"https:\/\/meva.net\/it-ch\/karriere\/","og_site_name":"MEVA Switzerland (IT)","article_modified_time":"2022-11-21T12:36:55+00:00","twitter_card":"summary_large_image","schema":{"@context":"https:\/\/schema.org","@graph":[{"@type":"WebPage","@id":"https:\/\/meva.net\/it-ch\/karriere\/","url":"https:\/\/meva.net\/it-ch\/karriere\/","name":"Karriere - MEVA Switzerland (IT)","isPartOf":{"@id":"https:\/\/meva.net\/it-ch\/#website"},"datePublished":"2022-01-24T17:54:08+00:00","dateModified":"2022-11-21T12:36:55+00:00","description":"Als inhabergef\u00fchrtes Unternehmen mit \u00fcberschaubarer Organisation und \u00fcber 500 Mitarbeitern sind wir weit entfernt von der B\u00fcrokratie, den Hierarchien und der Anonymit\u00e4t eines Gro\u00dfunternehmens. Wir sind \u2013 national, international und weltweit \u2013 eine Familie. Der Mitarbeiter ist kein kleines R\u00e4dchen im gro\u00dfen anonymen Getriebe, sondern arbeitet bereichs- und hierarchie\u00fcbergreifend im Team.","breadcrumb":{"@id":"https:\/\/meva.net\/it-ch\/karriere\/#breadcrumb"},"inLanguage":"de-CH","potentialAction":[{"@type":"ReadAction","target":["https:\/\/meva.net\/it-ch\/karriere\/"]}]},{"@type":"BreadcrumbList","@id":"https:\/\/meva.net\/it-ch\/karriere\/#breadcrumb","itemListElement":[{"@type":"ListItem","position":1,"name":"Home","item":"https:\/\/meva.net\/it-ch\/"},{"@type":"ListItem","position":2,"name":"Karriere"}]},{"@type":"WebSite","@id":"https:\/\/meva.net\/it-ch\/#website","url":"https:\/\/meva.net\/it-ch\/","name":"MEVA Schweiz","description":"","potentialAction":[{"@type":"SearchAction","target":{"@type":"EntryPoint","urlTemplate":"https:\/\/meva.net\/it-ch\/?s={search_term_string}"},"query-input":"required name=search_term_string"}],"inLanguage":"de-CH"}]}},"_links":{"self":[{"href":"https:\/\/meva.net\/it-ch\/wp-json\/wp\/v2\/pages\/4963"}],"collection":[{"href":"https:\/\/meva.net\/it-ch\/wp-json\/wp\/v2\/pages"}],"about":[{"href":"https:\/\/meva.net\/it-ch\/wp-json\/wp\/v2\/types\/page"}],"author":[{"embeddable":true,"href":"https:\/\/meva.net\/it-ch\/wp-json\/wp\/v2\/users\/3"}],"replies":[{"embeddable":true,"href":"https:\/\/meva.net\/it-ch\/wp-json\/wp\/v2\/comments?post=4963"}],"version-history":[{"count":60,"href":"https:\/\/meva.net\/it-ch\/wp-json\/wp\/v2\/pages\/4963\/revisions"}],"predecessor-version":[{"id":9141,"href":"https:\/\/meva.net\/it-ch\/wp-json\/wp\/v2\/pages\/4963\/revisions\/9141"}],"wp:attachment":[{"href":"https:\/\/meva.net\/it-ch\/wp-json\/wp\/v2\/media?parent=4963"}],"curies":[{"name":"wp","href":"https:\/\/api.w.org\/{rel}","templated":true}]}}