{"id":5615,"date":"2024-04-18T14:35:48","date_gmt":"2024-04-18T13:35:48","guid":{"rendered":"https:\/\/meva.net\/hu-hu\/?page_id=5615"},"modified":"2024-04-18T14:43:33","modified_gmt":"2024-04-18T13:43:33","slug":"hidepites-a-meva-val","status":"publish","type":"page","link":"https:\/\/meva.net\/hu-hu\/hidepites-a-meva-val\/","title":{"rendered":"H\u00edd\u00e9p\u00edt\u00e9s a MEVA-val"},"content":{"rendered":"","protected":false},"excerpt":{"rendered":"<p>A MEVA minden esetben az \u00fcgyf\u00e9lig\u00e9nynek megfelel\u0151en \u00e1ll\u00edtja \u00f6ssze a term\u00e9kek \u00e9s szolg\u00e1ltat\u00e1sok kombin\u00e1ci\u00f3j\u00e1t.<\/p>\n","protected":false},"author":8,"featured_media":5617,"parent":0,"menu_order":0,"comment_status":"closed","ping_status":"closed","template":"template-building-blocks-better.php","meta":[],"acf":[],"yoast_head":"<!-- This site is optimized with the Yoast SEO plugin v19.13 - https:\/\/yoast.com\/wordpress\/plugins\/seo\/ -->\n<title>H\u00edd\u00e9p\u00edt\u00e9s a MEVA-val - MEVA Hungary (HU)<\/title>\n<meta name=\"description\" content=\"A h\u00edd\u00e9p\u00edt\u00e9sn\u00e9l sok fontos szempontot kell figyelembe venni. Csak a nagy szaktud\u00e1s, a k\u00f6r\u00fcltekint\u0151 tervez\u00e9s \u00e9s a min\u0151s\u00e9gi szabv\u00e1nyok szigor\u00fa betart\u00e1sa k\u00e9pes a biztons\u00e1gos \u00e9s hossz\u00fa \u00e9lettartam\u00fa infrastrukt\u00far\u00e1t, valamint a megrendel\u0151 teljes megel\u00e9ged\u00e9s\u00e9re szolg\u00e1l\u00f3 kivitelez\u00e9st garant\u00e1lni.\" \/>\n<meta name=\"robots\" content=\"index, follow, max-snippet:-1, max-image-preview:large, max-video-preview:-1\" \/>\n<link rel=\"canonical\" href=\"https:\/\/meva.net\/hu-hu\/hidepites-a-meva-val\/\" \/>\n<meta property=\"og:locale\" content=\"hu_HU\" \/>\n<meta property=\"og:type\" content=\"article\" \/>\n<meta property=\"og:title\" content=\"H\u00edd\u00e9p\u00edt\u00e9s a MEVA-val - MEVA Hungary (HU)\" \/>\n<meta property=\"og:description\" content=\"A h\u00edd\u00e9p\u00edt\u00e9sn\u00e9l sok fontos szempontot kell figyelembe venni. Csak a nagy szaktud\u00e1s, a k\u00f6r\u00fcltekint\u0151 tervez\u00e9s \u00e9s a min\u0151s\u00e9gi szabv\u00e1nyok szigor\u00fa betart\u00e1sa k\u00e9pes a biztons\u00e1gos \u00e9s hossz\u00fa \u00e9lettartam\u00fa infrastrukt\u00far\u00e1t, valamint a megrendel\u0151 teljes megel\u00e9ged\u00e9s\u00e9re szolg\u00e1l\u00f3 kivitelez\u00e9st garant\u00e1lni.\" \/>\n<meta property=\"og:url\" content=\"https:\/\/meva.net\/hu-hu\/hidepites-a-meva-val\/\" \/>\n<meta property=\"og:site_name\" content=\"MEVA Hungary (HU)\" \/>\n<meta property=\"article:modified_time\" content=\"2024-04-18T13:43:33+00:00\" \/>\n<meta property=\"og:image\" content=\"https:\/\/meva.net\/hu-hu\/wp-content\/uploads\/sites\/9\/2024\/04\/18825-scaled-2.jpeg\" \/>\n\t<meta property=\"og:image:width\" content=\"2560\" \/>\n\t<meta property=\"og:image:height\" content=\"1920\" \/>\n\t<meta property=\"og:image:type\" content=\"image\/jpeg\" \/>\n<meta name=\"twitter:card\" content=\"summary_large_image\" \/>\n<script type=\"application\/ld+json\" class=\"yoast-schema-graph\">{\"@context\":\"https:\/\/schema.org\",\"@graph\":[{\"@type\":\"WebPage\",\"@id\":\"https:\/\/meva.net\/hu-hu\/hidepites-a-meva-val\/\",\"url\":\"https:\/\/meva.net\/hu-hu\/hidepites-a-meva-val\/\",\"name\":\"H\u00edd\u00e9p\u00edt\u00e9s a MEVA-val - MEVA Hungary (HU)\",\"isPartOf\":{\"@id\":\"https:\/\/meva.net\/hu-hu\/#website\"},\"datePublished\":\"2024-04-18T13:35:48+00:00\",\"dateModified\":\"2024-04-18T13:43:33+00:00\",\"description\":\"A h\u00edd\u00e9p\u00edt\u00e9sn\u00e9l sok fontos szempontot kell figyelembe venni. Csak a nagy szaktud\u00e1s, a k\u00f6r\u00fcltekint\u0151 tervez\u00e9s \u00e9s a min\u0151s\u00e9gi szabv\u00e1nyok szigor\u00fa betart\u00e1sa k\u00e9pes a biztons\u00e1gos \u00e9s hossz\u00fa \u00e9lettartam\u00fa infrastrukt\u00far\u00e1t, valamint a megrendel\u0151 teljes megel\u00e9ged\u00e9s\u00e9re szolg\u00e1l\u00f3 kivitelez\u00e9st garant\u00e1lni.\",\"breadcrumb\":{\"@id\":\"https:\/\/meva.net\/hu-hu\/hidepites-a-meva-val\/#breadcrumb\"},\"inLanguage\":\"hu\",\"potentialAction\":[{\"@type\":\"ReadAction\",\"target\":[\"https:\/\/meva.net\/hu-hu\/hidepites-a-meva-val\/\"]}]},{\"@type\":\"BreadcrumbList\",\"@id\":\"https:\/\/meva.net\/hu-hu\/hidepites-a-meva-val\/#breadcrumb\",\"itemListElement\":[{\"@type\":\"ListItem\",\"position\":1,\"name\":\"Home\",\"item\":\"https:\/\/meva.net\/hu-hu\/\"},{\"@type\":\"ListItem\",\"position\":2,\"name\":\"H\u00edd\u00e9p\u00edt\u00e9s a MEVA-val\"}]},{\"@type\":\"WebSite\",\"@id\":\"https:\/\/meva.net\/hu-hu\/#website\",\"url\":\"https:\/\/meva.net\/hu-hu\/\",\"name\":\"MEVA Hungary (HU)\",\"description\":\"Just another MEVA Sites site\",\"potentialAction\":[{\"@type\":\"SearchAction\",\"target\":{\"@type\":\"EntryPoint\",\"urlTemplate\":\"https:\/\/meva.net\/hu-hu\/?s={search_term_string}\"},\"query-input\":\"required name=search_term_string\"}],\"inLanguage\":\"hu\"}]}<\/script>\n<!-- \/ Yoast SEO plugin. -->","yoast_head_json":{"title":"H\u00edd\u00e9p\u00edt\u00e9s a MEVA-val - MEVA Hungary (HU)","description":"A h\u00edd\u00e9p\u00edt\u00e9sn\u00e9l sok fontos szempontot kell figyelembe venni. Csak a nagy szaktud\u00e1s, a k\u00f6r\u00fcltekint\u0151 tervez\u00e9s \u00e9s a min\u0151s\u00e9gi szabv\u00e1nyok szigor\u00fa betart\u00e1sa k\u00e9pes a biztons\u00e1gos \u00e9s hossz\u00fa \u00e9lettartam\u00fa infrastrukt\u00far\u00e1t, valamint a megrendel\u0151 teljes megel\u00e9ged\u00e9s\u00e9re szolg\u00e1l\u00f3 kivitelez\u00e9st garant\u00e1lni.","robots":{"index":"index","follow":"follow","max-snippet":"max-snippet:-1","max-image-preview":"max-image-preview:large","max-video-preview":"max-video-preview:-1"},"canonical":"https:\/\/meva.net\/hu-hu\/hidepites-a-meva-val\/","og_locale":"hu_HU","og_type":"article","og_title":"H\u00edd\u00e9p\u00edt\u00e9s a MEVA-val - MEVA Hungary (HU)","og_description":"A h\u00edd\u00e9p\u00edt\u00e9sn\u00e9l sok fontos szempontot kell figyelembe venni. Csak a nagy szaktud\u00e1s, a k\u00f6r\u00fcltekint\u0151 tervez\u00e9s \u00e9s a min\u0151s\u00e9gi szabv\u00e1nyok szigor\u00fa betart\u00e1sa k\u00e9pes a biztons\u00e1gos \u00e9s hossz\u00fa \u00e9lettartam\u00fa infrastrukt\u00far\u00e1t, valamint a megrendel\u0151 teljes megel\u00e9ged\u00e9s\u00e9re szolg\u00e1l\u00f3 kivitelez\u00e9st garant\u00e1lni.","og_url":"https:\/\/meva.net\/hu-hu\/hidepites-a-meva-val\/","og_site_name":"MEVA Hungary (HU)","article_modified_time":"2024-04-18T13:43:33+00:00","og_image":[{"width":2560,"height":1920,"url":"https:\/\/meva.net\/hu-hu\/wp-content\/uploads\/sites\/9\/2024\/04\/18825-scaled-2.jpeg","type":"image\/jpeg"}],"twitter_card":"summary_large_image","schema":{"@context":"https:\/\/schema.org","@graph":[{"@type":"WebPage","@id":"https:\/\/meva.net\/hu-hu\/hidepites-a-meva-val\/","url":"https:\/\/meva.net\/hu-hu\/hidepites-a-meva-val\/","name":"H\u00edd\u00e9p\u00edt\u00e9s a MEVA-val - MEVA Hungary (HU)","isPartOf":{"@id":"https:\/\/meva.net\/hu-hu\/#website"},"datePublished":"2024-04-18T13:35:48+00:00","dateModified":"2024-04-18T13:43:33+00:00","description":"A h\u00edd\u00e9p\u00edt\u00e9sn\u00e9l sok fontos szempontot kell figyelembe venni. Csak a nagy szaktud\u00e1s, a k\u00f6r\u00fcltekint\u0151 tervez\u00e9s \u00e9s a min\u0151s\u00e9gi szabv\u00e1nyok szigor\u00fa betart\u00e1sa k\u00e9pes a biztons\u00e1gos \u00e9s hossz\u00fa \u00e9lettartam\u00fa infrastrukt\u00far\u00e1t, valamint a megrendel\u0151 teljes megel\u00e9ged\u00e9s\u00e9re szolg\u00e1l\u00f3 kivitelez\u00e9st garant\u00e1lni.","breadcrumb":{"@id":"https:\/\/meva.net\/hu-hu\/hidepites-a-meva-val\/#breadcrumb"},"inLanguage":"hu","potentialAction":[{"@type":"ReadAction","target":["https:\/\/meva.net\/hu-hu\/hidepites-a-meva-val\/"]}]},{"@type":"BreadcrumbList","@id":"https:\/\/meva.net\/hu-hu\/hidepites-a-meva-val\/#breadcrumb","itemListElement":[{"@type":"ListItem","position":1,"name":"Home","item":"https:\/\/meva.net\/hu-hu\/"},{"@type":"ListItem","position":2,"name":"H\u00edd\u00e9p\u00edt\u00e9s a MEVA-val"}]},{"@type":"WebSite","@id":"https:\/\/meva.net\/hu-hu\/#website","url":"https:\/\/meva.net\/hu-hu\/","name":"MEVA Hungary (HU)","description":"Just another MEVA Sites site","potentialAction":[{"@type":"SearchAction","target":{"@type":"EntryPoint","urlTemplate":"https:\/\/meva.net\/hu-hu\/?s={search_term_string}"},"query-input":"required name=search_term_string"}],"inLanguage":"hu"}]}},"_links":{"self":[{"href":"https:\/\/meva.net\/hu-hu\/wp-json\/wp\/v2\/pages\/5615"}],"collection":[{"href":"https:\/\/meva.net\/hu-hu\/wp-json\/wp\/v2\/pages"}],"about":[{"href":"https:\/\/meva.net\/hu-hu\/wp-json\/wp\/v2\/types\/page"}],"author":[{"embeddable":true,"href":"https:\/\/meva.net\/hu-hu\/wp-json\/wp\/v2\/users\/8"}],"replies":[{"embeddable":true,"href":"https:\/\/meva.net\/hu-hu\/wp-json\/wp\/v2\/comments?post=5615"}],"version-history":[{"count":4,"href":"https:\/\/meva.net\/hu-hu\/wp-json\/wp\/v2\/pages\/5615\/revisions"}],"predecessor-version":[{"id":5622,"href":"https:\/\/meva.net\/hu-hu\/wp-json\/wp\/v2\/pages\/5615\/revisions\/5622"}],"wp:featuredmedia":[{"embeddable":true,"href":"https:\/\/meva.net\/hu-hu\/wp-json\/wp\/v2\/media\/5617"}],"wp:attachment":[{"href":"https:\/\/meva.net\/hu-hu\/wp-json\/wp\/v2\/media?parent=5615"}],"curies":[{"name":"wp","href":"https:\/\/api.w.org\/{rel}","templated":true}]}}