{"id":3556,"date":"2022-04-14T15:53:41","date_gmt":"2022-04-14T14:53:41","guid":{"rendered":"https:\/\/meva.net\/hu-hu\/?page_id=3556"},"modified":"2022-05-03T12:53:04","modified_gmt":"2022-05-03T11:53:04","slug":"segedalatamasztas-kalkulator","status":"publish","type":"page","link":"https:\/\/meva.net\/hu-hu\/eszkozok\/segedalatamasztas-kalkulator\/","title":{"rendered":"Seg\u00e9dal\u00e1t\u00e1maszt\u00e1s-kalkul\u00e1tor"},"content":{"rendered":"","protected":false},"excerpt":{"rendered":"<p>A MEVA online reshoring-sz\u00e1m\u00edt\u00e1si eszk\u00f6ze seg\u00edt meghat\u00e1rozni, hogy h\u00e1ny t\u00e1maszra van sz\u00fcks\u00e9g egy m\u00b2 f\u00f6d\u00e9menk\u00e9nt. Az eszk\u00f6z figyelembe veszi a holtterhel\u00e9st \u00e9s az \u00e9p\u00edt\u00e9s k\u00f6zbeni munkaterhel\u00e9st, valamint a DIN EN 1065 eur\u00f3pai szabv\u00e1ny szerinti k\u00fcl\u00f6nb\u00f6z\u0151 t\u00e1maszkateg\u00f3ri\u00e1kat is.<\/p>\n","protected":false},"author":1,"featured_media":3557,"parent":3552,"menu_order":0,"comment_status":"closed","ping_status":"closed","template":"template-calculator-reshoring.php","meta":[],"acf":[],"yoast_head":"<!-- This site is optimized with the Yoast SEO plugin v19.13 - https:\/\/yoast.com\/wordpress\/plugins\/seo\/ -->\n<title>Seg\u00e9dal\u00e1t\u00e1maszt\u00e1s-kalkul\u00e1tor - MEVA Hungary (HU)<\/title>\n<meta name=\"description\" content=\"A MEVA online reshoring-sz\u00e1m\u00edt\u00e1si eszk\u00f6ze seg\u00edt meghat\u00e1rozni, hogy h\u00e1ny t\u00e1maszra van sz\u00fcks\u00e9g egy m\u00b2 f\u00f6d\u00e9menk\u00e9nt. Az eszk\u00f6z figyelembe veszi a holtterhel\u00e9st \u00e9s az \u00e9p\u00edt\u00e9s k\u00f6zbeni munkaterhel\u00e9st, valamint a DIN EN 1065 eur\u00f3pai szabv\u00e1ny szerinti k\u00fcl\u00f6nb\u00f6z\u0151 t\u00e1maszkateg\u00f3ri\u00e1kat is.\" \/>\n<meta name=\"robots\" content=\"index, follow, max-snippet:-1, max-image-preview:large, max-video-preview:-1\" \/>\n<link rel=\"canonical\" href=\"https:\/\/meva.net\/hu-hu\/eszkozok\/segedalatamasztas-kalkulator\/\" \/>\n<meta property=\"og:locale\" content=\"hu_HU\" \/>\n<meta property=\"og:type\" content=\"article\" \/>\n<meta property=\"og:title\" content=\"Seg\u00e9dal\u00e1t\u00e1maszt\u00e1s-kalkul\u00e1tor - MEVA Hungary (HU)\" \/>\n<meta property=\"og:description\" content=\"A MEVA online reshoring-sz\u00e1m\u00edt\u00e1si eszk\u00f6ze seg\u00edt meghat\u00e1rozni, hogy h\u00e1ny t\u00e1maszra van sz\u00fcks\u00e9g egy m\u00b2 f\u00f6d\u00e9menk\u00e9nt. Az eszk\u00f6z figyelembe veszi a holtterhel\u00e9st \u00e9s az \u00e9p\u00edt\u00e9s k\u00f6zbeni munkaterhel\u00e9st, valamint a DIN EN 1065 eur\u00f3pai szabv\u00e1ny szerinti k\u00fcl\u00f6nb\u00f6z\u0151 t\u00e1maszkateg\u00f3ri\u00e1kat is.\" \/>\n<meta property=\"og:url\" content=\"https:\/\/meva.net\/hu-hu\/eszkozok\/segedalatamasztas-kalkulator\/\" \/>\n<meta property=\"og:site_name\" content=\"MEVA Hungary (HU)\" \/>\n<meta property=\"article:modified_time\" content=\"2022-05-03T11:53:04+00:00\" \/>\n<meta property=\"og:image\" content=\"https:\/\/meva.net\/hu-hu\/wp-content\/uploads\/sites\/9\/2022\/04\/meva-reshoring-calculator-feature.jpg\" \/>\n\t<meta property=\"og:image:width\" content=\"2560\" \/>\n\t<meta property=\"og:image:height\" content=\"1711\" \/>\n\t<meta property=\"og:image:type\" content=\"image\/jpeg\" \/>\n<meta name=\"twitter:card\" content=\"summary_large_image\" \/>\n<script type=\"application\/ld+json\" class=\"yoast-schema-graph\">{\"@context\":\"https:\/\/schema.org\",\"@graph\":[{\"@type\":\"WebPage\",\"@id\":\"https:\/\/meva.net\/hu-hu\/eszkozok\/segedalatamasztas-kalkulator\/\",\"url\":\"https:\/\/meva.net\/hu-hu\/eszkozok\/segedalatamasztas-kalkulator\/\",\"name\":\"Seg\u00e9dal\u00e1t\u00e1maszt\u00e1s-kalkul\u00e1tor - MEVA Hungary (HU)\",\"isPartOf\":{\"@id\":\"https:\/\/meva.net\/hu-hu\/#website\"},\"datePublished\":\"2022-04-14T14:53:41+00:00\",\"dateModified\":\"2022-05-03T11:53:04+00:00\",\"description\":\"A MEVA online reshoring-sz\u00e1m\u00edt\u00e1si eszk\u00f6ze seg\u00edt meghat\u00e1rozni, hogy h\u00e1ny t\u00e1maszra van sz\u00fcks\u00e9g egy m\u00b2 f\u00f6d\u00e9menk\u00e9nt. Az eszk\u00f6z figyelembe veszi a holtterhel\u00e9st \u00e9s az \u00e9p\u00edt\u00e9s k\u00f6zbeni munkaterhel\u00e9st, valamint a DIN EN 1065 eur\u00f3pai szabv\u00e1ny szerinti k\u00fcl\u00f6nb\u00f6z\u0151 t\u00e1maszkateg\u00f3ri\u00e1kat is.\",\"breadcrumb\":{\"@id\":\"https:\/\/meva.net\/hu-hu\/eszkozok\/segedalatamasztas-kalkulator\/#breadcrumb\"},\"inLanguage\":\"hu\",\"potentialAction\":[{\"@type\":\"ReadAction\",\"target\":[\"https:\/\/meva.net\/hu-hu\/eszkozok\/segedalatamasztas-kalkulator\/\"]}]},{\"@type\":\"BreadcrumbList\",\"@id\":\"https:\/\/meva.net\/hu-hu\/eszkozok\/segedalatamasztas-kalkulator\/#breadcrumb\",\"itemListElement\":[{\"@type\":\"ListItem\",\"position\":1,\"name\":\"Home\",\"item\":\"https:\/\/meva.net\/hu-hu\/\"},{\"@type\":\"ListItem\",\"position\":2,\"name\":\"Eszk\u00f6z\u00f6k\",\"item\":\"https:\/\/meva.net\/hu-hu\/eszkozok\/\"},{\"@type\":\"ListItem\",\"position\":3,\"name\":\"Seg\u00e9dal\u00e1t\u00e1maszt\u00e1s-kalkul\u00e1tor\"}]},{\"@type\":\"WebSite\",\"@id\":\"https:\/\/meva.net\/hu-hu\/#website\",\"url\":\"https:\/\/meva.net\/hu-hu\/\",\"name\":\"MEVA Hungary (HU)\",\"description\":\"Just another MEVA Sites site\",\"potentialAction\":[{\"@type\":\"SearchAction\",\"target\":{\"@type\":\"EntryPoint\",\"urlTemplate\":\"https:\/\/meva.net\/hu-hu\/?s={search_term_string}\"},\"query-input\":\"required name=search_term_string\"}],\"inLanguage\":\"hu\"}]}<\/script>\n<!-- \/ Yoast SEO plugin. -->","yoast_head_json":{"title":"Seg\u00e9dal\u00e1t\u00e1maszt\u00e1s-kalkul\u00e1tor - MEVA Hungary (HU)","description":"A MEVA online reshoring-sz\u00e1m\u00edt\u00e1si eszk\u00f6ze seg\u00edt meghat\u00e1rozni, hogy h\u00e1ny t\u00e1maszra van sz\u00fcks\u00e9g egy m\u00b2 f\u00f6d\u00e9menk\u00e9nt. Az eszk\u00f6z figyelembe veszi a holtterhel\u00e9st \u00e9s az \u00e9p\u00edt\u00e9s k\u00f6zbeni munkaterhel\u00e9st, valamint a DIN EN 1065 eur\u00f3pai szabv\u00e1ny szerinti k\u00fcl\u00f6nb\u00f6z\u0151 t\u00e1maszkateg\u00f3ri\u00e1kat is.","robots":{"index":"index","follow":"follow","max-snippet":"max-snippet:-1","max-image-preview":"max-image-preview:large","max-video-preview":"max-video-preview:-1"},"canonical":"https:\/\/meva.net\/hu-hu\/eszkozok\/segedalatamasztas-kalkulator\/","og_locale":"hu_HU","og_type":"article","og_title":"Seg\u00e9dal\u00e1t\u00e1maszt\u00e1s-kalkul\u00e1tor - MEVA Hungary (HU)","og_description":"A MEVA online reshoring-sz\u00e1m\u00edt\u00e1si eszk\u00f6ze seg\u00edt meghat\u00e1rozni, hogy h\u00e1ny t\u00e1maszra van sz\u00fcks\u00e9g egy m\u00b2 f\u00f6d\u00e9menk\u00e9nt. Az eszk\u00f6z figyelembe veszi a holtterhel\u00e9st \u00e9s az \u00e9p\u00edt\u00e9s k\u00f6zbeni munkaterhel\u00e9st, valamint a DIN EN 1065 eur\u00f3pai szabv\u00e1ny szerinti k\u00fcl\u00f6nb\u00f6z\u0151 t\u00e1maszkateg\u00f3ri\u00e1kat is.","og_url":"https:\/\/meva.net\/hu-hu\/eszkozok\/segedalatamasztas-kalkulator\/","og_site_name":"MEVA Hungary (HU)","article_modified_time":"2022-05-03T11:53:04+00:00","og_image":[{"width":2560,"height":1711,"url":"https:\/\/meva.net\/hu-hu\/wp-content\/uploads\/sites\/9\/2022\/04\/meva-reshoring-calculator-feature.jpg","type":"image\/jpeg"}],"twitter_card":"summary_large_image","schema":{"@context":"https:\/\/schema.org","@graph":[{"@type":"WebPage","@id":"https:\/\/meva.net\/hu-hu\/eszkozok\/segedalatamasztas-kalkulator\/","url":"https:\/\/meva.net\/hu-hu\/eszkozok\/segedalatamasztas-kalkulator\/","name":"Seg\u00e9dal\u00e1t\u00e1maszt\u00e1s-kalkul\u00e1tor - MEVA Hungary (HU)","isPartOf":{"@id":"https:\/\/meva.net\/hu-hu\/#website"},"datePublished":"2022-04-14T14:53:41+00:00","dateModified":"2022-05-03T11:53:04+00:00","description":"A MEVA online reshoring-sz\u00e1m\u00edt\u00e1si eszk\u00f6ze seg\u00edt meghat\u00e1rozni, hogy h\u00e1ny t\u00e1maszra van sz\u00fcks\u00e9g egy m\u00b2 f\u00f6d\u00e9menk\u00e9nt. Az eszk\u00f6z figyelembe veszi a holtterhel\u00e9st \u00e9s az \u00e9p\u00edt\u00e9s k\u00f6zbeni munkaterhel\u00e9st, valamint a DIN EN 1065 eur\u00f3pai szabv\u00e1ny szerinti k\u00fcl\u00f6nb\u00f6z\u0151 t\u00e1maszkateg\u00f3ri\u00e1kat is.","breadcrumb":{"@id":"https:\/\/meva.net\/hu-hu\/eszkozok\/segedalatamasztas-kalkulator\/#breadcrumb"},"inLanguage":"hu","potentialAction":[{"@type":"ReadAction","target":["https:\/\/meva.net\/hu-hu\/eszkozok\/segedalatamasztas-kalkulator\/"]}]},{"@type":"BreadcrumbList","@id":"https:\/\/meva.net\/hu-hu\/eszkozok\/segedalatamasztas-kalkulator\/#breadcrumb","itemListElement":[{"@type":"ListItem","position":1,"name":"Home","item":"https:\/\/meva.net\/hu-hu\/"},{"@type":"ListItem","position":2,"name":"Eszk\u00f6z\u00f6k","item":"https:\/\/meva.net\/hu-hu\/eszkozok\/"},{"@type":"ListItem","position":3,"name":"Seg\u00e9dal\u00e1t\u00e1maszt\u00e1s-kalkul\u00e1tor"}]},{"@type":"WebSite","@id":"https:\/\/meva.net\/hu-hu\/#website","url":"https:\/\/meva.net\/hu-hu\/","name":"MEVA Hungary (HU)","description":"Just another MEVA Sites site","potentialAction":[{"@type":"SearchAction","target":{"@type":"EntryPoint","urlTemplate":"https:\/\/meva.net\/hu-hu\/?s={search_term_string}"},"query-input":"required name=search_term_string"}],"inLanguage":"hu"}]}},"_links":{"self":[{"href":"https:\/\/meva.net\/hu-hu\/wp-json\/wp\/v2\/pages\/3556"}],"collection":[{"href":"https:\/\/meva.net\/hu-hu\/wp-json\/wp\/v2\/pages"}],"about":[{"href":"https:\/\/meva.net\/hu-hu\/wp-json\/wp\/v2\/types\/page"}],"author":[{"embeddable":true,"href":"https:\/\/meva.net\/hu-hu\/wp-json\/wp\/v2\/users\/1"}],"replies":[{"embeddable":true,"href":"https:\/\/meva.net\/hu-hu\/wp-json\/wp\/v2\/comments?post=3556"}],"version-history":[{"count":3,"href":"https:\/\/meva.net\/hu-hu\/wp-json\/wp\/v2\/pages\/3556\/revisions"}],"predecessor-version":[{"id":3613,"href":"https:\/\/meva.net\/hu-hu\/wp-json\/wp\/v2\/pages\/3556\/revisions\/3613"}],"up":[{"embeddable":true,"href":"https:\/\/meva.net\/hu-hu\/wp-json\/wp\/v2\/pages\/3552"}],"wp:featuredmedia":[{"embeddable":true,"href":"https:\/\/meva.net\/hu-hu\/wp-json\/wp\/v2\/media\/3557"}],"wp:attachment":[{"href":"https:\/\/meva.net\/hu-hu\/wp-json\/wp\/v2\/media?parent=3556"}],"curies":[{"name":"wp","href":"https:\/\/api.w.org\/{rel}","templated":true}]}}