{"id":3552,"date":"2022-04-14T15:52:03","date_gmt":"2022-04-14T14:52:03","guid":{"rendered":"https:\/\/meva.net\/hu-hu\/?page_id=3552"},"modified":"2022-11-03T13:23:34","modified_gmt":"2022-11-03T13:23:34","slug":"eszkozok","status":"publish","type":"page","link":"https:\/\/meva.net\/hu-hu\/eszkozok\/","title":{"rendered":"Eszk\u00f6z\u00f6k"},"content":{"rendered":"","protected":false},"excerpt":{"rendered":"<p>A MEVA sz\u00e1mos eszk\u00f6zt k\u00edn\u00e1l a zsaluz\u00e1si term\u00e9kek helysz\u00edni haszn\u00e1lat\u00e1hoz, t\u00f6bbek k\u00f6z\u00f6tt kalkul\u00e1torokat \u00e9s egy hasznos alkalmaz\u00e1st.<\/p>\n","protected":false},"author":3,"featured_media":3553,"parent":0,"menu_order":0,"comment_status":"closed","ping_status":"closed","template":"template-building-blocks-better.php","meta":[],"acf":[],"yoast_head":"<!-- This site is optimized with the Yoast SEO plugin v19.13 - https:\/\/yoast.com\/wordpress\/plugins\/seo\/ -->\n<title>Eszk\u00f6z\u00f6k - MEVA Hungary (HU)<\/title>\n<meta name=\"description\" content=\"A MEVA sz\u00e1mos eszk\u00f6zt k\u00edn\u00e1l a zsaluz\u00e1si term\u00e9kek helysz\u00edni haszn\u00e1lat\u00e1hoz, t\u00f6bbek k\u00f6z\u00f6tt kalkul\u00e1torokat \u00e9s egy hasznos alkalmaz\u00e1st.\" \/>\n<meta name=\"robots\" content=\"index, follow, max-snippet:-1, max-image-preview:large, max-video-preview:-1\" \/>\n<link rel=\"canonical\" href=\"https:\/\/meva.net\/hu-hu\/eszkozok\/\" \/>\n<meta property=\"og:locale\" content=\"hu_HU\" \/>\n<meta property=\"og:type\" content=\"article\" \/>\n<meta property=\"og:title\" content=\"Eszk\u00f6z\u00f6k - MEVA Hungary (HU)\" \/>\n<meta property=\"og:description\" content=\"A MEVA sz\u00e1mos eszk\u00f6zt k\u00edn\u00e1l a zsaluz\u00e1si term\u00e9kek helysz\u00edni haszn\u00e1lat\u00e1hoz, t\u00f6bbek k\u00f6z\u00f6tt kalkul\u00e1torokat \u00e9s egy hasznos alkalmaz\u00e1st.\" \/>\n<meta property=\"og:url\" content=\"https:\/\/meva.net\/hu-hu\/eszkozok\/\" \/>\n<meta property=\"og:site_name\" content=\"MEVA Hungary (HU)\" \/>\n<meta property=\"article:modified_time\" content=\"2022-11-03T13:23:34+00:00\" \/>\n<meta property=\"og:image\" content=\"https:\/\/meva.net\/hu-hu\/wp-content\/uploads\/sites\/9\/2022\/04\/csm_betondruck-messgeraet-an-schalungssystem-montiert_c902ee3b85.jpg\" \/>\n\t<meta property=\"og:image:width\" content=\"960\" \/>\n\t<meta property=\"og:image:height\" content=\"370\" \/>\n\t<meta property=\"og:image:type\" content=\"image\/jpeg\" \/>\n<meta name=\"twitter:card\" content=\"summary_large_image\" \/>\n<script type=\"application\/ld+json\" class=\"yoast-schema-graph\">{\"@context\":\"https:\/\/schema.org\",\"@graph\":[{\"@type\":\"WebPage\",\"@id\":\"https:\/\/meva.net\/hu-hu\/eszkozok\/\",\"url\":\"https:\/\/meva.net\/hu-hu\/eszkozok\/\",\"name\":\"Eszk\u00f6z\u00f6k - MEVA Hungary (HU)\",\"isPartOf\":{\"@id\":\"https:\/\/meva.net\/hu-hu\/#website\"},\"datePublished\":\"2022-04-14T14:52:03+00:00\",\"dateModified\":\"2022-11-03T13:23:34+00:00\",\"description\":\"A MEVA sz\u00e1mos eszk\u00f6zt k\u00edn\u00e1l a zsaluz\u00e1si term\u00e9kek helysz\u00edni haszn\u00e1lat\u00e1hoz, t\u00f6bbek k\u00f6z\u00f6tt kalkul\u00e1torokat \u00e9s egy hasznos alkalmaz\u00e1st.\",\"breadcrumb\":{\"@id\":\"https:\/\/meva.net\/hu-hu\/eszkozok\/#breadcrumb\"},\"inLanguage\":\"hu\",\"potentialAction\":[{\"@type\":\"ReadAction\",\"target\":[\"https:\/\/meva.net\/hu-hu\/eszkozok\/\"]}]},{\"@type\":\"BreadcrumbList\",\"@id\":\"https:\/\/meva.net\/hu-hu\/eszkozok\/#breadcrumb\",\"itemListElement\":[{\"@type\":\"ListItem\",\"position\":1,\"name\":\"Home\",\"item\":\"https:\/\/meva.net\/hu-hu\/\"},{\"@type\":\"ListItem\",\"position\":2,\"name\":\"Eszk\u00f6z\u00f6k\"}]},{\"@type\":\"WebSite\",\"@id\":\"https:\/\/meva.net\/hu-hu\/#website\",\"url\":\"https:\/\/meva.net\/hu-hu\/\",\"name\":\"MEVA Hungary (HU)\",\"description\":\"Just another MEVA Sites site\",\"potentialAction\":[{\"@type\":\"SearchAction\",\"target\":{\"@type\":\"EntryPoint\",\"urlTemplate\":\"https:\/\/meva.net\/hu-hu\/?s={search_term_string}\"},\"query-input\":\"required name=search_term_string\"}],\"inLanguage\":\"hu\"}]}<\/script>\n<!-- \/ Yoast SEO plugin. -->","yoast_head_json":{"title":"Eszk\u00f6z\u00f6k - MEVA Hungary (HU)","description":"A MEVA sz\u00e1mos eszk\u00f6zt k\u00edn\u00e1l a zsaluz\u00e1si term\u00e9kek helysz\u00edni haszn\u00e1lat\u00e1hoz, t\u00f6bbek k\u00f6z\u00f6tt kalkul\u00e1torokat \u00e9s egy hasznos alkalmaz\u00e1st.","robots":{"index":"index","follow":"follow","max-snippet":"max-snippet:-1","max-image-preview":"max-image-preview:large","max-video-preview":"max-video-preview:-1"},"canonical":"https:\/\/meva.net\/hu-hu\/eszkozok\/","og_locale":"hu_HU","og_type":"article","og_title":"Eszk\u00f6z\u00f6k - MEVA Hungary (HU)","og_description":"A MEVA sz\u00e1mos eszk\u00f6zt k\u00edn\u00e1l a zsaluz\u00e1si term\u00e9kek helysz\u00edni haszn\u00e1lat\u00e1hoz, t\u00f6bbek k\u00f6z\u00f6tt kalkul\u00e1torokat \u00e9s egy hasznos alkalmaz\u00e1st.","og_url":"https:\/\/meva.net\/hu-hu\/eszkozok\/","og_site_name":"MEVA Hungary (HU)","article_modified_time":"2022-11-03T13:23:34+00:00","og_image":[{"width":960,"height":370,"url":"https:\/\/meva.net\/hu-hu\/wp-content\/uploads\/sites\/9\/2022\/04\/csm_betondruck-messgeraet-an-schalungssystem-montiert_c902ee3b85.jpg","type":"image\/jpeg"}],"twitter_card":"summary_large_image","schema":{"@context":"https:\/\/schema.org","@graph":[{"@type":"WebPage","@id":"https:\/\/meva.net\/hu-hu\/eszkozok\/","url":"https:\/\/meva.net\/hu-hu\/eszkozok\/","name":"Eszk\u00f6z\u00f6k - MEVA Hungary (HU)","isPartOf":{"@id":"https:\/\/meva.net\/hu-hu\/#website"},"datePublished":"2022-04-14T14:52:03+00:00","dateModified":"2022-11-03T13:23:34+00:00","description":"A MEVA sz\u00e1mos eszk\u00f6zt k\u00edn\u00e1l a zsaluz\u00e1si term\u00e9kek helysz\u00edni haszn\u00e1lat\u00e1hoz, t\u00f6bbek k\u00f6z\u00f6tt kalkul\u00e1torokat \u00e9s egy hasznos alkalmaz\u00e1st.","breadcrumb":{"@id":"https:\/\/meva.net\/hu-hu\/eszkozok\/#breadcrumb"},"inLanguage":"hu","potentialAction":[{"@type":"ReadAction","target":["https:\/\/meva.net\/hu-hu\/eszkozok\/"]}]},{"@type":"BreadcrumbList","@id":"https:\/\/meva.net\/hu-hu\/eszkozok\/#breadcrumb","itemListElement":[{"@type":"ListItem","position":1,"name":"Home","item":"https:\/\/meva.net\/hu-hu\/"},{"@type":"ListItem","position":2,"name":"Eszk\u00f6z\u00f6k"}]},{"@type":"WebSite","@id":"https:\/\/meva.net\/hu-hu\/#website","url":"https:\/\/meva.net\/hu-hu\/","name":"MEVA Hungary (HU)","description":"Just another MEVA Sites site","potentialAction":[{"@type":"SearchAction","target":{"@type":"EntryPoint","urlTemplate":"https:\/\/meva.net\/hu-hu\/?s={search_term_string}"},"query-input":"required name=search_term_string"}],"inLanguage":"hu"}]}},"_links":{"self":[{"href":"https:\/\/meva.net\/hu-hu\/wp-json\/wp\/v2\/pages\/3552"}],"collection":[{"href":"https:\/\/meva.net\/hu-hu\/wp-json\/wp\/v2\/pages"}],"about":[{"href":"https:\/\/meva.net\/hu-hu\/wp-json\/wp\/v2\/types\/page"}],"author":[{"embeddable":true,"href":"https:\/\/meva.net\/hu-hu\/wp-json\/wp\/v2\/users\/3"}],"replies":[{"embeddable":true,"href":"https:\/\/meva.net\/hu-hu\/wp-json\/wp\/v2\/comments?post=3552"}],"version-history":[{"count":9,"href":"https:\/\/meva.net\/hu-hu\/wp-json\/wp\/v2\/pages\/3552\/revisions"}],"predecessor-version":[{"id":4708,"href":"https:\/\/meva.net\/hu-hu\/wp-json\/wp\/v2\/pages\/3552\/revisions\/4708"}],"wp:featuredmedia":[{"embeddable":true,"href":"https:\/\/meva.net\/hu-hu\/wp-json\/wp\/v2\/media\/3553"}],"wp:attachment":[{"href":"https:\/\/meva.net\/hu-hu\/wp-json\/wp\/v2\/media?parent=3552"}],"curies":[{"name":"wp","href":"https:\/\/api.w.org\/{rel}","templated":true}]}}