{"id":2369,"date":"2022-03-07T13:36:45","date_gmt":"2022-03-07T13:36:45","guid":{"rendered":"https:\/\/meva.net\/hu-hu\/?page_id=2369"},"modified":"2022-05-13T14:03:27","modified_gmt":"2022-05-13T13:03:27","slug":"aszf","status":"publish","type":"page","link":"https:\/\/meva.net\/hu-hu\/aszf\/","title":{"rendered":"\u00c1ltal\u00e1nos Szerz\u0151d\u00e9si Felt\u00e9telek &#8211; \u00c1SZF"},"content":{"rendered":"","protected":false},"excerpt":{"rendered":"","protected":false},"author":3,"featured_media":0,"parent":0,"menu_order":0,"comment_status":"closed","ping_status":"closed","template":"template-building-blocks-better.php","meta":[],"acf":[],"yoast_head":"<!-- This site is optimized with the Yoast SEO plugin v19.13 - https:\/\/yoast.com\/wordpress\/plugins\/seo\/ -->\n<title>\u00c1ltal\u00e1nos Szerz\u0151d\u00e9si Felt\u00e9telek - \u00c1SZF - MEVA Hungary (HU)<\/title>\n<meta name=\"robots\" content=\"index, follow, max-snippet:-1, max-image-preview:large, max-video-preview:-1\" \/>\n<link rel=\"canonical\" href=\"https:\/\/meva.net\/hu-hu\/aszf\/\" \/>\n<meta property=\"og:locale\" content=\"hu_HU\" \/>\n<meta property=\"og:type\" content=\"article\" \/>\n<meta property=\"og:title\" content=\"\u00c1ltal\u00e1nos Szerz\u0151d\u00e9si Felt\u00e9telek - \u00c1SZF - MEVA Hungary (HU)\" \/>\n<meta property=\"og:url\" content=\"https:\/\/meva.net\/hu-hu\/aszf\/\" \/>\n<meta property=\"og:site_name\" content=\"MEVA Hungary (HU)\" \/>\n<meta property=\"article:modified_time\" content=\"2022-05-13T13:03:27+00:00\" \/>\n<meta name=\"twitter:card\" content=\"summary_large_image\" \/>\n<script type=\"application\/ld+json\" class=\"yoast-schema-graph\">{\"@context\":\"https:\/\/schema.org\",\"@graph\":[{\"@type\":\"WebPage\",\"@id\":\"https:\/\/meva.net\/hu-hu\/aszf\/\",\"url\":\"https:\/\/meva.net\/hu-hu\/aszf\/\",\"name\":\"\u00c1ltal\u00e1nos Szerz\u0151d\u00e9si Felt\u00e9telek - \u00c1SZF - MEVA Hungary (HU)\",\"isPartOf\":{\"@id\":\"https:\/\/meva.net\/hu-hu\/#website\"},\"datePublished\":\"2022-03-07T13:36:45+00:00\",\"dateModified\":\"2022-05-13T13:03:27+00:00\",\"breadcrumb\":{\"@id\":\"https:\/\/meva.net\/hu-hu\/aszf\/#breadcrumb\"},\"inLanguage\":\"hu\",\"potentialAction\":[{\"@type\":\"ReadAction\",\"target\":[\"https:\/\/meva.net\/hu-hu\/aszf\/\"]}]},{\"@type\":\"BreadcrumbList\",\"@id\":\"https:\/\/meva.net\/hu-hu\/aszf\/#breadcrumb\",\"itemListElement\":[{\"@type\":\"ListItem\",\"position\":1,\"name\":\"Home\",\"item\":\"https:\/\/meva.net\/hu-hu\/\"},{\"@type\":\"ListItem\",\"position\":2,\"name\":\"\u00c1ltal\u00e1nos Szerz\u0151d\u00e9si Felt\u00e9telek &#8211; \u00c1SZF\"}]},{\"@type\":\"WebSite\",\"@id\":\"https:\/\/meva.net\/hu-hu\/#website\",\"url\":\"https:\/\/meva.net\/hu-hu\/\",\"name\":\"MEVA Hungary (HU)\",\"description\":\"Just another MEVA Sites site\",\"potentialAction\":[{\"@type\":\"SearchAction\",\"target\":{\"@type\":\"EntryPoint\",\"urlTemplate\":\"https:\/\/meva.net\/hu-hu\/?s={search_term_string}\"},\"query-input\":\"required name=search_term_string\"}],\"inLanguage\":\"hu\"}]}<\/script>\n<!-- \/ Yoast SEO plugin. -->","yoast_head_json":{"title":"\u00c1ltal\u00e1nos Szerz\u0151d\u00e9si Felt\u00e9telek - \u00c1SZF - MEVA Hungary (HU)","robots":{"index":"index","follow":"follow","max-snippet":"max-snippet:-1","max-image-preview":"max-image-preview:large","max-video-preview":"max-video-preview:-1"},"canonical":"https:\/\/meva.net\/hu-hu\/aszf\/","og_locale":"hu_HU","og_type":"article","og_title":"\u00c1ltal\u00e1nos Szerz\u0151d\u00e9si Felt\u00e9telek - \u00c1SZF - MEVA Hungary (HU)","og_url":"https:\/\/meva.net\/hu-hu\/aszf\/","og_site_name":"MEVA Hungary (HU)","article_modified_time":"2022-05-13T13:03:27+00:00","twitter_card":"summary_large_image","schema":{"@context":"https:\/\/schema.org","@graph":[{"@type":"WebPage","@id":"https:\/\/meva.net\/hu-hu\/aszf\/","url":"https:\/\/meva.net\/hu-hu\/aszf\/","name":"\u00c1ltal\u00e1nos Szerz\u0151d\u00e9si Felt\u00e9telek - \u00c1SZF - MEVA Hungary (HU)","isPartOf":{"@id":"https:\/\/meva.net\/hu-hu\/#website"},"datePublished":"2022-03-07T13:36:45+00:00","dateModified":"2022-05-13T13:03:27+00:00","breadcrumb":{"@id":"https:\/\/meva.net\/hu-hu\/aszf\/#breadcrumb"},"inLanguage":"hu","potentialAction":[{"@type":"ReadAction","target":["https:\/\/meva.net\/hu-hu\/aszf\/"]}]},{"@type":"BreadcrumbList","@id":"https:\/\/meva.net\/hu-hu\/aszf\/#breadcrumb","itemListElement":[{"@type":"ListItem","position":1,"name":"Home","item":"https:\/\/meva.net\/hu-hu\/"},{"@type":"ListItem","position":2,"name":"\u00c1ltal\u00e1nos Szerz\u0151d\u00e9si Felt\u00e9telek &#8211; \u00c1SZF"}]},{"@type":"WebSite","@id":"https:\/\/meva.net\/hu-hu\/#website","url":"https:\/\/meva.net\/hu-hu\/","name":"MEVA Hungary (HU)","description":"Just another MEVA Sites site","potentialAction":[{"@type":"SearchAction","target":{"@type":"EntryPoint","urlTemplate":"https:\/\/meva.net\/hu-hu\/?s={search_term_string}"},"query-input":"required name=search_term_string"}],"inLanguage":"hu"}]}},"_links":{"self":[{"href":"https:\/\/meva.net\/hu-hu\/wp-json\/wp\/v2\/pages\/2369"}],"collection":[{"href":"https:\/\/meva.net\/hu-hu\/wp-json\/wp\/v2\/pages"}],"about":[{"href":"https:\/\/meva.net\/hu-hu\/wp-json\/wp\/v2\/types\/page"}],"author":[{"embeddable":true,"href":"https:\/\/meva.net\/hu-hu\/wp-json\/wp\/v2\/users\/3"}],"replies":[{"embeddable":true,"href":"https:\/\/meva.net\/hu-hu\/wp-json\/wp\/v2\/comments?post=2369"}],"version-history":[{"count":6,"href":"https:\/\/meva.net\/hu-hu\/wp-json\/wp\/v2\/pages\/2369\/revisions"}],"predecessor-version":[{"id":3842,"href":"https:\/\/meva.net\/hu-hu\/wp-json\/wp\/v2\/pages\/2369\/revisions\/3842"}],"wp:attachment":[{"href":"https:\/\/meva.net\/hu-hu\/wp-json\/wp\/v2\/media?parent=2369"}],"curies":[{"name":"wp","href":"https:\/\/api.w.org\/{rel}","templated":true}]}}