{"id":1936,"date":"2022-03-03T22:23:16","date_gmt":"2022-03-03T22:23:16","guid":{"rendered":"https:\/\/meva.net\/hu-hu\/?page_id=1936"},"modified":"2024-06-11T08:00:36","modified_gmt":"2024-06-11T07:00:36","slug":"home","status":"publish","type":"page","link":"https:\/\/meva.net\/hu-hu\/","title":{"rendered":"F\u0151oldal"},"content":{"rendered":"","protected":false},"excerpt":{"rendered":"","protected":false},"author":1,"featured_media":1937,"parent":0,"menu_order":0,"comment_status":"closed","ping_status":"closed","template":"template-building-blocks-better.php","meta":[],"acf":[],"yoast_head":"<!-- This site is optimized with the Yoast SEO plugin v19.13 - https:\/\/yoast.com\/wordpress\/plugins\/seo\/ -->\n<title>F\u0151oldal - MEVA Hungary (HU)<\/title>\n<meta name=\"description\" content=\"A szakma \u00fatt\u00f6r\u0151jek\u00e9nt nap, mint nap nagy lend\u00fclettel dolgozunk azon, hogy a zsaluzatok m\u00e9g biztons\u00e1gosabbak, hat\u00e9konyabbak \u00e9s az \u00fcgyfelek sz\u00e1m\u00e1ra egyszer\u0171bben haszn\u00e1lhat\u00f3ak legyenek. Tapasztalatainkkal, sz\u00e9les term\u00e9kv\u00e1laszt\u00e9kunkkal \u00e9s sokf\u00e9le szolg\u00e1ltat\u00e1sunkkal \u00e1llunk \u00fcgyfeleink rendelkez\u00e9s\u00e9re kisebb, vagy ak\u00e1r nagyobb projektekn\u00e9l egyar\u00e1nt.\" \/>\n<meta name=\"robots\" content=\"index, follow, max-snippet:-1, max-image-preview:large, max-video-preview:-1\" \/>\n<link rel=\"canonical\" href=\"https:\/\/meva.net\/hu-hu\/\" \/>\n<meta property=\"og:locale\" content=\"hu_HU\" \/>\n<meta property=\"og:type\" content=\"article\" \/>\n<meta property=\"og:title\" content=\"F\u0151oldal - MEVA Hungary (HU)\" \/>\n<meta property=\"og:description\" content=\"A szakma \u00fatt\u00f6r\u0151jek\u00e9nt nap, mint nap nagy lend\u00fclettel dolgozunk azon, hogy a zsaluzatok m\u00e9g biztons\u00e1gosabbak, hat\u00e9konyabbak \u00e9s az \u00fcgyfelek sz\u00e1m\u00e1ra egyszer\u0171bben haszn\u00e1lhat\u00f3ak legyenek. Tapasztalatainkkal, sz\u00e9les term\u00e9kv\u00e1laszt\u00e9kunkkal \u00e9s sokf\u00e9le szolg\u00e1ltat\u00e1sunkkal \u00e1llunk \u00fcgyfeleink rendelkez\u00e9s\u00e9re kisebb, vagy ak\u00e1r nagyobb projektekn\u00e9l egyar\u00e1nt.\" \/>\n<meta property=\"og:url\" content=\"https:\/\/meva.net\/hu-hu\/\" \/>\n<meta property=\"og:site_name\" content=\"MEVA Hungary (HU)\" \/>\n<meta property=\"article:modified_time\" content=\"2024-06-11T07:00:36+00:00\" \/>\n<meta property=\"og:image\" content=\"https:\/\/meva.net\/hu-hu\/wp-content\/uploads\/sites\/9\/2022\/03\/meva-formwork-uk-hero.jpg\" \/>\n\t<meta property=\"og:image:width\" content=\"2500\" \/>\n\t<meta property=\"og:image:height\" content=\"1667\" \/>\n\t<meta property=\"og:image:type\" content=\"image\/jpeg\" \/>\n<meta name=\"twitter:card\" content=\"summary_large_image\" \/>\n<script type=\"application\/ld+json\" class=\"yoast-schema-graph\">{\"@context\":\"https:\/\/schema.org\",\"@graph\":[{\"@type\":\"WebPage\",\"@id\":\"https:\/\/meva.net\/hu-hu\/\",\"url\":\"https:\/\/meva.net\/hu-hu\/\",\"name\":\"F\u0151oldal - MEVA Hungary (HU)\",\"isPartOf\":{\"@id\":\"https:\/\/meva.net\/hu-hu\/#website\"},\"datePublished\":\"2022-03-03T22:23:16+00:00\",\"dateModified\":\"2024-06-11T07:00:36+00:00\",\"description\":\"A szakma \u00fatt\u00f6r\u0151jek\u00e9nt nap, mint nap nagy lend\u00fclettel dolgozunk azon, hogy a zsaluzatok m\u00e9g biztons\u00e1gosabbak, hat\u00e9konyabbak \u00e9s az \u00fcgyfelek sz\u00e1m\u00e1ra egyszer\u0171bben haszn\u00e1lhat\u00f3ak legyenek. Tapasztalatainkkal, sz\u00e9les term\u00e9kv\u00e1laszt\u00e9kunkkal \u00e9s sokf\u00e9le szolg\u00e1ltat\u00e1sunkkal \u00e1llunk \u00fcgyfeleink rendelkez\u00e9s\u00e9re kisebb, vagy ak\u00e1r nagyobb projektekn\u00e9l egyar\u00e1nt.\",\"breadcrumb\":{\"@id\":\"https:\/\/meva.net\/hu-hu\/#breadcrumb\"},\"inLanguage\":\"hu\",\"potentialAction\":[{\"@type\":\"ReadAction\",\"target\":[\"https:\/\/meva.net\/hu-hu\/\"]}]},{\"@type\":\"BreadcrumbList\",\"@id\":\"https:\/\/meva.net\/hu-hu\/#breadcrumb\",\"itemListElement\":[{\"@type\":\"ListItem\",\"position\":1,\"name\":\"Home\",\"item\":\"https:\/\/meva.net\/hu-hu\/\"},{\"@type\":\"ListItem\",\"position\":2,\"name\":\"F\u0151oldal\"}]},{\"@type\":\"WebSite\",\"@id\":\"https:\/\/meva.net\/hu-hu\/#website\",\"url\":\"https:\/\/meva.net\/hu-hu\/\",\"name\":\"MEVA Hungary (HU)\",\"description\":\"Just another MEVA Sites site\",\"potentialAction\":[{\"@type\":\"SearchAction\",\"target\":{\"@type\":\"EntryPoint\",\"urlTemplate\":\"https:\/\/meva.net\/hu-hu\/?s={search_term_string}\"},\"query-input\":\"required name=search_term_string\"}],\"inLanguage\":\"hu\"}]}<\/script>\n<!-- \/ Yoast SEO plugin. -->","yoast_head_json":{"title":"F\u0151oldal - MEVA Hungary (HU)","description":"A szakma \u00fatt\u00f6r\u0151jek\u00e9nt nap, mint nap nagy lend\u00fclettel dolgozunk azon, hogy a zsaluzatok m\u00e9g biztons\u00e1gosabbak, hat\u00e9konyabbak \u00e9s az \u00fcgyfelek sz\u00e1m\u00e1ra egyszer\u0171bben haszn\u00e1lhat\u00f3ak legyenek. Tapasztalatainkkal, sz\u00e9les term\u00e9kv\u00e1laszt\u00e9kunkkal \u00e9s sokf\u00e9le szolg\u00e1ltat\u00e1sunkkal \u00e1llunk \u00fcgyfeleink rendelkez\u00e9s\u00e9re kisebb, vagy ak\u00e1r nagyobb projektekn\u00e9l egyar\u00e1nt.","robots":{"index":"index","follow":"follow","max-snippet":"max-snippet:-1","max-image-preview":"max-image-preview:large","max-video-preview":"max-video-preview:-1"},"canonical":"https:\/\/meva.net\/hu-hu\/","og_locale":"hu_HU","og_type":"article","og_title":"F\u0151oldal - MEVA Hungary (HU)","og_description":"A szakma \u00fatt\u00f6r\u0151jek\u00e9nt nap, mint nap nagy lend\u00fclettel dolgozunk azon, hogy a zsaluzatok m\u00e9g biztons\u00e1gosabbak, hat\u00e9konyabbak \u00e9s az \u00fcgyfelek sz\u00e1m\u00e1ra egyszer\u0171bben haszn\u00e1lhat\u00f3ak legyenek. Tapasztalatainkkal, sz\u00e9les term\u00e9kv\u00e1laszt\u00e9kunkkal \u00e9s sokf\u00e9le szolg\u00e1ltat\u00e1sunkkal \u00e1llunk \u00fcgyfeleink rendelkez\u00e9s\u00e9re kisebb, vagy ak\u00e1r nagyobb projektekn\u00e9l egyar\u00e1nt.","og_url":"https:\/\/meva.net\/hu-hu\/","og_site_name":"MEVA Hungary (HU)","article_modified_time":"2024-06-11T07:00:36+00:00","og_image":[{"width":2500,"height":1667,"url":"https:\/\/meva.net\/hu-hu\/wp-content\/uploads\/sites\/9\/2022\/03\/meva-formwork-uk-hero.jpg","type":"image\/jpeg"}],"twitter_card":"summary_large_image","schema":{"@context":"https:\/\/schema.org","@graph":[{"@type":"WebPage","@id":"https:\/\/meva.net\/hu-hu\/","url":"https:\/\/meva.net\/hu-hu\/","name":"F\u0151oldal - MEVA Hungary (HU)","isPartOf":{"@id":"https:\/\/meva.net\/hu-hu\/#website"},"datePublished":"2022-03-03T22:23:16+00:00","dateModified":"2024-06-11T07:00:36+00:00","description":"A szakma \u00fatt\u00f6r\u0151jek\u00e9nt nap, mint nap nagy lend\u00fclettel dolgozunk azon, hogy a zsaluzatok m\u00e9g biztons\u00e1gosabbak, hat\u00e9konyabbak \u00e9s az \u00fcgyfelek sz\u00e1m\u00e1ra egyszer\u0171bben haszn\u00e1lhat\u00f3ak legyenek. Tapasztalatainkkal, sz\u00e9les term\u00e9kv\u00e1laszt\u00e9kunkkal \u00e9s sokf\u00e9le szolg\u00e1ltat\u00e1sunkkal \u00e1llunk \u00fcgyfeleink rendelkez\u00e9s\u00e9re kisebb, vagy ak\u00e1r nagyobb projektekn\u00e9l egyar\u00e1nt.","breadcrumb":{"@id":"https:\/\/meva.net\/hu-hu\/#breadcrumb"},"inLanguage":"hu","potentialAction":[{"@type":"ReadAction","target":["https:\/\/meva.net\/hu-hu\/"]}]},{"@type":"BreadcrumbList","@id":"https:\/\/meva.net\/hu-hu\/#breadcrumb","itemListElement":[{"@type":"ListItem","position":1,"name":"Home","item":"https:\/\/meva.net\/hu-hu\/"},{"@type":"ListItem","position":2,"name":"F\u0151oldal"}]},{"@type":"WebSite","@id":"https:\/\/meva.net\/hu-hu\/#website","url":"https:\/\/meva.net\/hu-hu\/","name":"MEVA Hungary (HU)","description":"Just another MEVA Sites site","potentialAction":[{"@type":"SearchAction","target":{"@type":"EntryPoint","urlTemplate":"https:\/\/meva.net\/hu-hu\/?s={search_term_string}"},"query-input":"required name=search_term_string"}],"inLanguage":"hu"}]}},"_links":{"self":[{"href":"https:\/\/meva.net\/hu-hu\/wp-json\/wp\/v2\/pages\/1936"}],"collection":[{"href":"https:\/\/meva.net\/hu-hu\/wp-json\/wp\/v2\/pages"}],"about":[{"href":"https:\/\/meva.net\/hu-hu\/wp-json\/wp\/v2\/types\/page"}],"author":[{"embeddable":true,"href":"https:\/\/meva.net\/hu-hu\/wp-json\/wp\/v2\/users\/1"}],"replies":[{"embeddable":true,"href":"https:\/\/meva.net\/hu-hu\/wp-json\/wp\/v2\/comments?post=1936"}],"version-history":[{"count":56,"href":"https:\/\/meva.net\/hu-hu\/wp-json\/wp\/v2\/pages\/1936\/revisions"}],"predecessor-version":[{"id":5774,"href":"https:\/\/meva.net\/hu-hu\/wp-json\/wp\/v2\/pages\/1936\/revisions\/5774"}],"wp:featuredmedia":[{"embeddable":true,"href":"https:\/\/meva.net\/hu-hu\/wp-json\/wp\/v2\/media\/1937"}],"wp:attachment":[{"href":"https:\/\/meva.net\/hu-hu\/wp-json\/wp\/v2\/media?parent=1936"}],"curies":[{"name":"wp","href":"https:\/\/api.w.org\/{rel}","templated":true}]}}