{"id":1895,"date":"2022-03-03T21:44:05","date_gmt":"2022-03-03T21:44:05","guid":{"rendered":"https:\/\/meva.net\/hu-hu\/?page_id=1895"},"modified":"2024-02-16T13:44:24","modified_gmt":"2024-02-16T13:44:24","slug":"mernoki-szolgaltatasok","status":"publish","type":"page","link":"https:\/\/meva.net\/hu-hu\/szolgaltatasok\/mernoki-szolgaltatasok\/","title":{"rendered":"M\u00e9rn\u00f6ki szolg\u00e1ltat\u00e1sok"},"content":{"rendered":"","protected":false},"excerpt":{"rendered":"<p>Az egyszer\u0171 2D-s tervez\u00e9st\u0151l a nagy nemzetk\u00f6zi projektek BIM-mel t\u00f6rt\u00e9n\u0151 \u00e9p\u00edt\u00e9si helysz\u00edntervez\u00e9s\u00e9ig a projekt minden f\u00e1zis\u00e1ban az \u00d6n ig\u00e9nyeinek megfelel\u0151en, egy\u00e9nileg t\u00e1mogatjuk \u00d6nt.<\/p>\n","protected":false},"author":2,"featured_media":4882,"parent":1875,"menu_order":6,"comment_status":"closed","ping_status":"closed","template":"template-building-blocks-better.php","meta":[],"acf":[],"yoast_head":"<!-- This site is optimized with the Yoast SEO plugin v19.13 - https:\/\/yoast.com\/wordpress\/plugins\/seo\/ -->\n<title>M\u00e9rn\u00f6ki szolg\u00e1ltat\u00e1sok - MEVA Hungary (HU)<\/title>\n<meta name=\"description\" content=\"Az egyszer\u0171 2D-s tervez\u00e9st\u0151l a nagy nemzetk\u00f6zi projektek BIM-mel t\u00f6rt\u00e9n\u0151 \u00e9p\u00edt\u00e9si helysz\u00edntervez\u00e9s\u00e9ig a projekt minden f\u00e1zis\u00e1ban az \u00d6n ig\u00e9nyeinek megfelel\u0151en, egy\u00e9nileg t\u00e1mogatjuk \u00d6nt.\" \/>\n<meta name=\"robots\" content=\"index, follow, max-snippet:-1, max-image-preview:large, max-video-preview:-1\" \/>\n<link rel=\"canonical\" href=\"https:\/\/meva.net\/hu-hu\/szolgaltatasok\/mernoki-szolgaltatasok\/\" \/>\n<meta property=\"og:locale\" content=\"hu_HU\" \/>\n<meta property=\"og:type\" content=\"article\" \/>\n<meta property=\"og:title\" content=\"M\u00e9rn\u00f6ki szolg\u00e1ltat\u00e1sok - MEVA Hungary (HU)\" \/>\n<meta property=\"og:description\" content=\"Az egyszer\u0171 2D-s tervez\u00e9st\u0151l a nagy nemzetk\u00f6zi projektek BIM-mel t\u00f6rt\u00e9n\u0151 \u00e9p\u00edt\u00e9si helysz\u00edntervez\u00e9s\u00e9ig a projekt minden f\u00e1zis\u00e1ban az \u00d6n ig\u00e9nyeinek megfelel\u0151en, egy\u00e9nileg t\u00e1mogatjuk \u00d6nt.\" \/>\n<meta property=\"og:url\" content=\"https:\/\/meva.net\/hu-hu\/szolgaltatasok\/mernoki-szolgaltatasok\/\" \/>\n<meta property=\"og:site_name\" content=\"MEVA Hungary (HU)\" \/>\n<meta property=\"article:modified_time\" content=\"2024-02-16T13:44:24+00:00\" \/>\n<meta property=\"og:image\" content=\"https:\/\/meva.net\/hu-hu\/wp-content\/uploads\/sites\/9\/2023\/02\/18361_1-scaled.jpg\" \/>\n\t<meta property=\"og:image:width\" content=\"2560\" \/>\n\t<meta property=\"og:image:height\" content=\"2295\" \/>\n\t<meta property=\"og:image:type\" content=\"image\/jpeg\" \/>\n<meta name=\"twitter:card\" content=\"summary_large_image\" \/>\n<script type=\"application\/ld+json\" class=\"yoast-schema-graph\">{\"@context\":\"https:\/\/schema.org\",\"@graph\":[{\"@type\":\"WebPage\",\"@id\":\"https:\/\/meva.net\/hu-hu\/szolgaltatasok\/mernoki-szolgaltatasok\/\",\"url\":\"https:\/\/meva.net\/hu-hu\/szolgaltatasok\/mernoki-szolgaltatasok\/\",\"name\":\"M\u00e9rn\u00f6ki szolg\u00e1ltat\u00e1sok - MEVA Hungary (HU)\",\"isPartOf\":{\"@id\":\"https:\/\/meva.net\/hu-hu\/#website\"},\"datePublished\":\"2022-03-03T21:44:05+00:00\",\"dateModified\":\"2024-02-16T13:44:24+00:00\",\"description\":\"Az egyszer\u0171 2D-s tervez\u00e9st\u0151l a nagy nemzetk\u00f6zi projektek BIM-mel t\u00f6rt\u00e9n\u0151 \u00e9p\u00edt\u00e9si helysz\u00edntervez\u00e9s\u00e9ig a projekt minden f\u00e1zis\u00e1ban az \u00d6n ig\u00e9nyeinek megfelel\u0151en, egy\u00e9nileg t\u00e1mogatjuk \u00d6nt.\",\"breadcrumb\":{\"@id\":\"https:\/\/meva.net\/hu-hu\/szolgaltatasok\/mernoki-szolgaltatasok\/#breadcrumb\"},\"inLanguage\":\"hu\",\"potentialAction\":[{\"@type\":\"ReadAction\",\"target\":[\"https:\/\/meva.net\/hu-hu\/szolgaltatasok\/mernoki-szolgaltatasok\/\"]}]},{\"@type\":\"BreadcrumbList\",\"@id\":\"https:\/\/meva.net\/hu-hu\/szolgaltatasok\/mernoki-szolgaltatasok\/#breadcrumb\",\"itemListElement\":[{\"@type\":\"ListItem\",\"position\":1,\"name\":\"Home\",\"item\":\"https:\/\/meva.net\/hu-hu\/\"},{\"@type\":\"ListItem\",\"position\":2,\"name\":\"Szolg\u00e1ltat\u00e1sok\",\"item\":\"https:\/\/meva.net\/hu-hu\/szolgaltatasok\/\"},{\"@type\":\"ListItem\",\"position\":3,\"name\":\"M\u00e9rn\u00f6ki szolg\u00e1ltat\u00e1sok\"}]},{\"@type\":\"WebSite\",\"@id\":\"https:\/\/meva.net\/hu-hu\/#website\",\"url\":\"https:\/\/meva.net\/hu-hu\/\",\"name\":\"MEVA Hungary (HU)\",\"description\":\"Just another MEVA Sites site\",\"potentialAction\":[{\"@type\":\"SearchAction\",\"target\":{\"@type\":\"EntryPoint\",\"urlTemplate\":\"https:\/\/meva.net\/hu-hu\/?s={search_term_string}\"},\"query-input\":\"required name=search_term_string\"}],\"inLanguage\":\"hu\"}]}<\/script>\n<!-- \/ Yoast SEO plugin. -->","yoast_head_json":{"title":"M\u00e9rn\u00f6ki szolg\u00e1ltat\u00e1sok - MEVA Hungary (HU)","description":"Az egyszer\u0171 2D-s tervez\u00e9st\u0151l a nagy nemzetk\u00f6zi projektek BIM-mel t\u00f6rt\u00e9n\u0151 \u00e9p\u00edt\u00e9si helysz\u00edntervez\u00e9s\u00e9ig a projekt minden f\u00e1zis\u00e1ban az \u00d6n ig\u00e9nyeinek megfelel\u0151en, egy\u00e9nileg t\u00e1mogatjuk \u00d6nt.","robots":{"index":"index","follow":"follow","max-snippet":"max-snippet:-1","max-image-preview":"max-image-preview:large","max-video-preview":"max-video-preview:-1"},"canonical":"https:\/\/meva.net\/hu-hu\/szolgaltatasok\/mernoki-szolgaltatasok\/","og_locale":"hu_HU","og_type":"article","og_title":"M\u00e9rn\u00f6ki szolg\u00e1ltat\u00e1sok - MEVA Hungary (HU)","og_description":"Az egyszer\u0171 2D-s tervez\u00e9st\u0151l a nagy nemzetk\u00f6zi projektek BIM-mel t\u00f6rt\u00e9n\u0151 \u00e9p\u00edt\u00e9si helysz\u00edntervez\u00e9s\u00e9ig a projekt minden f\u00e1zis\u00e1ban az \u00d6n ig\u00e9nyeinek megfelel\u0151en, egy\u00e9nileg t\u00e1mogatjuk \u00d6nt.","og_url":"https:\/\/meva.net\/hu-hu\/szolgaltatasok\/mernoki-szolgaltatasok\/","og_site_name":"MEVA Hungary (HU)","article_modified_time":"2024-02-16T13:44:24+00:00","og_image":[{"width":2560,"height":2295,"url":"https:\/\/meva.net\/hu-hu\/wp-content\/uploads\/sites\/9\/2023\/02\/18361_1-scaled.jpg","type":"image\/jpeg"}],"twitter_card":"summary_large_image","schema":{"@context":"https:\/\/schema.org","@graph":[{"@type":"WebPage","@id":"https:\/\/meva.net\/hu-hu\/szolgaltatasok\/mernoki-szolgaltatasok\/","url":"https:\/\/meva.net\/hu-hu\/szolgaltatasok\/mernoki-szolgaltatasok\/","name":"M\u00e9rn\u00f6ki szolg\u00e1ltat\u00e1sok - MEVA Hungary (HU)","isPartOf":{"@id":"https:\/\/meva.net\/hu-hu\/#website"},"datePublished":"2022-03-03T21:44:05+00:00","dateModified":"2024-02-16T13:44:24+00:00","description":"Az egyszer\u0171 2D-s tervez\u00e9st\u0151l a nagy nemzetk\u00f6zi projektek BIM-mel t\u00f6rt\u00e9n\u0151 \u00e9p\u00edt\u00e9si helysz\u00edntervez\u00e9s\u00e9ig a projekt minden f\u00e1zis\u00e1ban az \u00d6n ig\u00e9nyeinek megfelel\u0151en, egy\u00e9nileg t\u00e1mogatjuk \u00d6nt.","breadcrumb":{"@id":"https:\/\/meva.net\/hu-hu\/szolgaltatasok\/mernoki-szolgaltatasok\/#breadcrumb"},"inLanguage":"hu","potentialAction":[{"@type":"ReadAction","target":["https:\/\/meva.net\/hu-hu\/szolgaltatasok\/mernoki-szolgaltatasok\/"]}]},{"@type":"BreadcrumbList","@id":"https:\/\/meva.net\/hu-hu\/szolgaltatasok\/mernoki-szolgaltatasok\/#breadcrumb","itemListElement":[{"@type":"ListItem","position":1,"name":"Home","item":"https:\/\/meva.net\/hu-hu\/"},{"@type":"ListItem","position":2,"name":"Szolg\u00e1ltat\u00e1sok","item":"https:\/\/meva.net\/hu-hu\/szolgaltatasok\/"},{"@type":"ListItem","position":3,"name":"M\u00e9rn\u00f6ki szolg\u00e1ltat\u00e1sok"}]},{"@type":"WebSite","@id":"https:\/\/meva.net\/hu-hu\/#website","url":"https:\/\/meva.net\/hu-hu\/","name":"MEVA Hungary (HU)","description":"Just another MEVA Sites site","potentialAction":[{"@type":"SearchAction","target":{"@type":"EntryPoint","urlTemplate":"https:\/\/meva.net\/hu-hu\/?s={search_term_string}"},"query-input":"required name=search_term_string"}],"inLanguage":"hu"}]}},"_links":{"self":[{"href":"https:\/\/meva.net\/hu-hu\/wp-json\/wp\/v2\/pages\/1895"}],"collection":[{"href":"https:\/\/meva.net\/hu-hu\/wp-json\/wp\/v2\/pages"}],"about":[{"href":"https:\/\/meva.net\/hu-hu\/wp-json\/wp\/v2\/types\/page"}],"author":[{"embeddable":true,"href":"https:\/\/meva.net\/hu-hu\/wp-json\/wp\/v2\/users\/2"}],"replies":[{"embeddable":true,"href":"https:\/\/meva.net\/hu-hu\/wp-json\/wp\/v2\/comments?post=1895"}],"version-history":[{"count":12,"href":"https:\/\/meva.net\/hu-hu\/wp-json\/wp\/v2\/pages\/1895\/revisions"}],"predecessor-version":[{"id":5565,"href":"https:\/\/meva.net\/hu-hu\/wp-json\/wp\/v2\/pages\/1895\/revisions\/5565"}],"up":[{"embeddable":true,"href":"https:\/\/meva.net\/hu-hu\/wp-json\/wp\/v2\/pages\/1875"}],"wp:featuredmedia":[{"embeddable":true,"href":"https:\/\/meva.net\/hu-hu\/wp-json\/wp\/v2\/media\/4882"}],"wp:attachment":[{"href":"https:\/\/meva.net\/hu-hu\/wp-json\/wp\/v2\/media?parent=1895"}],"curies":[{"name":"wp","href":"https:\/\/api.w.org\/{rel}","templated":true}]}}