{"id":1886,"date":"2022-03-03T21:41:23","date_gmt":"2022-03-03T21:41:23","guid":{"rendered":"https:\/\/meva.net\/hu-hu\/?page_id=1886"},"modified":"2022-07-21T08:16:52","modified_gmt":"2022-07-21T07:16:52","slug":"berles","status":"publish","type":"page","link":"https:\/\/meva.net\/hu-hu\/szolgaltatasok\/berles\/","title":{"rendered":"B\u00e9rl\u00e9s"},"content":{"rendered":"","protected":false},"excerpt":{"rendered":"<p>A MEVA-n\u00e1l lehet\u0151s\u00e9ge ny\u00edlik \u00e1tl\u00e1that\u00f3 k\u00f6lts\u00e9gvet\u00e9s k\u00e9sz\u00edt\u00e9s\u00e9re, melynek alapj\u00e1n befektet\u00e9si kock\u00e1zatok n\u00e9lk\u00fcl, gazdas\u00e1gosan val\u00f3s\u00edthat\u00f3k meg az \u00e9p\u00edt\u00e9si beruh\u00e1z\u00e1sok. <\/p>\n","protected":false},"author":3,"featured_media":1887,"parent":1875,"menu_order":4,"comment_status":"closed","ping_status":"closed","template":"template-building-blocks-better.php","meta":[],"acf":[],"yoast_head":"<!-- This site is optimized with the Yoast SEO plugin v19.13 - https:\/\/yoast.com\/wordpress\/plugins\/seo\/ -->\n<title>B\u00e9rl\u00e9s - MEVA Hungary (HU)<\/title>\n<meta name=\"description\" content=\"A MEVA-n\u00e1l lehet\u0151s\u00e9ge ny\u00edlik \u00e1tl\u00e1that\u00f3 k\u00f6lts\u00e9gvet\u00e9s k\u00e9sz\u00edt\u00e9s\u00e9re, melynek alapj\u00e1n befektet\u00e9si kock\u00e1zatok n\u00e9lk\u00fcl, gazdas\u00e1gosan val\u00f3s\u00edthat\u00f3k meg az \u00e9p\u00edt\u00e9si beruh\u00e1z\u00e1sok. Haszn\u00e1lja ki az \u00d6n egyedi ig\u00e9nyeinek megfelel\u0151en kialak\u00edtott, k\u00fcl\u00f6nb\u00f6z\u0151 \u00e1tal\u00e1nyd\u00edjas szolg\u00e1ltat\u00e1saink el\u0151nyeit.\" \/>\n<meta name=\"robots\" content=\"index, follow, max-snippet:-1, max-image-preview:large, max-video-preview:-1\" \/>\n<link rel=\"canonical\" href=\"https:\/\/meva.net\/hu-hu\/szolgaltatasok\/berles\/\" \/>\n<meta property=\"og:locale\" content=\"hu_HU\" \/>\n<meta property=\"og:type\" content=\"article\" \/>\n<meta property=\"og:title\" content=\"B\u00e9rl\u00e9s - MEVA Hungary (HU)\" \/>\n<meta property=\"og:description\" content=\"A MEVA-n\u00e1l lehet\u0151s\u00e9ge ny\u00edlik \u00e1tl\u00e1that\u00f3 k\u00f6lts\u00e9gvet\u00e9s k\u00e9sz\u00edt\u00e9s\u00e9re, melynek alapj\u00e1n befektet\u00e9si kock\u00e1zatok n\u00e9lk\u00fcl, gazdas\u00e1gosan val\u00f3s\u00edthat\u00f3k meg az \u00e9p\u00edt\u00e9si beruh\u00e1z\u00e1sok. Haszn\u00e1lja ki az \u00d6n egyedi ig\u00e9nyeinek megfelel\u0151en kialak\u00edtott, k\u00fcl\u00f6nb\u00f6z\u0151 \u00e1tal\u00e1nyd\u00edjas szolg\u00e1ltat\u00e1saink el\u0151nyeit.\" \/>\n<meta property=\"og:url\" content=\"https:\/\/meva.net\/hu-hu\/szolgaltatasok\/berles\/\" \/>\n<meta property=\"og:site_name\" content=\"MEVA Hungary (HU)\" \/>\n<meta property=\"article:modified_time\" content=\"2022-07-21T07:16:52+00:00\" \/>\n<meta property=\"og:image\" content=\"https:\/\/meva.net\/hu-hu\/wp-content\/uploads\/sites\/9\/2022\/03\/rental-formwork-supplied-by-meva-scaled-1.jpg\" \/>\n\t<meta property=\"og:image:width\" content=\"2560\" \/>\n\t<meta property=\"og:image:height\" content=\"1920\" \/>\n\t<meta property=\"og:image:type\" content=\"image\/jpeg\" \/>\n<meta name=\"twitter:card\" content=\"summary_large_image\" \/>\n<script type=\"application\/ld+json\" class=\"yoast-schema-graph\">{\"@context\":\"https:\/\/schema.org\",\"@graph\":[{\"@type\":\"WebPage\",\"@id\":\"https:\/\/meva.net\/hu-hu\/szolgaltatasok\/berles\/\",\"url\":\"https:\/\/meva.net\/hu-hu\/szolgaltatasok\/berles\/\",\"name\":\"B\u00e9rl\u00e9s - MEVA Hungary (HU)\",\"isPartOf\":{\"@id\":\"https:\/\/meva.net\/hu-hu\/#website\"},\"datePublished\":\"2022-03-03T21:41:23+00:00\",\"dateModified\":\"2022-07-21T07:16:52+00:00\",\"description\":\"A MEVA-n\u00e1l lehet\u0151s\u00e9ge ny\u00edlik \u00e1tl\u00e1that\u00f3 k\u00f6lts\u00e9gvet\u00e9s k\u00e9sz\u00edt\u00e9s\u00e9re, melynek alapj\u00e1n befektet\u00e9si kock\u00e1zatok n\u00e9lk\u00fcl, gazdas\u00e1gosan val\u00f3s\u00edthat\u00f3k meg az \u00e9p\u00edt\u00e9si beruh\u00e1z\u00e1sok. Haszn\u00e1lja ki az \u00d6n egyedi ig\u00e9nyeinek megfelel\u0151en kialak\u00edtott, k\u00fcl\u00f6nb\u00f6z\u0151 \u00e1tal\u00e1nyd\u00edjas szolg\u00e1ltat\u00e1saink el\u0151nyeit.\",\"breadcrumb\":{\"@id\":\"https:\/\/meva.net\/hu-hu\/szolgaltatasok\/berles\/#breadcrumb\"},\"inLanguage\":\"hu\",\"potentialAction\":[{\"@type\":\"ReadAction\",\"target\":[\"https:\/\/meva.net\/hu-hu\/szolgaltatasok\/berles\/\"]}]},{\"@type\":\"BreadcrumbList\",\"@id\":\"https:\/\/meva.net\/hu-hu\/szolgaltatasok\/berles\/#breadcrumb\",\"itemListElement\":[{\"@type\":\"ListItem\",\"position\":1,\"name\":\"Home\",\"item\":\"https:\/\/meva.net\/hu-hu\/\"},{\"@type\":\"ListItem\",\"position\":2,\"name\":\"Szolg\u00e1ltat\u00e1sok\",\"item\":\"https:\/\/meva.net\/hu-hu\/szolgaltatasok\/\"},{\"@type\":\"ListItem\",\"position\":3,\"name\":\"B\u00e9rl\u00e9s\"}]},{\"@type\":\"WebSite\",\"@id\":\"https:\/\/meva.net\/hu-hu\/#website\",\"url\":\"https:\/\/meva.net\/hu-hu\/\",\"name\":\"MEVA Hungary (HU)\",\"description\":\"Just another MEVA Sites site\",\"potentialAction\":[{\"@type\":\"SearchAction\",\"target\":{\"@type\":\"EntryPoint\",\"urlTemplate\":\"https:\/\/meva.net\/hu-hu\/?s={search_term_string}\"},\"query-input\":\"required name=search_term_string\"}],\"inLanguage\":\"hu\"}]}<\/script>\n<!-- \/ Yoast SEO plugin. -->","yoast_head_json":{"title":"B\u00e9rl\u00e9s - MEVA Hungary (HU)","description":"A MEVA-n\u00e1l lehet\u0151s\u00e9ge ny\u00edlik \u00e1tl\u00e1that\u00f3 k\u00f6lts\u00e9gvet\u00e9s k\u00e9sz\u00edt\u00e9s\u00e9re, melynek alapj\u00e1n befektet\u00e9si kock\u00e1zatok n\u00e9lk\u00fcl, gazdas\u00e1gosan val\u00f3s\u00edthat\u00f3k meg az \u00e9p\u00edt\u00e9si beruh\u00e1z\u00e1sok. Haszn\u00e1lja ki az \u00d6n egyedi ig\u00e9nyeinek megfelel\u0151en kialak\u00edtott, k\u00fcl\u00f6nb\u00f6z\u0151 \u00e1tal\u00e1nyd\u00edjas szolg\u00e1ltat\u00e1saink el\u0151nyeit.","robots":{"index":"index","follow":"follow","max-snippet":"max-snippet:-1","max-image-preview":"max-image-preview:large","max-video-preview":"max-video-preview:-1"},"canonical":"https:\/\/meva.net\/hu-hu\/szolgaltatasok\/berles\/","og_locale":"hu_HU","og_type":"article","og_title":"B\u00e9rl\u00e9s - MEVA Hungary (HU)","og_description":"A MEVA-n\u00e1l lehet\u0151s\u00e9ge ny\u00edlik \u00e1tl\u00e1that\u00f3 k\u00f6lts\u00e9gvet\u00e9s k\u00e9sz\u00edt\u00e9s\u00e9re, melynek alapj\u00e1n befektet\u00e9si kock\u00e1zatok n\u00e9lk\u00fcl, gazdas\u00e1gosan val\u00f3s\u00edthat\u00f3k meg az \u00e9p\u00edt\u00e9si beruh\u00e1z\u00e1sok. Haszn\u00e1lja ki az \u00d6n egyedi ig\u00e9nyeinek megfelel\u0151en kialak\u00edtott, k\u00fcl\u00f6nb\u00f6z\u0151 \u00e1tal\u00e1nyd\u00edjas szolg\u00e1ltat\u00e1saink el\u0151nyeit.","og_url":"https:\/\/meva.net\/hu-hu\/szolgaltatasok\/berles\/","og_site_name":"MEVA Hungary (HU)","article_modified_time":"2022-07-21T07:16:52+00:00","og_image":[{"width":2560,"height":1920,"url":"https:\/\/meva.net\/hu-hu\/wp-content\/uploads\/sites\/9\/2022\/03\/rental-formwork-supplied-by-meva-scaled-1.jpg","type":"image\/jpeg"}],"twitter_card":"summary_large_image","schema":{"@context":"https:\/\/schema.org","@graph":[{"@type":"WebPage","@id":"https:\/\/meva.net\/hu-hu\/szolgaltatasok\/berles\/","url":"https:\/\/meva.net\/hu-hu\/szolgaltatasok\/berles\/","name":"B\u00e9rl\u00e9s - MEVA Hungary (HU)","isPartOf":{"@id":"https:\/\/meva.net\/hu-hu\/#website"},"datePublished":"2022-03-03T21:41:23+00:00","dateModified":"2022-07-21T07:16:52+00:00","description":"A MEVA-n\u00e1l lehet\u0151s\u00e9ge ny\u00edlik \u00e1tl\u00e1that\u00f3 k\u00f6lts\u00e9gvet\u00e9s k\u00e9sz\u00edt\u00e9s\u00e9re, melynek alapj\u00e1n befektet\u00e9si kock\u00e1zatok n\u00e9lk\u00fcl, gazdas\u00e1gosan val\u00f3s\u00edthat\u00f3k meg az \u00e9p\u00edt\u00e9si beruh\u00e1z\u00e1sok. Haszn\u00e1lja ki az \u00d6n egyedi ig\u00e9nyeinek megfelel\u0151en kialak\u00edtott, k\u00fcl\u00f6nb\u00f6z\u0151 \u00e1tal\u00e1nyd\u00edjas szolg\u00e1ltat\u00e1saink el\u0151nyeit.","breadcrumb":{"@id":"https:\/\/meva.net\/hu-hu\/szolgaltatasok\/berles\/#breadcrumb"},"inLanguage":"hu","potentialAction":[{"@type":"ReadAction","target":["https:\/\/meva.net\/hu-hu\/szolgaltatasok\/berles\/"]}]},{"@type":"BreadcrumbList","@id":"https:\/\/meva.net\/hu-hu\/szolgaltatasok\/berles\/#breadcrumb","itemListElement":[{"@type":"ListItem","position":1,"name":"Home","item":"https:\/\/meva.net\/hu-hu\/"},{"@type":"ListItem","position":2,"name":"Szolg\u00e1ltat\u00e1sok","item":"https:\/\/meva.net\/hu-hu\/szolgaltatasok\/"},{"@type":"ListItem","position":3,"name":"B\u00e9rl\u00e9s"}]},{"@type":"WebSite","@id":"https:\/\/meva.net\/hu-hu\/#website","url":"https:\/\/meva.net\/hu-hu\/","name":"MEVA Hungary (HU)","description":"Just another MEVA Sites site","potentialAction":[{"@type":"SearchAction","target":{"@type":"EntryPoint","urlTemplate":"https:\/\/meva.net\/hu-hu\/?s={search_term_string}"},"query-input":"required name=search_term_string"}],"inLanguage":"hu"}]}},"_links":{"self":[{"href":"https:\/\/meva.net\/hu-hu\/wp-json\/wp\/v2\/pages\/1886"}],"collection":[{"href":"https:\/\/meva.net\/hu-hu\/wp-json\/wp\/v2\/pages"}],"about":[{"href":"https:\/\/meva.net\/hu-hu\/wp-json\/wp\/v2\/types\/page"}],"author":[{"embeddable":true,"href":"https:\/\/meva.net\/hu-hu\/wp-json\/wp\/v2\/users\/3"}],"replies":[{"embeddable":true,"href":"https:\/\/meva.net\/hu-hu\/wp-json\/wp\/v2\/comments?post=1886"}],"version-history":[{"count":19,"href":"https:\/\/meva.net\/hu-hu\/wp-json\/wp\/v2\/pages\/1886\/revisions"}],"predecessor-version":[{"id":4341,"href":"https:\/\/meva.net\/hu-hu\/wp-json\/wp\/v2\/pages\/1886\/revisions\/4341"}],"up":[{"embeddable":true,"href":"https:\/\/meva.net\/hu-hu\/wp-json\/wp\/v2\/pages\/1875"}],"wp:featuredmedia":[{"embeddable":true,"href":"https:\/\/meva.net\/hu-hu\/wp-json\/wp\/v2\/media\/1887"}],"wp:attachment":[{"href":"https:\/\/meva.net\/hu-hu\/wp-json\/wp\/v2\/media?parent=1886"}],"curies":[{"name":"wp","href":"https:\/\/api.w.org\/{rel}","templated":true}]}}