{"id":1883,"date":"2022-03-03T21:42:50","date_gmt":"2022-03-03T21:42:50","guid":{"rendered":"https:\/\/meva.net\/hu-hu\/?page_id=1883"},"modified":"2022-09-16T10:34:19","modified_gmt":"2022-09-16T09:34:19","slug":"karbantartas","status":"publish","type":"page","link":"https:\/\/meva.net\/hu-hu\/szolgaltatasok\/karbantartas\/","title":{"rendered":"Karbantart\u00e1s"},"content":{"rendered":"","protected":false},"excerpt":{"rendered":"<p>A gy\u00e1rt\u00f3t\u00f3l f\u00fcggetlen\u00fcl az \u00d6n zsaluz\u00e1si term\u00e9kei rendszeresen szigor\u00fa teszteknek vannak kit\u00e9ve az \u00e9p\u00edtkez\u00e9seken uralkod\u00f3 durva k\u00f6r\u00fclm\u00e9nyek miatt. Mi seg\u00edthet\u00fcnk a zsaluzatok karbantart\u00e1s\u00e1ban \u00e9s \u00e9lettartamuk meghosszabb\u00edt\u00e1s\u00e1ban.<\/p>\n","protected":false},"author":3,"featured_media":1885,"parent":1875,"menu_order":3,"comment_status":"closed","ping_status":"closed","template":"template-building-blocks-better.php","meta":[],"acf":[],"yoast_head":"<!-- This site is optimized with the Yoast SEO plugin v19.13 - https:\/\/yoast.com\/wordpress\/plugins\/seo\/ -->\n<title>Karbantart\u00e1s - MEVA Hungary (HU)<\/title>\n<meta name=\"description\" content=\"A gy\u00e1rt\u00f3t\u00f3l f\u00fcggetlen\u00fcl az \u00d6n zsaluz\u00e1si term\u00e9kei rendszeresen szigor\u00fa teszteknek vannak kit\u00e9ve az \u00e9p\u00edtkez\u00e9seken uralkod\u00f3 durva k\u00f6r\u00fclm\u00e9nyek miatt. Mi seg\u00edthet\u00fcnk a zsaluzatok karbantart\u00e1s\u00e1ban \u00e9s \u00e9lettartamuk meghosszabb\u00edt\u00e1s\u00e1ban.\" \/>\n<meta name=\"robots\" content=\"index, follow, max-snippet:-1, max-image-preview:large, max-video-preview:-1\" \/>\n<link rel=\"canonical\" href=\"https:\/\/meva.net\/hu-hu\/szolgaltatasok\/karbantartas\/\" \/>\n<meta property=\"og:locale\" content=\"hu_HU\" \/>\n<meta property=\"og:type\" content=\"article\" \/>\n<meta property=\"og:title\" content=\"Karbantart\u00e1s - MEVA Hungary (HU)\" \/>\n<meta property=\"og:description\" content=\"A gy\u00e1rt\u00f3t\u00f3l f\u00fcggetlen\u00fcl az \u00d6n zsaluz\u00e1si term\u00e9kei rendszeresen szigor\u00fa teszteknek vannak kit\u00e9ve az \u00e9p\u00edtkez\u00e9seken uralkod\u00f3 durva k\u00f6r\u00fclm\u00e9nyek miatt. Mi seg\u00edthet\u00fcnk a zsaluzatok karbantart\u00e1s\u00e1ban \u00e9s \u00e9lettartamuk meghosszabb\u00edt\u00e1s\u00e1ban.\" \/>\n<meta property=\"og:url\" content=\"https:\/\/meva.net\/hu-hu\/szolgaltatasok\/karbantartas\/\" \/>\n<meta property=\"og:site_name\" content=\"MEVA Hungary (HU)\" \/>\n<meta property=\"article:modified_time\" content=\"2022-09-16T09:34:19+00:00\" \/>\n<meta property=\"og:image\" content=\"https:\/\/meva.net\/hu-hu\/wp-content\/uploads\/sites\/9\/2022\/03\/meva-formwork-maintenance-repairs-1.jpg\" \/>\n\t<meta property=\"og:image:width\" content=\"2500\" \/>\n\t<meta property=\"og:image:height\" content=\"1744\" \/>\n\t<meta property=\"og:image:type\" content=\"image\/jpeg\" \/>\n<meta name=\"twitter:card\" content=\"summary_large_image\" \/>\n<script type=\"application\/ld+json\" class=\"yoast-schema-graph\">{\"@context\":\"https:\/\/schema.org\",\"@graph\":[{\"@type\":\"WebPage\",\"@id\":\"https:\/\/meva.net\/hu-hu\/szolgaltatasok\/karbantartas\/\",\"url\":\"https:\/\/meva.net\/hu-hu\/szolgaltatasok\/karbantartas\/\",\"name\":\"Karbantart\u00e1s - MEVA Hungary (HU)\",\"isPartOf\":{\"@id\":\"https:\/\/meva.net\/hu-hu\/#website\"},\"datePublished\":\"2022-03-03T21:42:50+00:00\",\"dateModified\":\"2022-09-16T09:34:19+00:00\",\"description\":\"A gy\u00e1rt\u00f3t\u00f3l f\u00fcggetlen\u00fcl az \u00d6n zsaluz\u00e1si term\u00e9kei rendszeresen szigor\u00fa teszteknek vannak kit\u00e9ve az \u00e9p\u00edtkez\u00e9seken uralkod\u00f3 durva k\u00f6r\u00fclm\u00e9nyek miatt. Mi seg\u00edthet\u00fcnk a zsaluzatok karbantart\u00e1s\u00e1ban \u00e9s \u00e9lettartamuk meghosszabb\u00edt\u00e1s\u00e1ban.\",\"breadcrumb\":{\"@id\":\"https:\/\/meva.net\/hu-hu\/szolgaltatasok\/karbantartas\/#breadcrumb\"},\"inLanguage\":\"hu\",\"potentialAction\":[{\"@type\":\"ReadAction\",\"target\":[\"https:\/\/meva.net\/hu-hu\/szolgaltatasok\/karbantartas\/\"]}]},{\"@type\":\"BreadcrumbList\",\"@id\":\"https:\/\/meva.net\/hu-hu\/szolgaltatasok\/karbantartas\/#breadcrumb\",\"itemListElement\":[{\"@type\":\"ListItem\",\"position\":1,\"name\":\"Home\",\"item\":\"https:\/\/meva.net\/hu-hu\/\"},{\"@type\":\"ListItem\",\"position\":2,\"name\":\"Szolg\u00e1ltat\u00e1sok\",\"item\":\"https:\/\/meva.net\/hu-hu\/szolgaltatasok\/\"},{\"@type\":\"ListItem\",\"position\":3,\"name\":\"Karbantart\u00e1s\"}]},{\"@type\":\"WebSite\",\"@id\":\"https:\/\/meva.net\/hu-hu\/#website\",\"url\":\"https:\/\/meva.net\/hu-hu\/\",\"name\":\"MEVA Hungary (HU)\",\"description\":\"Just another MEVA Sites site\",\"potentialAction\":[{\"@type\":\"SearchAction\",\"target\":{\"@type\":\"EntryPoint\",\"urlTemplate\":\"https:\/\/meva.net\/hu-hu\/?s={search_term_string}\"},\"query-input\":\"required name=search_term_string\"}],\"inLanguage\":\"hu\"}]}<\/script>\n<!-- \/ Yoast SEO plugin. -->","yoast_head_json":{"title":"Karbantart\u00e1s - MEVA Hungary (HU)","description":"A gy\u00e1rt\u00f3t\u00f3l f\u00fcggetlen\u00fcl az \u00d6n zsaluz\u00e1si term\u00e9kei rendszeresen szigor\u00fa teszteknek vannak kit\u00e9ve az \u00e9p\u00edtkez\u00e9seken uralkod\u00f3 durva k\u00f6r\u00fclm\u00e9nyek miatt. Mi seg\u00edthet\u00fcnk a zsaluzatok karbantart\u00e1s\u00e1ban \u00e9s \u00e9lettartamuk meghosszabb\u00edt\u00e1s\u00e1ban.","robots":{"index":"index","follow":"follow","max-snippet":"max-snippet:-1","max-image-preview":"max-image-preview:large","max-video-preview":"max-video-preview:-1"},"canonical":"https:\/\/meva.net\/hu-hu\/szolgaltatasok\/karbantartas\/","og_locale":"hu_HU","og_type":"article","og_title":"Karbantart\u00e1s - MEVA Hungary (HU)","og_description":"A gy\u00e1rt\u00f3t\u00f3l f\u00fcggetlen\u00fcl az \u00d6n zsaluz\u00e1si term\u00e9kei rendszeresen szigor\u00fa teszteknek vannak kit\u00e9ve az \u00e9p\u00edtkez\u00e9seken uralkod\u00f3 durva k\u00f6r\u00fclm\u00e9nyek miatt. Mi seg\u00edthet\u00fcnk a zsaluzatok karbantart\u00e1s\u00e1ban \u00e9s \u00e9lettartamuk meghosszabb\u00edt\u00e1s\u00e1ban.","og_url":"https:\/\/meva.net\/hu-hu\/szolgaltatasok\/karbantartas\/","og_site_name":"MEVA Hungary (HU)","article_modified_time":"2022-09-16T09:34:19+00:00","og_image":[{"width":2500,"height":1744,"url":"https:\/\/meva.net\/hu-hu\/wp-content\/uploads\/sites\/9\/2022\/03\/meva-formwork-maintenance-repairs-1.jpg","type":"image\/jpeg"}],"twitter_card":"summary_large_image","schema":{"@context":"https:\/\/schema.org","@graph":[{"@type":"WebPage","@id":"https:\/\/meva.net\/hu-hu\/szolgaltatasok\/karbantartas\/","url":"https:\/\/meva.net\/hu-hu\/szolgaltatasok\/karbantartas\/","name":"Karbantart\u00e1s - MEVA Hungary (HU)","isPartOf":{"@id":"https:\/\/meva.net\/hu-hu\/#website"},"datePublished":"2022-03-03T21:42:50+00:00","dateModified":"2022-09-16T09:34:19+00:00","description":"A gy\u00e1rt\u00f3t\u00f3l f\u00fcggetlen\u00fcl az \u00d6n zsaluz\u00e1si term\u00e9kei rendszeresen szigor\u00fa teszteknek vannak kit\u00e9ve az \u00e9p\u00edtkez\u00e9seken uralkod\u00f3 durva k\u00f6r\u00fclm\u00e9nyek miatt. Mi seg\u00edthet\u00fcnk a zsaluzatok karbantart\u00e1s\u00e1ban \u00e9s \u00e9lettartamuk meghosszabb\u00edt\u00e1s\u00e1ban.","breadcrumb":{"@id":"https:\/\/meva.net\/hu-hu\/szolgaltatasok\/karbantartas\/#breadcrumb"},"inLanguage":"hu","potentialAction":[{"@type":"ReadAction","target":["https:\/\/meva.net\/hu-hu\/szolgaltatasok\/karbantartas\/"]}]},{"@type":"BreadcrumbList","@id":"https:\/\/meva.net\/hu-hu\/szolgaltatasok\/karbantartas\/#breadcrumb","itemListElement":[{"@type":"ListItem","position":1,"name":"Home","item":"https:\/\/meva.net\/hu-hu\/"},{"@type":"ListItem","position":2,"name":"Szolg\u00e1ltat\u00e1sok","item":"https:\/\/meva.net\/hu-hu\/szolgaltatasok\/"},{"@type":"ListItem","position":3,"name":"Karbantart\u00e1s"}]},{"@type":"WebSite","@id":"https:\/\/meva.net\/hu-hu\/#website","url":"https:\/\/meva.net\/hu-hu\/","name":"MEVA Hungary (HU)","description":"Just another MEVA Sites site","potentialAction":[{"@type":"SearchAction","target":{"@type":"EntryPoint","urlTemplate":"https:\/\/meva.net\/hu-hu\/?s={search_term_string}"},"query-input":"required name=search_term_string"}],"inLanguage":"hu"}]}},"_links":{"self":[{"href":"https:\/\/meva.net\/hu-hu\/wp-json\/wp\/v2\/pages\/1883"}],"collection":[{"href":"https:\/\/meva.net\/hu-hu\/wp-json\/wp\/v2\/pages"}],"about":[{"href":"https:\/\/meva.net\/hu-hu\/wp-json\/wp\/v2\/types\/page"}],"author":[{"embeddable":true,"href":"https:\/\/meva.net\/hu-hu\/wp-json\/wp\/v2\/users\/3"}],"replies":[{"embeddable":true,"href":"https:\/\/meva.net\/hu-hu\/wp-json\/wp\/v2\/comments?post=1883"}],"version-history":[{"count":26,"href":"https:\/\/meva.net\/hu-hu\/wp-json\/wp\/v2\/pages\/1883\/revisions"}],"predecessor-version":[{"id":4613,"href":"https:\/\/meva.net\/hu-hu\/wp-json\/wp\/v2\/pages\/1883\/revisions\/4613"}],"up":[{"embeddable":true,"href":"https:\/\/meva.net\/hu-hu\/wp-json\/wp\/v2\/pages\/1875"}],"wp:featuredmedia":[{"embeddable":true,"href":"https:\/\/meva.net\/hu-hu\/wp-json\/wp\/v2\/media\/1885"}],"wp:attachment":[{"href":"https:\/\/meva.net\/hu-hu\/wp-json\/wp\/v2\/media?parent=1883"}],"curies":[{"name":"wp","href":"https:\/\/api.w.org\/{rel}","templated":true}]}}