{"id":1880,"date":"2022-03-03T21:43:13","date_gmt":"2022-03-03T21:43:13","guid":{"rendered":"https:\/\/meva.net\/hu-hu\/?page_id=1880"},"modified":"2022-07-21T07:58:25","modified_gmt":"2022-07-21T06:58:25","slug":"helyszini-muszaki-tamogatas","status":"publish","type":"page","link":"https:\/\/meva.net\/hu-hu\/szolgaltatasok\/helyszini-muszaki-tamogatas\/","title":{"rendered":"Helysz\u00edni m\u0171szaki t\u00e1mogat\u00e1s"},"content":{"rendered":"","protected":false},"excerpt":{"rendered":"<p>T\u00f6bb mint \u00f6t \u00e9vtizedes, t\u00f6bb ezer nemzetk\u00f6zi projekt sor\u00e1n szerzett tapasztalataink azt mutatj\u00e1k, hogy jelenl\u00e9t\u00fcnk az \u00d6n \u00e9p\u00edtkez\u00e9s\u00e9n jelent\u0151sen hozz\u00e1j\u00e1rul a projekt siker\u00e9hez.<\/p>\n","protected":false},"author":3,"featured_media":1881,"parent":1875,"menu_order":0,"comment_status":"closed","ping_status":"closed","template":"template-building-blocks-better.php","meta":[],"acf":[],"yoast_head":"<!-- This site is optimized with the Yoast SEO plugin v19.13 - https:\/\/yoast.com\/wordpress\/plugins\/seo\/ -->\n<title>Helysz\u00edni m\u0171szaki t\u00e1mogat\u00e1s - MEVA Hungary (HU)<\/title>\n<meta name=\"description\" content=\"T\u00f6bb mint \u00f6t \u00e9vtizedes, t\u00f6bb ezer nemzetk\u00f6zi projekt sor\u00e1n szerzett tapasztalataink azt mutatj\u00e1k, hogy jelenl\u00e9t\u00fcnk az \u00d6n \u00e9p\u00edtkez\u00e9s\u00e9n jelent\u0151sen hozz\u00e1j\u00e1rul a projekt siker\u00e9hez.\" \/>\n<meta name=\"robots\" content=\"index, follow, max-snippet:-1, max-image-preview:large, max-video-preview:-1\" \/>\n<link rel=\"canonical\" href=\"https:\/\/meva.net\/hu-hu\/szolgaltatasok\/helyszini-muszaki-tamogatas\/\" \/>\n<meta property=\"og:locale\" content=\"hu_HU\" \/>\n<meta property=\"og:type\" content=\"article\" \/>\n<meta property=\"og:title\" content=\"Helysz\u00edni m\u0171szaki t\u00e1mogat\u00e1s - MEVA Hungary (HU)\" \/>\n<meta property=\"og:description\" content=\"T\u00f6bb mint \u00f6t \u00e9vtizedes, t\u00f6bb ezer nemzetk\u00f6zi projekt sor\u00e1n szerzett tapasztalataink azt mutatj\u00e1k, hogy jelenl\u00e9t\u00fcnk az \u00d6n \u00e9p\u00edtkez\u00e9s\u00e9n jelent\u0151sen hozz\u00e1j\u00e1rul a projekt siker\u00e9hez.\" \/>\n<meta property=\"og:url\" content=\"https:\/\/meva.net\/hu-hu\/szolgaltatasok\/helyszini-muszaki-tamogatas\/\" \/>\n<meta property=\"og:site_name\" content=\"MEVA Hungary (HU)\" \/>\n<meta property=\"article:modified_time\" content=\"2022-07-21T06:58:25+00:00\" \/>\n<meta property=\"og:image\" content=\"https:\/\/meva.net\/hu-hu\/wp-content\/uploads\/sites\/9\/2022\/03\/meva-formwork-On-Site-Support.jpg\" \/>\n\t<meta property=\"og:image:width\" content=\"2500\" \/>\n\t<meta property=\"og:image:height\" content=\"1875\" \/>\n\t<meta property=\"og:image:type\" content=\"image\/jpeg\" \/>\n<meta name=\"twitter:card\" content=\"summary_large_image\" \/>\n<script type=\"application\/ld+json\" class=\"yoast-schema-graph\">{\"@context\":\"https:\/\/schema.org\",\"@graph\":[{\"@type\":\"WebPage\",\"@id\":\"https:\/\/meva.net\/hu-hu\/szolgaltatasok\/helyszini-muszaki-tamogatas\/\",\"url\":\"https:\/\/meva.net\/hu-hu\/szolgaltatasok\/helyszini-muszaki-tamogatas\/\",\"name\":\"Helysz\u00edni m\u0171szaki t\u00e1mogat\u00e1s - MEVA Hungary (HU)\",\"isPartOf\":{\"@id\":\"https:\/\/meva.net\/hu-hu\/#website\"},\"datePublished\":\"2022-03-03T21:43:13+00:00\",\"dateModified\":\"2022-07-21T06:58:25+00:00\",\"description\":\"T\u00f6bb mint \u00f6t \u00e9vtizedes, t\u00f6bb ezer nemzetk\u00f6zi projekt sor\u00e1n szerzett tapasztalataink azt mutatj\u00e1k, hogy jelenl\u00e9t\u00fcnk az \u00d6n \u00e9p\u00edtkez\u00e9s\u00e9n jelent\u0151sen hozz\u00e1j\u00e1rul a projekt siker\u00e9hez.\",\"breadcrumb\":{\"@id\":\"https:\/\/meva.net\/hu-hu\/szolgaltatasok\/helyszini-muszaki-tamogatas\/#breadcrumb\"},\"inLanguage\":\"hu\",\"potentialAction\":[{\"@type\":\"ReadAction\",\"target\":[\"https:\/\/meva.net\/hu-hu\/szolgaltatasok\/helyszini-muszaki-tamogatas\/\"]}]},{\"@type\":\"BreadcrumbList\",\"@id\":\"https:\/\/meva.net\/hu-hu\/szolgaltatasok\/helyszini-muszaki-tamogatas\/#breadcrumb\",\"itemListElement\":[{\"@type\":\"ListItem\",\"position\":1,\"name\":\"Home\",\"item\":\"https:\/\/meva.net\/hu-hu\/\"},{\"@type\":\"ListItem\",\"position\":2,\"name\":\"Szolg\u00e1ltat\u00e1sok\",\"item\":\"https:\/\/meva.net\/hu-hu\/szolgaltatasok\/\"},{\"@type\":\"ListItem\",\"position\":3,\"name\":\"Helysz\u00edni m\u0171szaki t\u00e1mogat\u00e1s\"}]},{\"@type\":\"WebSite\",\"@id\":\"https:\/\/meva.net\/hu-hu\/#website\",\"url\":\"https:\/\/meva.net\/hu-hu\/\",\"name\":\"MEVA Hungary (HU)\",\"description\":\"Just another MEVA Sites site\",\"potentialAction\":[{\"@type\":\"SearchAction\",\"target\":{\"@type\":\"EntryPoint\",\"urlTemplate\":\"https:\/\/meva.net\/hu-hu\/?s={search_term_string}\"},\"query-input\":\"required name=search_term_string\"}],\"inLanguage\":\"hu\"}]}<\/script>\n<!-- \/ Yoast SEO plugin. -->","yoast_head_json":{"title":"Helysz\u00edni m\u0171szaki t\u00e1mogat\u00e1s - MEVA Hungary (HU)","description":"T\u00f6bb mint \u00f6t \u00e9vtizedes, t\u00f6bb ezer nemzetk\u00f6zi projekt sor\u00e1n szerzett tapasztalataink azt mutatj\u00e1k, hogy jelenl\u00e9t\u00fcnk az \u00d6n \u00e9p\u00edtkez\u00e9s\u00e9n jelent\u0151sen hozz\u00e1j\u00e1rul a projekt siker\u00e9hez.","robots":{"index":"index","follow":"follow","max-snippet":"max-snippet:-1","max-image-preview":"max-image-preview:large","max-video-preview":"max-video-preview:-1"},"canonical":"https:\/\/meva.net\/hu-hu\/szolgaltatasok\/helyszini-muszaki-tamogatas\/","og_locale":"hu_HU","og_type":"article","og_title":"Helysz\u00edni m\u0171szaki t\u00e1mogat\u00e1s - MEVA Hungary (HU)","og_description":"T\u00f6bb mint \u00f6t \u00e9vtizedes, t\u00f6bb ezer nemzetk\u00f6zi projekt sor\u00e1n szerzett tapasztalataink azt mutatj\u00e1k, hogy jelenl\u00e9t\u00fcnk az \u00d6n \u00e9p\u00edtkez\u00e9s\u00e9n jelent\u0151sen hozz\u00e1j\u00e1rul a projekt siker\u00e9hez.","og_url":"https:\/\/meva.net\/hu-hu\/szolgaltatasok\/helyszini-muszaki-tamogatas\/","og_site_name":"MEVA Hungary (HU)","article_modified_time":"2022-07-21T06:58:25+00:00","og_image":[{"width":2500,"height":1875,"url":"https:\/\/meva.net\/hu-hu\/wp-content\/uploads\/sites\/9\/2022\/03\/meva-formwork-On-Site-Support.jpg","type":"image\/jpeg"}],"twitter_card":"summary_large_image","schema":{"@context":"https:\/\/schema.org","@graph":[{"@type":"WebPage","@id":"https:\/\/meva.net\/hu-hu\/szolgaltatasok\/helyszini-muszaki-tamogatas\/","url":"https:\/\/meva.net\/hu-hu\/szolgaltatasok\/helyszini-muszaki-tamogatas\/","name":"Helysz\u00edni m\u0171szaki t\u00e1mogat\u00e1s - MEVA Hungary (HU)","isPartOf":{"@id":"https:\/\/meva.net\/hu-hu\/#website"},"datePublished":"2022-03-03T21:43:13+00:00","dateModified":"2022-07-21T06:58:25+00:00","description":"T\u00f6bb mint \u00f6t \u00e9vtizedes, t\u00f6bb ezer nemzetk\u00f6zi projekt sor\u00e1n szerzett tapasztalataink azt mutatj\u00e1k, hogy jelenl\u00e9t\u00fcnk az \u00d6n \u00e9p\u00edtkez\u00e9s\u00e9n jelent\u0151sen hozz\u00e1j\u00e1rul a projekt siker\u00e9hez.","breadcrumb":{"@id":"https:\/\/meva.net\/hu-hu\/szolgaltatasok\/helyszini-muszaki-tamogatas\/#breadcrumb"},"inLanguage":"hu","potentialAction":[{"@type":"ReadAction","target":["https:\/\/meva.net\/hu-hu\/szolgaltatasok\/helyszini-muszaki-tamogatas\/"]}]},{"@type":"BreadcrumbList","@id":"https:\/\/meva.net\/hu-hu\/szolgaltatasok\/helyszini-muszaki-tamogatas\/#breadcrumb","itemListElement":[{"@type":"ListItem","position":1,"name":"Home","item":"https:\/\/meva.net\/hu-hu\/"},{"@type":"ListItem","position":2,"name":"Szolg\u00e1ltat\u00e1sok","item":"https:\/\/meva.net\/hu-hu\/szolgaltatasok\/"},{"@type":"ListItem","position":3,"name":"Helysz\u00edni m\u0171szaki t\u00e1mogat\u00e1s"}]},{"@type":"WebSite","@id":"https:\/\/meva.net\/hu-hu\/#website","url":"https:\/\/meva.net\/hu-hu\/","name":"MEVA Hungary (HU)","description":"Just another MEVA Sites site","potentialAction":[{"@type":"SearchAction","target":{"@type":"EntryPoint","urlTemplate":"https:\/\/meva.net\/hu-hu\/?s={search_term_string}"},"query-input":"required name=search_term_string"}],"inLanguage":"hu"}]}},"_links":{"self":[{"href":"https:\/\/meva.net\/hu-hu\/wp-json\/wp\/v2\/pages\/1880"}],"collection":[{"href":"https:\/\/meva.net\/hu-hu\/wp-json\/wp\/v2\/pages"}],"about":[{"href":"https:\/\/meva.net\/hu-hu\/wp-json\/wp\/v2\/types\/page"}],"author":[{"embeddable":true,"href":"https:\/\/meva.net\/hu-hu\/wp-json\/wp\/v2\/users\/3"}],"replies":[{"embeddable":true,"href":"https:\/\/meva.net\/hu-hu\/wp-json\/wp\/v2\/comments?post=1880"}],"version-history":[{"count":10,"href":"https:\/\/meva.net\/hu-hu\/wp-json\/wp\/v2\/pages\/1880\/revisions"}],"predecessor-version":[{"id":4340,"href":"https:\/\/meva.net\/hu-hu\/wp-json\/wp\/v2\/pages\/1880\/revisions\/4340"}],"up":[{"embeddable":true,"href":"https:\/\/meva.net\/hu-hu\/wp-json\/wp\/v2\/pages\/1875"}],"wp:featuredmedia":[{"embeddable":true,"href":"https:\/\/meva.net\/hu-hu\/wp-json\/wp\/v2\/media\/1881"}],"wp:attachment":[{"href":"https:\/\/meva.net\/hu-hu\/wp-json\/wp\/v2\/media?parent=1880"}],"curies":[{"name":"wp","href":"https:\/\/api.w.org\/{rel}","templated":true}]}}