{"id":1875,"date":"2022-03-03T21:39:34","date_gmt":"2022-03-03T21:39:34","guid":{"rendered":"https:\/\/meva.net\/hu-hu\/?page_id=1875"},"modified":"2023-02-23T15:22:54","modified_gmt":"2023-02-23T15:22:54","slug":"szolgaltatasok","status":"publish","type":"page","link":"https:\/\/meva.net\/hu-hu\/szolgaltatasok\/","title":{"rendered":"Szolg\u00e1ltat\u00e1sok"},"content":{"rendered":"","protected":false},"excerpt":{"rendered":"<p>A MEVA sz\u00e1mos szolg\u00e1ltat\u00e1st k\u00edn\u00e1l, bele\u00e9rtve a tervez\u00e9st \u00e9s kivitelez\u00e9st, a m\u0171szaki \u00e9s helysz\u00edni t\u00e1mogat\u00e1st, valamint a zsaluz\u00e1si term\u00e9kek karbantart\u00e1s\u00e1t \u00e9s jav\u00edt\u00e1s\u00e1t. <\/p>\n","protected":false},"author":2,"featured_media":1876,"parent":0,"menu_order":0,"comment_status":"closed","ping_status":"closed","template":"template-building-blocks-better.php","meta":[],"acf":[],"yoast_head":"<!-- This site is optimized with the Yoast SEO plugin v19.13 - https:\/\/yoast.com\/wordpress\/plugins\/seo\/ -->\n<title>Szolg\u00e1ltat\u00e1sok - MEVA Hungary (HU)<\/title>\n<meta name=\"description\" content=\"Zsaluz\u00e1si szolg\u00e1ltat\u00e1sok, bele\u00e9rtve a m\u00e9rn\u00f6ki tervez\u00e9st \u00e9s tervez\u00e9st, helysz\u00edni m\u0171szaki t\u00e1mogat\u00e1st, zsaluzat-el\u0151szerel\u00e9st vagy zsaluzatb\u00e9rl\u00e9st, valamint k\u00e9pz\u00e9st \u00e9s t\u00e1mogat\u00e1st.\" \/>\n<meta name=\"robots\" content=\"index, follow, max-snippet:-1, max-image-preview:large, max-video-preview:-1\" \/>\n<link rel=\"canonical\" href=\"https:\/\/meva.net\/hu-hu\/szolgaltatasok\/\" \/>\n<meta property=\"og:locale\" content=\"hu_HU\" \/>\n<meta property=\"og:type\" content=\"article\" \/>\n<meta property=\"og:title\" content=\"Szolg\u00e1ltat\u00e1sok - MEVA Hungary (HU)\" \/>\n<meta property=\"og:description\" content=\"Zsaluz\u00e1si szolg\u00e1ltat\u00e1sok, bele\u00e9rtve a m\u00e9rn\u00f6ki tervez\u00e9st \u00e9s tervez\u00e9st, helysz\u00edni m\u0171szaki t\u00e1mogat\u00e1st, zsaluzat-el\u0151szerel\u00e9st vagy zsaluzatb\u00e9rl\u00e9st, valamint k\u00e9pz\u00e9st \u00e9s t\u00e1mogat\u00e1st.\" \/>\n<meta property=\"og:url\" content=\"https:\/\/meva.net\/hu-hu\/szolgaltatasok\/\" \/>\n<meta property=\"og:site_name\" content=\"MEVA Hungary (HU)\" \/>\n<meta property=\"article:modified_time\" content=\"2023-02-23T15:22:54+00:00\" \/>\n<meta property=\"og:image\" content=\"https:\/\/meva.net\/hu-hu\/wp-content\/uploads\/sites\/9\/2022\/03\/formwork-design-meeting-desaturate-scaled-1.jpg\" \/>\n\t<meta property=\"og:image:width\" content=\"2560\" \/>\n\t<meta property=\"og:image:height\" content=\"1440\" \/>\n\t<meta property=\"og:image:type\" content=\"image\/jpeg\" \/>\n<meta name=\"twitter:card\" content=\"summary_large_image\" \/>\n<script type=\"application\/ld+json\" class=\"yoast-schema-graph\">{\"@context\":\"https:\/\/schema.org\",\"@graph\":[{\"@type\":\"WebPage\",\"@id\":\"https:\/\/meva.net\/hu-hu\/szolgaltatasok\/\",\"url\":\"https:\/\/meva.net\/hu-hu\/szolgaltatasok\/\",\"name\":\"Szolg\u00e1ltat\u00e1sok - MEVA Hungary (HU)\",\"isPartOf\":{\"@id\":\"https:\/\/meva.net\/hu-hu\/#website\"},\"datePublished\":\"2022-03-03T21:39:34+00:00\",\"dateModified\":\"2023-02-23T15:22:54+00:00\",\"description\":\"Zsaluz\u00e1si szolg\u00e1ltat\u00e1sok, bele\u00e9rtve a m\u00e9rn\u00f6ki tervez\u00e9st \u00e9s tervez\u00e9st, helysz\u00edni m\u0171szaki t\u00e1mogat\u00e1st, zsaluzat-el\u0151szerel\u00e9st vagy zsaluzatb\u00e9rl\u00e9st, valamint k\u00e9pz\u00e9st \u00e9s t\u00e1mogat\u00e1st.\",\"breadcrumb\":{\"@id\":\"https:\/\/meva.net\/hu-hu\/szolgaltatasok\/#breadcrumb\"},\"inLanguage\":\"hu\",\"potentialAction\":[{\"@type\":\"ReadAction\",\"target\":[\"https:\/\/meva.net\/hu-hu\/szolgaltatasok\/\"]}]},{\"@type\":\"BreadcrumbList\",\"@id\":\"https:\/\/meva.net\/hu-hu\/szolgaltatasok\/#breadcrumb\",\"itemListElement\":[{\"@type\":\"ListItem\",\"position\":1,\"name\":\"Home\",\"item\":\"https:\/\/meva.net\/hu-hu\/\"},{\"@type\":\"ListItem\",\"position\":2,\"name\":\"Szolg\u00e1ltat\u00e1sok\"}]},{\"@type\":\"WebSite\",\"@id\":\"https:\/\/meva.net\/hu-hu\/#website\",\"url\":\"https:\/\/meva.net\/hu-hu\/\",\"name\":\"MEVA Hungary (HU)\",\"description\":\"Just another MEVA Sites site\",\"potentialAction\":[{\"@type\":\"SearchAction\",\"target\":{\"@type\":\"EntryPoint\",\"urlTemplate\":\"https:\/\/meva.net\/hu-hu\/?s={search_term_string}\"},\"query-input\":\"required name=search_term_string\"}],\"inLanguage\":\"hu\"}]}<\/script>\n<!-- \/ Yoast SEO plugin. -->","yoast_head_json":{"title":"Szolg\u00e1ltat\u00e1sok - MEVA Hungary (HU)","description":"Zsaluz\u00e1si szolg\u00e1ltat\u00e1sok, bele\u00e9rtve a m\u00e9rn\u00f6ki tervez\u00e9st \u00e9s tervez\u00e9st, helysz\u00edni m\u0171szaki t\u00e1mogat\u00e1st, zsaluzat-el\u0151szerel\u00e9st vagy zsaluzatb\u00e9rl\u00e9st, valamint k\u00e9pz\u00e9st \u00e9s t\u00e1mogat\u00e1st.","robots":{"index":"index","follow":"follow","max-snippet":"max-snippet:-1","max-image-preview":"max-image-preview:large","max-video-preview":"max-video-preview:-1"},"canonical":"https:\/\/meva.net\/hu-hu\/szolgaltatasok\/","og_locale":"hu_HU","og_type":"article","og_title":"Szolg\u00e1ltat\u00e1sok - MEVA Hungary (HU)","og_description":"Zsaluz\u00e1si szolg\u00e1ltat\u00e1sok, bele\u00e9rtve a m\u00e9rn\u00f6ki tervez\u00e9st \u00e9s tervez\u00e9st, helysz\u00edni m\u0171szaki t\u00e1mogat\u00e1st, zsaluzat-el\u0151szerel\u00e9st vagy zsaluzatb\u00e9rl\u00e9st, valamint k\u00e9pz\u00e9st \u00e9s t\u00e1mogat\u00e1st.","og_url":"https:\/\/meva.net\/hu-hu\/szolgaltatasok\/","og_site_name":"MEVA Hungary (HU)","article_modified_time":"2023-02-23T15:22:54+00:00","og_image":[{"width":2560,"height":1440,"url":"https:\/\/meva.net\/hu-hu\/wp-content\/uploads\/sites\/9\/2022\/03\/formwork-design-meeting-desaturate-scaled-1.jpg","type":"image\/jpeg"}],"twitter_card":"summary_large_image","schema":{"@context":"https:\/\/schema.org","@graph":[{"@type":"WebPage","@id":"https:\/\/meva.net\/hu-hu\/szolgaltatasok\/","url":"https:\/\/meva.net\/hu-hu\/szolgaltatasok\/","name":"Szolg\u00e1ltat\u00e1sok - MEVA Hungary (HU)","isPartOf":{"@id":"https:\/\/meva.net\/hu-hu\/#website"},"datePublished":"2022-03-03T21:39:34+00:00","dateModified":"2023-02-23T15:22:54+00:00","description":"Zsaluz\u00e1si szolg\u00e1ltat\u00e1sok, bele\u00e9rtve a m\u00e9rn\u00f6ki tervez\u00e9st \u00e9s tervez\u00e9st, helysz\u00edni m\u0171szaki t\u00e1mogat\u00e1st, zsaluzat-el\u0151szerel\u00e9st vagy zsaluzatb\u00e9rl\u00e9st, valamint k\u00e9pz\u00e9st \u00e9s t\u00e1mogat\u00e1st.","breadcrumb":{"@id":"https:\/\/meva.net\/hu-hu\/szolgaltatasok\/#breadcrumb"},"inLanguage":"hu","potentialAction":[{"@type":"ReadAction","target":["https:\/\/meva.net\/hu-hu\/szolgaltatasok\/"]}]},{"@type":"BreadcrumbList","@id":"https:\/\/meva.net\/hu-hu\/szolgaltatasok\/#breadcrumb","itemListElement":[{"@type":"ListItem","position":1,"name":"Home","item":"https:\/\/meva.net\/hu-hu\/"},{"@type":"ListItem","position":2,"name":"Szolg\u00e1ltat\u00e1sok"}]},{"@type":"WebSite","@id":"https:\/\/meva.net\/hu-hu\/#website","url":"https:\/\/meva.net\/hu-hu\/","name":"MEVA Hungary (HU)","description":"Just another MEVA Sites site","potentialAction":[{"@type":"SearchAction","target":{"@type":"EntryPoint","urlTemplate":"https:\/\/meva.net\/hu-hu\/?s={search_term_string}"},"query-input":"required name=search_term_string"}],"inLanguage":"hu"}]}},"_links":{"self":[{"href":"https:\/\/meva.net\/hu-hu\/wp-json\/wp\/v2\/pages\/1875"}],"collection":[{"href":"https:\/\/meva.net\/hu-hu\/wp-json\/wp\/v2\/pages"}],"about":[{"href":"https:\/\/meva.net\/hu-hu\/wp-json\/wp\/v2\/types\/page"}],"author":[{"embeddable":true,"href":"https:\/\/meva.net\/hu-hu\/wp-json\/wp\/v2\/users\/2"}],"replies":[{"embeddable":true,"href":"https:\/\/meva.net\/hu-hu\/wp-json\/wp\/v2\/comments?post=1875"}],"version-history":[{"count":46,"href":"https:\/\/meva.net\/hu-hu\/wp-json\/wp\/v2\/pages\/1875\/revisions"}],"predecessor-version":[{"id":4884,"href":"https:\/\/meva.net\/hu-hu\/wp-json\/wp\/v2\/pages\/1875\/revisions\/4884"}],"wp:featuredmedia":[{"embeddable":true,"href":"https:\/\/meva.net\/hu-hu\/wp-json\/wp\/v2\/media\/1876"}],"wp:attachment":[{"href":"https:\/\/meva.net\/hu-hu\/wp-json\/wp\/v2\/media?parent=1875"}],"curies":[{"name":"wp","href":"https:\/\/api.w.org\/{rel}","templated":true}]}}