{"id":1107,"date":"2022-01-25T14:02:31","date_gmt":"2022-01-25T14:02:31","guid":{"rendered":"https:\/\/meva.net\/hu-hu\/?page_id=1107"},"modified":"2022-05-03T12:43:38","modified_gmt":"2022-05-03T11:43:38","slug":"frissbetonnyomas-es-betonozasi-sebesseg-kalkulator","status":"publish","type":"page","link":"https:\/\/meva.net\/hu-hu\/eszkozok\/frissbetonnyomas-es-betonozasi-sebesseg-kalkulator\/","title":{"rendered":"Frissbetonnyom\u00e1s- \u00e9s betonoz\u00e1si sebess\u00e9g-kalkul\u00e1tor"},"content":{"rendered":"","protected":false},"excerpt":{"rendered":"<p>A MEVA kifejlesztette ezt az online sz\u00e1m\u00edt\u00e1si eszk\u00f6zt, amellyel k\u00f6nnyen kisz\u00e1m\u00edthat\u00f3, hogy a friss beton milyen nyom\u00e1st gyakorol a f\u00fcgg\u0151leges (vagy 5 fokig megd\u00f6nt\u00f6tt) zsaluzatra. Ez lehet\u0151v\u00e9 teszi, hogy olyan zsaluzatot tervezzen \u00e9s haszn\u00e1ljon, amelynek teherb\u00edr\u00e1sa el\u00e9g er\u0151s a friss betonnyom\u00e1s kezel\u00e9s\u00e9hez.<\/p>\n","protected":false},"author":1,"featured_media":3571,"parent":3552,"menu_order":0,"comment_status":"closed","ping_status":"closed","template":"template-calculator-pressure.php","meta":[],"acf":[],"yoast_head":"<!-- This site is optimized with the Yoast SEO plugin v19.13 - https:\/\/yoast.com\/wordpress\/plugins\/seo\/ -->\n<title>Frissbetonnyom\u00e1s- \u00e9s betonoz\u00e1si sebess\u00e9g-kalkul\u00e1tor - MEVA Hungary (HU)<\/title>\n<meta name=\"description\" content=\"A MEVA online sz\u00e1m\u00edt\u00e1si eszk\u00f6ze a friss beton f\u00fcgg\u0151leges zsaluzatra gyakorolt nyom\u00e1s\u00e1nak kisz\u00e1m\u00edt\u00e1s\u00e1hoz. Ez lehet\u0151v\u00e9 teszi, hogy olyan zsaluzatot tervezzen \u00e9s haszn\u00e1ljon, amelynek teherb\u00edr\u00e1sa el\u00e9g er\u0151s a friss betonnyom\u00e1s kezel\u00e9s\u00e9hez.\" \/>\n<meta name=\"robots\" content=\"index, follow, max-snippet:-1, max-image-preview:large, max-video-preview:-1\" \/>\n<link rel=\"canonical\" href=\"https:\/\/meva.net\/hu-hu\/eszkozok\/frissbetonnyomas-es-betonozasi-sebesseg-kalkulator\/\" \/>\n<meta property=\"og:locale\" content=\"hu_HU\" \/>\n<meta property=\"og:type\" content=\"article\" \/>\n<meta property=\"og:title\" content=\"Frissbetonnyom\u00e1s- \u00e9s betonoz\u00e1si sebess\u00e9g-kalkul\u00e1tor - MEVA Hungary (HU)\" \/>\n<meta property=\"og:description\" content=\"A MEVA online sz\u00e1m\u00edt\u00e1si eszk\u00f6ze a friss beton f\u00fcgg\u0151leges zsaluzatra gyakorolt nyom\u00e1s\u00e1nak kisz\u00e1m\u00edt\u00e1s\u00e1hoz. Ez lehet\u0151v\u00e9 teszi, hogy olyan zsaluzatot tervezzen \u00e9s haszn\u00e1ljon, amelynek teherb\u00edr\u00e1sa el\u00e9g er\u0151s a friss betonnyom\u00e1s kezel\u00e9s\u00e9hez.\" \/>\n<meta property=\"og:url\" content=\"https:\/\/meva.net\/hu-hu\/eszkozok\/frissbetonnyomas-es-betonozasi-sebesseg-kalkulator\/\" \/>\n<meta property=\"og:site_name\" content=\"MEVA Hungary (HU)\" \/>\n<meta property=\"article:modified_time\" content=\"2022-05-03T11:43:38+00:00\" \/>\n<meta property=\"og:image\" content=\"https:\/\/meva.net\/hu-hu\/wp-content\/uploads\/sites\/9\/2022\/04\/concrete-pressure-calculate.jpeg\" \/>\n\t<meta property=\"og:image:width\" content=\"2560\" \/>\n\t<meta property=\"og:image:height\" content=\"1711\" \/>\n\t<meta property=\"og:image:type\" content=\"image\/jpeg\" \/>\n<meta name=\"twitter:card\" content=\"summary_large_image\" \/>\n<script type=\"application\/ld+json\" class=\"yoast-schema-graph\">{\"@context\":\"https:\/\/schema.org\",\"@graph\":[{\"@type\":\"WebPage\",\"@id\":\"https:\/\/meva.net\/hu-hu\/eszkozok\/frissbetonnyomas-es-betonozasi-sebesseg-kalkulator\/\",\"url\":\"https:\/\/meva.net\/hu-hu\/eszkozok\/frissbetonnyomas-es-betonozasi-sebesseg-kalkulator\/\",\"name\":\"Frissbetonnyom\u00e1s- \u00e9s betonoz\u00e1si sebess\u00e9g-kalkul\u00e1tor - MEVA Hungary (HU)\",\"isPartOf\":{\"@id\":\"https:\/\/meva.net\/hu-hu\/#website\"},\"datePublished\":\"2022-01-25T14:02:31+00:00\",\"dateModified\":\"2022-05-03T11:43:38+00:00\",\"description\":\"A MEVA online sz\u00e1m\u00edt\u00e1si eszk\u00f6ze a friss beton f\u00fcgg\u0151leges zsaluzatra gyakorolt nyom\u00e1s\u00e1nak kisz\u00e1m\u00edt\u00e1s\u00e1hoz. Ez lehet\u0151v\u00e9 teszi, hogy olyan zsaluzatot tervezzen \u00e9s haszn\u00e1ljon, amelynek teherb\u00edr\u00e1sa el\u00e9g er\u0151s a friss betonnyom\u00e1s kezel\u00e9s\u00e9hez.\",\"breadcrumb\":{\"@id\":\"https:\/\/meva.net\/hu-hu\/eszkozok\/frissbetonnyomas-es-betonozasi-sebesseg-kalkulator\/#breadcrumb\"},\"inLanguage\":\"hu\",\"potentialAction\":[{\"@type\":\"ReadAction\",\"target\":[\"https:\/\/meva.net\/hu-hu\/eszkozok\/frissbetonnyomas-es-betonozasi-sebesseg-kalkulator\/\"]}]},{\"@type\":\"BreadcrumbList\",\"@id\":\"https:\/\/meva.net\/hu-hu\/eszkozok\/frissbetonnyomas-es-betonozasi-sebesseg-kalkulator\/#breadcrumb\",\"itemListElement\":[{\"@type\":\"ListItem\",\"position\":1,\"name\":\"Home\",\"item\":\"https:\/\/meva.net\/hu-hu\/\"},{\"@type\":\"ListItem\",\"position\":2,\"name\":\"Eszk\u00f6z\u00f6k\",\"item\":\"https:\/\/meva.net\/hu-hu\/eszkozok\/\"},{\"@type\":\"ListItem\",\"position\":3,\"name\":\"Frissbetonnyom\u00e1s- \u00e9s betonoz\u00e1si sebess\u00e9g-kalkul\u00e1tor\"}]},{\"@type\":\"WebSite\",\"@id\":\"https:\/\/meva.net\/hu-hu\/#website\",\"url\":\"https:\/\/meva.net\/hu-hu\/\",\"name\":\"MEVA Hungary (HU)\",\"description\":\"Just another MEVA Sites site\",\"potentialAction\":[{\"@type\":\"SearchAction\",\"target\":{\"@type\":\"EntryPoint\",\"urlTemplate\":\"https:\/\/meva.net\/hu-hu\/?s={search_term_string}\"},\"query-input\":\"required name=search_term_string\"}],\"inLanguage\":\"hu\"}]}<\/script>\n<!-- \/ Yoast SEO plugin. -->","yoast_head_json":{"title":"Frissbetonnyom\u00e1s- \u00e9s betonoz\u00e1si sebess\u00e9g-kalkul\u00e1tor - MEVA Hungary (HU)","description":"A MEVA online sz\u00e1m\u00edt\u00e1si eszk\u00f6ze a friss beton f\u00fcgg\u0151leges zsaluzatra gyakorolt nyom\u00e1s\u00e1nak kisz\u00e1m\u00edt\u00e1s\u00e1hoz. Ez lehet\u0151v\u00e9 teszi, hogy olyan zsaluzatot tervezzen \u00e9s haszn\u00e1ljon, amelynek teherb\u00edr\u00e1sa el\u00e9g er\u0151s a friss betonnyom\u00e1s kezel\u00e9s\u00e9hez.","robots":{"index":"index","follow":"follow","max-snippet":"max-snippet:-1","max-image-preview":"max-image-preview:large","max-video-preview":"max-video-preview:-1"},"canonical":"https:\/\/meva.net\/hu-hu\/eszkozok\/frissbetonnyomas-es-betonozasi-sebesseg-kalkulator\/","og_locale":"hu_HU","og_type":"article","og_title":"Frissbetonnyom\u00e1s- \u00e9s betonoz\u00e1si sebess\u00e9g-kalkul\u00e1tor - MEVA Hungary (HU)","og_description":"A MEVA online sz\u00e1m\u00edt\u00e1si eszk\u00f6ze a friss beton f\u00fcgg\u0151leges zsaluzatra gyakorolt nyom\u00e1s\u00e1nak kisz\u00e1m\u00edt\u00e1s\u00e1hoz. Ez lehet\u0151v\u00e9 teszi, hogy olyan zsaluzatot tervezzen \u00e9s haszn\u00e1ljon, amelynek teherb\u00edr\u00e1sa el\u00e9g er\u0151s a friss betonnyom\u00e1s kezel\u00e9s\u00e9hez.","og_url":"https:\/\/meva.net\/hu-hu\/eszkozok\/frissbetonnyomas-es-betonozasi-sebesseg-kalkulator\/","og_site_name":"MEVA Hungary (HU)","article_modified_time":"2022-05-03T11:43:38+00:00","og_image":[{"width":2560,"height":1711,"url":"https:\/\/meva.net\/hu-hu\/wp-content\/uploads\/sites\/9\/2022\/04\/concrete-pressure-calculate.jpeg","type":"image\/jpeg"}],"twitter_card":"summary_large_image","schema":{"@context":"https:\/\/schema.org","@graph":[{"@type":"WebPage","@id":"https:\/\/meva.net\/hu-hu\/eszkozok\/frissbetonnyomas-es-betonozasi-sebesseg-kalkulator\/","url":"https:\/\/meva.net\/hu-hu\/eszkozok\/frissbetonnyomas-es-betonozasi-sebesseg-kalkulator\/","name":"Frissbetonnyom\u00e1s- \u00e9s betonoz\u00e1si sebess\u00e9g-kalkul\u00e1tor - MEVA Hungary (HU)","isPartOf":{"@id":"https:\/\/meva.net\/hu-hu\/#website"},"datePublished":"2022-01-25T14:02:31+00:00","dateModified":"2022-05-03T11:43:38+00:00","description":"A MEVA online sz\u00e1m\u00edt\u00e1si eszk\u00f6ze a friss beton f\u00fcgg\u0151leges zsaluzatra gyakorolt nyom\u00e1s\u00e1nak kisz\u00e1m\u00edt\u00e1s\u00e1hoz. Ez lehet\u0151v\u00e9 teszi, hogy olyan zsaluzatot tervezzen \u00e9s haszn\u00e1ljon, amelynek teherb\u00edr\u00e1sa el\u00e9g er\u0151s a friss betonnyom\u00e1s kezel\u00e9s\u00e9hez.","breadcrumb":{"@id":"https:\/\/meva.net\/hu-hu\/eszkozok\/frissbetonnyomas-es-betonozasi-sebesseg-kalkulator\/#breadcrumb"},"inLanguage":"hu","potentialAction":[{"@type":"ReadAction","target":["https:\/\/meva.net\/hu-hu\/eszkozok\/frissbetonnyomas-es-betonozasi-sebesseg-kalkulator\/"]}]},{"@type":"BreadcrumbList","@id":"https:\/\/meva.net\/hu-hu\/eszkozok\/frissbetonnyomas-es-betonozasi-sebesseg-kalkulator\/#breadcrumb","itemListElement":[{"@type":"ListItem","position":1,"name":"Home","item":"https:\/\/meva.net\/hu-hu\/"},{"@type":"ListItem","position":2,"name":"Eszk\u00f6z\u00f6k","item":"https:\/\/meva.net\/hu-hu\/eszkozok\/"},{"@type":"ListItem","position":3,"name":"Frissbetonnyom\u00e1s- \u00e9s betonoz\u00e1si sebess\u00e9g-kalkul\u00e1tor"}]},{"@type":"WebSite","@id":"https:\/\/meva.net\/hu-hu\/#website","url":"https:\/\/meva.net\/hu-hu\/","name":"MEVA Hungary (HU)","description":"Just another MEVA Sites site","potentialAction":[{"@type":"SearchAction","target":{"@type":"EntryPoint","urlTemplate":"https:\/\/meva.net\/hu-hu\/?s={search_term_string}"},"query-input":"required name=search_term_string"}],"inLanguage":"hu"}]}},"_links":{"self":[{"href":"https:\/\/meva.net\/hu-hu\/wp-json\/wp\/v2\/pages\/1107"}],"collection":[{"href":"https:\/\/meva.net\/hu-hu\/wp-json\/wp\/v2\/pages"}],"about":[{"href":"https:\/\/meva.net\/hu-hu\/wp-json\/wp\/v2\/types\/page"}],"author":[{"embeddable":true,"href":"https:\/\/meva.net\/hu-hu\/wp-json\/wp\/v2\/users\/1"}],"replies":[{"embeddable":true,"href":"https:\/\/meva.net\/hu-hu\/wp-json\/wp\/v2\/comments?post=1107"}],"version-history":[{"count":3,"href":"https:\/\/meva.net\/hu-hu\/wp-json\/wp\/v2\/pages\/1107\/revisions"}],"predecessor-version":[{"id":3608,"href":"https:\/\/meva.net\/hu-hu\/wp-json\/wp\/v2\/pages\/1107\/revisions\/3608"}],"up":[{"embeddable":true,"href":"https:\/\/meva.net\/hu-hu\/wp-json\/wp\/v2\/pages\/3552"}],"wp:featuredmedia":[{"embeddable":true,"href":"https:\/\/meva.net\/hu-hu\/wp-json\/wp\/v2\/media\/3571"}],"wp:attachment":[{"href":"https:\/\/meva.net\/hu-hu\/wp-json\/wp\/v2\/media?parent=1107"}],"curies":[{"name":"wp","href":"https:\/\/api.w.org\/{rel}","templated":true}]}}