{"id":4532,"date":"2024-04-18T14:21:55","date_gmt":"2024-04-18T13:21:55","guid":{"rendered":"https:\/\/meva.net\/fr-nl\/?page_id=4532"},"modified":"2024-04-18T14:21:55","modified_gmt":"2024-04-18T13:21:55","slug":"construire-des-ponts","status":"publish","type":"page","link":"https:\/\/meva.net\/fr-nl\/construire-des-ponts\/","title":{"rendered":"Construire des ponts"},"content":{"rendered":"","protected":false},"excerpt":{"rendered":"<p>MEVA combine produits et services pour r\u00e9pondre aux attentes et besoins des clients.<\/p>\n","protected":false},"author":8,"featured_media":4534,"parent":0,"menu_order":0,"comment_status":"closed","ping_status":"closed","template":"template-building-blocks-better.php","meta":[],"acf":[],"yoast_head":"<!-- This site is optimized with the Yoast SEO plugin v19.13 - https:\/\/yoast.com\/wordpress\/plugins\/seo\/ -->\n<title>Construire des ponts - MEVA Benelux (FR)<\/title>\n<meta name=\"description\" content=\"La construction d\u2019un pont implique le respect de points fondamentaux. De bonnes connaissances techniques, une \u00e9tude minutieuse du projet et le bon respect des normes qualit\u00e9 sont n\u00e9cessaires pour assurer la s\u00e9curit\u00e9 et la durabilit\u00e9 de l\u2019ouvrage, et r\u00e9aliser les travaux \u00e0 la plus grande satisfaction du client.\" \/>\n<meta name=\"robots\" content=\"index, follow, max-snippet:-1, max-image-preview:large, max-video-preview:-1\" \/>\n<link rel=\"canonical\" href=\"https:\/\/meva.net\/fr-nl\/construire-des-ponts\/\" \/>\n<meta property=\"og:locale\" content=\"fr_FR\" \/>\n<meta property=\"og:type\" content=\"article\" \/>\n<meta property=\"og:title\" content=\"Construire des ponts - MEVA Benelux (FR)\" \/>\n<meta property=\"og:description\" content=\"La construction d\u2019un pont implique le respect de points fondamentaux. De bonnes connaissances techniques, une \u00e9tude minutieuse du projet et le bon respect des normes qualit\u00e9 sont n\u00e9cessaires pour assurer la s\u00e9curit\u00e9 et la durabilit\u00e9 de l\u2019ouvrage, et r\u00e9aliser les travaux \u00e0 la plus grande satisfaction du client.\" \/>\n<meta property=\"og:url\" content=\"https:\/\/meva.net\/fr-nl\/construire-des-ponts\/\" \/>\n<meta property=\"og:site_name\" content=\"MEVA Benelux (FR)\" \/>\n<meta property=\"og:image\" content=\"https:\/\/meva.net\/fr-nl\/wp-content\/uploads\/sites\/28\/2024\/04\/18825-scaled-2-1.jpeg\" \/>\n\t<meta property=\"og:image:width\" content=\"2560\" \/>\n\t<meta property=\"og:image:height\" content=\"1920\" \/>\n\t<meta property=\"og:image:type\" content=\"image\/jpeg\" \/>\n<meta name=\"twitter:card\" content=\"summary_large_image\" \/>\n<script type=\"application\/ld+json\" class=\"yoast-schema-graph\">{\"@context\":\"https:\/\/schema.org\",\"@graph\":[{\"@type\":\"WebPage\",\"@id\":\"https:\/\/meva.net\/fr-nl\/construire-des-ponts\/\",\"url\":\"https:\/\/meva.net\/fr-nl\/construire-des-ponts\/\",\"name\":\"Construire des ponts - MEVA Benelux (FR)\",\"isPartOf\":{\"@id\":\"https:\/\/meva.net\/fr-nl\/#website\"},\"datePublished\":\"2024-04-18T13:21:55+00:00\",\"dateModified\":\"2024-04-18T13:21:55+00:00\",\"description\":\"La construction d\u2019un pont implique le respect de points fondamentaux. De bonnes connaissances techniques, une \u00e9tude minutieuse du projet et le bon respect des normes qualit\u00e9 sont n\u00e9cessaires pour assurer la s\u00e9curit\u00e9 et la durabilit\u00e9 de l\u2019ouvrage, et r\u00e9aliser les travaux \u00e0 la plus grande satisfaction du client.\",\"breadcrumb\":{\"@id\":\"https:\/\/meva.net\/fr-nl\/construire-des-ponts\/#breadcrumb\"},\"inLanguage\":\"fr-FR\",\"potentialAction\":[{\"@type\":\"ReadAction\",\"target\":[\"https:\/\/meva.net\/fr-nl\/construire-des-ponts\/\"]}]},{\"@type\":\"BreadcrumbList\",\"@id\":\"https:\/\/meva.net\/fr-nl\/construire-des-ponts\/#breadcrumb\",\"itemListElement\":[{\"@type\":\"ListItem\",\"position\":1,\"name\":\"Home\",\"item\":\"https:\/\/meva.net\/fr-nl\/\"},{\"@type\":\"ListItem\",\"position\":2,\"name\":\"Construire des ponts\"}]},{\"@type\":\"WebSite\",\"@id\":\"https:\/\/meva.net\/fr-nl\/#website\",\"url\":\"https:\/\/meva.net\/fr-nl\/\",\"name\":\"MEVA Benelux (FR)\",\"description\":\"\",\"potentialAction\":[{\"@type\":\"SearchAction\",\"target\":{\"@type\":\"EntryPoint\",\"urlTemplate\":\"https:\/\/meva.net\/fr-nl\/?s={search_term_string}\"},\"query-input\":\"required name=search_term_string\"}],\"inLanguage\":\"fr-FR\"}]}<\/script>\n<!-- \/ Yoast SEO plugin. -->","yoast_head_json":{"title":"Construire des ponts - MEVA Benelux (FR)","description":"La construction d\u2019un pont implique le respect de points fondamentaux. De bonnes connaissances techniques, une \u00e9tude minutieuse du projet et le bon respect des normes qualit\u00e9 sont n\u00e9cessaires pour assurer la s\u00e9curit\u00e9 et la durabilit\u00e9 de l\u2019ouvrage, et r\u00e9aliser les travaux \u00e0 la plus grande satisfaction du client.","robots":{"index":"index","follow":"follow","max-snippet":"max-snippet:-1","max-image-preview":"max-image-preview:large","max-video-preview":"max-video-preview:-1"},"canonical":"https:\/\/meva.net\/fr-nl\/construire-des-ponts\/","og_locale":"fr_FR","og_type":"article","og_title":"Construire des ponts - MEVA Benelux (FR)","og_description":"La construction d\u2019un pont implique le respect de points fondamentaux. De bonnes connaissances techniques, une \u00e9tude minutieuse du projet et le bon respect des normes qualit\u00e9 sont n\u00e9cessaires pour assurer la s\u00e9curit\u00e9 et la durabilit\u00e9 de l\u2019ouvrage, et r\u00e9aliser les travaux \u00e0 la plus grande satisfaction du client.","og_url":"https:\/\/meva.net\/fr-nl\/construire-des-ponts\/","og_site_name":"MEVA Benelux (FR)","og_image":[{"width":2560,"height":1920,"url":"https:\/\/meva.net\/fr-nl\/wp-content\/uploads\/sites\/28\/2024\/04\/18825-scaled-2-1.jpeg","type":"image\/jpeg"}],"twitter_card":"summary_large_image","schema":{"@context":"https:\/\/schema.org","@graph":[{"@type":"WebPage","@id":"https:\/\/meva.net\/fr-nl\/construire-des-ponts\/","url":"https:\/\/meva.net\/fr-nl\/construire-des-ponts\/","name":"Construire des ponts - MEVA Benelux (FR)","isPartOf":{"@id":"https:\/\/meva.net\/fr-nl\/#website"},"datePublished":"2024-04-18T13:21:55+00:00","dateModified":"2024-04-18T13:21:55+00:00","description":"La construction d\u2019un pont implique le respect de points fondamentaux. De bonnes connaissances techniques, une \u00e9tude minutieuse du projet et le bon respect des normes qualit\u00e9 sont n\u00e9cessaires pour assurer la s\u00e9curit\u00e9 et la durabilit\u00e9 de l\u2019ouvrage, et r\u00e9aliser les travaux \u00e0 la plus grande satisfaction du client.","breadcrumb":{"@id":"https:\/\/meva.net\/fr-nl\/construire-des-ponts\/#breadcrumb"},"inLanguage":"fr-FR","potentialAction":[{"@type":"ReadAction","target":["https:\/\/meva.net\/fr-nl\/construire-des-ponts\/"]}]},{"@type":"BreadcrumbList","@id":"https:\/\/meva.net\/fr-nl\/construire-des-ponts\/#breadcrumb","itemListElement":[{"@type":"ListItem","position":1,"name":"Home","item":"https:\/\/meva.net\/fr-nl\/"},{"@type":"ListItem","position":2,"name":"Construire des ponts"}]},{"@type":"WebSite","@id":"https:\/\/meva.net\/fr-nl\/#website","url":"https:\/\/meva.net\/fr-nl\/","name":"MEVA Benelux (FR)","description":"","potentialAction":[{"@type":"SearchAction","target":{"@type":"EntryPoint","urlTemplate":"https:\/\/meva.net\/fr-nl\/?s={search_term_string}"},"query-input":"required name=search_term_string"}],"inLanguage":"fr-FR"}]}},"_links":{"self":[{"href":"https:\/\/meva.net\/fr-nl\/wp-json\/wp\/v2\/pages\/4532"}],"collection":[{"href":"https:\/\/meva.net\/fr-nl\/wp-json\/wp\/v2\/pages"}],"about":[{"href":"https:\/\/meva.net\/fr-nl\/wp-json\/wp\/v2\/types\/page"}],"author":[{"embeddable":true,"href":"https:\/\/meva.net\/fr-nl\/wp-json\/wp\/v2\/users\/8"}],"replies":[{"embeddable":true,"href":"https:\/\/meva.net\/fr-nl\/wp-json\/wp\/v2\/comments?post=4532"}],"version-history":[{"count":1,"href":"https:\/\/meva.net\/fr-nl\/wp-json\/wp\/v2\/pages\/4532\/revisions"}],"predecessor-version":[{"id":4536,"href":"https:\/\/meva.net\/fr-nl\/wp-json\/wp\/v2\/pages\/4532\/revisions\/4536"}],"wp:featuredmedia":[{"embeddable":true,"href":"https:\/\/meva.net\/fr-nl\/wp-json\/wp\/v2\/media\/4534"}],"wp:attachment":[{"href":"https:\/\/meva.net\/fr-nl\/wp-json\/wp\/v2\/media?parent=4532"}],"curies":[{"name":"wp","href":"https:\/\/api.w.org\/{rel}","templated":true}]}}