{"id":4123,"date":"2022-11-23T10:39:29","date_gmt":"2022-11-23T10:39:29","guid":{"rendered":"https:\/\/meva.net\/fr-nl\/?page_id=4123"},"modified":"2022-11-23T10:41:47","modified_gmt":"2022-11-23T10:41:47","slug":"carriere","status":"publish","type":"page","link":"https:\/\/meva.net\/fr-nl\/carriere\/","title":{"rendered":"Carri\u00e8re"},"content":{"rendered":"","protected":false},"excerpt":{"rendered":"","protected":false},"author":3,"featured_media":4520,"parent":0,"menu_order":0,"comment_status":"closed","ping_status":"closed","template":"template-building-blocks-better.php","meta":[],"acf":[],"yoast_head":"<!-- This site is optimized with the Yoast SEO plugin v19.13 - https:\/\/yoast.com\/wordpress\/plugins\/seo\/ -->\n<title>Carri\u00e8re - MEVA Benelux (FR)<\/title>\n<meta name=\"description\" content=\"MEVA conjugue hi\u00e9rarchies aplaties, marges de man\u0153uvre propres dans les d\u00e9cisions et travail d\u2019\u00e9quipe pluridisciplinaire. Nous sommes une grande famille \u2013 au niveau national, \u00e0 l\u2019international et \u00e0 travers le monde \u2013 o\u00f9 chacun se conna\u00eet et s\u2019appr\u00e9cie.\" \/>\n<meta name=\"robots\" content=\"index, follow, max-snippet:-1, max-image-preview:large, max-video-preview:-1\" \/>\n<link rel=\"canonical\" href=\"https:\/\/meva.net\/fr-nl\/carriere\/\" \/>\n<meta property=\"og:locale\" content=\"fr_FR\" \/>\n<meta property=\"og:type\" content=\"article\" \/>\n<meta property=\"og:title\" content=\"Carri\u00e8re - MEVA Benelux (FR)\" \/>\n<meta property=\"og:description\" content=\"MEVA conjugue hi\u00e9rarchies aplaties, marges de man\u0153uvre propres dans les d\u00e9cisions et travail d\u2019\u00e9quipe pluridisciplinaire. Nous sommes une grande famille \u2013 au niveau national, \u00e0 l\u2019international et \u00e0 travers le monde \u2013 o\u00f9 chacun se conna\u00eet et s\u2019appr\u00e9cie.\" \/>\n<meta property=\"og:url\" content=\"https:\/\/meva.net\/fr-nl\/carriere\/\" \/>\n<meta property=\"og:site_name\" content=\"MEVA Benelux (FR)\" \/>\n<meta property=\"article:modified_time\" content=\"2022-11-23T10:41:47+00:00\" \/>\n<meta name=\"twitter:card\" content=\"summary_large_image\" \/>\n<script type=\"application\/ld+json\" class=\"yoast-schema-graph\">{\"@context\":\"https:\/\/schema.org\",\"@graph\":[{\"@type\":\"WebPage\",\"@id\":\"https:\/\/meva.net\/fr-nl\/carriere\/\",\"url\":\"https:\/\/meva.net\/fr-nl\/carriere\/\",\"name\":\"Carri\u00e8re - MEVA Benelux (FR)\",\"isPartOf\":{\"@id\":\"https:\/\/meva.net\/fr-nl\/#website\"},\"datePublished\":\"2022-11-23T10:39:29+00:00\",\"dateModified\":\"2022-11-23T10:41:47+00:00\",\"description\":\"MEVA conjugue hi\u00e9rarchies aplaties, marges de man\u0153uvre propres dans les d\u00e9cisions et travail d\u2019\u00e9quipe pluridisciplinaire. Nous sommes une grande famille \u2013 au niveau national, \u00e0 l\u2019international et \u00e0 travers le monde \u2013 o\u00f9 chacun se conna\u00eet et s\u2019appr\u00e9cie.\",\"breadcrumb\":{\"@id\":\"https:\/\/meva.net\/fr-nl\/carriere\/#breadcrumb\"},\"inLanguage\":\"fr-FR\",\"potentialAction\":[{\"@type\":\"ReadAction\",\"target\":[\"https:\/\/meva.net\/fr-nl\/carriere\/\"]}]},{\"@type\":\"BreadcrumbList\",\"@id\":\"https:\/\/meva.net\/fr-nl\/carriere\/#breadcrumb\",\"itemListElement\":[{\"@type\":\"ListItem\",\"position\":1,\"name\":\"Home\",\"item\":\"https:\/\/meva.net\/fr-nl\/\"},{\"@type\":\"ListItem\",\"position\":2,\"name\":\"Carri\u00e8re\"}]},{\"@type\":\"WebSite\",\"@id\":\"https:\/\/meva.net\/fr-nl\/#website\",\"url\":\"https:\/\/meva.net\/fr-nl\/\",\"name\":\"MEVA Benelux (FR)\",\"description\":\"\",\"potentialAction\":[{\"@type\":\"SearchAction\",\"target\":{\"@type\":\"EntryPoint\",\"urlTemplate\":\"https:\/\/meva.net\/fr-nl\/?s={search_term_string}\"},\"query-input\":\"required name=search_term_string\"}],\"inLanguage\":\"fr-FR\"}]}<\/script>\n<!-- \/ Yoast SEO plugin. -->","yoast_head_json":{"title":"Carri\u00e8re - MEVA Benelux (FR)","description":"MEVA conjugue hi\u00e9rarchies aplaties, marges de man\u0153uvre propres dans les d\u00e9cisions et travail d\u2019\u00e9quipe pluridisciplinaire. Nous sommes une grande famille \u2013 au niveau national, \u00e0 l\u2019international et \u00e0 travers le monde \u2013 o\u00f9 chacun se conna\u00eet et s\u2019appr\u00e9cie.","robots":{"index":"index","follow":"follow","max-snippet":"max-snippet:-1","max-image-preview":"max-image-preview:large","max-video-preview":"max-video-preview:-1"},"canonical":"https:\/\/meva.net\/fr-nl\/carriere\/","og_locale":"fr_FR","og_type":"article","og_title":"Carri\u00e8re - MEVA Benelux (FR)","og_description":"MEVA conjugue hi\u00e9rarchies aplaties, marges de man\u0153uvre propres dans les d\u00e9cisions et travail d\u2019\u00e9quipe pluridisciplinaire. Nous sommes une grande famille \u2013 au niveau national, \u00e0 l\u2019international et \u00e0 travers le monde \u2013 o\u00f9 chacun se conna\u00eet et s\u2019appr\u00e9cie.","og_url":"https:\/\/meva.net\/fr-nl\/carriere\/","og_site_name":"MEVA Benelux (FR)","article_modified_time":"2022-11-23T10:41:47+00:00","twitter_card":"summary_large_image","schema":{"@context":"https:\/\/schema.org","@graph":[{"@type":"WebPage","@id":"https:\/\/meva.net\/fr-nl\/carriere\/","url":"https:\/\/meva.net\/fr-nl\/carriere\/","name":"Carri\u00e8re - MEVA Benelux (FR)","isPartOf":{"@id":"https:\/\/meva.net\/fr-nl\/#website"},"datePublished":"2022-11-23T10:39:29+00:00","dateModified":"2022-11-23T10:41:47+00:00","description":"MEVA conjugue hi\u00e9rarchies aplaties, marges de man\u0153uvre propres dans les d\u00e9cisions et travail d\u2019\u00e9quipe pluridisciplinaire. Nous sommes une grande famille \u2013 au niveau national, \u00e0 l\u2019international et \u00e0 travers le monde \u2013 o\u00f9 chacun se conna\u00eet et s\u2019appr\u00e9cie.","breadcrumb":{"@id":"https:\/\/meva.net\/fr-nl\/carriere\/#breadcrumb"},"inLanguage":"fr-FR","potentialAction":[{"@type":"ReadAction","target":["https:\/\/meva.net\/fr-nl\/carriere\/"]}]},{"@type":"BreadcrumbList","@id":"https:\/\/meva.net\/fr-nl\/carriere\/#breadcrumb","itemListElement":[{"@type":"ListItem","position":1,"name":"Home","item":"https:\/\/meva.net\/fr-nl\/"},{"@type":"ListItem","position":2,"name":"Carri\u00e8re"}]},{"@type":"WebSite","@id":"https:\/\/meva.net\/fr-nl\/#website","url":"https:\/\/meva.net\/fr-nl\/","name":"MEVA Benelux (FR)","description":"","potentialAction":[{"@type":"SearchAction","target":{"@type":"EntryPoint","urlTemplate":"https:\/\/meva.net\/fr-nl\/?s={search_term_string}"},"query-input":"required name=search_term_string"}],"inLanguage":"fr-FR"}]}},"_links":{"self":[{"href":"https:\/\/meva.net\/fr-nl\/wp-json\/wp\/v2\/pages\/4123"}],"collection":[{"href":"https:\/\/meva.net\/fr-nl\/wp-json\/wp\/v2\/pages"}],"about":[{"href":"https:\/\/meva.net\/fr-nl\/wp-json\/wp\/v2\/types\/page"}],"author":[{"embeddable":true,"href":"https:\/\/meva.net\/fr-nl\/wp-json\/wp\/v2\/users\/3"}],"replies":[{"embeddable":true,"href":"https:\/\/meva.net\/fr-nl\/wp-json\/wp\/v2\/comments?post=4123"}],"version-history":[{"count":2,"href":"https:\/\/meva.net\/fr-nl\/wp-json\/wp\/v2\/pages\/4123\/revisions"}],"predecessor-version":[{"id":4128,"href":"https:\/\/meva.net\/fr-nl\/wp-json\/wp\/v2\/pages\/4123\/revisions\/4128"}],"wp:featuredmedia":[{"embeddable":true,"href":"https:\/\/meva.net\/fr-nl\/wp-json\/"}],"wp:attachment":[{"href":"https:\/\/meva.net\/fr-nl\/wp-json\/wp\/v2\/media?parent=4123"}],"curies":[{"name":"wp","href":"https:\/\/api.w.org\/{rel}","templated":true}]}}