{"id":3859,"date":"2022-05-17T14:28:51","date_gmt":"2022-05-17T13:28:51","guid":{"rendered":"https:\/\/meva.net\/fr-nl\/?page_id=3859"},"modified":"2025-11-18T14:41:02","modified_gmt":"2025-11-18T14:41:02","slug":"nos-sites","status":"publish","type":"page","link":"https:\/\/meva.net\/fr-nl\/nos-sites\/","title":{"rendered":"Nos sites"},"content":{"rendered":"","protected":false},"excerpt":{"rendered":"<p>Bienvenue \u00e0 MEVA dans le monde. Les solutions de coffrage MEVA sont repr\u00e9sent\u00e9es dans plus de 40 pays dans le monde. Visitez le site de votre r\u00e9gion pour trouver l&rsquo;\u00e9quipe qui pourra vous aider.<\/p>\n","protected":false},"author":1,"featured_media":0,"parent":0,"menu_order":0,"comment_status":"closed","ping_status":"closed","template":"template-global-locations.php","meta":[],"acf":[],"yoast_head":"<!-- This site is optimized with the Yoast SEO plugin v19.13 - https:\/\/yoast.com\/wordpress\/plugins\/seo\/ -->\n<title>Nos sites - MEVA Benelux (FR)<\/title>\n<meta name=\"description\" content=\"Bienvenue \u00e0 MEVA dans le monde. Les solutions de coffrage MEVA sont repr\u00e9sent\u00e9es dans plus de 40 pays dans le monde. Visitez le site de votre r\u00e9gion pour trouver l&#039;\u00e9quipe qui pourra vous aider.\" \/>\n<meta name=\"robots\" content=\"index, follow, max-snippet:-1, max-image-preview:large, max-video-preview:-1\" \/>\n<link rel=\"canonical\" href=\"https:\/\/meva.net\/fr-nl\/nos-sites\/\" \/>\n<meta property=\"og:locale\" content=\"fr_FR\" \/>\n<meta property=\"og:type\" content=\"article\" \/>\n<meta property=\"og:title\" content=\"Nos sites - MEVA Benelux (FR)\" \/>\n<meta property=\"og:description\" content=\"Bienvenue \u00e0 MEVA dans le monde. Les solutions de coffrage MEVA sont repr\u00e9sent\u00e9es dans plus de 40 pays dans le monde. Visitez le site de votre r\u00e9gion pour trouver l&#039;\u00e9quipe qui pourra vous aider.\" \/>\n<meta property=\"og:url\" content=\"https:\/\/meva.net\/fr-nl\/nos-sites\/\" \/>\n<meta property=\"og:site_name\" content=\"MEVA Benelux (FR)\" \/>\n<meta property=\"article:modified_time\" content=\"2025-11-18T14:41:02+00:00\" \/>\n<meta name=\"twitter:card\" content=\"summary_large_image\" \/>\n<script type=\"application\/ld+json\" class=\"yoast-schema-graph\">{\"@context\":\"https:\/\/schema.org\",\"@graph\":[{\"@type\":\"WebPage\",\"@id\":\"https:\/\/meva.net\/fr-nl\/nos-sites\/\",\"url\":\"https:\/\/meva.net\/fr-nl\/nos-sites\/\",\"name\":\"Nos sites - MEVA Benelux (FR)\",\"isPartOf\":{\"@id\":\"https:\/\/meva.net\/fr-nl\/#website\"},\"datePublished\":\"2022-05-17T13:28:51+00:00\",\"dateModified\":\"2025-11-18T14:41:02+00:00\",\"description\":\"Bienvenue \u00e0 MEVA dans le monde. Les solutions de coffrage MEVA sont repr\u00e9sent\u00e9es dans plus de 40 pays dans le monde. Visitez le site de votre r\u00e9gion pour trouver l'\u00e9quipe qui pourra vous aider.\",\"breadcrumb\":{\"@id\":\"https:\/\/meva.net\/fr-nl\/nos-sites\/#breadcrumb\"},\"inLanguage\":\"fr-FR\",\"potentialAction\":[{\"@type\":\"ReadAction\",\"target\":[\"https:\/\/meva.net\/fr-nl\/nos-sites\/\"]}]},{\"@type\":\"BreadcrumbList\",\"@id\":\"https:\/\/meva.net\/fr-nl\/nos-sites\/#breadcrumb\",\"itemListElement\":[{\"@type\":\"ListItem\",\"position\":1,\"name\":\"Home\",\"item\":\"https:\/\/meva.net\/fr-nl\/\"},{\"@type\":\"ListItem\",\"position\":2,\"name\":\"Nos sites\"}]},{\"@type\":\"WebSite\",\"@id\":\"https:\/\/meva.net\/fr-nl\/#website\",\"url\":\"https:\/\/meva.net\/fr-nl\/\",\"name\":\"MEVA Benelux (FR)\",\"description\":\"\",\"potentialAction\":[{\"@type\":\"SearchAction\",\"target\":{\"@type\":\"EntryPoint\",\"urlTemplate\":\"https:\/\/meva.net\/fr-nl\/?s={search_term_string}\"},\"query-input\":\"required name=search_term_string\"}],\"inLanguage\":\"fr-FR\"}]}<\/script>\n<!-- \/ Yoast SEO plugin. -->","yoast_head_json":{"title":"Nos sites - MEVA Benelux (FR)","description":"Bienvenue \u00e0 MEVA dans le monde. Les solutions de coffrage MEVA sont repr\u00e9sent\u00e9es dans plus de 40 pays dans le monde. Visitez le site de votre r\u00e9gion pour trouver l'\u00e9quipe qui pourra vous aider.","robots":{"index":"index","follow":"follow","max-snippet":"max-snippet:-1","max-image-preview":"max-image-preview:large","max-video-preview":"max-video-preview:-1"},"canonical":"https:\/\/meva.net\/fr-nl\/nos-sites\/","og_locale":"fr_FR","og_type":"article","og_title":"Nos sites - MEVA Benelux (FR)","og_description":"Bienvenue \u00e0 MEVA dans le monde. Les solutions de coffrage MEVA sont repr\u00e9sent\u00e9es dans plus de 40 pays dans le monde. Visitez le site de votre r\u00e9gion pour trouver l'\u00e9quipe qui pourra vous aider.","og_url":"https:\/\/meva.net\/fr-nl\/nos-sites\/","og_site_name":"MEVA Benelux (FR)","article_modified_time":"2025-11-18T14:41:02+00:00","twitter_card":"summary_large_image","schema":{"@context":"https:\/\/schema.org","@graph":[{"@type":"WebPage","@id":"https:\/\/meva.net\/fr-nl\/nos-sites\/","url":"https:\/\/meva.net\/fr-nl\/nos-sites\/","name":"Nos sites - MEVA Benelux (FR)","isPartOf":{"@id":"https:\/\/meva.net\/fr-nl\/#website"},"datePublished":"2022-05-17T13:28:51+00:00","dateModified":"2025-11-18T14:41:02+00:00","description":"Bienvenue \u00e0 MEVA dans le monde. Les solutions de coffrage MEVA sont repr\u00e9sent\u00e9es dans plus de 40 pays dans le monde. Visitez le site de votre r\u00e9gion pour trouver l'\u00e9quipe qui pourra vous aider.","breadcrumb":{"@id":"https:\/\/meva.net\/fr-nl\/nos-sites\/#breadcrumb"},"inLanguage":"fr-FR","potentialAction":[{"@type":"ReadAction","target":["https:\/\/meva.net\/fr-nl\/nos-sites\/"]}]},{"@type":"BreadcrumbList","@id":"https:\/\/meva.net\/fr-nl\/nos-sites\/#breadcrumb","itemListElement":[{"@type":"ListItem","position":1,"name":"Home","item":"https:\/\/meva.net\/fr-nl\/"},{"@type":"ListItem","position":2,"name":"Nos sites"}]},{"@type":"WebSite","@id":"https:\/\/meva.net\/fr-nl\/#website","url":"https:\/\/meva.net\/fr-nl\/","name":"MEVA Benelux (FR)","description":"","potentialAction":[{"@type":"SearchAction","target":{"@type":"EntryPoint","urlTemplate":"https:\/\/meva.net\/fr-nl\/?s={search_term_string}"},"query-input":"required name=search_term_string"}],"inLanguage":"fr-FR"}]}},"_links":{"self":[{"href":"https:\/\/meva.net\/fr-nl\/wp-json\/wp\/v2\/pages\/3859"}],"collection":[{"href":"https:\/\/meva.net\/fr-nl\/wp-json\/wp\/v2\/pages"}],"about":[{"href":"https:\/\/meva.net\/fr-nl\/wp-json\/wp\/v2\/types\/page"}],"author":[{"embeddable":true,"href":"https:\/\/meva.net\/fr-nl\/wp-json\/wp\/v2\/users\/1"}],"replies":[{"embeddable":true,"href":"https:\/\/meva.net\/fr-nl\/wp-json\/wp\/v2\/comments?post=3859"}],"version-history":[{"count":9,"href":"https:\/\/meva.net\/fr-nl\/wp-json\/wp\/v2\/pages\/3859\/revisions"}],"predecessor-version":[{"id":4819,"href":"https:\/\/meva.net\/fr-nl\/wp-json\/wp\/v2\/pages\/3859\/revisions\/4819"}],"wp:attachment":[{"href":"https:\/\/meva.net\/fr-nl\/wp-json\/wp\/v2\/media?parent=3859"}],"curies":[{"name":"wp","href":"https:\/\/api.w.org\/{rel}","templated":true}]}}