{"id":1114,"date":"2022-02-28T15:43:32","date_gmt":"2022-02-28T15:43:32","guid":{"rendered":"https:\/\/meva.net\/fr-nl\/?page_id=1114"},"modified":"2022-06-01T19:38:28","modified_gmt":"2022-06-01T18:38:28","slug":"premontage","status":"publish","type":"page","link":"https:\/\/meva.net\/fr-nl\/services\/premontage\/","title":{"rendered":"Pr\u00e9montage"},"content":{"rendered":"","protected":false},"excerpt":{"rendered":"<p>Gagnez du temps, augmentez votre productivit\u00e9 et assurez les meilleurs r\u00e9sultats de b\u00e9tonnage gr\u00e2ce \u00e0 l&rsquo;option de coffrage pr\u00e9-assembl\u00e9 hors site pour r\u00e9pondre \u00e0 vos besoins sp\u00e9cifiques.<\/p>\n","protected":false},"author":3,"featured_media":1115,"parent":1088,"menu_order":6,"comment_status":"closed","ping_status":"closed","template":"template-building-blocks-better.php","meta":[],"acf":[],"yoast_head":"<!-- This site is optimized with the Yoast SEO plugin v19.13 - https:\/\/yoast.com\/wordpress\/plugins\/seo\/ -->\n<title>Pr\u00e9montage - MEVA Benelux (FR)<\/title>\n<meta name=\"description\" content=\"Gagnez du temps, augmentez votre productivit\u00e9 et assurez les meilleurs r\u00e9sultats de b\u00e9tonnage gr\u00e2ce \u00e0 l&#039;option de coffrage pr\u00e9-assembl\u00e9 hors site pour r\u00e9pondre \u00e0 vos besoins sp\u00e9cifiques.\" \/>\n<meta name=\"robots\" content=\"index, follow, max-snippet:-1, max-image-preview:large, max-video-preview:-1\" \/>\n<link rel=\"canonical\" href=\"https:\/\/meva.net\/fr-nl\/services\/premontage\/\" \/>\n<meta property=\"og:locale\" content=\"fr_FR\" \/>\n<meta property=\"og:type\" content=\"article\" \/>\n<meta property=\"og:title\" content=\"Pr\u00e9montage - MEVA Benelux (FR)\" \/>\n<meta property=\"og:description\" content=\"Gagnez du temps, augmentez votre productivit\u00e9 et assurez les meilleurs r\u00e9sultats de b\u00e9tonnage gr\u00e2ce \u00e0 l&#039;option de coffrage pr\u00e9-assembl\u00e9 hors site pour r\u00e9pondre \u00e0 vos besoins sp\u00e9cifiques.\" \/>\n<meta property=\"og:url\" content=\"https:\/\/meva.net\/fr-nl\/services\/premontage\/\" \/>\n<meta property=\"og:site_name\" content=\"MEVA Benelux (FR)\" \/>\n<meta property=\"article:modified_time\" content=\"2022-06-01T18:38:28+00:00\" \/>\n<meta property=\"og:image\" content=\"https:\/\/meva.net\/fr-nl\/wp-content\/uploads\/sites\/28\/2022\/02\/Pre-Assembly-formwork.jpg\" \/>\n\t<meta property=\"og:image:width\" content=\"2500\" \/>\n\t<meta property=\"og:image:height\" content=\"1875\" \/>\n\t<meta property=\"og:image:type\" content=\"image\/jpeg\" \/>\n<meta name=\"twitter:card\" content=\"summary_large_image\" \/>\n<script type=\"application\/ld+json\" class=\"yoast-schema-graph\">{\"@context\":\"https:\/\/schema.org\",\"@graph\":[{\"@type\":\"WebPage\",\"@id\":\"https:\/\/meva.net\/fr-nl\/services\/premontage\/\",\"url\":\"https:\/\/meva.net\/fr-nl\/services\/premontage\/\",\"name\":\"Pr\u00e9montage - MEVA Benelux (FR)\",\"isPartOf\":{\"@id\":\"https:\/\/meva.net\/fr-nl\/#website\"},\"datePublished\":\"2022-02-28T15:43:32+00:00\",\"dateModified\":\"2022-06-01T18:38:28+00:00\",\"description\":\"Gagnez du temps, augmentez votre productivit\u00e9 et assurez les meilleurs r\u00e9sultats de b\u00e9tonnage gr\u00e2ce \u00e0 l'option de coffrage pr\u00e9-assembl\u00e9 hors site pour r\u00e9pondre \u00e0 vos besoins sp\u00e9cifiques.\",\"breadcrumb\":{\"@id\":\"https:\/\/meva.net\/fr-nl\/services\/premontage\/#breadcrumb\"},\"inLanguage\":\"fr-FR\",\"potentialAction\":[{\"@type\":\"ReadAction\",\"target\":[\"https:\/\/meva.net\/fr-nl\/services\/premontage\/\"]}]},{\"@type\":\"BreadcrumbList\",\"@id\":\"https:\/\/meva.net\/fr-nl\/services\/premontage\/#breadcrumb\",\"itemListElement\":[{\"@type\":\"ListItem\",\"position\":1,\"name\":\"Home\",\"item\":\"https:\/\/meva.net\/fr-nl\/\"},{\"@type\":\"ListItem\",\"position\":2,\"name\":\"Services\",\"item\":\"https:\/\/meva.net\/fr-nl\/services\/\"},{\"@type\":\"ListItem\",\"position\":3,\"name\":\"Pr\u00e9montage\"}]},{\"@type\":\"WebSite\",\"@id\":\"https:\/\/meva.net\/fr-nl\/#website\",\"url\":\"https:\/\/meva.net\/fr-nl\/\",\"name\":\"MEVA Benelux (FR)\",\"description\":\"\",\"potentialAction\":[{\"@type\":\"SearchAction\",\"target\":{\"@type\":\"EntryPoint\",\"urlTemplate\":\"https:\/\/meva.net\/fr-nl\/?s={search_term_string}\"},\"query-input\":\"required name=search_term_string\"}],\"inLanguage\":\"fr-FR\"}]}<\/script>\n<!-- \/ Yoast SEO plugin. -->","yoast_head_json":{"title":"Pr\u00e9montage - MEVA Benelux (FR)","description":"Gagnez du temps, augmentez votre productivit\u00e9 et assurez les meilleurs r\u00e9sultats de b\u00e9tonnage gr\u00e2ce \u00e0 l'option de coffrage pr\u00e9-assembl\u00e9 hors site pour r\u00e9pondre \u00e0 vos besoins sp\u00e9cifiques.","robots":{"index":"index","follow":"follow","max-snippet":"max-snippet:-1","max-image-preview":"max-image-preview:large","max-video-preview":"max-video-preview:-1"},"canonical":"https:\/\/meva.net\/fr-nl\/services\/premontage\/","og_locale":"fr_FR","og_type":"article","og_title":"Pr\u00e9montage - MEVA Benelux (FR)","og_description":"Gagnez du temps, augmentez votre productivit\u00e9 et assurez les meilleurs r\u00e9sultats de b\u00e9tonnage gr\u00e2ce \u00e0 l'option de coffrage pr\u00e9-assembl\u00e9 hors site pour r\u00e9pondre \u00e0 vos besoins sp\u00e9cifiques.","og_url":"https:\/\/meva.net\/fr-nl\/services\/premontage\/","og_site_name":"MEVA Benelux (FR)","article_modified_time":"2022-06-01T18:38:28+00:00","og_image":[{"width":2500,"height":1875,"url":"https:\/\/meva.net\/fr-nl\/wp-content\/uploads\/sites\/28\/2022\/02\/Pre-Assembly-formwork.jpg","type":"image\/jpeg"}],"twitter_card":"summary_large_image","schema":{"@context":"https:\/\/schema.org","@graph":[{"@type":"WebPage","@id":"https:\/\/meva.net\/fr-nl\/services\/premontage\/","url":"https:\/\/meva.net\/fr-nl\/services\/premontage\/","name":"Pr\u00e9montage - MEVA Benelux (FR)","isPartOf":{"@id":"https:\/\/meva.net\/fr-nl\/#website"},"datePublished":"2022-02-28T15:43:32+00:00","dateModified":"2022-06-01T18:38:28+00:00","description":"Gagnez du temps, augmentez votre productivit\u00e9 et assurez les meilleurs r\u00e9sultats de b\u00e9tonnage gr\u00e2ce \u00e0 l'option de coffrage pr\u00e9-assembl\u00e9 hors site pour r\u00e9pondre \u00e0 vos besoins sp\u00e9cifiques.","breadcrumb":{"@id":"https:\/\/meva.net\/fr-nl\/services\/premontage\/#breadcrumb"},"inLanguage":"fr-FR","potentialAction":[{"@type":"ReadAction","target":["https:\/\/meva.net\/fr-nl\/services\/premontage\/"]}]},{"@type":"BreadcrumbList","@id":"https:\/\/meva.net\/fr-nl\/services\/premontage\/#breadcrumb","itemListElement":[{"@type":"ListItem","position":1,"name":"Home","item":"https:\/\/meva.net\/fr-nl\/"},{"@type":"ListItem","position":2,"name":"Services","item":"https:\/\/meva.net\/fr-nl\/services\/"},{"@type":"ListItem","position":3,"name":"Pr\u00e9montage"}]},{"@type":"WebSite","@id":"https:\/\/meva.net\/fr-nl\/#website","url":"https:\/\/meva.net\/fr-nl\/","name":"MEVA Benelux (FR)","description":"","potentialAction":[{"@type":"SearchAction","target":{"@type":"EntryPoint","urlTemplate":"https:\/\/meva.net\/fr-nl\/?s={search_term_string}"},"query-input":"required name=search_term_string"}],"inLanguage":"fr-FR"}]}},"_links":{"self":[{"href":"https:\/\/meva.net\/fr-nl\/wp-json\/wp\/v2\/pages\/1114"}],"collection":[{"href":"https:\/\/meva.net\/fr-nl\/wp-json\/wp\/v2\/pages"}],"about":[{"href":"https:\/\/meva.net\/fr-nl\/wp-json\/wp\/v2\/types\/page"}],"author":[{"embeddable":true,"href":"https:\/\/meva.net\/fr-nl\/wp-json\/wp\/v2\/users\/3"}],"replies":[{"embeddable":true,"href":"https:\/\/meva.net\/fr-nl\/wp-json\/wp\/v2\/comments?post=1114"}],"version-history":[{"count":11,"href":"https:\/\/meva.net\/fr-nl\/wp-json\/wp\/v2\/pages\/1114\/revisions"}],"predecessor-version":[{"id":3888,"href":"https:\/\/meva.net\/fr-nl\/wp-json\/wp\/v2\/pages\/1114\/revisions\/3888"}],"up":[{"embeddable":true,"href":"https:\/\/meva.net\/fr-nl\/wp-json\/wp\/v2\/pages\/1088"}],"wp:featuredmedia":[{"embeddable":true,"href":"https:\/\/meva.net\/fr-nl\/wp-json\/wp\/v2\/media\/1115"}],"wp:attachment":[{"href":"https:\/\/meva.net\/fr-nl\/wp-json\/wp\/v2\/media?parent=1114"}],"curies":[{"name":"wp","href":"https:\/\/api.w.org\/{rel}","templated":true}]}}