{"id":3785,"date":"2022-05-16T22:54:52","date_gmt":"2022-05-16T21:54:52","guid":{"rendered":"https:\/\/meva.net\/fr-fr\/?page_id=3785"},"modified":"2025-11-18T14:38:40","modified_gmt":"2025-11-18T14:38:40","slug":"nos-sites","status":"publish","type":"page","link":"https:\/\/meva.net\/fr-fr\/nos-sites\/","title":{"rendered":"Nos sites"},"content":{"rendered":"","protected":false},"excerpt":{"rendered":"<p>Bienvenue \u00e0 MEVA dans le monde. Les solutions de coffrage MEVA sont repr\u00e9sent\u00e9es dans plus de 40 pays dans le monde. Visitez le site de votre r\u00e9gion pour trouver l&rsquo;\u00e9quipe qui pourra vous aider.<\/p>\n","protected":false},"author":1,"featured_media":0,"parent":0,"menu_order":0,"comment_status":"closed","ping_status":"closed","template":"template-global-locations.php","meta":[],"acf":[],"yoast_head":"<!-- This site is optimized with the Yoast SEO plugin v19.13 - https:\/\/yoast.com\/wordpress\/plugins\/seo\/ -->\n<title>Nos sites - MEVA France (FR)<\/title>\n<meta name=\"description\" content=\"Bienvenue \u00e0 MEVA dans le monde. Les solutions de coffrage MEVA sont repr\u00e9sent\u00e9es dans plus de 40 pays dans le monde. Visitez le site de votre r\u00e9gion pour trouver l&#039;\u00e9quipe qui pourra vous aider.\" \/>\n<meta name=\"robots\" content=\"index, follow, max-snippet:-1, max-image-preview:large, max-video-preview:-1\" \/>\n<link rel=\"canonical\" href=\"https:\/\/meva.net\/fr-fr\/nos-sites\/\" \/>\n<meta property=\"og:locale\" content=\"fr_FR\" \/>\n<meta property=\"og:type\" content=\"article\" \/>\n<meta property=\"og:title\" content=\"Nos sites - MEVA France (FR)\" \/>\n<meta property=\"og:description\" content=\"Bienvenue \u00e0 MEVA dans le monde. Les solutions de coffrage MEVA sont repr\u00e9sent\u00e9es dans plus de 40 pays dans le monde. Visitez le site de votre r\u00e9gion pour trouver l&#039;\u00e9quipe qui pourra vous aider.\" \/>\n<meta property=\"og:url\" content=\"https:\/\/meva.net\/fr-fr\/nos-sites\/\" \/>\n<meta property=\"og:site_name\" content=\"MEVA France (FR)\" \/>\n<meta property=\"article:modified_time\" content=\"2025-11-18T14:38:40+00:00\" \/>\n<meta name=\"twitter:card\" content=\"summary_large_image\" \/>\n<script type=\"application\/ld+json\" class=\"yoast-schema-graph\">{\"@context\":\"https:\/\/schema.org\",\"@graph\":[{\"@type\":\"WebPage\",\"@id\":\"https:\/\/meva.net\/fr-fr\/nos-sites\/\",\"url\":\"https:\/\/meva.net\/fr-fr\/nos-sites\/\",\"name\":\"Nos sites - MEVA France (FR)\",\"isPartOf\":{\"@id\":\"https:\/\/meva.net\/fr-fr\/#website\"},\"datePublished\":\"2022-05-16T21:54:52+00:00\",\"dateModified\":\"2025-11-18T14:38:40+00:00\",\"description\":\"Bienvenue \u00e0 MEVA dans le monde. Les solutions de coffrage MEVA sont repr\u00e9sent\u00e9es dans plus de 40 pays dans le monde. Visitez le site de votre r\u00e9gion pour trouver l'\u00e9quipe qui pourra vous aider.\",\"breadcrumb\":{\"@id\":\"https:\/\/meva.net\/fr-fr\/nos-sites\/#breadcrumb\"},\"inLanguage\":\"fr-FR\",\"potentialAction\":[{\"@type\":\"ReadAction\",\"target\":[\"https:\/\/meva.net\/fr-fr\/nos-sites\/\"]}]},{\"@type\":\"BreadcrumbList\",\"@id\":\"https:\/\/meva.net\/fr-fr\/nos-sites\/#breadcrumb\",\"itemListElement\":[{\"@type\":\"ListItem\",\"position\":1,\"name\":\"Home\",\"item\":\"https:\/\/meva.net\/fr-fr\/\"},{\"@type\":\"ListItem\",\"position\":2,\"name\":\"Nos sites\"}]},{\"@type\":\"WebSite\",\"@id\":\"https:\/\/meva.net\/fr-fr\/#website\",\"url\":\"https:\/\/meva.net\/fr-fr\/\",\"name\":\"MEVA France (FR)\",\"description\":\"Just another MEVA Sites site\",\"potentialAction\":[{\"@type\":\"SearchAction\",\"target\":{\"@type\":\"EntryPoint\",\"urlTemplate\":\"https:\/\/meva.net\/fr-fr\/?s={search_term_string}\"},\"query-input\":\"required name=search_term_string\"}],\"inLanguage\":\"fr-FR\"}]}<\/script>\n<!-- \/ Yoast SEO plugin. -->","yoast_head_json":{"title":"Nos sites - MEVA France (FR)","description":"Bienvenue \u00e0 MEVA dans le monde. Les solutions de coffrage MEVA sont repr\u00e9sent\u00e9es dans plus de 40 pays dans le monde. Visitez le site de votre r\u00e9gion pour trouver l'\u00e9quipe qui pourra vous aider.","robots":{"index":"index","follow":"follow","max-snippet":"max-snippet:-1","max-image-preview":"max-image-preview:large","max-video-preview":"max-video-preview:-1"},"canonical":"https:\/\/meva.net\/fr-fr\/nos-sites\/","og_locale":"fr_FR","og_type":"article","og_title":"Nos sites - MEVA France (FR)","og_description":"Bienvenue \u00e0 MEVA dans le monde. Les solutions de coffrage MEVA sont repr\u00e9sent\u00e9es dans plus de 40 pays dans le monde. Visitez le site de votre r\u00e9gion pour trouver l'\u00e9quipe qui pourra vous aider.","og_url":"https:\/\/meva.net\/fr-fr\/nos-sites\/","og_site_name":"MEVA France (FR)","article_modified_time":"2025-11-18T14:38:40+00:00","twitter_card":"summary_large_image","schema":{"@context":"https:\/\/schema.org","@graph":[{"@type":"WebPage","@id":"https:\/\/meva.net\/fr-fr\/nos-sites\/","url":"https:\/\/meva.net\/fr-fr\/nos-sites\/","name":"Nos sites - MEVA France (FR)","isPartOf":{"@id":"https:\/\/meva.net\/fr-fr\/#website"},"datePublished":"2022-05-16T21:54:52+00:00","dateModified":"2025-11-18T14:38:40+00:00","description":"Bienvenue \u00e0 MEVA dans le monde. Les solutions de coffrage MEVA sont repr\u00e9sent\u00e9es dans plus de 40 pays dans le monde. Visitez le site de votre r\u00e9gion pour trouver l'\u00e9quipe qui pourra vous aider.","breadcrumb":{"@id":"https:\/\/meva.net\/fr-fr\/nos-sites\/#breadcrumb"},"inLanguage":"fr-FR","potentialAction":[{"@type":"ReadAction","target":["https:\/\/meva.net\/fr-fr\/nos-sites\/"]}]},{"@type":"BreadcrumbList","@id":"https:\/\/meva.net\/fr-fr\/nos-sites\/#breadcrumb","itemListElement":[{"@type":"ListItem","position":1,"name":"Home","item":"https:\/\/meva.net\/fr-fr\/"},{"@type":"ListItem","position":2,"name":"Nos sites"}]},{"@type":"WebSite","@id":"https:\/\/meva.net\/fr-fr\/#website","url":"https:\/\/meva.net\/fr-fr\/","name":"MEVA France (FR)","description":"Just another MEVA Sites site","potentialAction":[{"@type":"SearchAction","target":{"@type":"EntryPoint","urlTemplate":"https:\/\/meva.net\/fr-fr\/?s={search_term_string}"},"query-input":"required name=search_term_string"}],"inLanguage":"fr-FR"}]}},"_links":{"self":[{"href":"https:\/\/meva.net\/fr-fr\/wp-json\/wp\/v2\/pages\/3785"}],"collection":[{"href":"https:\/\/meva.net\/fr-fr\/wp-json\/wp\/v2\/pages"}],"about":[{"href":"https:\/\/meva.net\/fr-fr\/wp-json\/wp\/v2\/types\/page"}],"author":[{"embeddable":true,"href":"https:\/\/meva.net\/fr-fr\/wp-json\/wp\/v2\/users\/1"}],"replies":[{"embeddable":true,"href":"https:\/\/meva.net\/fr-fr\/wp-json\/wp\/v2\/comments?post=3785"}],"version-history":[{"count":16,"href":"https:\/\/meva.net\/fr-fr\/wp-json\/wp\/v2\/pages\/3785\/revisions"}],"predecessor-version":[{"id":5145,"href":"https:\/\/meva.net\/fr-fr\/wp-json\/wp\/v2\/pages\/3785\/revisions\/5145"}],"wp:attachment":[{"href":"https:\/\/meva.net\/fr-fr\/wp-json\/wp\/v2\/media?parent=3785"}],"curies":[{"name":"wp","href":"https:\/\/api.w.org\/{rel}","templated":true}]}}