{"id":3494,"date":"2022-04-14T15:53:36","date_gmt":"2022-04-14T14:53:36","guid":{"rendered":"https:\/\/meva.net\/fr-fr\/?page_id=3494"},"modified":"2022-05-11T11:22:59","modified_gmt":"2022-05-11T10:22:59","slug":"calculateur-pression-du-beton-frais","status":"publish","type":"page","link":"https:\/\/meva.net\/fr-fr\/outils\/calculateur-pression-du-beton-frais\/","title":{"rendered":"Calculateur pression du b\u00e9ton frais"},"content":{"rendered":"","protected":false},"excerpt":{"rendered":"<p>L&rsquo;outil de calcul de r\u00e9-\u00e9tayage en ligne de MEVA permet de d\u00e9terminer le nombre d&rsquo;\u00e9tais n\u00e9cessaires par m\u00b2 de dalle. L&rsquo;outil prend \u00e9galement en compte la charge morte et la charge de travail pendant la construction ainsi que les diff\u00e9rentes cat\u00e9gories d&rsquo;\u00e9tais selon la norme europ\u00e9enne DIN EN 1065.<\/p>\n","protected":false},"author":1,"featured_media":3495,"parent":3490,"menu_order":0,"comment_status":"closed","ping_status":"closed","template":"template-calculator-pressure.php","meta":[],"acf":[],"yoast_head":"<!-- This site is optimized with the Yoast SEO plugin v19.13 - https:\/\/yoast.com\/wordpress\/plugins\/seo\/ -->\n<title>Calculateur pression du b\u00e9ton frais - MEVA France (FR)<\/title>\n<meta name=\"description\" content=\"L&#039;outil de calcul de r\u00e9-\u00e9tayage en ligne de MEVA permet de d\u00e9terminer le nombre d&#039;\u00e9tais n\u00e9cessaires par m\u00b2 de dalle. L&#039;outil prend \u00e9galement en compte la charge morte et la charge de travail pendant la construction ainsi que les diff\u00e9rentes cat\u00e9gories d&#039;\u00e9tais selon la norme europ\u00e9enne DIN EN 1065.\" \/>\n<meta name=\"robots\" content=\"index, follow, max-snippet:-1, max-image-preview:large, max-video-preview:-1\" \/>\n<link rel=\"canonical\" href=\"https:\/\/meva.net\/fr-fr\/outils\/calculateur-pression-du-beton-frais\/\" \/>\n<meta property=\"og:locale\" content=\"fr_FR\" \/>\n<meta property=\"og:type\" content=\"article\" \/>\n<meta property=\"og:title\" content=\"Calculateur pression du b\u00e9ton frais - MEVA France (FR)\" \/>\n<meta property=\"og:description\" content=\"L&#039;outil de calcul de r\u00e9-\u00e9tayage en ligne de MEVA permet de d\u00e9terminer le nombre d&#039;\u00e9tais n\u00e9cessaires par m\u00b2 de dalle. L&#039;outil prend \u00e9galement en compte la charge morte et la charge de travail pendant la construction ainsi que les diff\u00e9rentes cat\u00e9gories d&#039;\u00e9tais selon la norme europ\u00e9enne DIN EN 1065.\" \/>\n<meta property=\"og:url\" content=\"https:\/\/meva.net\/fr-fr\/outils\/calculateur-pression-du-beton-frais\/\" \/>\n<meta property=\"og:site_name\" content=\"MEVA France (FR)\" \/>\n<meta property=\"article:modified_time\" content=\"2022-05-11T10:22:59+00:00\" \/>\n<meta property=\"og:image\" content=\"https:\/\/meva.net\/fr-fr\/wp-content\/uploads\/sites\/7\/2022\/04\/meva-reshoring-calculator-feature.jpg\" \/>\n\t<meta property=\"og:image:width\" content=\"2560\" \/>\n\t<meta property=\"og:image:height\" content=\"1711\" \/>\n\t<meta property=\"og:image:type\" content=\"image\/jpeg\" \/>\n<meta name=\"twitter:card\" content=\"summary_large_image\" \/>\n<script type=\"application\/ld+json\" class=\"yoast-schema-graph\">{\"@context\":\"https:\/\/schema.org\",\"@graph\":[{\"@type\":\"WebPage\",\"@id\":\"https:\/\/meva.net\/fr-fr\/outils\/calculateur-pression-du-beton-frais\/\",\"url\":\"https:\/\/meva.net\/fr-fr\/outils\/calculateur-pression-du-beton-frais\/\",\"name\":\"Calculateur pression du b\u00e9ton frais - MEVA France (FR)\",\"isPartOf\":{\"@id\":\"https:\/\/meva.net\/fr-fr\/#website\"},\"datePublished\":\"2022-04-14T14:53:36+00:00\",\"dateModified\":\"2022-05-11T10:22:59+00:00\",\"description\":\"L'outil de calcul de r\u00e9-\u00e9tayage en ligne de MEVA permet de d\u00e9terminer le nombre d'\u00e9tais n\u00e9cessaires par m\u00b2 de dalle. L'outil prend \u00e9galement en compte la charge morte et la charge de travail pendant la construction ainsi que les diff\u00e9rentes cat\u00e9gories d'\u00e9tais selon la norme europ\u00e9enne DIN EN 1065.\",\"breadcrumb\":{\"@id\":\"https:\/\/meva.net\/fr-fr\/outils\/calculateur-pression-du-beton-frais\/#breadcrumb\"},\"inLanguage\":\"fr-FR\",\"potentialAction\":[{\"@type\":\"ReadAction\",\"target\":[\"https:\/\/meva.net\/fr-fr\/outils\/calculateur-pression-du-beton-frais\/\"]}]},{\"@type\":\"BreadcrumbList\",\"@id\":\"https:\/\/meva.net\/fr-fr\/outils\/calculateur-pression-du-beton-frais\/#breadcrumb\",\"itemListElement\":[{\"@type\":\"ListItem\",\"position\":1,\"name\":\"Home\",\"item\":\"https:\/\/meva.net\/fr-fr\/\"},{\"@type\":\"ListItem\",\"position\":2,\"name\":\"Outils\",\"item\":\"https:\/\/meva.net\/fr-fr\/outils\/\"},{\"@type\":\"ListItem\",\"position\":3,\"name\":\"Calculateur pression du b\u00e9ton frais\"}]},{\"@type\":\"WebSite\",\"@id\":\"https:\/\/meva.net\/fr-fr\/#website\",\"url\":\"https:\/\/meva.net\/fr-fr\/\",\"name\":\"MEVA France (FR)\",\"description\":\"Just another MEVA Sites site\",\"potentialAction\":[{\"@type\":\"SearchAction\",\"target\":{\"@type\":\"EntryPoint\",\"urlTemplate\":\"https:\/\/meva.net\/fr-fr\/?s={search_term_string}\"},\"query-input\":\"required name=search_term_string\"}],\"inLanguage\":\"fr-FR\"}]}<\/script>\n<!-- \/ Yoast SEO plugin. -->","yoast_head_json":{"title":"Calculateur pression du b\u00e9ton frais - MEVA France (FR)","description":"L'outil de calcul de r\u00e9-\u00e9tayage en ligne de MEVA permet de d\u00e9terminer le nombre d'\u00e9tais n\u00e9cessaires par m\u00b2 de dalle. L'outil prend \u00e9galement en compte la charge morte et la charge de travail pendant la construction ainsi que les diff\u00e9rentes cat\u00e9gories d'\u00e9tais selon la norme europ\u00e9enne DIN EN 1065.","robots":{"index":"index","follow":"follow","max-snippet":"max-snippet:-1","max-image-preview":"max-image-preview:large","max-video-preview":"max-video-preview:-1"},"canonical":"https:\/\/meva.net\/fr-fr\/outils\/calculateur-pression-du-beton-frais\/","og_locale":"fr_FR","og_type":"article","og_title":"Calculateur pression du b\u00e9ton frais - MEVA France (FR)","og_description":"L'outil de calcul de r\u00e9-\u00e9tayage en ligne de MEVA permet de d\u00e9terminer le nombre d'\u00e9tais n\u00e9cessaires par m\u00b2 de dalle. L'outil prend \u00e9galement en compte la charge morte et la charge de travail pendant la construction ainsi que les diff\u00e9rentes cat\u00e9gories d'\u00e9tais selon la norme europ\u00e9enne DIN EN 1065.","og_url":"https:\/\/meva.net\/fr-fr\/outils\/calculateur-pression-du-beton-frais\/","og_site_name":"MEVA France (FR)","article_modified_time":"2022-05-11T10:22:59+00:00","og_image":[{"width":2560,"height":1711,"url":"https:\/\/meva.net\/fr-fr\/wp-content\/uploads\/sites\/7\/2022\/04\/meva-reshoring-calculator-feature.jpg","type":"image\/jpeg"}],"twitter_card":"summary_large_image","schema":{"@context":"https:\/\/schema.org","@graph":[{"@type":"WebPage","@id":"https:\/\/meva.net\/fr-fr\/outils\/calculateur-pression-du-beton-frais\/","url":"https:\/\/meva.net\/fr-fr\/outils\/calculateur-pression-du-beton-frais\/","name":"Calculateur pression du b\u00e9ton frais - MEVA France (FR)","isPartOf":{"@id":"https:\/\/meva.net\/fr-fr\/#website"},"datePublished":"2022-04-14T14:53:36+00:00","dateModified":"2022-05-11T10:22:59+00:00","description":"L'outil de calcul de r\u00e9-\u00e9tayage en ligne de MEVA permet de d\u00e9terminer le nombre d'\u00e9tais n\u00e9cessaires par m\u00b2 de dalle. L'outil prend \u00e9galement en compte la charge morte et la charge de travail pendant la construction ainsi que les diff\u00e9rentes cat\u00e9gories d'\u00e9tais selon la norme europ\u00e9enne DIN EN 1065.","breadcrumb":{"@id":"https:\/\/meva.net\/fr-fr\/outils\/calculateur-pression-du-beton-frais\/#breadcrumb"},"inLanguage":"fr-FR","potentialAction":[{"@type":"ReadAction","target":["https:\/\/meva.net\/fr-fr\/outils\/calculateur-pression-du-beton-frais\/"]}]},{"@type":"BreadcrumbList","@id":"https:\/\/meva.net\/fr-fr\/outils\/calculateur-pression-du-beton-frais\/#breadcrumb","itemListElement":[{"@type":"ListItem","position":1,"name":"Home","item":"https:\/\/meva.net\/fr-fr\/"},{"@type":"ListItem","position":2,"name":"Outils","item":"https:\/\/meva.net\/fr-fr\/outils\/"},{"@type":"ListItem","position":3,"name":"Calculateur pression du b\u00e9ton frais"}]},{"@type":"WebSite","@id":"https:\/\/meva.net\/fr-fr\/#website","url":"https:\/\/meva.net\/fr-fr\/","name":"MEVA France (FR)","description":"Just another MEVA Sites site","potentialAction":[{"@type":"SearchAction","target":{"@type":"EntryPoint","urlTemplate":"https:\/\/meva.net\/fr-fr\/?s={search_term_string}"},"query-input":"required name=search_term_string"}],"inLanguage":"fr-FR"}]}},"_links":{"self":[{"href":"https:\/\/meva.net\/fr-fr\/wp-json\/wp\/v2\/pages\/3494"}],"collection":[{"href":"https:\/\/meva.net\/fr-fr\/wp-json\/wp\/v2\/pages"}],"about":[{"href":"https:\/\/meva.net\/fr-fr\/wp-json\/wp\/v2\/types\/page"}],"author":[{"embeddable":true,"href":"https:\/\/meva.net\/fr-fr\/wp-json\/wp\/v2\/users\/1"}],"replies":[{"embeddable":true,"href":"https:\/\/meva.net\/fr-fr\/wp-json\/wp\/v2\/comments?post=3494"}],"version-history":[{"count":3,"href":"https:\/\/meva.net\/fr-fr\/wp-json\/wp\/v2\/pages\/3494\/revisions"}],"predecessor-version":[{"id":3542,"href":"https:\/\/meva.net\/fr-fr\/wp-json\/wp\/v2\/pages\/3494\/revisions\/3542"}],"up":[{"embeddable":true,"href":"https:\/\/meva.net\/fr-fr\/wp-json\/wp\/v2\/pages\/3490"}],"wp:featuredmedia":[{"embeddable":true,"href":"https:\/\/meva.net\/fr-fr\/wp-json\/wp\/v2\/media\/3495"}],"wp:attachment":[{"href":"https:\/\/meva.net\/fr-fr\/wp-json\/wp\/v2\/media?parent=3494"}],"curies":[{"name":"wp","href":"https:\/\/api.w.org\/{rel}","templated":true}]}}