{"id":1111,"date":"2022-02-28T15:42:25","date_gmt":"2022-02-28T15:42:25","guid":{"rendered":"https:\/\/meva.net\/fr-fr\/?page_id=1111"},"modified":"2022-05-25T11:33:25","modified_gmt":"2022-05-25T10:33:25","slug":"location","status":"publish","type":"page","link":"https:\/\/meva.net\/fr-fr\/services\/location\/","title":{"rendered":"Location"},"content":{"rendered":"","protected":false},"excerpt":{"rendered":"<p>Le service de location de coffrages MEVA vous permet de rester flexible, sans immobiliser de capital ni prendre de risques d&rsquo;investissement.<\/p>\n","protected":false},"author":3,"featured_media":1112,"parent":1088,"menu_order":6,"comment_status":"closed","ping_status":"closed","template":"template-building-blocks-better.php","meta":[],"acf":[],"yoast_head":"<!-- This site is optimized with the Yoast SEO plugin v19.13 - https:\/\/yoast.com\/wordpress\/plugins\/seo\/ -->\n<title>Location - MEVA France (FR)<\/title>\n<meta name=\"description\" content=\"Les options de location de coffrage comp\u00e9titives propos\u00e9es par MEVA Formwork Systems constituent une alternative abordable \u00e0 l&#039;achat de coffrages en aluminium ou en plastique.\" \/>\n<meta name=\"robots\" content=\"index, follow, max-snippet:-1, max-image-preview:large, max-video-preview:-1\" \/>\n<link rel=\"canonical\" href=\"https:\/\/meva.net\/fr-fr\/services\/location\/\" \/>\n<meta property=\"og:locale\" content=\"fr_FR\" \/>\n<meta property=\"og:type\" content=\"article\" \/>\n<meta property=\"og:title\" content=\"Location - MEVA France (FR)\" \/>\n<meta property=\"og:description\" content=\"Les options de location de coffrage comp\u00e9titives propos\u00e9es par MEVA Formwork Systems constituent une alternative abordable \u00e0 l&#039;achat de coffrages en aluminium ou en plastique.\" \/>\n<meta property=\"og:url\" content=\"https:\/\/meva.net\/fr-fr\/services\/location\/\" \/>\n<meta property=\"og:site_name\" content=\"MEVA France (FR)\" \/>\n<meta property=\"article:modified_time\" content=\"2022-05-25T10:33:25+00:00\" \/>\n<meta property=\"og:image\" content=\"https:\/\/meva.net\/fr-fr\/wp-content\/uploads\/sites\/7\/2022\/02\/rental-formwork-supplied-by-meva-scaled-1.jpg\" \/>\n\t<meta property=\"og:image:width\" content=\"2560\" \/>\n\t<meta property=\"og:image:height\" content=\"1920\" \/>\n\t<meta property=\"og:image:type\" content=\"image\/jpeg\" \/>\n<meta name=\"twitter:card\" content=\"summary_large_image\" \/>\n<script type=\"application\/ld+json\" class=\"yoast-schema-graph\">{\"@context\":\"https:\/\/schema.org\",\"@graph\":[{\"@type\":\"WebPage\",\"@id\":\"https:\/\/meva.net\/fr-fr\/services\/location\/\",\"url\":\"https:\/\/meva.net\/fr-fr\/services\/location\/\",\"name\":\"Location - MEVA France (FR)\",\"isPartOf\":{\"@id\":\"https:\/\/meva.net\/fr-fr\/#website\"},\"datePublished\":\"2022-02-28T15:42:25+00:00\",\"dateModified\":\"2022-05-25T10:33:25+00:00\",\"description\":\"Les options de location de coffrage comp\u00e9titives propos\u00e9es par MEVA Formwork Systems constituent une alternative abordable \u00e0 l'achat de coffrages en aluminium ou en plastique.\",\"breadcrumb\":{\"@id\":\"https:\/\/meva.net\/fr-fr\/services\/location\/#breadcrumb\"},\"inLanguage\":\"fr-FR\",\"potentialAction\":[{\"@type\":\"ReadAction\",\"target\":[\"https:\/\/meva.net\/fr-fr\/services\/location\/\"]}]},{\"@type\":\"BreadcrumbList\",\"@id\":\"https:\/\/meva.net\/fr-fr\/services\/location\/#breadcrumb\",\"itemListElement\":[{\"@type\":\"ListItem\",\"position\":1,\"name\":\"Home\",\"item\":\"https:\/\/meva.net\/fr-fr\/\"},{\"@type\":\"ListItem\",\"position\":2,\"name\":\"Services\",\"item\":\"https:\/\/meva.net\/fr-fr\/services\/\"},{\"@type\":\"ListItem\",\"position\":3,\"name\":\"Location\"}]},{\"@type\":\"WebSite\",\"@id\":\"https:\/\/meva.net\/fr-fr\/#website\",\"url\":\"https:\/\/meva.net\/fr-fr\/\",\"name\":\"MEVA France (FR)\",\"description\":\"Just another MEVA Sites site\",\"potentialAction\":[{\"@type\":\"SearchAction\",\"target\":{\"@type\":\"EntryPoint\",\"urlTemplate\":\"https:\/\/meva.net\/fr-fr\/?s={search_term_string}\"},\"query-input\":\"required name=search_term_string\"}],\"inLanguage\":\"fr-FR\"}]}<\/script>\n<!-- \/ Yoast SEO plugin. -->","yoast_head_json":{"title":"Location - MEVA France (FR)","description":"Les options de location de coffrage comp\u00e9titives propos\u00e9es par MEVA Formwork Systems constituent une alternative abordable \u00e0 l'achat de coffrages en aluminium ou en plastique.","robots":{"index":"index","follow":"follow","max-snippet":"max-snippet:-1","max-image-preview":"max-image-preview:large","max-video-preview":"max-video-preview:-1"},"canonical":"https:\/\/meva.net\/fr-fr\/services\/location\/","og_locale":"fr_FR","og_type":"article","og_title":"Location - MEVA France (FR)","og_description":"Les options de location de coffrage comp\u00e9titives propos\u00e9es par MEVA Formwork Systems constituent une alternative abordable \u00e0 l'achat de coffrages en aluminium ou en plastique.","og_url":"https:\/\/meva.net\/fr-fr\/services\/location\/","og_site_name":"MEVA France (FR)","article_modified_time":"2022-05-25T10:33:25+00:00","og_image":[{"width":2560,"height":1920,"url":"https:\/\/meva.net\/fr-fr\/wp-content\/uploads\/sites\/7\/2022\/02\/rental-formwork-supplied-by-meva-scaled-1.jpg","type":"image\/jpeg"}],"twitter_card":"summary_large_image","schema":{"@context":"https:\/\/schema.org","@graph":[{"@type":"WebPage","@id":"https:\/\/meva.net\/fr-fr\/services\/location\/","url":"https:\/\/meva.net\/fr-fr\/services\/location\/","name":"Location - MEVA France (FR)","isPartOf":{"@id":"https:\/\/meva.net\/fr-fr\/#website"},"datePublished":"2022-02-28T15:42:25+00:00","dateModified":"2022-05-25T10:33:25+00:00","description":"Les options de location de coffrage comp\u00e9titives propos\u00e9es par MEVA Formwork Systems constituent une alternative abordable \u00e0 l'achat de coffrages en aluminium ou en plastique.","breadcrumb":{"@id":"https:\/\/meva.net\/fr-fr\/services\/location\/#breadcrumb"},"inLanguage":"fr-FR","potentialAction":[{"@type":"ReadAction","target":["https:\/\/meva.net\/fr-fr\/services\/location\/"]}]},{"@type":"BreadcrumbList","@id":"https:\/\/meva.net\/fr-fr\/services\/location\/#breadcrumb","itemListElement":[{"@type":"ListItem","position":1,"name":"Home","item":"https:\/\/meva.net\/fr-fr\/"},{"@type":"ListItem","position":2,"name":"Services","item":"https:\/\/meva.net\/fr-fr\/services\/"},{"@type":"ListItem","position":3,"name":"Location"}]},{"@type":"WebSite","@id":"https:\/\/meva.net\/fr-fr\/#website","url":"https:\/\/meva.net\/fr-fr\/","name":"MEVA France (FR)","description":"Just another MEVA Sites site","potentialAction":[{"@type":"SearchAction","target":{"@type":"EntryPoint","urlTemplate":"https:\/\/meva.net\/fr-fr\/?s={search_term_string}"},"query-input":"required name=search_term_string"}],"inLanguage":"fr-FR"}]}},"_links":{"self":[{"href":"https:\/\/meva.net\/fr-fr\/wp-json\/wp\/v2\/pages\/1111"}],"collection":[{"href":"https:\/\/meva.net\/fr-fr\/wp-json\/wp\/v2\/pages"}],"about":[{"href":"https:\/\/meva.net\/fr-fr\/wp-json\/wp\/v2\/types\/page"}],"author":[{"embeddable":true,"href":"https:\/\/meva.net\/fr-fr\/wp-json\/wp\/v2\/users\/3"}],"replies":[{"embeddable":true,"href":"https:\/\/meva.net\/fr-fr\/wp-json\/wp\/v2\/comments?post=1111"}],"version-history":[{"count":15,"href":"https:\/\/meva.net\/fr-fr\/wp-json\/wp\/v2\/pages\/1111\/revisions"}],"predecessor-version":[{"id":3814,"href":"https:\/\/meva.net\/fr-fr\/wp-json\/wp\/v2\/pages\/1111\/revisions\/3814"}],"up":[{"embeddable":true,"href":"https:\/\/meva.net\/fr-fr\/wp-json\/wp\/v2\/pages\/1088"}],"wp:featuredmedia":[{"embeddable":true,"href":"https:\/\/meva.net\/fr-fr\/wp-json\/wp\/v2\/media\/1112"}],"wp:attachment":[{"href":"https:\/\/meva.net\/fr-fr\/wp-json\/wp\/v2\/media?parent=1111"}],"curies":[{"name":"wp","href":"https:\/\/api.w.org\/{rel}","templated":true}]}}