{"id":1102,"date":"2022-02-28T15:45:28","date_gmt":"2022-02-28T15:45:28","guid":{"rendered":"https:\/\/meva.net\/fr-fr\/?page_id=1102"},"modified":"2022-05-25T13:30:29","modified_gmt":"2022-05-25T12:30:29","slug":"academy","status":"publish","type":"page","link":"https:\/\/meva.net\/fr-fr\/services\/academy\/","title":{"rendered":"Academy"},"content":{"rendered":"","protected":false},"excerpt":{"rendered":"<p>La MEVA Academy offre une formation et un soutien techniques et pratiques sur des sujets tels que les applications des syst\u00e8mes de coffrage et les exigences de s\u00e9curit\u00e9, avec des options de d\u00e9veloppement professionnel continu (CPD).<\/p>\n","protected":false},"author":3,"featured_media":1104,"parent":1088,"menu_order":6,"comment_status":"closed","ping_status":"closed","template":"template-building-blocks-better.php","meta":[],"acf":[],"yoast_head":"<!-- This site is optimized with the Yoast SEO plugin v19.13 - https:\/\/yoast.com\/wordpress\/plugins\/seo\/ -->\n<title>Academy - MEVA France (FR)<\/title>\n<meta name=\"description\" content=\"The MEVA Academy provides technical, hands on training and support to the formwork and construction industries on topics such as formwork system applications and safety requirements\" \/>\n<meta name=\"robots\" content=\"index, follow, max-snippet:-1, max-image-preview:large, max-video-preview:-1\" \/>\n<link rel=\"canonical\" href=\"https:\/\/meva.net\/fr-fr\/services\/academy\/\" \/>\n<meta property=\"og:locale\" content=\"fr_FR\" \/>\n<meta property=\"og:type\" content=\"article\" \/>\n<meta property=\"og:title\" content=\"Academy - MEVA France (FR)\" \/>\n<meta property=\"og:description\" content=\"The MEVA Academy provides technical, hands on training and support to the formwork and construction industries on topics such as formwork system applications and safety requirements\" \/>\n<meta property=\"og:url\" content=\"https:\/\/meva.net\/fr-fr\/services\/academy\/\" \/>\n<meta property=\"og:site_name\" content=\"MEVA France (FR)\" \/>\n<meta property=\"article:modified_time\" content=\"2022-05-25T12:30:29+00:00\" \/>\n<meta property=\"og:image\" content=\"https:\/\/meva.net\/fr-fr\/wp-content\/uploads\/sites\/7\/2022\/02\/MEVA-formwork-Academy-Training-1.jpg\" \/>\n\t<meta property=\"og:image:width\" content=\"2500\" \/>\n\t<meta property=\"og:image:height\" content=\"1667\" \/>\n\t<meta property=\"og:image:type\" content=\"image\/jpeg\" \/>\n<meta name=\"twitter:card\" content=\"summary_large_image\" \/>\n<script type=\"application\/ld+json\" class=\"yoast-schema-graph\">{\"@context\":\"https:\/\/schema.org\",\"@graph\":[{\"@type\":\"WebPage\",\"@id\":\"https:\/\/meva.net\/fr-fr\/services\/academy\/\",\"url\":\"https:\/\/meva.net\/fr-fr\/services\/academy\/\",\"name\":\"Academy - MEVA France (FR)\",\"isPartOf\":{\"@id\":\"https:\/\/meva.net\/fr-fr\/#website\"},\"datePublished\":\"2022-02-28T15:45:28+00:00\",\"dateModified\":\"2022-05-25T12:30:29+00:00\",\"description\":\"The MEVA Academy provides technical, hands on training and support to the formwork and construction industries on topics such as formwork system applications and safety requirements\",\"breadcrumb\":{\"@id\":\"https:\/\/meva.net\/fr-fr\/services\/academy\/#breadcrumb\"},\"inLanguage\":\"fr-FR\",\"potentialAction\":[{\"@type\":\"ReadAction\",\"target\":[\"https:\/\/meva.net\/fr-fr\/services\/academy\/\"]}]},{\"@type\":\"BreadcrumbList\",\"@id\":\"https:\/\/meva.net\/fr-fr\/services\/academy\/#breadcrumb\",\"itemListElement\":[{\"@type\":\"ListItem\",\"position\":1,\"name\":\"Home\",\"item\":\"https:\/\/meva.net\/fr-fr\/\"},{\"@type\":\"ListItem\",\"position\":2,\"name\":\"Services\",\"item\":\"https:\/\/meva.net\/fr-fr\/services\/\"},{\"@type\":\"ListItem\",\"position\":3,\"name\":\"Academy\"}]},{\"@type\":\"WebSite\",\"@id\":\"https:\/\/meva.net\/fr-fr\/#website\",\"url\":\"https:\/\/meva.net\/fr-fr\/\",\"name\":\"MEVA France (FR)\",\"description\":\"Just another MEVA Sites site\",\"potentialAction\":[{\"@type\":\"SearchAction\",\"target\":{\"@type\":\"EntryPoint\",\"urlTemplate\":\"https:\/\/meva.net\/fr-fr\/?s={search_term_string}\"},\"query-input\":\"required name=search_term_string\"}],\"inLanguage\":\"fr-FR\"}]}<\/script>\n<!-- \/ Yoast SEO plugin. -->","yoast_head_json":{"title":"Academy - MEVA France (FR)","description":"The MEVA Academy provides technical, hands on training and support to the formwork and construction industries on topics such as formwork system applications and safety requirements","robots":{"index":"index","follow":"follow","max-snippet":"max-snippet:-1","max-image-preview":"max-image-preview:large","max-video-preview":"max-video-preview:-1"},"canonical":"https:\/\/meva.net\/fr-fr\/services\/academy\/","og_locale":"fr_FR","og_type":"article","og_title":"Academy - MEVA France (FR)","og_description":"The MEVA Academy provides technical, hands on training and support to the formwork and construction industries on topics such as formwork system applications and safety requirements","og_url":"https:\/\/meva.net\/fr-fr\/services\/academy\/","og_site_name":"MEVA France (FR)","article_modified_time":"2022-05-25T12:30:29+00:00","og_image":[{"width":2500,"height":1667,"url":"https:\/\/meva.net\/fr-fr\/wp-content\/uploads\/sites\/7\/2022\/02\/MEVA-formwork-Academy-Training-1.jpg","type":"image\/jpeg"}],"twitter_card":"summary_large_image","schema":{"@context":"https:\/\/schema.org","@graph":[{"@type":"WebPage","@id":"https:\/\/meva.net\/fr-fr\/services\/academy\/","url":"https:\/\/meva.net\/fr-fr\/services\/academy\/","name":"Academy - MEVA France (FR)","isPartOf":{"@id":"https:\/\/meva.net\/fr-fr\/#website"},"datePublished":"2022-02-28T15:45:28+00:00","dateModified":"2022-05-25T12:30:29+00:00","description":"The MEVA Academy provides technical, hands on training and support to the formwork and construction industries on topics such as formwork system applications and safety requirements","breadcrumb":{"@id":"https:\/\/meva.net\/fr-fr\/services\/academy\/#breadcrumb"},"inLanguage":"fr-FR","potentialAction":[{"@type":"ReadAction","target":["https:\/\/meva.net\/fr-fr\/services\/academy\/"]}]},{"@type":"BreadcrumbList","@id":"https:\/\/meva.net\/fr-fr\/services\/academy\/#breadcrumb","itemListElement":[{"@type":"ListItem","position":1,"name":"Home","item":"https:\/\/meva.net\/fr-fr\/"},{"@type":"ListItem","position":2,"name":"Services","item":"https:\/\/meva.net\/fr-fr\/services\/"},{"@type":"ListItem","position":3,"name":"Academy"}]},{"@type":"WebSite","@id":"https:\/\/meva.net\/fr-fr\/#website","url":"https:\/\/meva.net\/fr-fr\/","name":"MEVA France (FR)","description":"Just another MEVA Sites site","potentialAction":[{"@type":"SearchAction","target":{"@type":"EntryPoint","urlTemplate":"https:\/\/meva.net\/fr-fr\/?s={search_term_string}"},"query-input":"required name=search_term_string"}],"inLanguage":"fr-FR"}]}},"_links":{"self":[{"href":"https:\/\/meva.net\/fr-fr\/wp-json\/wp\/v2\/pages\/1102"}],"collection":[{"href":"https:\/\/meva.net\/fr-fr\/wp-json\/wp\/v2\/pages"}],"about":[{"href":"https:\/\/meva.net\/fr-fr\/wp-json\/wp\/v2\/types\/page"}],"author":[{"embeddable":true,"href":"https:\/\/meva.net\/fr-fr\/wp-json\/wp\/v2\/users\/3"}],"replies":[{"embeddable":true,"href":"https:\/\/meva.net\/fr-fr\/wp-json\/wp\/v2\/comments?post=1102"}],"version-history":[{"count":13,"href":"https:\/\/meva.net\/fr-fr\/wp-json\/wp\/v2\/pages\/1102\/revisions"}],"predecessor-version":[{"id":3827,"href":"https:\/\/meva.net\/fr-fr\/wp-json\/wp\/v2\/pages\/1102\/revisions\/3827"}],"up":[{"embeddable":true,"href":"https:\/\/meva.net\/fr-fr\/wp-json\/wp\/v2\/pages\/1088"}],"wp:featuredmedia":[{"embeddable":true,"href":"https:\/\/meva.net\/fr-fr\/wp-json\/wp\/v2\/media\/1104"}],"wp:attachment":[{"href":"https:\/\/meva.net\/fr-fr\/wp-json\/wp\/v2\/media?parent=1102"}],"curies":[{"name":"wp","href":"https:\/\/api.w.org\/{rel}","templated":true}]}}