{"id":1099,"date":"2022-02-28T15:38:34","date_gmt":"2022-02-28T15:38:34","guid":{"rendered":"https:\/\/meva.net\/fr-fr\/?page_id=1099"},"modified":"2022-05-25T13:29:02","modified_gmt":"2022-05-25T12:29:02","slug":"remise-en-etat","status":"publish","type":"page","link":"https:\/\/meva.net\/fr-fr\/services\/remise-en-etat\/","title":{"rendered":"Remise en \u00e9tat"},"content":{"rendered":"","protected":false},"excerpt":{"rendered":"<p>Quel que soit le fabricant, vos produits de coffrage sont r\u00e9guli\u00e8rement soumis \u00e0 des tests rigoureux par les conditions difficiles des chantiers de construction. Nous pouvons vous aider \u00e0 maintenir et \u00e0 augmenter la dur\u00e9e de vie de vos coffrages.<\/p>\n","protected":false},"author":3,"featured_media":1101,"parent":1088,"menu_order":6,"comment_status":"closed","ping_status":"closed","template":"template-building-blocks-better.php","meta":[],"acf":[],"yoast_head":"<!-- This site is optimized with the Yoast SEO plugin v19.13 - https:\/\/yoast.com\/wordpress\/plugins\/seo\/ -->\n<title>Remise en \u00e9tat - MEVA France (FR)<\/title>\n<meta name=\"description\" content=\"Services d&#039;entretien des coffrages pour augmenter la dur\u00e9e de vie de vos produits de coffrage en les rev\u00eatant \u00e0 nouveau, en les r\u00e9parant et en les remettant en \u00e9tat si n\u00e9cessaire.\" \/>\n<meta name=\"robots\" content=\"index, follow, max-snippet:-1, max-image-preview:large, max-video-preview:-1\" \/>\n<link rel=\"canonical\" href=\"https:\/\/meva.net\/fr-fr\/services\/remise-en-etat\/\" \/>\n<meta property=\"og:locale\" content=\"fr_FR\" \/>\n<meta property=\"og:type\" content=\"article\" \/>\n<meta property=\"og:title\" content=\"Remise en \u00e9tat - MEVA France (FR)\" \/>\n<meta property=\"og:description\" content=\"Services d&#039;entretien des coffrages pour augmenter la dur\u00e9e de vie de vos produits de coffrage en les rev\u00eatant \u00e0 nouveau, en les r\u00e9parant et en les remettant en \u00e9tat si n\u00e9cessaire.\" \/>\n<meta property=\"og:url\" content=\"https:\/\/meva.net\/fr-fr\/services\/remise-en-etat\/\" \/>\n<meta property=\"og:site_name\" content=\"MEVA France (FR)\" \/>\n<meta property=\"article:modified_time\" content=\"2022-05-25T12:29:02+00:00\" \/>\n<meta property=\"og:image\" content=\"https:\/\/meva.net\/fr-fr\/wp-content\/uploads\/sites\/7\/2022\/02\/meva-formwork-maintenance-repairs-1.jpg\" \/>\n\t<meta property=\"og:image:width\" content=\"2500\" \/>\n\t<meta property=\"og:image:height\" content=\"1744\" \/>\n\t<meta property=\"og:image:type\" content=\"image\/jpeg\" \/>\n<meta name=\"twitter:card\" content=\"summary_large_image\" \/>\n<script type=\"application\/ld+json\" class=\"yoast-schema-graph\">{\"@context\":\"https:\/\/schema.org\",\"@graph\":[{\"@type\":\"WebPage\",\"@id\":\"https:\/\/meva.net\/fr-fr\/services\/remise-en-etat\/\",\"url\":\"https:\/\/meva.net\/fr-fr\/services\/remise-en-etat\/\",\"name\":\"Remise en \u00e9tat - MEVA France (FR)\",\"isPartOf\":{\"@id\":\"https:\/\/meva.net\/fr-fr\/#website\"},\"datePublished\":\"2022-02-28T15:38:34+00:00\",\"dateModified\":\"2022-05-25T12:29:02+00:00\",\"description\":\"Services d'entretien des coffrages pour augmenter la dur\u00e9e de vie de vos produits de coffrage en les rev\u00eatant \u00e0 nouveau, en les r\u00e9parant et en les remettant en \u00e9tat si n\u00e9cessaire.\",\"breadcrumb\":{\"@id\":\"https:\/\/meva.net\/fr-fr\/services\/remise-en-etat\/#breadcrumb\"},\"inLanguage\":\"fr-FR\",\"potentialAction\":[{\"@type\":\"ReadAction\",\"target\":[\"https:\/\/meva.net\/fr-fr\/services\/remise-en-etat\/\"]}]},{\"@type\":\"BreadcrumbList\",\"@id\":\"https:\/\/meva.net\/fr-fr\/services\/remise-en-etat\/#breadcrumb\",\"itemListElement\":[{\"@type\":\"ListItem\",\"position\":1,\"name\":\"Home\",\"item\":\"https:\/\/meva.net\/fr-fr\/\"},{\"@type\":\"ListItem\",\"position\":2,\"name\":\"Services\",\"item\":\"https:\/\/meva.net\/fr-fr\/services\/\"},{\"@type\":\"ListItem\",\"position\":3,\"name\":\"Remise en \u00e9tat\"}]},{\"@type\":\"WebSite\",\"@id\":\"https:\/\/meva.net\/fr-fr\/#website\",\"url\":\"https:\/\/meva.net\/fr-fr\/\",\"name\":\"MEVA France (FR)\",\"description\":\"Just another MEVA Sites site\",\"potentialAction\":[{\"@type\":\"SearchAction\",\"target\":{\"@type\":\"EntryPoint\",\"urlTemplate\":\"https:\/\/meva.net\/fr-fr\/?s={search_term_string}\"},\"query-input\":\"required name=search_term_string\"}],\"inLanguage\":\"fr-FR\"}]}<\/script>\n<!-- \/ Yoast SEO plugin. -->","yoast_head_json":{"title":"Remise en \u00e9tat - MEVA France (FR)","description":"Services d'entretien des coffrages pour augmenter la dur\u00e9e de vie de vos produits de coffrage en les rev\u00eatant \u00e0 nouveau, en les r\u00e9parant et en les remettant en \u00e9tat si n\u00e9cessaire.","robots":{"index":"index","follow":"follow","max-snippet":"max-snippet:-1","max-image-preview":"max-image-preview:large","max-video-preview":"max-video-preview:-1"},"canonical":"https:\/\/meva.net\/fr-fr\/services\/remise-en-etat\/","og_locale":"fr_FR","og_type":"article","og_title":"Remise en \u00e9tat - MEVA France (FR)","og_description":"Services d'entretien des coffrages pour augmenter la dur\u00e9e de vie de vos produits de coffrage en les rev\u00eatant \u00e0 nouveau, en les r\u00e9parant et en les remettant en \u00e9tat si n\u00e9cessaire.","og_url":"https:\/\/meva.net\/fr-fr\/services\/remise-en-etat\/","og_site_name":"MEVA France (FR)","article_modified_time":"2022-05-25T12:29:02+00:00","og_image":[{"width":2500,"height":1744,"url":"https:\/\/meva.net\/fr-fr\/wp-content\/uploads\/sites\/7\/2022\/02\/meva-formwork-maintenance-repairs-1.jpg","type":"image\/jpeg"}],"twitter_card":"summary_large_image","schema":{"@context":"https:\/\/schema.org","@graph":[{"@type":"WebPage","@id":"https:\/\/meva.net\/fr-fr\/services\/remise-en-etat\/","url":"https:\/\/meva.net\/fr-fr\/services\/remise-en-etat\/","name":"Remise en \u00e9tat - MEVA France (FR)","isPartOf":{"@id":"https:\/\/meva.net\/fr-fr\/#website"},"datePublished":"2022-02-28T15:38:34+00:00","dateModified":"2022-05-25T12:29:02+00:00","description":"Services d'entretien des coffrages pour augmenter la dur\u00e9e de vie de vos produits de coffrage en les rev\u00eatant \u00e0 nouveau, en les r\u00e9parant et en les remettant en \u00e9tat si n\u00e9cessaire.","breadcrumb":{"@id":"https:\/\/meva.net\/fr-fr\/services\/remise-en-etat\/#breadcrumb"},"inLanguage":"fr-FR","potentialAction":[{"@type":"ReadAction","target":["https:\/\/meva.net\/fr-fr\/services\/remise-en-etat\/"]}]},{"@type":"BreadcrumbList","@id":"https:\/\/meva.net\/fr-fr\/services\/remise-en-etat\/#breadcrumb","itemListElement":[{"@type":"ListItem","position":1,"name":"Home","item":"https:\/\/meva.net\/fr-fr\/"},{"@type":"ListItem","position":2,"name":"Services","item":"https:\/\/meva.net\/fr-fr\/services\/"},{"@type":"ListItem","position":3,"name":"Remise en \u00e9tat"}]},{"@type":"WebSite","@id":"https:\/\/meva.net\/fr-fr\/#website","url":"https:\/\/meva.net\/fr-fr\/","name":"MEVA France (FR)","description":"Just another MEVA Sites site","potentialAction":[{"@type":"SearchAction","target":{"@type":"EntryPoint","urlTemplate":"https:\/\/meva.net\/fr-fr\/?s={search_term_string}"},"query-input":"required name=search_term_string"}],"inLanguage":"fr-FR"}]}},"_links":{"self":[{"href":"https:\/\/meva.net\/fr-fr\/wp-json\/wp\/v2\/pages\/1099"}],"collection":[{"href":"https:\/\/meva.net\/fr-fr\/wp-json\/wp\/v2\/pages"}],"about":[{"href":"https:\/\/meva.net\/fr-fr\/wp-json\/wp\/v2\/types\/page"}],"author":[{"embeddable":true,"href":"https:\/\/meva.net\/fr-fr\/wp-json\/wp\/v2\/users\/3"}],"replies":[{"embeddable":true,"href":"https:\/\/meva.net\/fr-fr\/wp-json\/wp\/v2\/comments?post=1099"}],"version-history":[{"count":6,"href":"https:\/\/meva.net\/fr-fr\/wp-json\/wp\/v2\/pages\/1099\/revisions"}],"predecessor-version":[{"id":3978,"href":"https:\/\/meva.net\/fr-fr\/wp-json\/wp\/v2\/pages\/1099\/revisions\/3978"}],"up":[{"embeddable":true,"href":"https:\/\/meva.net\/fr-fr\/wp-json\/wp\/v2\/pages\/1088"}],"wp:featuredmedia":[{"embeddable":true,"href":"https:\/\/meva.net\/fr-fr\/wp-json\/wp\/v2\/media\/1101"}],"wp:attachment":[{"href":"https:\/\/meva.net\/fr-fr\/wp-json\/wp\/v2\/media?parent=1099"}],"curies":[{"name":"wp","href":"https:\/\/api.w.org\/{rel}","templated":true}]}}