{"id":1093,"date":"2022-02-28T15:37:09","date_gmt":"2022-02-28T15:37:09","guid":{"rendered":"https:\/\/meva.net\/fr-fr\/?page_id=1093"},"modified":"2024-02-16T13:12:21","modified_gmt":"2024-02-16T13:12:21","slug":"ingenierie","status":"publish","type":"page","link":"https:\/\/meva.net\/fr-fr\/services\/ingenierie\/","title":{"rendered":"Ing\u00e9nierie"},"content":{"rendered":"","protected":false},"excerpt":{"rendered":"<p>De la simple planification en 2D \u00e0 la planification du chantier avec BIM pour les grands projets internationaux, nous vous accompagnons tout au long de votre projet &#8211; de la phase de soumission, \u00e0 la construction et \u00e0 l&rsquo;ach\u00e8vement r\u00e9ussi du projet.<\/p>\n","protected":false},"author":2,"featured_media":4319,"parent":1088,"menu_order":6,"comment_status":"closed","ping_status":"closed","template":"template-building-blocks-better.php","meta":[],"acf":[],"yoast_head":"<!-- This site is optimized with the Yoast SEO plugin v19.13 - https:\/\/yoast.com\/wordpress\/plugins\/seo\/ -->\n<title>Ing\u00e9nierie - MEVA France (FR)<\/title>\n<meta name=\"description\" content=\"Qu\u2019il s\u2019agisse de plans simples en 2D ou de la r\u00e9alisation de l\u2019\u00e9tude du chantier en BIM, nous vous proposons un accompagnement personnalis\u00e9 tout au long de votre projet \u2013 de la soumission \u00e0 l\u2019ex\u00e9cution r\u00e9ussie du projet.\" \/>\n<meta name=\"robots\" content=\"index, follow, max-snippet:-1, max-image-preview:large, max-video-preview:-1\" \/>\n<link rel=\"canonical\" href=\"https:\/\/meva.net\/fr-fr\/services\/ingenierie\/\" \/>\n<meta property=\"og:locale\" content=\"fr_FR\" \/>\n<meta property=\"og:type\" content=\"article\" \/>\n<meta property=\"og:title\" content=\"Ing\u00e9nierie - MEVA France (FR)\" \/>\n<meta property=\"og:description\" content=\"Qu\u2019il s\u2019agisse de plans simples en 2D ou de la r\u00e9alisation de l\u2019\u00e9tude du chantier en BIM, nous vous proposons un accompagnement personnalis\u00e9 tout au long de votre projet \u2013 de la soumission \u00e0 l\u2019ex\u00e9cution r\u00e9ussie du projet.\" \/>\n<meta property=\"og:url\" content=\"https:\/\/meva.net\/fr-fr\/services\/ingenierie\/\" \/>\n<meta property=\"og:site_name\" content=\"MEVA France (FR)\" \/>\n<meta property=\"article:modified_time\" content=\"2024-02-16T13:12:21+00:00\" \/>\n<meta property=\"og:image\" content=\"https:\/\/meva.net\/fr-fr\/wp-content\/uploads\/sites\/7\/2023\/02\/18361_1-scaled.jpg\" \/>\n\t<meta property=\"og:image:width\" content=\"2560\" \/>\n\t<meta property=\"og:image:height\" content=\"2295\" \/>\n\t<meta property=\"og:image:type\" content=\"image\/jpeg\" \/>\n<meta name=\"twitter:card\" content=\"summary_large_image\" \/>\n<script type=\"application\/ld+json\" class=\"yoast-schema-graph\">{\"@context\":\"https:\/\/schema.org\",\"@graph\":[{\"@type\":\"WebPage\",\"@id\":\"https:\/\/meva.net\/fr-fr\/services\/ingenierie\/\",\"url\":\"https:\/\/meva.net\/fr-fr\/services\/ingenierie\/\",\"name\":\"Ing\u00e9nierie - MEVA France (FR)\",\"isPartOf\":{\"@id\":\"https:\/\/meva.net\/fr-fr\/#website\"},\"datePublished\":\"2022-02-28T15:37:09+00:00\",\"dateModified\":\"2024-02-16T13:12:21+00:00\",\"description\":\"Qu\u2019il s\u2019agisse de plans simples en 2D ou de la r\u00e9alisation de l\u2019\u00e9tude du chantier en BIM, nous vous proposons un accompagnement personnalis\u00e9 tout au long de votre projet \u2013 de la soumission \u00e0 l\u2019ex\u00e9cution r\u00e9ussie du projet.\",\"breadcrumb\":{\"@id\":\"https:\/\/meva.net\/fr-fr\/services\/ingenierie\/#breadcrumb\"},\"inLanguage\":\"fr-FR\",\"potentialAction\":[{\"@type\":\"ReadAction\",\"target\":[\"https:\/\/meva.net\/fr-fr\/services\/ingenierie\/\"]}]},{\"@type\":\"BreadcrumbList\",\"@id\":\"https:\/\/meva.net\/fr-fr\/services\/ingenierie\/#breadcrumb\",\"itemListElement\":[{\"@type\":\"ListItem\",\"position\":1,\"name\":\"Home\",\"item\":\"https:\/\/meva.net\/fr-fr\/\"},{\"@type\":\"ListItem\",\"position\":2,\"name\":\"Services\",\"item\":\"https:\/\/meva.net\/fr-fr\/services\/\"},{\"@type\":\"ListItem\",\"position\":3,\"name\":\"Ing\u00e9nierie\"}]},{\"@type\":\"WebSite\",\"@id\":\"https:\/\/meva.net\/fr-fr\/#website\",\"url\":\"https:\/\/meva.net\/fr-fr\/\",\"name\":\"MEVA France (FR)\",\"description\":\"Just another MEVA Sites site\",\"potentialAction\":[{\"@type\":\"SearchAction\",\"target\":{\"@type\":\"EntryPoint\",\"urlTemplate\":\"https:\/\/meva.net\/fr-fr\/?s={search_term_string}\"},\"query-input\":\"required name=search_term_string\"}],\"inLanguage\":\"fr-FR\"}]}<\/script>\n<!-- \/ Yoast SEO plugin. -->","yoast_head_json":{"title":"Ing\u00e9nierie - MEVA France (FR)","description":"Qu\u2019il s\u2019agisse de plans simples en 2D ou de la r\u00e9alisation de l\u2019\u00e9tude du chantier en BIM, nous vous proposons un accompagnement personnalis\u00e9 tout au long de votre projet \u2013 de la soumission \u00e0 l\u2019ex\u00e9cution r\u00e9ussie du projet.","robots":{"index":"index","follow":"follow","max-snippet":"max-snippet:-1","max-image-preview":"max-image-preview:large","max-video-preview":"max-video-preview:-1"},"canonical":"https:\/\/meva.net\/fr-fr\/services\/ingenierie\/","og_locale":"fr_FR","og_type":"article","og_title":"Ing\u00e9nierie - MEVA France (FR)","og_description":"Qu\u2019il s\u2019agisse de plans simples en 2D ou de la r\u00e9alisation de l\u2019\u00e9tude du chantier en BIM, nous vous proposons un accompagnement personnalis\u00e9 tout au long de votre projet \u2013 de la soumission \u00e0 l\u2019ex\u00e9cution r\u00e9ussie du projet.","og_url":"https:\/\/meva.net\/fr-fr\/services\/ingenierie\/","og_site_name":"MEVA France (FR)","article_modified_time":"2024-02-16T13:12:21+00:00","og_image":[{"width":2560,"height":2295,"url":"https:\/\/meva.net\/fr-fr\/wp-content\/uploads\/sites\/7\/2023\/02\/18361_1-scaled.jpg","type":"image\/jpeg"}],"twitter_card":"summary_large_image","schema":{"@context":"https:\/\/schema.org","@graph":[{"@type":"WebPage","@id":"https:\/\/meva.net\/fr-fr\/services\/ingenierie\/","url":"https:\/\/meva.net\/fr-fr\/services\/ingenierie\/","name":"Ing\u00e9nierie - MEVA France (FR)","isPartOf":{"@id":"https:\/\/meva.net\/fr-fr\/#website"},"datePublished":"2022-02-28T15:37:09+00:00","dateModified":"2024-02-16T13:12:21+00:00","description":"Qu\u2019il s\u2019agisse de plans simples en 2D ou de la r\u00e9alisation de l\u2019\u00e9tude du chantier en BIM, nous vous proposons un accompagnement personnalis\u00e9 tout au long de votre projet \u2013 de la soumission \u00e0 l\u2019ex\u00e9cution r\u00e9ussie du projet.","breadcrumb":{"@id":"https:\/\/meva.net\/fr-fr\/services\/ingenierie\/#breadcrumb"},"inLanguage":"fr-FR","potentialAction":[{"@type":"ReadAction","target":["https:\/\/meva.net\/fr-fr\/services\/ingenierie\/"]}]},{"@type":"BreadcrumbList","@id":"https:\/\/meva.net\/fr-fr\/services\/ingenierie\/#breadcrumb","itemListElement":[{"@type":"ListItem","position":1,"name":"Home","item":"https:\/\/meva.net\/fr-fr\/"},{"@type":"ListItem","position":2,"name":"Services","item":"https:\/\/meva.net\/fr-fr\/services\/"},{"@type":"ListItem","position":3,"name":"Ing\u00e9nierie"}]},{"@type":"WebSite","@id":"https:\/\/meva.net\/fr-fr\/#website","url":"https:\/\/meva.net\/fr-fr\/","name":"MEVA France (FR)","description":"Just another MEVA Sites site","potentialAction":[{"@type":"SearchAction","target":{"@type":"EntryPoint","urlTemplate":"https:\/\/meva.net\/fr-fr\/?s={search_term_string}"},"query-input":"required name=search_term_string"}],"inLanguage":"fr-FR"}]}},"_links":{"self":[{"href":"https:\/\/meva.net\/fr-fr\/wp-json\/wp\/v2\/pages\/1093"}],"collection":[{"href":"https:\/\/meva.net\/fr-fr\/wp-json\/wp\/v2\/pages"}],"about":[{"href":"https:\/\/meva.net\/fr-fr\/wp-json\/wp\/v2\/types\/page"}],"author":[{"embeddable":true,"href":"https:\/\/meva.net\/fr-fr\/wp-json\/wp\/v2\/users\/2"}],"replies":[{"embeddable":true,"href":"https:\/\/meva.net\/fr-fr\/wp-json\/wp\/v2\/comments?post=1093"}],"version-history":[{"count":15,"href":"https:\/\/meva.net\/fr-fr\/wp-json\/wp\/v2\/pages\/1093\/revisions"}],"predecessor-version":[{"id":4648,"href":"https:\/\/meva.net\/fr-fr\/wp-json\/wp\/v2\/pages\/1093\/revisions\/4648"}],"up":[{"embeddable":true,"href":"https:\/\/meva.net\/fr-fr\/wp-json\/wp\/v2\/pages\/1088"}],"wp:featuredmedia":[{"embeddable":true,"href":"https:\/\/meva.net\/fr-fr\/wp-json\/wp\/v2\/media\/4319"}],"wp:attachment":[{"href":"https:\/\/meva.net\/fr-fr\/wp-json\/wp\/v2\/media?parent=1093"}],"curies":[{"name":"wp","href":"https:\/\/api.w.org\/{rel}","templated":true}]}}