{"id":4305,"date":"2023-01-19T09:37:09","date_gmt":"2023-01-19T09:37:09","guid":{"rendered":"https:\/\/meva.net\/fr-ch\/?page_id=4305"},"modified":"2023-08-02T14:37:17","modified_gmt":"2023-08-02T13:37:17","slug":"sabonner-a-notre-newsletter-meva","status":"publish","type":"page","link":"https:\/\/meva.net\/fr-ch\/sabonner-a-notre-newsletter-meva\/","title":{"rendered":"S\u2019abonner \u00e0 notre Newsletter MEVA"},"content":{"rendered":"","protected":false},"excerpt":{"rendered":"","protected":false},"author":7,"featured_media":0,"parent":0,"menu_order":0,"comment_status":"closed","ping_status":"closed","template":"template-building-blocks-better.php","meta":[],"acf":[],"yoast_head":"<!-- This site is optimized with the Yoast SEO plugin v19.13 - https:\/\/yoast.com\/wordpress\/plugins\/seo\/ -->\n<title>S\u2019abonner \u00e0 notre Newsletter MEVA - MEVA Switzerland (FR)<\/title>\n<meta name=\"description\" content=\"Les actualit\u00e9s de MEVA, les projets mondiaux et les conseils &amp; astuces des professionnels du coffrage, sous forme num\u00e9rique et directement dans votre bo\u00eete de r\u00e9ception.\" \/>\n<meta name=\"robots\" content=\"index, follow, max-snippet:-1, max-image-preview:large, max-video-preview:-1\" \/>\n<link rel=\"canonical\" href=\"https:\/\/meva.net\/fr-ch\/sabonner-a-notre-newsletter-meva\/\" \/>\n<meta property=\"og:locale\" content=\"fr_FR\" \/>\n<meta property=\"og:type\" content=\"article\" \/>\n<meta property=\"og:title\" content=\"S\u2019abonner \u00e0 notre Newsletter MEVA - MEVA Switzerland (FR)\" \/>\n<meta property=\"og:description\" content=\"Les actualit\u00e9s de MEVA, les projets mondiaux et les conseils &amp; astuces des professionnels du coffrage, sous forme num\u00e9rique et directement dans votre bo\u00eete de r\u00e9ception.\" \/>\n<meta property=\"og:url\" content=\"https:\/\/meva.net\/fr-ch\/sabonner-a-notre-newsletter-meva\/\" \/>\n<meta property=\"og:site_name\" content=\"MEVA Switzerland (FR)\" \/>\n<meta property=\"article:modified_time\" content=\"2023-08-02T13:37:17+00:00\" \/>\n<meta name=\"twitter:card\" content=\"summary_large_image\" \/>\n<script type=\"application\/ld+json\" class=\"yoast-schema-graph\">{\"@context\":\"https:\/\/schema.org\",\"@graph\":[{\"@type\":\"WebPage\",\"@id\":\"https:\/\/meva.net\/fr-ch\/sabonner-a-notre-newsletter-meva\/\",\"url\":\"https:\/\/meva.net\/fr-ch\/sabonner-a-notre-newsletter-meva\/\",\"name\":\"S\u2019abonner \u00e0 notre Newsletter MEVA - MEVA Switzerland (FR)\",\"isPartOf\":{\"@id\":\"https:\/\/meva.net\/fr-ch\/#website\"},\"datePublished\":\"2023-01-19T09:37:09+00:00\",\"dateModified\":\"2023-08-02T13:37:17+00:00\",\"description\":\"Les actualit\u00e9s de MEVA, les projets mondiaux et les conseils & astuces des professionnels du coffrage, sous forme num\u00e9rique et directement dans votre bo\u00eete de r\u00e9ception.\",\"breadcrumb\":{\"@id\":\"https:\/\/meva.net\/fr-ch\/sabonner-a-notre-newsletter-meva\/#breadcrumb\"},\"inLanguage\":\"fr-FR\",\"potentialAction\":[{\"@type\":\"ReadAction\",\"target\":[\"https:\/\/meva.net\/fr-ch\/sabonner-a-notre-newsletter-meva\/\"]}]},{\"@type\":\"BreadcrumbList\",\"@id\":\"https:\/\/meva.net\/fr-ch\/sabonner-a-notre-newsletter-meva\/#breadcrumb\",\"itemListElement\":[{\"@type\":\"ListItem\",\"position\":1,\"name\":\"Home\",\"item\":\"https:\/\/meva.net\/fr-ch\/\"},{\"@type\":\"ListItem\",\"position\":2,\"name\":\"S\u2019abonner \u00e0 notre Newsletter MEVA\"}]},{\"@type\":\"WebSite\",\"@id\":\"https:\/\/meva.net\/fr-ch\/#website\",\"url\":\"https:\/\/meva.net\/fr-ch\/\",\"name\":\"MEVA Switzerland (FR)\",\"description\":\"\",\"potentialAction\":[{\"@type\":\"SearchAction\",\"target\":{\"@type\":\"EntryPoint\",\"urlTemplate\":\"https:\/\/meva.net\/fr-ch\/?s={search_term_string}\"},\"query-input\":\"required name=search_term_string\"}],\"inLanguage\":\"fr-FR\"}]}<\/script>\n<!-- \/ Yoast SEO plugin. -->","yoast_head_json":{"title":"S\u2019abonner \u00e0 notre Newsletter MEVA - MEVA Switzerland (FR)","description":"Les actualit\u00e9s de MEVA, les projets mondiaux et les conseils & astuces des professionnels du coffrage, sous forme num\u00e9rique et directement dans votre bo\u00eete de r\u00e9ception.","robots":{"index":"index","follow":"follow","max-snippet":"max-snippet:-1","max-image-preview":"max-image-preview:large","max-video-preview":"max-video-preview:-1"},"canonical":"https:\/\/meva.net\/fr-ch\/sabonner-a-notre-newsletter-meva\/","og_locale":"fr_FR","og_type":"article","og_title":"S\u2019abonner \u00e0 notre Newsletter MEVA - MEVA Switzerland (FR)","og_description":"Les actualit\u00e9s de MEVA, les projets mondiaux et les conseils & astuces des professionnels du coffrage, sous forme num\u00e9rique et directement dans votre bo\u00eete de r\u00e9ception.","og_url":"https:\/\/meva.net\/fr-ch\/sabonner-a-notre-newsletter-meva\/","og_site_name":"MEVA Switzerland (FR)","article_modified_time":"2023-08-02T13:37:17+00:00","twitter_card":"summary_large_image","schema":{"@context":"https:\/\/schema.org","@graph":[{"@type":"WebPage","@id":"https:\/\/meva.net\/fr-ch\/sabonner-a-notre-newsletter-meva\/","url":"https:\/\/meva.net\/fr-ch\/sabonner-a-notre-newsletter-meva\/","name":"S\u2019abonner \u00e0 notre Newsletter MEVA - MEVA Switzerland (FR)","isPartOf":{"@id":"https:\/\/meva.net\/fr-ch\/#website"},"datePublished":"2023-01-19T09:37:09+00:00","dateModified":"2023-08-02T13:37:17+00:00","description":"Les actualit\u00e9s de MEVA, les projets mondiaux et les conseils & astuces des professionnels du coffrage, sous forme num\u00e9rique et directement dans votre bo\u00eete de r\u00e9ception.","breadcrumb":{"@id":"https:\/\/meva.net\/fr-ch\/sabonner-a-notre-newsletter-meva\/#breadcrumb"},"inLanguage":"fr-FR","potentialAction":[{"@type":"ReadAction","target":["https:\/\/meva.net\/fr-ch\/sabonner-a-notre-newsletter-meva\/"]}]},{"@type":"BreadcrumbList","@id":"https:\/\/meva.net\/fr-ch\/sabonner-a-notre-newsletter-meva\/#breadcrumb","itemListElement":[{"@type":"ListItem","position":1,"name":"Home","item":"https:\/\/meva.net\/fr-ch\/"},{"@type":"ListItem","position":2,"name":"S\u2019abonner \u00e0 notre Newsletter MEVA"}]},{"@type":"WebSite","@id":"https:\/\/meva.net\/fr-ch\/#website","url":"https:\/\/meva.net\/fr-ch\/","name":"MEVA Switzerland (FR)","description":"","potentialAction":[{"@type":"SearchAction","target":{"@type":"EntryPoint","urlTemplate":"https:\/\/meva.net\/fr-ch\/?s={search_term_string}"},"query-input":"required name=search_term_string"}],"inLanguage":"fr-FR"}]}},"_links":{"self":[{"href":"https:\/\/meva.net\/fr-ch\/wp-json\/wp\/v2\/pages\/4305"}],"collection":[{"href":"https:\/\/meva.net\/fr-ch\/wp-json\/wp\/v2\/pages"}],"about":[{"href":"https:\/\/meva.net\/fr-ch\/wp-json\/wp\/v2\/types\/page"}],"author":[{"embeddable":true,"href":"https:\/\/meva.net\/fr-ch\/wp-json\/wp\/v2\/users\/7"}],"replies":[{"embeddable":true,"href":"https:\/\/meva.net\/fr-ch\/wp-json\/wp\/v2\/comments?post=4305"}],"version-history":[{"count":3,"href":"https:\/\/meva.net\/fr-ch\/wp-json\/wp\/v2\/pages\/4305\/revisions"}],"predecessor-version":[{"id":4311,"href":"https:\/\/meva.net\/fr-ch\/wp-json\/wp\/v2\/pages\/4305\/revisions\/4311"}],"wp:attachment":[{"href":"https:\/\/meva.net\/fr-ch\/wp-json\/wp\/v2\/media?parent=4305"}],"curies":[{"name":"wp","href":"https:\/\/api.w.org\/{rel}","templated":true}]}}