{"id":3878,"date":"2022-05-11T11:21:18","date_gmt":"2022-05-11T10:21:18","guid":{"rendered":"https:\/\/meva.net\/fr-ch\/?page_id=3878"},"modified":"2022-05-11T12:06:57","modified_gmt":"2022-05-11T11:06:57","slug":"calculateur-etaiement-de-planchers-successifs","status":"publish","type":"page","link":"https:\/\/meva.net\/fr-ch\/outils\/calculateur-etaiement-de-planchers-successifs\/","title":{"rendered":"Calculateur \u00e9taiement de planchers successifs"},"content":{"rendered":"","protected":false},"excerpt":{"rendered":"<p>MEVA a d\u00e9velopp\u00e9 cet outil de calcul en ligne pour calculer facilement la pression que le b\u00e9ton frais exercera sur un coffrage vertical (ou un coffrage inclin\u00e9 jusqu&rsquo;\u00e0 5 degr\u00e9s). Cela vous permet de concevoir et d&rsquo;utiliser des coffrages dont la capacit\u00e9 portante est suffisamment puissante pour supporter la pression du b\u00e9ton frais.<\/p>\n","protected":false},"author":1,"featured_media":3879,"parent":3874,"menu_order":0,"comment_status":"closed","ping_status":"closed","template":"template-calculator-reshoring.php","meta":[],"acf":[],"yoast_head":"<!-- This site is optimized with the Yoast SEO plugin v19.13 - https:\/\/yoast.com\/wordpress\/plugins\/seo\/ -->\n<title>Calculateur \u00e9taiement de planchers successifs - MEVA Switzerland (FR)<\/title>\n<meta name=\"description\" content=\"L&#039;outil de calcul en ligne de MEVA permet de calculer la pression que le b\u00e9ton frais exercera sur les coffrages verticaux. Cela vous permet de concevoir et d&#039;utiliser un coffrage dont la capacit\u00e9 de charge est suffisamment puissante pour supporter la pression du b\u00e9ton frais.\" \/>\n<meta name=\"robots\" content=\"index, follow, max-snippet:-1, max-image-preview:large, max-video-preview:-1\" \/>\n<link rel=\"canonical\" href=\"https:\/\/meva.net\/fr-ch\/outils\/calculateur-etaiement-de-planchers-successifs\/\" \/>\n<meta property=\"og:locale\" content=\"fr_FR\" \/>\n<meta property=\"og:type\" content=\"article\" \/>\n<meta property=\"og:title\" content=\"Calculateur \u00e9taiement de planchers successifs - MEVA Switzerland (FR)\" \/>\n<meta property=\"og:description\" content=\"L&#039;outil de calcul en ligne de MEVA permet de calculer la pression que le b\u00e9ton frais exercera sur les coffrages verticaux. Cela vous permet de concevoir et d&#039;utiliser un coffrage dont la capacit\u00e9 de charge est suffisamment puissante pour supporter la pression du b\u00e9ton frais.\" \/>\n<meta property=\"og:url\" content=\"https:\/\/meva.net\/fr-ch\/outils\/calculateur-etaiement-de-planchers-successifs\/\" \/>\n<meta property=\"og:site_name\" content=\"MEVA Switzerland (FR)\" \/>\n<meta property=\"article:modified_time\" content=\"2022-05-11T11:06:57+00:00\" \/>\n<meta property=\"og:image\" content=\"https:\/\/meva.net\/fr-ch\/wp-content\/uploads\/sites\/30\/2022\/05\/concrete-pressure-calculate.jpeg\" \/>\n\t<meta property=\"og:image:width\" content=\"2560\" \/>\n\t<meta property=\"og:image:height\" content=\"1711\" \/>\n\t<meta property=\"og:image:type\" content=\"image\/jpeg\" \/>\n<meta name=\"twitter:card\" content=\"summary_large_image\" \/>\n<script type=\"application\/ld+json\" class=\"yoast-schema-graph\">{\"@context\":\"https:\/\/schema.org\",\"@graph\":[{\"@type\":\"WebPage\",\"@id\":\"https:\/\/meva.net\/fr-ch\/outils\/calculateur-etaiement-de-planchers-successifs\/\",\"url\":\"https:\/\/meva.net\/fr-ch\/outils\/calculateur-etaiement-de-planchers-successifs\/\",\"name\":\"Calculateur \u00e9taiement de planchers successifs - MEVA Switzerland (FR)\",\"isPartOf\":{\"@id\":\"https:\/\/meva.net\/fr-ch\/#website\"},\"datePublished\":\"2022-05-11T10:21:18+00:00\",\"dateModified\":\"2022-05-11T11:06:57+00:00\",\"description\":\"L'outil de calcul en ligne de MEVA permet de calculer la pression que le b\u00e9ton frais exercera sur les coffrages verticaux. Cela vous permet de concevoir et d'utiliser un coffrage dont la capacit\u00e9 de charge est suffisamment puissante pour supporter la pression du b\u00e9ton frais.\",\"breadcrumb\":{\"@id\":\"https:\/\/meva.net\/fr-ch\/outils\/calculateur-etaiement-de-planchers-successifs\/#breadcrumb\"},\"inLanguage\":\"fr-FR\",\"potentialAction\":[{\"@type\":\"ReadAction\",\"target\":[\"https:\/\/meva.net\/fr-ch\/outils\/calculateur-etaiement-de-planchers-successifs\/\"]}]},{\"@type\":\"BreadcrumbList\",\"@id\":\"https:\/\/meva.net\/fr-ch\/outils\/calculateur-etaiement-de-planchers-successifs\/#breadcrumb\",\"itemListElement\":[{\"@type\":\"ListItem\",\"position\":1,\"name\":\"Home\",\"item\":\"https:\/\/meva.net\/fr-ch\/\"},{\"@type\":\"ListItem\",\"position\":2,\"name\":\"Outils\",\"item\":\"https:\/\/meva.net\/fr-ch\/outils\/\"},{\"@type\":\"ListItem\",\"position\":3,\"name\":\"Calculateur \u00e9taiement de planchers successifs\"}]},{\"@type\":\"WebSite\",\"@id\":\"https:\/\/meva.net\/fr-ch\/#website\",\"url\":\"https:\/\/meva.net\/fr-ch\/\",\"name\":\"MEVA Switzerland (FR)\",\"description\":\"\",\"potentialAction\":[{\"@type\":\"SearchAction\",\"target\":{\"@type\":\"EntryPoint\",\"urlTemplate\":\"https:\/\/meva.net\/fr-ch\/?s={search_term_string}\"},\"query-input\":\"required name=search_term_string\"}],\"inLanguage\":\"fr-FR\"}]}<\/script>\n<!-- \/ Yoast SEO plugin. -->","yoast_head_json":{"title":"Calculateur \u00e9taiement de planchers successifs - MEVA Switzerland (FR)","description":"L'outil de calcul en ligne de MEVA permet de calculer la pression que le b\u00e9ton frais exercera sur les coffrages verticaux. Cela vous permet de concevoir et d'utiliser un coffrage dont la capacit\u00e9 de charge est suffisamment puissante pour supporter la pression du b\u00e9ton frais.","robots":{"index":"index","follow":"follow","max-snippet":"max-snippet:-1","max-image-preview":"max-image-preview:large","max-video-preview":"max-video-preview:-1"},"canonical":"https:\/\/meva.net\/fr-ch\/outils\/calculateur-etaiement-de-planchers-successifs\/","og_locale":"fr_FR","og_type":"article","og_title":"Calculateur \u00e9taiement de planchers successifs - MEVA Switzerland (FR)","og_description":"L'outil de calcul en ligne de MEVA permet de calculer la pression que le b\u00e9ton frais exercera sur les coffrages verticaux. Cela vous permet de concevoir et d'utiliser un coffrage dont la capacit\u00e9 de charge est suffisamment puissante pour supporter la pression du b\u00e9ton frais.","og_url":"https:\/\/meva.net\/fr-ch\/outils\/calculateur-etaiement-de-planchers-successifs\/","og_site_name":"MEVA Switzerland (FR)","article_modified_time":"2022-05-11T11:06:57+00:00","og_image":[{"width":2560,"height":1711,"url":"https:\/\/meva.net\/fr-ch\/wp-content\/uploads\/sites\/30\/2022\/05\/concrete-pressure-calculate.jpeg","type":"image\/jpeg"}],"twitter_card":"summary_large_image","schema":{"@context":"https:\/\/schema.org","@graph":[{"@type":"WebPage","@id":"https:\/\/meva.net\/fr-ch\/outils\/calculateur-etaiement-de-planchers-successifs\/","url":"https:\/\/meva.net\/fr-ch\/outils\/calculateur-etaiement-de-planchers-successifs\/","name":"Calculateur \u00e9taiement de planchers successifs - MEVA Switzerland (FR)","isPartOf":{"@id":"https:\/\/meva.net\/fr-ch\/#website"},"datePublished":"2022-05-11T10:21:18+00:00","dateModified":"2022-05-11T11:06:57+00:00","description":"L'outil de calcul en ligne de MEVA permet de calculer la pression que le b\u00e9ton frais exercera sur les coffrages verticaux. Cela vous permet de concevoir et d'utiliser un coffrage dont la capacit\u00e9 de charge est suffisamment puissante pour supporter la pression du b\u00e9ton frais.","breadcrumb":{"@id":"https:\/\/meva.net\/fr-ch\/outils\/calculateur-etaiement-de-planchers-successifs\/#breadcrumb"},"inLanguage":"fr-FR","potentialAction":[{"@type":"ReadAction","target":["https:\/\/meva.net\/fr-ch\/outils\/calculateur-etaiement-de-planchers-successifs\/"]}]},{"@type":"BreadcrumbList","@id":"https:\/\/meva.net\/fr-ch\/outils\/calculateur-etaiement-de-planchers-successifs\/#breadcrumb","itemListElement":[{"@type":"ListItem","position":1,"name":"Home","item":"https:\/\/meva.net\/fr-ch\/"},{"@type":"ListItem","position":2,"name":"Outils","item":"https:\/\/meva.net\/fr-ch\/outils\/"},{"@type":"ListItem","position":3,"name":"Calculateur \u00e9taiement de planchers successifs"}]},{"@type":"WebSite","@id":"https:\/\/meva.net\/fr-ch\/#website","url":"https:\/\/meva.net\/fr-ch\/","name":"MEVA Switzerland (FR)","description":"","potentialAction":[{"@type":"SearchAction","target":{"@type":"EntryPoint","urlTemplate":"https:\/\/meva.net\/fr-ch\/?s={search_term_string}"},"query-input":"required name=search_term_string"}],"inLanguage":"fr-FR"}]}},"_links":{"self":[{"href":"https:\/\/meva.net\/fr-ch\/wp-json\/wp\/v2\/pages\/3878"}],"collection":[{"href":"https:\/\/meva.net\/fr-ch\/wp-json\/wp\/v2\/pages"}],"about":[{"href":"https:\/\/meva.net\/fr-ch\/wp-json\/wp\/v2\/types\/page"}],"author":[{"embeddable":true,"href":"https:\/\/meva.net\/fr-ch\/wp-json\/wp\/v2\/users\/1"}],"replies":[{"embeddable":true,"href":"https:\/\/meva.net\/fr-ch\/wp-json\/wp\/v2\/comments?post=3878"}],"version-history":[{"count":1,"href":"https:\/\/meva.net\/fr-ch\/wp-json\/wp\/v2\/pages\/3878\/revisions"}],"predecessor-version":[{"id":3886,"href":"https:\/\/meva.net\/fr-ch\/wp-json\/wp\/v2\/pages\/3878\/revisions\/3886"}],"up":[{"embeddable":true,"href":"https:\/\/meva.net\/fr-ch\/wp-json\/wp\/v2\/pages\/3874"}],"wp:featuredmedia":[{"embeddable":true,"href":"https:\/\/meva.net\/fr-ch\/wp-json\/wp\/v2\/media\/3879"}],"wp:attachment":[{"href":"https:\/\/meva.net\/fr-ch\/wp-json\/wp\/v2\/media?parent=3878"}],"curies":[{"name":"wp","href":"https:\/\/api.w.org\/{rel}","templated":true}]}}