{"id":1119,"date":"2022-02-28T15:44:37","date_gmt":"2022-02-28T15:44:37","guid":{"rendered":"https:\/\/meva.net\/fr-ch\/?page_id=1119"},"modified":"2024-06-11T07:51:14","modified_gmt":"2024-06-11T06:51:14","slug":"home","status":"publish","type":"page","link":"https:\/\/meva.net\/fr-ch\/","title":{"rendered":"Home"},"content":{"rendered":"","protected":false},"excerpt":{"rendered":"","protected":false},"author":1,"featured_media":1120,"parent":0,"menu_order":0,"comment_status":"closed","ping_status":"closed","template":"template-building-blocks-better.php","meta":[],"acf":[],"yoast_head":"<!-- This site is optimized with the Yoast SEO plugin v19.13 - https:\/\/yoast.com\/wordpress\/plugins\/seo\/ -->\n<title>Home - MEVA Switzerland (FR)<\/title>\n<meta name=\"description\" content=\"De Seon (Argovie), MEVA assure l\u2019approvisionnement rapide de ses clients et des chantiers de construction \u00e0 travers toute la Suisse. Quels que soient vos besoins, achat ou location de coffrages, livraison d\u2019accessoires, aide \u00e0 la mise en \u0153uvre des coffrages grimpants, conseils, service apr\u00e8s-vente ou r\u00e9parations: MEVA Suisse est l\u00e0 pour vous accompagner dans vos projets.\" \/>\n<meta name=\"robots\" content=\"index, follow, max-snippet:-1, max-image-preview:large, max-video-preview:-1\" \/>\n<link rel=\"canonical\" href=\"https:\/\/meva.net\/fr-ch\/\" \/>\n<meta property=\"og:locale\" content=\"fr_FR\" \/>\n<meta property=\"og:type\" content=\"article\" \/>\n<meta property=\"og:title\" content=\"Home - MEVA Switzerland (FR)\" \/>\n<meta property=\"og:description\" content=\"De Seon (Argovie), MEVA assure l\u2019approvisionnement rapide de ses clients et des chantiers de construction \u00e0 travers toute la Suisse. Quels que soient vos besoins, achat ou location de coffrages, livraison d\u2019accessoires, aide \u00e0 la mise en \u0153uvre des coffrages grimpants, conseils, service apr\u00e8s-vente ou r\u00e9parations: MEVA Suisse est l\u00e0 pour vous accompagner dans vos projets.\" \/>\n<meta property=\"og:url\" content=\"https:\/\/meva.net\/fr-ch\/\" \/>\n<meta property=\"og:site_name\" content=\"MEVA Switzerland (FR)\" \/>\n<meta property=\"article:modified_time\" content=\"2024-06-11T06:51:14+00:00\" \/>\n<meta property=\"og:image\" content=\"https:\/\/meva.net\/fr-ch\/wp-content\/uploads\/sites\/30\/2022\/02\/meva-formwork-uk-hero.jpg\" \/>\n\t<meta property=\"og:image:width\" content=\"2500\" \/>\n\t<meta property=\"og:image:height\" content=\"1667\" \/>\n\t<meta property=\"og:image:type\" content=\"image\/jpeg\" \/>\n<meta name=\"twitter:card\" content=\"summary_large_image\" \/>\n<script type=\"application\/ld+json\" class=\"yoast-schema-graph\">{\"@context\":\"https:\/\/schema.org\",\"@graph\":[{\"@type\":\"WebPage\",\"@id\":\"https:\/\/meva.net\/fr-ch\/\",\"url\":\"https:\/\/meva.net\/fr-ch\/\",\"name\":\"Home - MEVA Switzerland (FR)\",\"isPartOf\":{\"@id\":\"https:\/\/meva.net\/fr-ch\/#website\"},\"datePublished\":\"2022-02-28T15:44:37+00:00\",\"dateModified\":\"2024-06-11T06:51:14+00:00\",\"description\":\"De Seon (Argovie), MEVA assure l\u2019approvisionnement rapide de ses clients et des chantiers de construction \u00e0 travers toute la Suisse. Quels que soient vos besoins, achat ou location de coffrages, livraison d\u2019accessoires, aide \u00e0 la mise en \u0153uvre des coffrages grimpants, conseils, service apr\u00e8s-vente ou r\u00e9parations: MEVA Suisse est l\u00e0 pour vous accompagner dans vos projets.\",\"breadcrumb\":{\"@id\":\"https:\/\/meva.net\/fr-ch\/#breadcrumb\"},\"inLanguage\":\"fr-FR\",\"potentialAction\":[{\"@type\":\"ReadAction\",\"target\":[\"https:\/\/meva.net\/fr-ch\/\"]}]},{\"@type\":\"BreadcrumbList\",\"@id\":\"https:\/\/meva.net\/fr-ch\/#breadcrumb\",\"itemListElement\":[{\"@type\":\"ListItem\",\"position\":1,\"name\":\"Home\",\"item\":\"https:\/\/meva.net\/fr-ch\/\"},{\"@type\":\"ListItem\",\"position\":2,\"name\":\"Home\"}]},{\"@type\":\"WebSite\",\"@id\":\"https:\/\/meva.net\/fr-ch\/#website\",\"url\":\"https:\/\/meva.net\/fr-ch\/\",\"name\":\"MEVA Switzerland (FR)\",\"description\":\"\",\"potentialAction\":[{\"@type\":\"SearchAction\",\"target\":{\"@type\":\"EntryPoint\",\"urlTemplate\":\"https:\/\/meva.net\/fr-ch\/?s={search_term_string}\"},\"query-input\":\"required name=search_term_string\"}],\"inLanguage\":\"fr-FR\"}]}<\/script>\n<!-- \/ Yoast SEO plugin. -->","yoast_head_json":{"title":"Home - MEVA Switzerland (FR)","description":"De Seon (Argovie), MEVA assure l\u2019approvisionnement rapide de ses clients et des chantiers de construction \u00e0 travers toute la Suisse. Quels que soient vos besoins, achat ou location de coffrages, livraison d\u2019accessoires, aide \u00e0 la mise en \u0153uvre des coffrages grimpants, conseils, service apr\u00e8s-vente ou r\u00e9parations: MEVA Suisse est l\u00e0 pour vous accompagner dans vos projets.","robots":{"index":"index","follow":"follow","max-snippet":"max-snippet:-1","max-image-preview":"max-image-preview:large","max-video-preview":"max-video-preview:-1"},"canonical":"https:\/\/meva.net\/fr-ch\/","og_locale":"fr_FR","og_type":"article","og_title":"Home - MEVA Switzerland (FR)","og_description":"De Seon (Argovie), MEVA assure l\u2019approvisionnement rapide de ses clients et des chantiers de construction \u00e0 travers toute la Suisse. Quels que soient vos besoins, achat ou location de coffrages, livraison d\u2019accessoires, aide \u00e0 la mise en \u0153uvre des coffrages grimpants, conseils, service apr\u00e8s-vente ou r\u00e9parations: MEVA Suisse est l\u00e0 pour vous accompagner dans vos projets.","og_url":"https:\/\/meva.net\/fr-ch\/","og_site_name":"MEVA Switzerland (FR)","article_modified_time":"2024-06-11T06:51:14+00:00","og_image":[{"width":2500,"height":1667,"url":"https:\/\/meva.net\/fr-ch\/wp-content\/uploads\/sites\/30\/2022\/02\/meva-formwork-uk-hero.jpg","type":"image\/jpeg"}],"twitter_card":"summary_large_image","schema":{"@context":"https:\/\/schema.org","@graph":[{"@type":"WebPage","@id":"https:\/\/meva.net\/fr-ch\/","url":"https:\/\/meva.net\/fr-ch\/","name":"Home - MEVA Switzerland (FR)","isPartOf":{"@id":"https:\/\/meva.net\/fr-ch\/#website"},"datePublished":"2022-02-28T15:44:37+00:00","dateModified":"2024-06-11T06:51:14+00:00","description":"De Seon (Argovie), MEVA assure l\u2019approvisionnement rapide de ses clients et des chantiers de construction \u00e0 travers toute la Suisse. Quels que soient vos besoins, achat ou location de coffrages, livraison d\u2019accessoires, aide \u00e0 la mise en \u0153uvre des coffrages grimpants, conseils, service apr\u00e8s-vente ou r\u00e9parations: MEVA Suisse est l\u00e0 pour vous accompagner dans vos projets.","breadcrumb":{"@id":"https:\/\/meva.net\/fr-ch\/#breadcrumb"},"inLanguage":"fr-FR","potentialAction":[{"@type":"ReadAction","target":["https:\/\/meva.net\/fr-ch\/"]}]},{"@type":"BreadcrumbList","@id":"https:\/\/meva.net\/fr-ch\/#breadcrumb","itemListElement":[{"@type":"ListItem","position":1,"name":"Home","item":"https:\/\/meva.net\/fr-ch\/"},{"@type":"ListItem","position":2,"name":"Home"}]},{"@type":"WebSite","@id":"https:\/\/meva.net\/fr-ch\/#website","url":"https:\/\/meva.net\/fr-ch\/","name":"MEVA Switzerland (FR)","description":"","potentialAction":[{"@type":"SearchAction","target":{"@type":"EntryPoint","urlTemplate":"https:\/\/meva.net\/fr-ch\/?s={search_term_string}"},"query-input":"required name=search_term_string"}],"inLanguage":"fr-FR"}]}},"_links":{"self":[{"href":"https:\/\/meva.net\/fr-ch\/wp-json\/wp\/v2\/pages\/1119"}],"collection":[{"href":"https:\/\/meva.net\/fr-ch\/wp-json\/wp\/v2\/pages"}],"about":[{"href":"https:\/\/meva.net\/fr-ch\/wp-json\/wp\/v2\/types\/page"}],"author":[{"embeddable":true,"href":"https:\/\/meva.net\/fr-ch\/wp-json\/wp\/v2\/users\/1"}],"replies":[{"embeddable":true,"href":"https:\/\/meva.net\/fr-ch\/wp-json\/wp\/v2\/comments?post=1119"}],"version-history":[{"count":51,"href":"https:\/\/meva.net\/fr-ch\/wp-json\/wp\/v2\/pages\/1119\/revisions"}],"predecessor-version":[{"id":4693,"href":"https:\/\/meva.net\/fr-ch\/wp-json\/wp\/v2\/pages\/1119\/revisions\/4693"}],"wp:featuredmedia":[{"embeddable":true,"href":"https:\/\/meva.net\/fr-ch\/wp-json\/wp\/v2\/media\/1120"}],"wp:attachment":[{"href":"https:\/\/meva.net\/fr-ch\/wp-json\/wp\/v2\/media?parent=1119"}],"curies":[{"name":"wp","href":"https:\/\/api.w.org\/{rel}","templated":true}]}}