{"id":1064,"date":"2022-02-28T15:05:58","date_gmt":"2022-02-28T15:05:58","guid":{"rendered":"https:\/\/meva.net\/fr-ch\/?page_id=1064"},"modified":"2022-11-02T14:19:51","modified_gmt":"2022-11-02T14:19:51","slug":"a-props-de-meva","status":"publish","type":"page","link":"https:\/\/meva.net\/fr-ch\/a-props-de-meva\/","title":{"rendered":"\u00c0 props de MEVA"},"content":{"rendered":"","protected":false},"excerpt":{"rendered":"","protected":false},"author":3,"featured_media":0,"parent":0,"menu_order":0,"comment_status":"closed","ping_status":"closed","template":"template-building-blocks-better.php","meta":[],"acf":[],"yoast_head":"<!-- This site is optimized with the Yoast SEO plugin v19.13 - https:\/\/yoast.com\/wordpress\/plugins\/seo\/ -->\n<title>\u00c0 props de MEVA - MEVA Switzerland (FR)<\/title>\n<meta name=\"description\" content=\"En tant qu\u2019entit\u00e9 rattach\u00e9e \u00e0 une organisation globale, notre \u00e9quipe suisse travaille sans rel\u00e2che pour rester fid\u00e8le \u00e0 l\u2019objectif principal de MEVA: fournir des solutions de coffrage simples et ing\u00e9nieuses \u00e0 nos clients.\" \/>\n<meta name=\"robots\" content=\"index, follow, max-snippet:-1, max-image-preview:large, max-video-preview:-1\" \/>\n<link rel=\"canonical\" href=\"https:\/\/meva.net\/fr-ch\/a-props-de-meva\/\" \/>\n<meta property=\"og:locale\" content=\"fr_FR\" \/>\n<meta property=\"og:type\" content=\"article\" \/>\n<meta property=\"og:title\" content=\"\u00c0 props de MEVA - MEVA Switzerland (FR)\" \/>\n<meta property=\"og:description\" content=\"En tant qu\u2019entit\u00e9 rattach\u00e9e \u00e0 une organisation globale, notre \u00e9quipe suisse travaille sans rel\u00e2che pour rester fid\u00e8le \u00e0 l\u2019objectif principal de MEVA: fournir des solutions de coffrage simples et ing\u00e9nieuses \u00e0 nos clients.\" \/>\n<meta property=\"og:url\" content=\"https:\/\/meva.net\/fr-ch\/a-props-de-meva\/\" \/>\n<meta property=\"og:site_name\" content=\"MEVA Switzerland (FR)\" \/>\n<meta property=\"article:modified_time\" content=\"2022-11-02T14:19:51+00:00\" \/>\n<meta name=\"twitter:card\" content=\"summary_large_image\" \/>\n<script type=\"application\/ld+json\" class=\"yoast-schema-graph\">{\"@context\":\"https:\/\/schema.org\",\"@graph\":[{\"@type\":\"WebPage\",\"@id\":\"https:\/\/meva.net\/fr-ch\/a-props-de-meva\/\",\"url\":\"https:\/\/meva.net\/fr-ch\/a-props-de-meva\/\",\"name\":\"\u00c0 props de MEVA - MEVA Switzerland (FR)\",\"isPartOf\":{\"@id\":\"https:\/\/meva.net\/fr-ch\/#website\"},\"datePublished\":\"2022-02-28T15:05:58+00:00\",\"dateModified\":\"2022-11-02T14:19:51+00:00\",\"description\":\"En tant qu\u2019entit\u00e9 rattach\u00e9e \u00e0 une organisation globale, notre \u00e9quipe suisse travaille sans rel\u00e2che pour rester fid\u00e8le \u00e0 l\u2019objectif principal de MEVA: fournir des solutions de coffrage simples et ing\u00e9nieuses \u00e0 nos clients.\",\"breadcrumb\":{\"@id\":\"https:\/\/meva.net\/fr-ch\/a-props-de-meva\/#breadcrumb\"},\"inLanguage\":\"fr-FR\",\"potentialAction\":[{\"@type\":\"ReadAction\",\"target\":[\"https:\/\/meva.net\/fr-ch\/a-props-de-meva\/\"]}]},{\"@type\":\"BreadcrumbList\",\"@id\":\"https:\/\/meva.net\/fr-ch\/a-props-de-meva\/#breadcrumb\",\"itemListElement\":[{\"@type\":\"ListItem\",\"position\":1,\"name\":\"Home\",\"item\":\"https:\/\/meva.net\/fr-ch\/\"},{\"@type\":\"ListItem\",\"position\":2,\"name\":\"\u00c0 props de MEVA\"}]},{\"@type\":\"WebSite\",\"@id\":\"https:\/\/meva.net\/fr-ch\/#website\",\"url\":\"https:\/\/meva.net\/fr-ch\/\",\"name\":\"MEVA Switzerland (FR)\",\"description\":\"\",\"potentialAction\":[{\"@type\":\"SearchAction\",\"target\":{\"@type\":\"EntryPoint\",\"urlTemplate\":\"https:\/\/meva.net\/fr-ch\/?s={search_term_string}\"},\"query-input\":\"required name=search_term_string\"}],\"inLanguage\":\"fr-FR\"}]}<\/script>\n<!-- \/ Yoast SEO plugin. -->","yoast_head_json":{"title":"\u00c0 props de MEVA - MEVA Switzerland (FR)","description":"En tant qu\u2019entit\u00e9 rattach\u00e9e \u00e0 une organisation globale, notre \u00e9quipe suisse travaille sans rel\u00e2che pour rester fid\u00e8le \u00e0 l\u2019objectif principal de MEVA: fournir des solutions de coffrage simples et ing\u00e9nieuses \u00e0 nos clients.","robots":{"index":"index","follow":"follow","max-snippet":"max-snippet:-1","max-image-preview":"max-image-preview:large","max-video-preview":"max-video-preview:-1"},"canonical":"https:\/\/meva.net\/fr-ch\/a-props-de-meva\/","og_locale":"fr_FR","og_type":"article","og_title":"\u00c0 props de MEVA - MEVA Switzerland (FR)","og_description":"En tant qu\u2019entit\u00e9 rattach\u00e9e \u00e0 une organisation globale, notre \u00e9quipe suisse travaille sans rel\u00e2che pour rester fid\u00e8le \u00e0 l\u2019objectif principal de MEVA: fournir des solutions de coffrage simples et ing\u00e9nieuses \u00e0 nos clients.","og_url":"https:\/\/meva.net\/fr-ch\/a-props-de-meva\/","og_site_name":"MEVA Switzerland (FR)","article_modified_time":"2022-11-02T14:19:51+00:00","twitter_card":"summary_large_image","schema":{"@context":"https:\/\/schema.org","@graph":[{"@type":"WebPage","@id":"https:\/\/meva.net\/fr-ch\/a-props-de-meva\/","url":"https:\/\/meva.net\/fr-ch\/a-props-de-meva\/","name":"\u00c0 props de MEVA - MEVA Switzerland (FR)","isPartOf":{"@id":"https:\/\/meva.net\/fr-ch\/#website"},"datePublished":"2022-02-28T15:05:58+00:00","dateModified":"2022-11-02T14:19:51+00:00","description":"En tant qu\u2019entit\u00e9 rattach\u00e9e \u00e0 une organisation globale, notre \u00e9quipe suisse travaille sans rel\u00e2che pour rester fid\u00e8le \u00e0 l\u2019objectif principal de MEVA: fournir des solutions de coffrage simples et ing\u00e9nieuses \u00e0 nos clients.","breadcrumb":{"@id":"https:\/\/meva.net\/fr-ch\/a-props-de-meva\/#breadcrumb"},"inLanguage":"fr-FR","potentialAction":[{"@type":"ReadAction","target":["https:\/\/meva.net\/fr-ch\/a-props-de-meva\/"]}]},{"@type":"BreadcrumbList","@id":"https:\/\/meva.net\/fr-ch\/a-props-de-meva\/#breadcrumb","itemListElement":[{"@type":"ListItem","position":1,"name":"Home","item":"https:\/\/meva.net\/fr-ch\/"},{"@type":"ListItem","position":2,"name":"\u00c0 props de MEVA"}]},{"@type":"WebSite","@id":"https:\/\/meva.net\/fr-ch\/#website","url":"https:\/\/meva.net\/fr-ch\/","name":"MEVA Switzerland (FR)","description":"","potentialAction":[{"@type":"SearchAction","target":{"@type":"EntryPoint","urlTemplate":"https:\/\/meva.net\/fr-ch\/?s={search_term_string}"},"query-input":"required name=search_term_string"}],"inLanguage":"fr-FR"}]}},"_links":{"self":[{"href":"https:\/\/meva.net\/fr-ch\/wp-json\/wp\/v2\/pages\/1064"}],"collection":[{"href":"https:\/\/meva.net\/fr-ch\/wp-json\/wp\/v2\/pages"}],"about":[{"href":"https:\/\/meva.net\/fr-ch\/wp-json\/wp\/v2\/types\/page"}],"author":[{"embeddable":true,"href":"https:\/\/meva.net\/fr-ch\/wp-json\/wp\/v2\/users\/3"}],"replies":[{"embeddable":true,"href":"https:\/\/meva.net\/fr-ch\/wp-json\/wp\/v2\/comments?post=1064"}],"version-history":[{"count":34,"href":"https:\/\/meva.net\/fr-ch\/wp-json\/wp\/v2\/pages\/1064\/revisions"}],"predecessor-version":[{"id":4224,"href":"https:\/\/meva.net\/fr-ch\/wp-json\/wp\/v2\/pages\/1064\/revisions\/4224"}],"wp:attachment":[{"href":"https:\/\/meva.net\/fr-ch\/wp-json\/wp\/v2\/media?parent=1064"}],"curies":[{"name":"wp","href":"https:\/\/api.w.org\/{rel}","templated":true}]}}