{"id":3823,"date":"2022-05-17T14:28:49","date_gmt":"2022-05-17T13:28:49","guid":{"rendered":"https:\/\/meva.net\/fr-africa\/?page_id=3823"},"modified":"2025-11-18T14:40:21","modified_gmt":"2025-11-18T14:40:21","slug":"nos-sites","status":"publish","type":"page","link":"https:\/\/meva.net\/fr-africa\/nos-sites\/","title":{"rendered":"Nos sites"},"content":{"rendered":"","protected":false},"excerpt":{"rendered":"<p>Bienvenue \u00e0 MEVA dans le monde. Les solutions de coffrage MEVA sont repr\u00e9sent\u00e9es dans plus de 40 pays dans le monde. Visitez le site de votre r\u00e9gion pour trouver l&rsquo;\u00e9quipe qui pourra vous aider.<\/p>\n","protected":false},"author":1,"featured_media":0,"parent":0,"menu_order":0,"comment_status":"closed","ping_status":"closed","template":"template-global-locations.php","meta":[],"acf":[],"yoast_head":"<!-- This site is optimized with the Yoast SEO plugin v19.13 - https:\/\/yoast.com\/wordpress\/plugins\/seo\/ -->\n<title>Nos sites - MEVA Africa (FR)<\/title>\n<meta name=\"description\" content=\"Bienvenue \u00e0 MEVA dans le monde. Les solutions de coffrage MEVA sont repr\u00e9sent\u00e9es dans plus de 40 pays dans le monde. Visitez le site de votre r\u00e9gion pour trouver l&#039;\u00e9quipe qui pourra vous aider.\" \/>\n<meta name=\"robots\" content=\"noindex, follow, max-snippet:-1, max-image-preview:large, max-video-preview:-1\" \/>\n<meta property=\"og:locale\" content=\"fr_FR\" \/>\n<meta property=\"og:type\" content=\"article\" \/>\n<meta property=\"og:title\" content=\"Nos sites - MEVA Africa (FR)\" \/>\n<meta property=\"og:description\" content=\"Bienvenue \u00e0 MEVA dans le monde. Les solutions de coffrage MEVA sont repr\u00e9sent\u00e9es dans plus de 40 pays dans le monde. Visitez le site de votre r\u00e9gion pour trouver l&#039;\u00e9quipe qui pourra vous aider.\" \/>\n<meta property=\"og:url\" content=\"https:\/\/meva.net\/fr-africa\/nos-sites\/\" \/>\n<meta property=\"og:site_name\" content=\"MEVA Africa (FR)\" \/>\n<meta property=\"article:modified_time\" content=\"2025-11-18T14:40:21+00:00\" \/>\n<meta name=\"twitter:card\" content=\"summary_large_image\" \/>\n<script type=\"application\/ld+json\" class=\"yoast-schema-graph\">{\"@context\":\"https:\/\/schema.org\",\"@graph\":[{\"@type\":\"WebPage\",\"@id\":\"https:\/\/meva.net\/fr-africa\/nos-sites\/\",\"url\":\"https:\/\/meva.net\/fr-africa\/nos-sites\/\",\"name\":\"Nos sites - MEVA Africa (FR)\",\"isPartOf\":{\"@id\":\"https:\/\/meva.net\/fr-africa\/#website\"},\"datePublished\":\"2022-05-17T13:28:49+00:00\",\"dateModified\":\"2025-11-18T14:40:21+00:00\",\"description\":\"Bienvenue \u00e0 MEVA dans le monde. Les solutions de coffrage MEVA sont repr\u00e9sent\u00e9es dans plus de 40 pays dans le monde. Visitez le site de votre r\u00e9gion pour trouver l'\u00e9quipe qui pourra vous aider.\",\"breadcrumb\":{\"@id\":\"https:\/\/meva.net\/fr-africa\/nos-sites\/#breadcrumb\"},\"inLanguage\":\"fr-FR\",\"potentialAction\":[{\"@type\":\"ReadAction\",\"target\":[\"https:\/\/meva.net\/fr-africa\/nos-sites\/\"]}]},{\"@type\":\"BreadcrumbList\",\"@id\":\"https:\/\/meva.net\/fr-africa\/nos-sites\/#breadcrumb\",\"itemListElement\":[{\"@type\":\"ListItem\",\"position\":1,\"name\":\"Home\",\"item\":\"https:\/\/meva.net\/fr-africa\/\"},{\"@type\":\"ListItem\",\"position\":2,\"name\":\"Nos sites\"}]},{\"@type\":\"WebSite\",\"@id\":\"https:\/\/meva.net\/fr-africa\/#website\",\"url\":\"https:\/\/meva.net\/fr-africa\/\",\"name\":\"MEVA Africa (FR)\",\"description\":\"\",\"potentialAction\":[{\"@type\":\"SearchAction\",\"target\":{\"@type\":\"EntryPoint\",\"urlTemplate\":\"https:\/\/meva.net\/fr-africa\/?s={search_term_string}\"},\"query-input\":\"required name=search_term_string\"}],\"inLanguage\":\"fr-FR\"}]}<\/script>\n<!-- \/ Yoast SEO plugin. -->","yoast_head_json":{"title":"Nos sites - MEVA Africa (FR)","description":"Bienvenue \u00e0 MEVA dans le monde. Les solutions de coffrage MEVA sont repr\u00e9sent\u00e9es dans plus de 40 pays dans le monde. Visitez le site de votre r\u00e9gion pour trouver l'\u00e9quipe qui pourra vous aider.","robots":{"index":"noindex","follow":"follow","max-snippet":"max-snippet:-1","max-image-preview":"max-image-preview:large","max-video-preview":"max-video-preview:-1"},"og_locale":"fr_FR","og_type":"article","og_title":"Nos sites - MEVA Africa (FR)","og_description":"Bienvenue \u00e0 MEVA dans le monde. Les solutions de coffrage MEVA sont repr\u00e9sent\u00e9es dans plus de 40 pays dans le monde. Visitez le site de votre r\u00e9gion pour trouver l'\u00e9quipe qui pourra vous aider.","og_url":"https:\/\/meva.net\/fr-africa\/nos-sites\/","og_site_name":"MEVA Africa (FR)","article_modified_time":"2025-11-18T14:40:21+00:00","twitter_card":"summary_large_image","schema":{"@context":"https:\/\/schema.org","@graph":[{"@type":"WebPage","@id":"https:\/\/meva.net\/fr-africa\/nos-sites\/","url":"https:\/\/meva.net\/fr-africa\/nos-sites\/","name":"Nos sites - MEVA Africa (FR)","isPartOf":{"@id":"https:\/\/meva.net\/fr-africa\/#website"},"datePublished":"2022-05-17T13:28:49+00:00","dateModified":"2025-11-18T14:40:21+00:00","description":"Bienvenue \u00e0 MEVA dans le monde. Les solutions de coffrage MEVA sont repr\u00e9sent\u00e9es dans plus de 40 pays dans le monde. Visitez le site de votre r\u00e9gion pour trouver l'\u00e9quipe qui pourra vous aider.","breadcrumb":{"@id":"https:\/\/meva.net\/fr-africa\/nos-sites\/#breadcrumb"},"inLanguage":"fr-FR","potentialAction":[{"@type":"ReadAction","target":["https:\/\/meva.net\/fr-africa\/nos-sites\/"]}]},{"@type":"BreadcrumbList","@id":"https:\/\/meva.net\/fr-africa\/nos-sites\/#breadcrumb","itemListElement":[{"@type":"ListItem","position":1,"name":"Home","item":"https:\/\/meva.net\/fr-africa\/"},{"@type":"ListItem","position":2,"name":"Nos sites"}]},{"@type":"WebSite","@id":"https:\/\/meva.net\/fr-africa\/#website","url":"https:\/\/meva.net\/fr-africa\/","name":"MEVA Africa (FR)","description":"","potentialAction":[{"@type":"SearchAction","target":{"@type":"EntryPoint","urlTemplate":"https:\/\/meva.net\/fr-africa\/?s={search_term_string}"},"query-input":"required name=search_term_string"}],"inLanguage":"fr-FR"}]}},"_links":{"self":[{"href":"https:\/\/meva.net\/fr-africa\/wp-json\/wp\/v2\/pages\/3823"}],"collection":[{"href":"https:\/\/meva.net\/fr-africa\/wp-json\/wp\/v2\/pages"}],"about":[{"href":"https:\/\/meva.net\/fr-africa\/wp-json\/wp\/v2\/types\/page"}],"author":[{"embeddable":true,"href":"https:\/\/meva.net\/fr-africa\/wp-json\/wp\/v2\/users\/1"}],"replies":[{"embeddable":true,"href":"https:\/\/meva.net\/fr-africa\/wp-json\/wp\/v2\/comments?post=3823"}],"version-history":[{"count":9,"href":"https:\/\/meva.net\/fr-africa\/wp-json\/wp\/v2\/pages\/3823\/revisions"}],"predecessor-version":[{"id":4526,"href":"https:\/\/meva.net\/fr-africa\/wp-json\/wp\/v2\/pages\/3823\/revisions\/4526"}],"wp:attachment":[{"href":"https:\/\/meva.net\/fr-africa\/wp-json\/wp\/v2\/media?parent=3823"}],"curies":[{"name":"wp","href":"https:\/\/api.w.org\/{rel}","templated":true}]}}