{"id":1119,"date":"2022-02-28T15:44:37","date_gmt":"2022-02-28T15:44:37","guid":{"rendered":"https:\/\/meva.net\/fr-africa\/?page_id=1119"},"modified":"2024-10-18T14:11:33","modified_gmt":"2024-10-18T13:11:33","slug":"home","status":"publish","type":"page","link":"https:\/\/meva.net\/fr-africa\/","title":{"rendered":"Home"},"content":{"rendered":"","protected":false},"excerpt":{"rendered":"","protected":false},"author":1,"featured_media":1120,"parent":0,"menu_order":0,"comment_status":"closed","ping_status":"closed","template":"template-building-blocks-better.php","meta":[],"acf":[],"yoast_head":"<!-- This site is optimized with the Yoast SEO plugin v19.13 - https:\/\/yoast.com\/wordpress\/plugins\/seo\/ -->\n<title>Home - MEVA Africa (FR)<\/title>\n<meta name=\"description\" content=\"Chez MEVA, nous sommes convaincus que nos collaborateurs sont notre plus grande richesse. Notre \u00e9quipe, compos\u00e9e de professionnels qualifi\u00e9s, met tout en \u0153uvre pour v\u00e9hiculer notre message : Le coffrage. Juste. Intelligent.\" \/>\n<meta name=\"robots\" content=\"noindex, follow, max-snippet:-1, max-image-preview:large, max-video-preview:-1\" \/>\n<meta property=\"og:locale\" content=\"fr_FR\" \/>\n<meta property=\"og:type\" content=\"article\" \/>\n<meta property=\"og:title\" content=\"Home - MEVA Africa (FR)\" \/>\n<meta property=\"og:description\" content=\"Chez MEVA, nous sommes convaincus que nos collaborateurs sont notre plus grande richesse. Notre \u00e9quipe, compos\u00e9e de professionnels qualifi\u00e9s, met tout en \u0153uvre pour v\u00e9hiculer notre message : Le coffrage. Juste. Intelligent.\" \/>\n<meta property=\"og:url\" content=\"https:\/\/meva.net\/fr-africa\/\" \/>\n<meta property=\"og:site_name\" content=\"MEVA Africa (FR)\" \/>\n<meta property=\"article:modified_time\" content=\"2024-10-18T13:11:33+00:00\" \/>\n<meta property=\"og:image\" content=\"https:\/\/meva.net\/fr-africa\/wp-content\/uploads\/sites\/27\/2022\/02\/meva-formwork-uk-hero.jpg\" \/>\n\t<meta property=\"og:image:width\" content=\"2500\" \/>\n\t<meta property=\"og:image:height\" content=\"1667\" \/>\n\t<meta property=\"og:image:type\" content=\"image\/jpeg\" \/>\n<meta name=\"twitter:card\" content=\"summary_large_image\" \/>\n<script type=\"application\/ld+json\" class=\"yoast-schema-graph\">{\"@context\":\"https:\/\/schema.org\",\"@graph\":[{\"@type\":\"WebPage\",\"@id\":\"https:\/\/meva.net\/fr-africa\/\",\"url\":\"https:\/\/meva.net\/fr-africa\/\",\"name\":\"Home - MEVA Africa (FR)\",\"isPartOf\":{\"@id\":\"https:\/\/meva.net\/fr-africa\/#website\"},\"datePublished\":\"2022-02-28T15:44:37+00:00\",\"dateModified\":\"2024-10-18T13:11:33+00:00\",\"description\":\"Chez MEVA, nous sommes convaincus que nos collaborateurs sont notre plus grande richesse. Notre \u00e9quipe, compos\u00e9e de professionnels qualifi\u00e9s, met tout en \u0153uvre pour v\u00e9hiculer notre message : Le coffrage. Juste. Intelligent.\",\"breadcrumb\":{\"@id\":\"https:\/\/meva.net\/fr-africa\/#breadcrumb\"},\"inLanguage\":\"fr-FR\",\"potentialAction\":[{\"@type\":\"ReadAction\",\"target\":[\"https:\/\/meva.net\/fr-africa\/\"]}]},{\"@type\":\"BreadcrumbList\",\"@id\":\"https:\/\/meva.net\/fr-africa\/#breadcrumb\",\"itemListElement\":[{\"@type\":\"ListItem\",\"position\":1,\"name\":\"Home\",\"item\":\"https:\/\/meva.net\/fr-africa\/\"},{\"@type\":\"ListItem\",\"position\":2,\"name\":\"Home\"}]},{\"@type\":\"WebSite\",\"@id\":\"https:\/\/meva.net\/fr-africa\/#website\",\"url\":\"https:\/\/meva.net\/fr-africa\/\",\"name\":\"MEVA Africa (FR)\",\"description\":\"\",\"potentialAction\":[{\"@type\":\"SearchAction\",\"target\":{\"@type\":\"EntryPoint\",\"urlTemplate\":\"https:\/\/meva.net\/fr-africa\/?s={search_term_string}\"},\"query-input\":\"required name=search_term_string\"}],\"inLanguage\":\"fr-FR\"}]}<\/script>\n<!-- \/ Yoast SEO plugin. -->","yoast_head_json":{"title":"Home - MEVA Africa (FR)","description":"Chez MEVA, nous sommes convaincus que nos collaborateurs sont notre plus grande richesse. Notre \u00e9quipe, compos\u00e9e de professionnels qualifi\u00e9s, met tout en \u0153uvre pour v\u00e9hiculer notre message : Le coffrage. Juste. Intelligent.","robots":{"index":"noindex","follow":"follow","max-snippet":"max-snippet:-1","max-image-preview":"max-image-preview:large","max-video-preview":"max-video-preview:-1"},"og_locale":"fr_FR","og_type":"article","og_title":"Home - MEVA Africa (FR)","og_description":"Chez MEVA, nous sommes convaincus que nos collaborateurs sont notre plus grande richesse. Notre \u00e9quipe, compos\u00e9e de professionnels qualifi\u00e9s, met tout en \u0153uvre pour v\u00e9hiculer notre message : Le coffrage. Juste. Intelligent.","og_url":"https:\/\/meva.net\/fr-africa\/","og_site_name":"MEVA Africa (FR)","article_modified_time":"2024-10-18T13:11:33+00:00","og_image":[{"width":2500,"height":1667,"url":"https:\/\/meva.net\/fr-africa\/wp-content\/uploads\/sites\/27\/2022\/02\/meva-formwork-uk-hero.jpg","type":"image\/jpeg"}],"twitter_card":"summary_large_image","schema":{"@context":"https:\/\/schema.org","@graph":[{"@type":"WebPage","@id":"https:\/\/meva.net\/fr-africa\/","url":"https:\/\/meva.net\/fr-africa\/","name":"Home - MEVA Africa (FR)","isPartOf":{"@id":"https:\/\/meva.net\/fr-africa\/#website"},"datePublished":"2022-02-28T15:44:37+00:00","dateModified":"2024-10-18T13:11:33+00:00","description":"Chez MEVA, nous sommes convaincus que nos collaborateurs sont notre plus grande richesse. Notre \u00e9quipe, compos\u00e9e de professionnels qualifi\u00e9s, met tout en \u0153uvre pour v\u00e9hiculer notre message : Le coffrage. Juste. Intelligent.","breadcrumb":{"@id":"https:\/\/meva.net\/fr-africa\/#breadcrumb"},"inLanguage":"fr-FR","potentialAction":[{"@type":"ReadAction","target":["https:\/\/meva.net\/fr-africa\/"]}]},{"@type":"BreadcrumbList","@id":"https:\/\/meva.net\/fr-africa\/#breadcrumb","itemListElement":[{"@type":"ListItem","position":1,"name":"Home","item":"https:\/\/meva.net\/fr-africa\/"},{"@type":"ListItem","position":2,"name":"Home"}]},{"@type":"WebSite","@id":"https:\/\/meva.net\/fr-africa\/#website","url":"https:\/\/meva.net\/fr-africa\/","name":"MEVA Africa (FR)","description":"","potentialAction":[{"@type":"SearchAction","target":{"@type":"EntryPoint","urlTemplate":"https:\/\/meva.net\/fr-africa\/?s={search_term_string}"},"query-input":"required name=search_term_string"}],"inLanguage":"fr-FR"}]}},"_links":{"self":[{"href":"https:\/\/meva.net\/fr-africa\/wp-json\/wp\/v2\/pages\/1119"}],"collection":[{"href":"https:\/\/meva.net\/fr-africa\/wp-json\/wp\/v2\/pages"}],"about":[{"href":"https:\/\/meva.net\/fr-africa\/wp-json\/wp\/v2\/types\/page"}],"author":[{"embeddable":true,"href":"https:\/\/meva.net\/fr-africa\/wp-json\/wp\/v2\/users\/1"}],"replies":[{"embeddable":true,"href":"https:\/\/meva.net\/fr-africa\/wp-json\/wp\/v2\/comments?post=1119"}],"version-history":[{"count":52,"href":"https:\/\/meva.net\/fr-africa\/wp-json\/wp\/v2\/pages\/1119\/revisions"}],"predecessor-version":[{"id":4289,"href":"https:\/\/meva.net\/fr-africa\/wp-json\/wp\/v2\/pages\/1119\/revisions\/4289"}],"wp:featuredmedia":[{"embeddable":true,"href":"https:\/\/meva.net\/fr-africa\/wp-json\/wp\/v2\/media\/1120"}],"wp:attachment":[{"href":"https:\/\/meva.net\/fr-africa\/wp-json\/wp\/v2\/media?parent=1119"}],"curies":[{"name":"wp","href":"https:\/\/api.w.org\/{rel}","templated":true}]}}