{"id":9116,"date":"2022-04-14T15:53:45","date_gmt":"2022-04-14T14:53:45","guid":{"rendered":"https:\/\/meva.net\/es-lat\/?page_id=9116"},"modified":"2022-05-03T14:56:31","modified_gmt":"2022-05-03T13:56:31","slug":"calculadora-de-deslocalizacion","status":"publish","type":"page","link":"https:\/\/meva.net\/es-lat\/herramientas\/calculadora-de-deslocalizacion\/","title":{"rendered":"Calculadora de deslocalizaci\u00f3n"},"content":{"rendered":"","protected":false},"excerpt":{"rendered":"<p>La herramienta de c\u00e1lculo de recalce online de MEVA le ayudar\u00e1 a determinar cu\u00e1ntos puntales son necesarios por m\u00b2 de losa. La herramienta tambi\u00e9n tiene en cuenta la carga muerta y la carga de trabajo durante la construcci\u00f3n, as\u00ed como las diferentes categor\u00edas de puntales seg\u00fan la norma europea DIN EN 1065.<\/p>\n","protected":false},"author":1,"featured_media":9117,"parent":9104,"menu_order":0,"comment_status":"closed","ping_status":"closed","template":"template-calculator-reshoring.php","meta":[],"acf":[],"yoast_head":"<!-- This site is optimized with the Yoast SEO plugin v19.13 - https:\/\/yoast.com\/wordpress\/plugins\/seo\/ -->\n<title>Calculadora de deslocalizaci\u00f3n - MEVA Latin America (ES)<\/title>\n<meta name=\"description\" content=\"La herramienta de c\u00e1lculo de recalce online de MEVA le ayudar\u00e1 a determinar cu\u00e1ntos puntales son necesarios por m\u00b2 de losa. La herramienta tambi\u00e9n tiene en cuenta la carga muerta y la carga de trabajo durante la construcci\u00f3n, as\u00ed como las diferentes categor\u00edas de puntales seg\u00fan la norma europea DIN EN 1065.\" \/>\n<meta name=\"robots\" content=\"index, follow, max-snippet:-1, max-image-preview:large, max-video-preview:-1\" \/>\n<link rel=\"canonical\" href=\"https:\/\/meva.net\/es-lat\/herramientas\/calculadora-de-deslocalizacion\/\" \/>\n<meta property=\"og:locale\" content=\"de_DE\" \/>\n<meta property=\"og:type\" content=\"article\" \/>\n<meta property=\"og:title\" content=\"Calculadora de deslocalizaci\u00f3n - MEVA Latin America (ES)\" \/>\n<meta property=\"og:description\" content=\"La herramienta de c\u00e1lculo de recalce online de MEVA le ayudar\u00e1 a determinar cu\u00e1ntos puntales son necesarios por m\u00b2 de losa. La herramienta tambi\u00e9n tiene en cuenta la carga muerta y la carga de trabajo durante la construcci\u00f3n, as\u00ed como las diferentes categor\u00edas de puntales seg\u00fan la norma europea DIN EN 1065.\" \/>\n<meta property=\"og:url\" content=\"https:\/\/meva.net\/es-lat\/herramientas\/calculadora-de-deslocalizacion\/\" \/>\n<meta property=\"og:site_name\" content=\"MEVA Latin America (ES)\" \/>\n<meta property=\"article:publisher\" content=\"https:\/\/www.facebook.com\/MEVAlive\/\" \/>\n<meta property=\"article:modified_time\" content=\"2022-05-03T13:56:31+00:00\" \/>\n<meta property=\"og:image\" content=\"https:\/\/meva.net\/es-lat\/wp-content\/uploads\/sites\/16\/2022\/04\/meva-reshoring-calculator-feature.jpg\" \/>\n\t<meta property=\"og:image:width\" content=\"2560\" \/>\n\t<meta property=\"og:image:height\" content=\"1711\" \/>\n\t<meta property=\"og:image:type\" content=\"image\/jpeg\" \/>\n<meta name=\"twitter:card\" content=\"summary_large_image\" \/>\n<script type=\"application\/ld+json\" class=\"yoast-schema-graph\">{\"@context\":\"https:\/\/schema.org\",\"@graph\":[{\"@type\":\"WebPage\",\"@id\":\"https:\/\/meva.net\/es-lat\/herramientas\/calculadora-de-deslocalizacion\/\",\"url\":\"https:\/\/meva.net\/es-lat\/herramientas\/calculadora-de-deslocalizacion\/\",\"name\":\"Calculadora de deslocalizaci\u00f3n - MEVA Latin America (ES)\",\"isPartOf\":{\"@id\":\"https:\/\/meva.net\/es-lat\/#website\"},\"datePublished\":\"2022-04-14T14:53:45+00:00\",\"dateModified\":\"2022-05-03T13:56:31+00:00\",\"description\":\"La herramienta de c\u00e1lculo de recalce online de MEVA le ayudar\u00e1 a determinar cu\u00e1ntos puntales son necesarios por m\u00b2 de losa. La herramienta tambi\u00e9n tiene en cuenta la carga muerta y la carga de trabajo durante la construcci\u00f3n, as\u00ed como las diferentes categor\u00edas de puntales seg\u00fan la norma europea DIN EN 1065.\",\"breadcrumb\":{\"@id\":\"https:\/\/meva.net\/es-lat\/herramientas\/calculadora-de-deslocalizacion\/#breadcrumb\"},\"inLanguage\":\"de\",\"potentialAction\":[{\"@type\":\"ReadAction\",\"target\":[\"https:\/\/meva.net\/es-lat\/herramientas\/calculadora-de-deslocalizacion\/\"]}]},{\"@type\":\"BreadcrumbList\",\"@id\":\"https:\/\/meva.net\/es-lat\/herramientas\/calculadora-de-deslocalizacion\/#breadcrumb\",\"itemListElement\":[{\"@type\":\"ListItem\",\"position\":1,\"name\":\"Home\",\"item\":\"https:\/\/meva.net\/es-lat\/\"},{\"@type\":\"ListItem\",\"position\":2,\"name\":\"Herramientas\",\"item\":\"https:\/\/meva.net\/es-lat\/herramientas\/\"},{\"@type\":\"ListItem\",\"position\":3,\"name\":\"Calculadora de deslocalizaci\u00f3n\"}]},{\"@type\":\"WebSite\",\"@id\":\"https:\/\/meva.net\/es-lat\/#website\",\"url\":\"https:\/\/meva.net\/es-lat\/\",\"name\":\"MEVA Latin America (ES)\",\"description\":\"MEVA Formwork Systems, Latin America Website\",\"potentialAction\":[{\"@type\":\"SearchAction\",\"target\":{\"@type\":\"EntryPoint\",\"urlTemplate\":\"https:\/\/meva.net\/es-lat\/?s={search_term_string}\"},\"query-input\":\"required name=search_term_string\"}],\"inLanguage\":\"de\"}]}<\/script>\n<!-- \/ Yoast SEO plugin. -->","yoast_head_json":{"title":"Calculadora de deslocalizaci\u00f3n - MEVA Latin America (ES)","description":"La herramienta de c\u00e1lculo de recalce online de MEVA le ayudar\u00e1 a determinar cu\u00e1ntos puntales son necesarios por m\u00b2 de losa. La herramienta tambi\u00e9n tiene en cuenta la carga muerta y la carga de trabajo durante la construcci\u00f3n, as\u00ed como las diferentes categor\u00edas de puntales seg\u00fan la norma europea DIN EN 1065.","robots":{"index":"index","follow":"follow","max-snippet":"max-snippet:-1","max-image-preview":"max-image-preview:large","max-video-preview":"max-video-preview:-1"},"canonical":"https:\/\/meva.net\/es-lat\/herramientas\/calculadora-de-deslocalizacion\/","og_locale":"de_DE","og_type":"article","og_title":"Calculadora de deslocalizaci\u00f3n - MEVA Latin America (ES)","og_description":"La herramienta de c\u00e1lculo de recalce online de MEVA le ayudar\u00e1 a determinar cu\u00e1ntos puntales son necesarios por m\u00b2 de losa. La herramienta tambi\u00e9n tiene en cuenta la carga muerta y la carga de trabajo durante la construcci\u00f3n, as\u00ed como las diferentes categor\u00edas de puntales seg\u00fan la norma europea DIN EN 1065.","og_url":"https:\/\/meva.net\/es-lat\/herramientas\/calculadora-de-deslocalizacion\/","og_site_name":"MEVA Latin America (ES)","article_publisher":"https:\/\/www.facebook.com\/MEVAlive\/","article_modified_time":"2022-05-03T13:56:31+00:00","og_image":[{"width":2560,"height":1711,"url":"https:\/\/meva.net\/es-lat\/wp-content\/uploads\/sites\/16\/2022\/04\/meva-reshoring-calculator-feature.jpg","type":"image\/jpeg"}],"twitter_card":"summary_large_image","schema":{"@context":"https:\/\/schema.org","@graph":[{"@type":"WebPage","@id":"https:\/\/meva.net\/es-lat\/herramientas\/calculadora-de-deslocalizacion\/","url":"https:\/\/meva.net\/es-lat\/herramientas\/calculadora-de-deslocalizacion\/","name":"Calculadora de deslocalizaci\u00f3n - MEVA Latin America (ES)","isPartOf":{"@id":"https:\/\/meva.net\/es-lat\/#website"},"datePublished":"2022-04-14T14:53:45+00:00","dateModified":"2022-05-03T13:56:31+00:00","description":"La herramienta de c\u00e1lculo de recalce online de MEVA le ayudar\u00e1 a determinar cu\u00e1ntos puntales son necesarios por m\u00b2 de losa. La herramienta tambi\u00e9n tiene en cuenta la carga muerta y la carga de trabajo durante la construcci\u00f3n, as\u00ed como las diferentes categor\u00edas de puntales seg\u00fan la norma europea DIN EN 1065.","breadcrumb":{"@id":"https:\/\/meva.net\/es-lat\/herramientas\/calculadora-de-deslocalizacion\/#breadcrumb"},"inLanguage":"de","potentialAction":[{"@type":"ReadAction","target":["https:\/\/meva.net\/es-lat\/herramientas\/calculadora-de-deslocalizacion\/"]}]},{"@type":"BreadcrumbList","@id":"https:\/\/meva.net\/es-lat\/herramientas\/calculadora-de-deslocalizacion\/#breadcrumb","itemListElement":[{"@type":"ListItem","position":1,"name":"Home","item":"https:\/\/meva.net\/es-lat\/"},{"@type":"ListItem","position":2,"name":"Herramientas","item":"https:\/\/meva.net\/es-lat\/herramientas\/"},{"@type":"ListItem","position":3,"name":"Calculadora de deslocalizaci\u00f3n"}]},{"@type":"WebSite","@id":"https:\/\/meva.net\/es-lat\/#website","url":"https:\/\/meva.net\/es-lat\/","name":"MEVA Latin America (ES)","description":"MEVA Formwork Systems, Latin America Website","potentialAction":[{"@type":"SearchAction","target":{"@type":"EntryPoint","urlTemplate":"https:\/\/meva.net\/es-lat\/?s={search_term_string}"},"query-input":"required name=search_term_string"}],"inLanguage":"de"}]}},"_links":{"self":[{"href":"https:\/\/meva.net\/es-lat\/wp-json\/wp\/v2\/pages\/9116"}],"collection":[{"href":"https:\/\/meva.net\/es-lat\/wp-json\/wp\/v2\/pages"}],"about":[{"href":"https:\/\/meva.net\/es-lat\/wp-json\/wp\/v2\/types\/page"}],"author":[{"embeddable":true,"href":"https:\/\/meva.net\/es-lat\/wp-json\/wp\/v2\/users\/1"}],"replies":[{"embeddable":true,"href":"https:\/\/meva.net\/es-lat\/wp-json\/wp\/v2\/comments?post=9116"}],"version-history":[{"count":2,"href":"https:\/\/meva.net\/es-lat\/wp-json\/wp\/v2\/pages\/9116\/revisions"}],"predecessor-version":[{"id":9148,"href":"https:\/\/meva.net\/es-lat\/wp-json\/wp\/v2\/pages\/9116\/revisions\/9148"}],"up":[{"embeddable":true,"href":"https:\/\/meva.net\/es-lat\/wp-json\/wp\/v2\/pages\/9104"}],"wp:featuredmedia":[{"embeddable":true,"href":"https:\/\/meva.net\/es-lat\/wp-json\/wp\/v2\/media\/9117"}],"wp:attachment":[{"href":"https:\/\/meva.net\/es-lat\/wp-json\/wp\/v2\/media?parent=9116"}],"curies":[{"name":"wp","href":"https:\/\/api.w.org\/{rel}","templated":true}]}}