{"id":9108,"date":"2022-04-14T15:43:23","date_gmt":"2022-04-14T14:43:23","guid":{"rendered":"https:\/\/meva.net\/es-lat\/?page_id=9108"},"modified":"2022-05-03T14:55:40","modified_gmt":"2022-05-03T13:55:40","slug":"presion-calculadora-prueba","status":"publish","type":"page","link":"https:\/\/meva.net\/es-lat\/herramientas\/presion-calculadora-prueba\/","title":{"rendered":"Calculadora de presi\u00f3n"},"content":{"rendered":"","protected":false},"excerpt":{"rendered":"<p>MEVA ha desarrollado esta herramienta de c\u00e1lculo online para calcular f\u00e1cilmente la presi\u00f3n que el hormig\u00f3n fresco ejercer\u00e1 sobre el encofrado vertical (o el encofrado inclinado hasta 5 grados). Esto le permite dise\u00f1ar y utilizar un encofrado con una capacidad de carga lo suficientemente potente como para soportar la presi\u00f3n del hormig\u00f3n fresco.<\/p>\n","protected":false},"author":1,"featured_media":9109,"parent":9104,"menu_order":0,"comment_status":"closed","ping_status":"closed","template":"template-calculator-pressure.php","meta":[],"acf":[],"yoast_head":"<!-- This site is optimized with the Yoast SEO plugin v19.13 - https:\/\/yoast.com\/wordpress\/plugins\/seo\/ -->\n<title>Calculadora de presi\u00f3n - MEVA Latin America (ES)<\/title>\n<meta name=\"description\" content=\"Herramienta de c\u00e1lculo online de MEVA para calcular la presi\u00f3n que el hormig\u00f3n fresco ejercer\u00e1 sobre el encofrado vertical. Esto le permite dise\u00f1ar y utilizar un encofrado con una capacidad de carga lo suficientemente potente como para soportar la presi\u00f3n del hormig\u00f3n fresco.\" \/>\n<meta name=\"robots\" content=\"index, follow, max-snippet:-1, max-image-preview:large, max-video-preview:-1\" \/>\n<link rel=\"canonical\" href=\"https:\/\/meva.net\/es-lat\/herramientas\/presion-calculadora-prueba\/\" \/>\n<meta property=\"og:locale\" content=\"de_DE\" \/>\n<meta property=\"og:type\" content=\"article\" \/>\n<meta property=\"og:title\" content=\"Calculadora de presi\u00f3n - MEVA Latin America (ES)\" \/>\n<meta property=\"og:description\" content=\"Herramienta de c\u00e1lculo online de MEVA para calcular la presi\u00f3n que el hormig\u00f3n fresco ejercer\u00e1 sobre el encofrado vertical. Esto le permite dise\u00f1ar y utilizar un encofrado con una capacidad de carga lo suficientemente potente como para soportar la presi\u00f3n del hormig\u00f3n fresco.\" \/>\n<meta property=\"og:url\" content=\"https:\/\/meva.net\/es-lat\/herramientas\/presion-calculadora-prueba\/\" \/>\n<meta property=\"og:site_name\" content=\"MEVA Latin America (ES)\" \/>\n<meta property=\"article:publisher\" content=\"https:\/\/www.facebook.com\/MEVAlive\/\" \/>\n<meta property=\"article:modified_time\" content=\"2022-05-03T13:55:40+00:00\" \/>\n<meta property=\"og:image\" content=\"https:\/\/meva.net\/es-lat\/wp-content\/uploads\/sites\/16\/2022\/04\/concrete-pressure-calculate.jpeg\" \/>\n\t<meta property=\"og:image:width\" content=\"2560\" \/>\n\t<meta property=\"og:image:height\" content=\"1711\" \/>\n\t<meta property=\"og:image:type\" content=\"image\/jpeg\" \/>\n<meta name=\"twitter:card\" content=\"summary_large_image\" \/>\n<script type=\"application\/ld+json\" class=\"yoast-schema-graph\">{\"@context\":\"https:\/\/schema.org\",\"@graph\":[{\"@type\":\"WebPage\",\"@id\":\"https:\/\/meva.net\/es-lat\/herramientas\/presion-calculadora-prueba\/\",\"url\":\"https:\/\/meva.net\/es-lat\/herramientas\/presion-calculadora-prueba\/\",\"name\":\"Calculadora de presi\u00f3n - MEVA Latin America (ES)\",\"isPartOf\":{\"@id\":\"https:\/\/meva.net\/es-lat\/#website\"},\"datePublished\":\"2022-04-14T14:43:23+00:00\",\"dateModified\":\"2022-05-03T13:55:40+00:00\",\"description\":\"Herramienta de c\u00e1lculo online de MEVA para calcular la presi\u00f3n que el hormig\u00f3n fresco ejercer\u00e1 sobre el encofrado vertical. Esto le permite dise\u00f1ar y utilizar un encofrado con una capacidad de carga lo suficientemente potente como para soportar la presi\u00f3n del hormig\u00f3n fresco.\",\"breadcrumb\":{\"@id\":\"https:\/\/meva.net\/es-lat\/herramientas\/presion-calculadora-prueba\/#breadcrumb\"},\"inLanguage\":\"de\",\"potentialAction\":[{\"@type\":\"ReadAction\",\"target\":[\"https:\/\/meva.net\/es-lat\/herramientas\/presion-calculadora-prueba\/\"]}]},{\"@type\":\"BreadcrumbList\",\"@id\":\"https:\/\/meva.net\/es-lat\/herramientas\/presion-calculadora-prueba\/#breadcrumb\",\"itemListElement\":[{\"@type\":\"ListItem\",\"position\":1,\"name\":\"Home\",\"item\":\"https:\/\/meva.net\/es-lat\/\"},{\"@type\":\"ListItem\",\"position\":2,\"name\":\"Herramientas\",\"item\":\"https:\/\/meva.net\/es-lat\/herramientas\/\"},{\"@type\":\"ListItem\",\"position\":3,\"name\":\"Calculadora de presi\u00f3n\"}]},{\"@type\":\"WebSite\",\"@id\":\"https:\/\/meva.net\/es-lat\/#website\",\"url\":\"https:\/\/meva.net\/es-lat\/\",\"name\":\"MEVA Latin America (ES)\",\"description\":\"MEVA Formwork Systems, Latin America Website\",\"potentialAction\":[{\"@type\":\"SearchAction\",\"target\":{\"@type\":\"EntryPoint\",\"urlTemplate\":\"https:\/\/meva.net\/es-lat\/?s={search_term_string}\"},\"query-input\":\"required name=search_term_string\"}],\"inLanguage\":\"de\"}]}<\/script>\n<!-- \/ Yoast SEO plugin. -->","yoast_head_json":{"title":"Calculadora de presi\u00f3n - MEVA Latin America (ES)","description":"Herramienta de c\u00e1lculo online de MEVA para calcular la presi\u00f3n que el hormig\u00f3n fresco ejercer\u00e1 sobre el encofrado vertical. Esto le permite dise\u00f1ar y utilizar un encofrado con una capacidad de carga lo suficientemente potente como para soportar la presi\u00f3n del hormig\u00f3n fresco.","robots":{"index":"index","follow":"follow","max-snippet":"max-snippet:-1","max-image-preview":"max-image-preview:large","max-video-preview":"max-video-preview:-1"},"canonical":"https:\/\/meva.net\/es-lat\/herramientas\/presion-calculadora-prueba\/","og_locale":"de_DE","og_type":"article","og_title":"Calculadora de presi\u00f3n - MEVA Latin America (ES)","og_description":"Herramienta de c\u00e1lculo online de MEVA para calcular la presi\u00f3n que el hormig\u00f3n fresco ejercer\u00e1 sobre el encofrado vertical. Esto le permite dise\u00f1ar y utilizar un encofrado con una capacidad de carga lo suficientemente potente como para soportar la presi\u00f3n del hormig\u00f3n fresco.","og_url":"https:\/\/meva.net\/es-lat\/herramientas\/presion-calculadora-prueba\/","og_site_name":"MEVA Latin America (ES)","article_publisher":"https:\/\/www.facebook.com\/MEVAlive\/","article_modified_time":"2022-05-03T13:55:40+00:00","og_image":[{"width":2560,"height":1711,"url":"https:\/\/meva.net\/es-lat\/wp-content\/uploads\/sites\/16\/2022\/04\/concrete-pressure-calculate.jpeg","type":"image\/jpeg"}],"twitter_card":"summary_large_image","schema":{"@context":"https:\/\/schema.org","@graph":[{"@type":"WebPage","@id":"https:\/\/meva.net\/es-lat\/herramientas\/presion-calculadora-prueba\/","url":"https:\/\/meva.net\/es-lat\/herramientas\/presion-calculadora-prueba\/","name":"Calculadora de presi\u00f3n - MEVA Latin America (ES)","isPartOf":{"@id":"https:\/\/meva.net\/es-lat\/#website"},"datePublished":"2022-04-14T14:43:23+00:00","dateModified":"2022-05-03T13:55:40+00:00","description":"Herramienta de c\u00e1lculo online de MEVA para calcular la presi\u00f3n que el hormig\u00f3n fresco ejercer\u00e1 sobre el encofrado vertical. Esto le permite dise\u00f1ar y utilizar un encofrado con una capacidad de carga lo suficientemente potente como para soportar la presi\u00f3n del hormig\u00f3n fresco.","breadcrumb":{"@id":"https:\/\/meva.net\/es-lat\/herramientas\/presion-calculadora-prueba\/#breadcrumb"},"inLanguage":"de","potentialAction":[{"@type":"ReadAction","target":["https:\/\/meva.net\/es-lat\/herramientas\/presion-calculadora-prueba\/"]}]},{"@type":"BreadcrumbList","@id":"https:\/\/meva.net\/es-lat\/herramientas\/presion-calculadora-prueba\/#breadcrumb","itemListElement":[{"@type":"ListItem","position":1,"name":"Home","item":"https:\/\/meva.net\/es-lat\/"},{"@type":"ListItem","position":2,"name":"Herramientas","item":"https:\/\/meva.net\/es-lat\/herramientas\/"},{"@type":"ListItem","position":3,"name":"Calculadora de presi\u00f3n"}]},{"@type":"WebSite","@id":"https:\/\/meva.net\/es-lat\/#website","url":"https:\/\/meva.net\/es-lat\/","name":"MEVA Latin America (ES)","description":"MEVA Formwork Systems, Latin America Website","potentialAction":[{"@type":"SearchAction","target":{"@type":"EntryPoint","urlTemplate":"https:\/\/meva.net\/es-lat\/?s={search_term_string}"},"query-input":"required name=search_term_string"}],"inLanguage":"de"}]}},"_links":{"self":[{"href":"https:\/\/meva.net\/es-lat\/wp-json\/wp\/v2\/pages\/9108"}],"collection":[{"href":"https:\/\/meva.net\/es-lat\/wp-json\/wp\/v2\/pages"}],"about":[{"href":"https:\/\/meva.net\/es-lat\/wp-json\/wp\/v2\/types\/page"}],"author":[{"embeddable":true,"href":"https:\/\/meva.net\/es-lat\/wp-json\/wp\/v2\/users\/1"}],"replies":[{"embeddable":true,"href":"https:\/\/meva.net\/es-lat\/wp-json\/wp\/v2\/comments?post=9108"}],"version-history":[{"count":3,"href":"https:\/\/meva.net\/es-lat\/wp-json\/wp\/v2\/pages\/9108\/revisions"}],"predecessor-version":[{"id":9147,"href":"https:\/\/meva.net\/es-lat\/wp-json\/wp\/v2\/pages\/9108\/revisions\/9147"}],"up":[{"embeddable":true,"href":"https:\/\/meva.net\/es-lat\/wp-json\/wp\/v2\/pages\/9104"}],"wp:featuredmedia":[{"embeddable":true,"href":"https:\/\/meva.net\/es-lat\/wp-json\/wp\/v2\/media\/9109"}],"wp:attachment":[{"href":"https:\/\/meva.net\/es-lat\/wp-json\/wp\/v2\/media?parent=9108"}],"curies":[{"name":"wp","href":"https:\/\/api.w.org\/{rel}","templated":true}]}}