{"id":7594,"date":"2022-02-28T11:01:33","date_gmt":"2022-02-28T11:01:33","guid":{"rendered":"https:\/\/meva.net\/es-lat\/?page_id=7594"},"modified":"2024-08-29T09:13:58","modified_gmt":"2024-08-29T08:13:58","slug":"servicios","status":"publish","type":"page","link":"https:\/\/meva.net\/es-lat\/servicios\/","title":{"rendered":"Servicios"},"content":{"rendered":"","protected":false},"excerpt":{"rendered":"<p>MEVA ofrece una serie de servicios que incluyen el dise\u00f1o y la planificaci\u00f3n, la asistencia t\u00e9cnica y en la obra y el mantenimiento y la reparaci\u00f3n de los productos de encofrado. <\/p>\n","protected":false},"author":2,"featured_media":5622,"parent":0,"menu_order":0,"comment_status":"closed","ping_status":"closed","template":"template-building-blocks-better.php","meta":[],"acf":[],"yoast_head":"<!-- This site is optimized with the Yoast SEO plugin v19.13 - https:\/\/yoast.com\/wordpress\/plugins\/seo\/ -->\n<title>Servicios - MEVA Latin America (ES)<\/title>\n<meta name=\"description\" content=\"Servicios de encofrado que incluyen el dise\u00f1o y la planificaci\u00f3n de la ingenier\u00eda, la asistencia t\u00e9cnica in situ, el premontaje de encofrados o el alquiler de encofrados y la formaci\u00f3n y la asistencia\" \/>\n<meta name=\"robots\" content=\"index, follow, max-snippet:-1, max-image-preview:large, max-video-preview:-1\" \/>\n<link rel=\"canonical\" href=\"https:\/\/meva.net\/es-lat\/servicios\/\" \/>\n<meta property=\"og:locale\" content=\"de_DE\" \/>\n<meta property=\"og:type\" content=\"article\" \/>\n<meta property=\"og:title\" content=\"Servicios - MEVA Latin America (ES)\" \/>\n<meta property=\"og:description\" content=\"Servicios de encofrado que incluyen el dise\u00f1o y la planificaci\u00f3n de la ingenier\u00eda, la asistencia t\u00e9cnica in situ, el premontaje de encofrados o el alquiler de encofrados y la formaci\u00f3n y la asistencia\" \/>\n<meta property=\"og:url\" content=\"https:\/\/meva.net\/es-lat\/servicios\/\" \/>\n<meta property=\"og:site_name\" content=\"MEVA Latin America (ES)\" \/>\n<meta property=\"article:publisher\" content=\"https:\/\/www.facebook.com\/MEVAlive\/\" \/>\n<meta property=\"article:modified_time\" content=\"2024-08-29T08:13:58+00:00\" \/>\n<meta property=\"og:image\" content=\"https:\/\/meva.net\/es-lat\/wp-content\/uploads\/sites\/16\/2022\/02\/formwork-design-meeting-desaturate-scaled.jpg\" \/>\n\t<meta property=\"og:image:width\" content=\"2560\" \/>\n\t<meta property=\"og:image:height\" content=\"1440\" \/>\n\t<meta property=\"og:image:type\" content=\"image\/jpeg\" \/>\n<meta name=\"twitter:card\" content=\"summary_large_image\" \/>\n<script type=\"application\/ld+json\" class=\"yoast-schema-graph\">{\"@context\":\"https:\/\/schema.org\",\"@graph\":[{\"@type\":\"WebPage\",\"@id\":\"https:\/\/meva.net\/es-lat\/servicios\/\",\"url\":\"https:\/\/meva.net\/es-lat\/servicios\/\",\"name\":\"Servicios - MEVA Latin America (ES)\",\"isPartOf\":{\"@id\":\"https:\/\/meva.net\/es-lat\/#website\"},\"datePublished\":\"2022-02-28T11:01:33+00:00\",\"dateModified\":\"2024-08-29T08:13:58+00:00\",\"description\":\"Servicios de encofrado que incluyen el dise\u00f1o y la planificaci\u00f3n de la ingenier\u00eda, la asistencia t\u00e9cnica in situ, el premontaje de encofrados o el alquiler de encofrados y la formaci\u00f3n y la asistencia\",\"breadcrumb\":{\"@id\":\"https:\/\/meva.net\/es-lat\/servicios\/#breadcrumb\"},\"inLanguage\":\"de\",\"potentialAction\":[{\"@type\":\"ReadAction\",\"target\":[\"https:\/\/meva.net\/es-lat\/servicios\/\"]}]},{\"@type\":\"BreadcrumbList\",\"@id\":\"https:\/\/meva.net\/es-lat\/servicios\/#breadcrumb\",\"itemListElement\":[{\"@type\":\"ListItem\",\"position\":1,\"name\":\"Home\",\"item\":\"https:\/\/meva.net\/es-lat\/\"},{\"@type\":\"ListItem\",\"position\":2,\"name\":\"Servicios\"}]},{\"@type\":\"WebSite\",\"@id\":\"https:\/\/meva.net\/es-lat\/#website\",\"url\":\"https:\/\/meva.net\/es-lat\/\",\"name\":\"MEVA Latin America (ES)\",\"description\":\"MEVA Formwork Systems, Latin America Website\",\"potentialAction\":[{\"@type\":\"SearchAction\",\"target\":{\"@type\":\"EntryPoint\",\"urlTemplate\":\"https:\/\/meva.net\/es-lat\/?s={search_term_string}\"},\"query-input\":\"required name=search_term_string\"}],\"inLanguage\":\"de\"}]}<\/script>\n<!-- \/ Yoast SEO plugin. -->","yoast_head_json":{"title":"Servicios - MEVA Latin America (ES)","description":"Servicios de encofrado que incluyen el dise\u00f1o y la planificaci\u00f3n de la ingenier\u00eda, la asistencia t\u00e9cnica in situ, el premontaje de encofrados o el alquiler de encofrados y la formaci\u00f3n y la asistencia","robots":{"index":"index","follow":"follow","max-snippet":"max-snippet:-1","max-image-preview":"max-image-preview:large","max-video-preview":"max-video-preview:-1"},"canonical":"https:\/\/meva.net\/es-lat\/servicios\/","og_locale":"de_DE","og_type":"article","og_title":"Servicios - MEVA Latin America (ES)","og_description":"Servicios de encofrado que incluyen el dise\u00f1o y la planificaci\u00f3n de la ingenier\u00eda, la asistencia t\u00e9cnica in situ, el premontaje de encofrados o el alquiler de encofrados y la formaci\u00f3n y la asistencia","og_url":"https:\/\/meva.net\/es-lat\/servicios\/","og_site_name":"MEVA Latin America (ES)","article_publisher":"https:\/\/www.facebook.com\/MEVAlive\/","article_modified_time":"2024-08-29T08:13:58+00:00","og_image":[{"width":2560,"height":1440,"url":"https:\/\/meva.net\/es-lat\/wp-content\/uploads\/sites\/16\/2022\/02\/formwork-design-meeting-desaturate-scaled.jpg","type":"image\/jpeg"}],"twitter_card":"summary_large_image","schema":{"@context":"https:\/\/schema.org","@graph":[{"@type":"WebPage","@id":"https:\/\/meva.net\/es-lat\/servicios\/","url":"https:\/\/meva.net\/es-lat\/servicios\/","name":"Servicios - MEVA Latin America (ES)","isPartOf":{"@id":"https:\/\/meva.net\/es-lat\/#website"},"datePublished":"2022-02-28T11:01:33+00:00","dateModified":"2024-08-29T08:13:58+00:00","description":"Servicios de encofrado que incluyen el dise\u00f1o y la planificaci\u00f3n de la ingenier\u00eda, la asistencia t\u00e9cnica in situ, el premontaje de encofrados o el alquiler de encofrados y la formaci\u00f3n y la asistencia","breadcrumb":{"@id":"https:\/\/meva.net\/es-lat\/servicios\/#breadcrumb"},"inLanguage":"de","potentialAction":[{"@type":"ReadAction","target":["https:\/\/meva.net\/es-lat\/servicios\/"]}]},{"@type":"BreadcrumbList","@id":"https:\/\/meva.net\/es-lat\/servicios\/#breadcrumb","itemListElement":[{"@type":"ListItem","position":1,"name":"Home","item":"https:\/\/meva.net\/es-lat\/"},{"@type":"ListItem","position":2,"name":"Servicios"}]},{"@type":"WebSite","@id":"https:\/\/meva.net\/es-lat\/#website","url":"https:\/\/meva.net\/es-lat\/","name":"MEVA Latin America (ES)","description":"MEVA Formwork Systems, Latin America Website","potentialAction":[{"@type":"SearchAction","target":{"@type":"EntryPoint","urlTemplate":"https:\/\/meva.net\/es-lat\/?s={search_term_string}"},"query-input":"required name=search_term_string"}],"inLanguage":"de"}]}},"_links":{"self":[{"href":"https:\/\/meva.net\/es-lat\/wp-json\/wp\/v2\/pages\/7594"}],"collection":[{"href":"https:\/\/meva.net\/es-lat\/wp-json\/wp\/v2\/pages"}],"about":[{"href":"https:\/\/meva.net\/es-lat\/wp-json\/wp\/v2\/types\/page"}],"author":[{"embeddable":true,"href":"https:\/\/meva.net\/es-lat\/wp-json\/wp\/v2\/users\/2"}],"replies":[{"embeddable":true,"href":"https:\/\/meva.net\/es-lat\/wp-json\/wp\/v2\/comments?post=7594"}],"version-history":[{"count":47,"href":"https:\/\/meva.net\/es-lat\/wp-json\/wp\/v2\/pages\/7594\/revisions"}],"predecessor-version":[{"id":10016,"href":"https:\/\/meva.net\/es-lat\/wp-json\/wp\/v2\/pages\/7594\/revisions\/10016"}],"wp:featuredmedia":[{"embeddable":true,"href":"https:\/\/meva.net\/es-lat\/wp-json\/wp\/v2\/media\/5622"}],"wp:attachment":[{"href":"https:\/\/meva.net\/es-lat\/wp-json\/wp\/v2\/media?parent=7594"}],"curies":[{"name":"wp","href":"https:\/\/api.w.org\/{rel}","templated":true}]}}