{"id":1359,"date":"2022-01-10T13:34:17","date_gmt":"2022-01-10T13:34:17","guid":{"rendered":"https:\/\/meva.net\/es-lat\/?page_id=1359"},"modified":"2024-09-03T12:57:33","modified_gmt":"2024-09-03T11:57:33","slug":"ingenieria","status":"publish","type":"page","link":"https:\/\/meva.net\/es-lat\/servicios\/ingenieria\/","title":{"rendered":"Ingenier\u00eda"},"content":{"rendered":"","protected":false},"excerpt":{"rendered":"<p>Desde la simple planificaci\u00f3n en 2D hasta la planificaci\u00f3n de la obra con BIM para grandes proyectos internacionales, le apoyamos a lo largo de su proyecto: desde la fase de presentaci\u00f3n, pasando por la construcci\u00f3n y hasta la finalizaci\u00f3n con \u00e9xito del proyecto.<\/p>\n","protected":false},"author":2,"featured_media":9589,"parent":7594,"menu_order":6,"comment_status":"closed","ping_status":"closed","template":"template-building-blocks-better.php","meta":[],"acf":[],"yoast_head":"<!-- This site is optimized with the Yoast SEO plugin v19.13 - https:\/\/yoast.com\/wordpress\/plugins\/seo\/ -->\n<title>Ingenier\u00eda - MEVA Latin America (ES)<\/title>\n<meta name=\"description\" content=\"Ingenier\u00eda de encofrados, incluyendo servicios de consultor\u00eda, dise\u00f1o 3D y BIM y planificaci\u00f3n\" \/>\n<meta name=\"robots\" content=\"index, follow, max-snippet:-1, max-image-preview:large, max-video-preview:-1\" \/>\n<link rel=\"canonical\" href=\"https:\/\/meva.net\/es-lat\/servicios\/ingenieria\/\" \/>\n<meta property=\"og:locale\" content=\"de_DE\" \/>\n<meta property=\"og:type\" content=\"article\" \/>\n<meta property=\"og:title\" content=\"Ingenier\u00eda - MEVA Latin America (ES)\" \/>\n<meta property=\"og:description\" content=\"Ingenier\u00eda de encofrados, incluyendo servicios de consultor\u00eda, dise\u00f1o 3D y BIM y planificaci\u00f3n\" \/>\n<meta property=\"og:url\" content=\"https:\/\/meva.net\/es-lat\/servicios\/ingenieria\/\" \/>\n<meta property=\"og:site_name\" content=\"MEVA Latin America (ES)\" \/>\n<meta property=\"article:publisher\" content=\"https:\/\/www.facebook.com\/MEVAlive\/\" \/>\n<meta property=\"article:modified_time\" content=\"2024-09-03T11:57:33+00:00\" \/>\n<meta property=\"og:image\" content=\"https:\/\/meva.net\/es-lat\/wp-content\/uploads\/sites\/16\/2023\/02\/18361_1-scaled.jpg\" \/>\n\t<meta property=\"og:image:width\" content=\"2560\" \/>\n\t<meta property=\"og:image:height\" content=\"2295\" \/>\n\t<meta property=\"og:image:type\" content=\"image\/jpeg\" \/>\n<meta name=\"twitter:card\" content=\"summary_large_image\" \/>\n<script type=\"application\/ld+json\" class=\"yoast-schema-graph\">{\"@context\":\"https:\/\/schema.org\",\"@graph\":[{\"@type\":\"WebPage\",\"@id\":\"https:\/\/meva.net\/es-lat\/servicios\/ingenieria\/\",\"url\":\"https:\/\/meva.net\/es-lat\/servicios\/ingenieria\/\",\"name\":\"Ingenier\u00eda - MEVA Latin America (ES)\",\"isPartOf\":{\"@id\":\"https:\/\/meva.net\/es-lat\/#website\"},\"datePublished\":\"2022-01-10T13:34:17+00:00\",\"dateModified\":\"2024-09-03T11:57:33+00:00\",\"description\":\"Ingenier\u00eda de encofrados, incluyendo servicios de consultor\u00eda, dise\u00f1o 3D y BIM y planificaci\u00f3n\",\"breadcrumb\":{\"@id\":\"https:\/\/meva.net\/es-lat\/servicios\/ingenieria\/#breadcrumb\"},\"inLanguage\":\"de\",\"potentialAction\":[{\"@type\":\"ReadAction\",\"target\":[\"https:\/\/meva.net\/es-lat\/servicios\/ingenieria\/\"]}]},{\"@type\":\"BreadcrumbList\",\"@id\":\"https:\/\/meva.net\/es-lat\/servicios\/ingenieria\/#breadcrumb\",\"itemListElement\":[{\"@type\":\"ListItem\",\"position\":1,\"name\":\"Home\",\"item\":\"https:\/\/meva.net\/es-lat\/\"},{\"@type\":\"ListItem\",\"position\":2,\"name\":\"Servicios\",\"item\":\"https:\/\/meva.net\/es-lat\/servicios\/\"},{\"@type\":\"ListItem\",\"position\":3,\"name\":\"Ingenier\u00eda\"}]},{\"@type\":\"WebSite\",\"@id\":\"https:\/\/meva.net\/es-lat\/#website\",\"url\":\"https:\/\/meva.net\/es-lat\/\",\"name\":\"MEVA Latin America (ES)\",\"description\":\"MEVA Formwork Systems, Latin America Website\",\"potentialAction\":[{\"@type\":\"SearchAction\",\"target\":{\"@type\":\"EntryPoint\",\"urlTemplate\":\"https:\/\/meva.net\/es-lat\/?s={search_term_string}\"},\"query-input\":\"required name=search_term_string\"}],\"inLanguage\":\"de\"}]}<\/script>\n<!-- \/ Yoast SEO plugin. -->","yoast_head_json":{"title":"Ingenier\u00eda - MEVA Latin America (ES)","description":"Ingenier\u00eda de encofrados, incluyendo servicios de consultor\u00eda, dise\u00f1o 3D y BIM y planificaci\u00f3n","robots":{"index":"index","follow":"follow","max-snippet":"max-snippet:-1","max-image-preview":"max-image-preview:large","max-video-preview":"max-video-preview:-1"},"canonical":"https:\/\/meva.net\/es-lat\/servicios\/ingenieria\/","og_locale":"de_DE","og_type":"article","og_title":"Ingenier\u00eda - MEVA Latin America (ES)","og_description":"Ingenier\u00eda de encofrados, incluyendo servicios de consultor\u00eda, dise\u00f1o 3D y BIM y planificaci\u00f3n","og_url":"https:\/\/meva.net\/es-lat\/servicios\/ingenieria\/","og_site_name":"MEVA Latin America (ES)","article_publisher":"https:\/\/www.facebook.com\/MEVAlive\/","article_modified_time":"2024-09-03T11:57:33+00:00","og_image":[{"width":2560,"height":2295,"url":"https:\/\/meva.net\/es-lat\/wp-content\/uploads\/sites\/16\/2023\/02\/18361_1-scaled.jpg","type":"image\/jpeg"}],"twitter_card":"summary_large_image","schema":{"@context":"https:\/\/schema.org","@graph":[{"@type":"WebPage","@id":"https:\/\/meva.net\/es-lat\/servicios\/ingenieria\/","url":"https:\/\/meva.net\/es-lat\/servicios\/ingenieria\/","name":"Ingenier\u00eda - MEVA Latin America (ES)","isPartOf":{"@id":"https:\/\/meva.net\/es-lat\/#website"},"datePublished":"2022-01-10T13:34:17+00:00","dateModified":"2024-09-03T11:57:33+00:00","description":"Ingenier\u00eda de encofrados, incluyendo servicios de consultor\u00eda, dise\u00f1o 3D y BIM y planificaci\u00f3n","breadcrumb":{"@id":"https:\/\/meva.net\/es-lat\/servicios\/ingenieria\/#breadcrumb"},"inLanguage":"de","potentialAction":[{"@type":"ReadAction","target":["https:\/\/meva.net\/es-lat\/servicios\/ingenieria\/"]}]},{"@type":"BreadcrumbList","@id":"https:\/\/meva.net\/es-lat\/servicios\/ingenieria\/#breadcrumb","itemListElement":[{"@type":"ListItem","position":1,"name":"Home","item":"https:\/\/meva.net\/es-lat\/"},{"@type":"ListItem","position":2,"name":"Servicios","item":"https:\/\/meva.net\/es-lat\/servicios\/"},{"@type":"ListItem","position":3,"name":"Ingenier\u00eda"}]},{"@type":"WebSite","@id":"https:\/\/meva.net\/es-lat\/#website","url":"https:\/\/meva.net\/es-lat\/","name":"MEVA Latin America (ES)","description":"MEVA Formwork Systems, Latin America Website","potentialAction":[{"@type":"SearchAction","target":{"@type":"EntryPoint","urlTemplate":"https:\/\/meva.net\/es-lat\/?s={search_term_string}"},"query-input":"required name=search_term_string"}],"inLanguage":"de"}]}},"_links":{"self":[{"href":"https:\/\/meva.net\/es-lat\/wp-json\/wp\/v2\/pages\/1359"}],"collection":[{"href":"https:\/\/meva.net\/es-lat\/wp-json\/wp\/v2\/pages"}],"about":[{"href":"https:\/\/meva.net\/es-lat\/wp-json\/wp\/v2\/types\/page"}],"author":[{"embeddable":true,"href":"https:\/\/meva.net\/es-lat\/wp-json\/wp\/v2\/users\/2"}],"replies":[{"embeddable":true,"href":"https:\/\/meva.net\/es-lat\/wp-json\/wp\/v2\/comments?post=1359"}],"version-history":[{"count":66,"href":"https:\/\/meva.net\/es-lat\/wp-json\/wp\/v2\/pages\/1359\/revisions"}],"predecessor-version":[{"id":10019,"href":"https:\/\/meva.net\/es-lat\/wp-json\/wp\/v2\/pages\/1359\/revisions\/10019"}],"up":[{"embeddable":true,"href":"https:\/\/meva.net\/es-lat\/wp-json\/wp\/v2\/pages\/7594"}],"wp:featuredmedia":[{"embeddable":true,"href":"https:\/\/meva.net\/es-lat\/wp-json\/wp\/v2\/media\/9589"}],"wp:attachment":[{"href":"https:\/\/meva.net\/es-lat\/wp-json\/wp\/v2\/media?parent=1359"}],"curies":[{"name":"wp","href":"https:\/\/api.w.org\/{rel}","templated":true}]}}