{"id":1344,"date":"2022-01-10T10:30:37","date_gmt":"2022-01-10T10:30:37","guid":{"rendered":"https:\/\/meva.net\/es-lat\/?page_id=1344"},"modified":"2024-09-03T13:26:52","modified_gmt":"2024-09-03T12:26:52","slug":"academia","status":"publish","type":"page","link":"https:\/\/meva.net\/es-lat\/servicios\/academia\/","title":{"rendered":"Academia"},"content":{"rendered":"","protected":false},"excerpt":{"rendered":"<p>La Academy MEVA ofrece formaci\u00f3n t\u00e9cnica y pr\u00e1ctica y apoyo en temas como las aplicaciones de los sistemas de encofrado y los requisitos de seguridad, con opciones de desarrollo profesional continuo (CPD).<\/p>\n","protected":false},"author":3,"featured_media":5518,"parent":7594,"menu_order":6,"comment_status":"closed","ping_status":"closed","template":"template-building-blocks-better.php","meta":[],"acf":[],"yoast_head":"<!-- This site is optimized with the Yoast SEO plugin v19.13 - https:\/\/yoast.com\/wordpress\/plugins\/seo\/ -->\n<title>Academia - MEVA Latin America (ES)<\/title>\n<meta name=\"description\" content=\"La Academy MEVA ofrece formaci\u00f3n t\u00e9cnica y pr\u00e1ctica y apoyo en temas como las aplicaciones de los sistemas de encofrado y los requisitos de seguridad, con opciones de desarrollo profesional continuo (CPD).\" \/>\n<meta name=\"robots\" content=\"index, follow, max-snippet:-1, max-image-preview:large, max-video-preview:-1\" \/>\n<link rel=\"canonical\" href=\"https:\/\/meva.net\/es-lat\/servicios\/academia\/\" \/>\n<meta property=\"og:locale\" content=\"de_DE\" \/>\n<meta property=\"og:type\" content=\"article\" \/>\n<meta property=\"og:title\" content=\"Academia - MEVA Latin America (ES)\" \/>\n<meta property=\"og:description\" content=\"La Academy MEVA ofrece formaci\u00f3n t\u00e9cnica y pr\u00e1ctica y apoyo en temas como las aplicaciones de los sistemas de encofrado y los requisitos de seguridad, con opciones de desarrollo profesional continuo (CPD).\" \/>\n<meta property=\"og:url\" content=\"https:\/\/meva.net\/es-lat\/servicios\/academia\/\" \/>\n<meta property=\"og:site_name\" content=\"MEVA Latin America (ES)\" \/>\n<meta property=\"article:publisher\" content=\"https:\/\/www.facebook.com\/MEVAlive\/\" \/>\n<meta property=\"article:modified_time\" content=\"2024-09-03T12:26:52+00:00\" \/>\n<meta property=\"og:image\" content=\"https:\/\/meva.net\/es-lat\/wp-content\/uploads\/sites\/16\/2022\/01\/MEVA-formwork-Academy-Training.jpg\" \/>\n\t<meta property=\"og:image:width\" content=\"2500\" \/>\n\t<meta property=\"og:image:height\" content=\"1667\" \/>\n\t<meta property=\"og:image:type\" content=\"image\/jpeg\" \/>\n<meta name=\"twitter:card\" content=\"summary_large_image\" \/>\n<script type=\"application\/ld+json\" class=\"yoast-schema-graph\">{\"@context\":\"https:\/\/schema.org\",\"@graph\":[{\"@type\":\"WebPage\",\"@id\":\"https:\/\/meva.net\/es-lat\/servicios\/academia\/\",\"url\":\"https:\/\/meva.net\/es-lat\/servicios\/academia\/\",\"name\":\"Academia - MEVA Latin America (ES)\",\"isPartOf\":{\"@id\":\"https:\/\/meva.net\/es-lat\/#website\"},\"datePublished\":\"2022-01-10T10:30:37+00:00\",\"dateModified\":\"2024-09-03T12:26:52+00:00\",\"description\":\"La Academy MEVA ofrece formaci\u00f3n t\u00e9cnica y pr\u00e1ctica y apoyo en temas como las aplicaciones de los sistemas de encofrado y los requisitos de seguridad, con opciones de desarrollo profesional continuo (CPD).\",\"breadcrumb\":{\"@id\":\"https:\/\/meva.net\/es-lat\/servicios\/academia\/#breadcrumb\"},\"inLanguage\":\"de\",\"potentialAction\":[{\"@type\":\"ReadAction\",\"target\":[\"https:\/\/meva.net\/es-lat\/servicios\/academia\/\"]}]},{\"@type\":\"BreadcrumbList\",\"@id\":\"https:\/\/meva.net\/es-lat\/servicios\/academia\/#breadcrumb\",\"itemListElement\":[{\"@type\":\"ListItem\",\"position\":1,\"name\":\"Home\",\"item\":\"https:\/\/meva.net\/es-lat\/\"},{\"@type\":\"ListItem\",\"position\":2,\"name\":\"Servicios\",\"item\":\"https:\/\/meva.net\/es-lat\/servicios\/\"},{\"@type\":\"ListItem\",\"position\":3,\"name\":\"Academia\"}]},{\"@type\":\"WebSite\",\"@id\":\"https:\/\/meva.net\/es-lat\/#website\",\"url\":\"https:\/\/meva.net\/es-lat\/\",\"name\":\"MEVA Latin America (ES)\",\"description\":\"MEVA Formwork Systems, Latin America Website\",\"potentialAction\":[{\"@type\":\"SearchAction\",\"target\":{\"@type\":\"EntryPoint\",\"urlTemplate\":\"https:\/\/meva.net\/es-lat\/?s={search_term_string}\"},\"query-input\":\"required name=search_term_string\"}],\"inLanguage\":\"de\"}]}<\/script>\n<!-- \/ Yoast SEO plugin. -->","yoast_head_json":{"title":"Academia - MEVA Latin America (ES)","description":"La Academy MEVA ofrece formaci\u00f3n t\u00e9cnica y pr\u00e1ctica y apoyo en temas como las aplicaciones de los sistemas de encofrado y los requisitos de seguridad, con opciones de desarrollo profesional continuo (CPD).","robots":{"index":"index","follow":"follow","max-snippet":"max-snippet:-1","max-image-preview":"max-image-preview:large","max-video-preview":"max-video-preview:-1"},"canonical":"https:\/\/meva.net\/es-lat\/servicios\/academia\/","og_locale":"de_DE","og_type":"article","og_title":"Academia - MEVA Latin America (ES)","og_description":"La Academy MEVA ofrece formaci\u00f3n t\u00e9cnica y pr\u00e1ctica y apoyo en temas como las aplicaciones de los sistemas de encofrado y los requisitos de seguridad, con opciones de desarrollo profesional continuo (CPD).","og_url":"https:\/\/meva.net\/es-lat\/servicios\/academia\/","og_site_name":"MEVA Latin America (ES)","article_publisher":"https:\/\/www.facebook.com\/MEVAlive\/","article_modified_time":"2024-09-03T12:26:52+00:00","og_image":[{"width":2500,"height":1667,"url":"https:\/\/meva.net\/es-lat\/wp-content\/uploads\/sites\/16\/2022\/01\/MEVA-formwork-Academy-Training.jpg","type":"image\/jpeg"}],"twitter_card":"summary_large_image","schema":{"@context":"https:\/\/schema.org","@graph":[{"@type":"WebPage","@id":"https:\/\/meva.net\/es-lat\/servicios\/academia\/","url":"https:\/\/meva.net\/es-lat\/servicios\/academia\/","name":"Academia - MEVA Latin America (ES)","isPartOf":{"@id":"https:\/\/meva.net\/es-lat\/#website"},"datePublished":"2022-01-10T10:30:37+00:00","dateModified":"2024-09-03T12:26:52+00:00","description":"La Academy MEVA ofrece formaci\u00f3n t\u00e9cnica y pr\u00e1ctica y apoyo en temas como las aplicaciones de los sistemas de encofrado y los requisitos de seguridad, con opciones de desarrollo profesional continuo (CPD).","breadcrumb":{"@id":"https:\/\/meva.net\/es-lat\/servicios\/academia\/#breadcrumb"},"inLanguage":"de","potentialAction":[{"@type":"ReadAction","target":["https:\/\/meva.net\/es-lat\/servicios\/academia\/"]}]},{"@type":"BreadcrumbList","@id":"https:\/\/meva.net\/es-lat\/servicios\/academia\/#breadcrumb","itemListElement":[{"@type":"ListItem","position":1,"name":"Home","item":"https:\/\/meva.net\/es-lat\/"},{"@type":"ListItem","position":2,"name":"Servicios","item":"https:\/\/meva.net\/es-lat\/servicios\/"},{"@type":"ListItem","position":3,"name":"Academia"}]},{"@type":"WebSite","@id":"https:\/\/meva.net\/es-lat\/#website","url":"https:\/\/meva.net\/es-lat\/","name":"MEVA Latin America (ES)","description":"MEVA Formwork Systems, Latin America Website","potentialAction":[{"@type":"SearchAction","target":{"@type":"EntryPoint","urlTemplate":"https:\/\/meva.net\/es-lat\/?s={search_term_string}"},"query-input":"required name=search_term_string"}],"inLanguage":"de"}]}},"_links":{"self":[{"href":"https:\/\/meva.net\/es-lat\/wp-json\/wp\/v2\/pages\/1344"}],"collection":[{"href":"https:\/\/meva.net\/es-lat\/wp-json\/wp\/v2\/pages"}],"about":[{"href":"https:\/\/meva.net\/es-lat\/wp-json\/wp\/v2\/types\/page"}],"author":[{"embeddable":true,"href":"https:\/\/meva.net\/es-lat\/wp-json\/wp\/v2\/users\/3"}],"replies":[{"embeddable":true,"href":"https:\/\/meva.net\/es-lat\/wp-json\/wp\/v2\/comments?post=1344"}],"version-history":[{"count":36,"href":"https:\/\/meva.net\/es-lat\/wp-json\/wp\/v2\/pages\/1344\/revisions"}],"predecessor-version":[{"id":10025,"href":"https:\/\/meva.net\/es-lat\/wp-json\/wp\/v2\/pages\/1344\/revisions\/10025"}],"up":[{"embeddable":true,"href":"https:\/\/meva.net\/es-lat\/wp-json\/wp\/v2\/pages\/7594"}],"wp:featuredmedia":[{"embeddable":true,"href":"https:\/\/meva.net\/es-lat\/wp-json\/wp\/v2\/media\/5518"}],"wp:attachment":[{"href":"https:\/\/meva.net\/es-lat\/wp-json\/wp\/v2\/media?parent=1344"}],"curies":[{"name":"wp","href":"https:\/\/api.w.org\/{rel}","templated":true}]}}