{"id":9957,"date":"2022-12-08T08:15:56","date_gmt":"2022-12-08T08:15:56","guid":{"rendered":"https:\/\/meva.net\/de-de\/?page_id=9957"},"modified":"2023-10-05T14:19:28","modified_gmt":"2023-10-05T12:19:28","slug":"schalung","status":"publish","type":"page","link":"https:\/\/meva.net\/de-de\/schalung\/","title":{"rendered":"Schalung"},"content":{"rendered":"","protected":false},"excerpt":{"rendered":"","protected":false},"author":1,"featured_media":0,"parent":0,"menu_order":0,"comment_status":"closed","ping_status":"closed","template":"template-building-blocks-better.php","meta":[],"acf":[],"yoast_head":"<!-- This site is optimized with the Yoast SEO plugin v19.13 - https:\/\/yoast.com\/wordpress\/plugins\/seo\/ -->\n<title>Schalung - Grundlagen von Schalungssystemen - MEVA Deutschland<\/title>\n<meta name=\"description\" content=\"Was ist eine Schalung? Welche Typen von Schalungs-Systemen gibt es. Wie finde ich die richtige Schalung f\u00fcr meine Wand, Decke oder Sonderf\u00e4lle? Lesen Sie weiter, um alles zu erfahren, was Sie \u00fcber Schalungen und die Strukturen, die sie tragen, wissen m\u00fcssen.\" \/>\n<meta name=\"robots\" content=\"index, follow, max-snippet:-1, max-image-preview:large, max-video-preview:-1\" \/>\n<link rel=\"canonical\" href=\"https:\/\/meva.net\/de-de\/schalung\/\" \/>\n<meta property=\"og:locale\" content=\"de_DE\" \/>\n<meta property=\"og:type\" content=\"article\" \/>\n<meta property=\"og:title\" content=\"Schalung - Grundlagen von Schalungssystemen - MEVA Deutschland\" \/>\n<meta property=\"og:description\" content=\"Was ist eine Schalung? Welche Typen von Schalungs-Systemen gibt es. Wie finde ich die richtige Schalung f\u00fcr meine Wand, Decke oder Sonderf\u00e4lle? Lesen Sie weiter, um alles zu erfahren, was Sie \u00fcber Schalungen und die Strukturen, die sie tragen, wissen m\u00fcssen.\" \/>\n<meta property=\"og:url\" content=\"https:\/\/meva.net\/de-de\/schalung\/\" \/>\n<meta property=\"og:site_name\" content=\"MEVA Deutschland\" \/>\n<meta property=\"article:modified_time\" content=\"2023-10-05T12:19:28+00:00\" \/>\n<meta name=\"twitter:card\" content=\"summary_large_image\" \/>\n<script type=\"application\/ld+json\" class=\"yoast-schema-graph\">{\"@context\":\"https:\/\/schema.org\",\"@graph\":[{\"@type\":\"WebPage\",\"@id\":\"https:\/\/meva.net\/de-de\/schalung\/\",\"url\":\"https:\/\/meva.net\/de-de\/schalung\/\",\"name\":\"Schalung - Grundlagen von Schalungssystemen - MEVA Deutschland\",\"isPartOf\":{\"@id\":\"https:\/\/meva.net\/de-de\/#website\"},\"datePublished\":\"2022-12-08T08:15:56+00:00\",\"dateModified\":\"2023-10-05T12:19:28+00:00\",\"description\":\"Was ist eine Schalung? Welche Typen von Schalungs-Systemen gibt es. Wie finde ich die richtige Schalung f\u00fcr meine Wand, Decke oder Sonderf\u00e4lle? Lesen Sie weiter, um alles zu erfahren, was Sie \u00fcber Schalungen und die Strukturen, die sie tragen, wissen m\u00fcssen.\",\"breadcrumb\":{\"@id\":\"https:\/\/meva.net\/de-de\/schalung\/#breadcrumb\"},\"inLanguage\":\"de\",\"potentialAction\":[{\"@type\":\"ReadAction\",\"target\":[\"https:\/\/meva.net\/de-de\/schalung\/\"]}]},{\"@type\":\"BreadcrumbList\",\"@id\":\"https:\/\/meva.net\/de-de\/schalung\/#breadcrumb\",\"itemListElement\":[{\"@type\":\"ListItem\",\"position\":1,\"name\":\"Home\",\"item\":\"https:\/\/meva.net\/de-de\/\"},{\"@type\":\"ListItem\",\"position\":2,\"name\":\"Schalung\"}]},{\"@type\":\"WebSite\",\"@id\":\"https:\/\/meva.net\/de-de\/#website\",\"url\":\"https:\/\/meva.net\/de-de\/\",\"name\":\"MEVA Deutschland\",\"description\":\"Schalung. Einfach. Clever.\",\"potentialAction\":[{\"@type\":\"SearchAction\",\"target\":{\"@type\":\"EntryPoint\",\"urlTemplate\":\"https:\/\/meva.net\/de-de\/?s={search_term_string}\"},\"query-input\":\"required name=search_term_string\"}],\"inLanguage\":\"de\"}]}<\/script>\n<!-- \/ Yoast SEO plugin. -->","yoast_head_json":{"title":"Schalung - Grundlagen von Schalungssystemen - MEVA Deutschland","description":"Was ist eine Schalung? Welche Typen von Schalungs-Systemen gibt es. Wie finde ich die richtige Schalung f\u00fcr meine Wand, Decke oder Sonderf\u00e4lle? Lesen Sie weiter, um alles zu erfahren, was Sie \u00fcber Schalungen und die Strukturen, die sie tragen, wissen m\u00fcssen.","robots":{"index":"index","follow":"follow","max-snippet":"max-snippet:-1","max-image-preview":"max-image-preview:large","max-video-preview":"max-video-preview:-1"},"canonical":"https:\/\/meva.net\/de-de\/schalung\/","og_locale":"de_DE","og_type":"article","og_title":"Schalung - Grundlagen von Schalungssystemen - MEVA Deutschland","og_description":"Was ist eine Schalung? Welche Typen von Schalungs-Systemen gibt es. Wie finde ich die richtige Schalung f\u00fcr meine Wand, Decke oder Sonderf\u00e4lle? Lesen Sie weiter, um alles zu erfahren, was Sie \u00fcber Schalungen und die Strukturen, die sie tragen, wissen m\u00fcssen.","og_url":"https:\/\/meva.net\/de-de\/schalung\/","og_site_name":"MEVA Deutschland","article_modified_time":"2023-10-05T12:19:28+00:00","twitter_card":"summary_large_image","schema":{"@context":"https:\/\/schema.org","@graph":[{"@type":"WebPage","@id":"https:\/\/meva.net\/de-de\/schalung\/","url":"https:\/\/meva.net\/de-de\/schalung\/","name":"Schalung - Grundlagen von Schalungssystemen - MEVA Deutschland","isPartOf":{"@id":"https:\/\/meva.net\/de-de\/#website"},"datePublished":"2022-12-08T08:15:56+00:00","dateModified":"2023-10-05T12:19:28+00:00","description":"Was ist eine Schalung? Welche Typen von Schalungs-Systemen gibt es. Wie finde ich die richtige Schalung f\u00fcr meine Wand, Decke oder Sonderf\u00e4lle? Lesen Sie weiter, um alles zu erfahren, was Sie \u00fcber Schalungen und die Strukturen, die sie tragen, wissen m\u00fcssen.","breadcrumb":{"@id":"https:\/\/meva.net\/de-de\/schalung\/#breadcrumb"},"inLanguage":"de","potentialAction":[{"@type":"ReadAction","target":["https:\/\/meva.net\/de-de\/schalung\/"]}]},{"@type":"BreadcrumbList","@id":"https:\/\/meva.net\/de-de\/schalung\/#breadcrumb","itemListElement":[{"@type":"ListItem","position":1,"name":"Home","item":"https:\/\/meva.net\/de-de\/"},{"@type":"ListItem","position":2,"name":"Schalung"}]},{"@type":"WebSite","@id":"https:\/\/meva.net\/de-de\/#website","url":"https:\/\/meva.net\/de-de\/","name":"MEVA Deutschland","description":"Schalung. Einfach. Clever.","potentialAction":[{"@type":"SearchAction","target":{"@type":"EntryPoint","urlTemplate":"https:\/\/meva.net\/de-de\/?s={search_term_string}"},"query-input":"required name=search_term_string"}],"inLanguage":"de"}]}},"_links":{"self":[{"href":"https:\/\/meva.net\/de-de\/wp-json\/wp\/v2\/pages\/9957"}],"collection":[{"href":"https:\/\/meva.net\/de-de\/wp-json\/wp\/v2\/pages"}],"about":[{"href":"https:\/\/meva.net\/de-de\/wp-json\/wp\/v2\/types\/page"}],"author":[{"embeddable":true,"href":"https:\/\/meva.net\/de-de\/wp-json\/wp\/v2\/users\/1"}],"replies":[{"embeddable":true,"href":"https:\/\/meva.net\/de-de\/wp-json\/wp\/v2\/comments?post=9957"}],"version-history":[{"count":21,"href":"https:\/\/meva.net\/de-de\/wp-json\/wp\/v2\/pages\/9957\/revisions"}],"predecessor-version":[{"id":10560,"href":"https:\/\/meva.net\/de-de\/wp-json\/wp\/v2\/pages\/9957\/revisions\/10560"}],"wp:attachment":[{"href":"https:\/\/meva.net\/de-de\/wp-json\/wp\/v2\/media?parent=9957"}],"curies":[{"name":"wp","href":"https:\/\/api.w.org\/{rel}","templated":true}]}}