{"id":9404,"date":"2022-09-26T13:10:04","date_gmt":"2022-09-26T12:10:04","guid":{"rendered":"https:\/\/meva.net\/de-de\/?page_id=9404"},"modified":"2023-11-08T16:26:22","modified_gmt":"2023-11-08T15:26:22","slug":"meva-newsletter-abonnieren","status":"publish","type":"page","link":"https:\/\/meva.net\/de-de\/meva-newsletter-abonnieren\/","title":{"rendered":"MEVA Newsletter abonnieren"},"content":{"rendered":"","protected":false},"excerpt":{"rendered":"","protected":false},"author":7,"featured_media":0,"parent":0,"menu_order":0,"comment_status":"closed","ping_status":"closed","template":"template-building-blocks-better.php","meta":[],"acf":[],"yoast_head":"<!-- This site is optimized with the Yoast SEO plugin v19.13 - https:\/\/yoast.com\/wordpress\/plugins\/seo\/ -->\n<title>MEVA Newsletter abonnieren - MEVA Deutschland<\/title>\n<meta name=\"description\" content=\"Im monatlichen Newsletter finden Interessierte brandaktuelle News zu MEVA, neuen Produkten und weltweit spannende Projekten, sowie Tipps und Tricks von Anwendern und Verkaufsaktionen f\u00fcr Schalung und Zubeh\u00f6r. Der Newsletter ist kostenlos und jederzeit k\u00fcndbar.\" \/>\n<meta name=\"robots\" content=\"index, follow, max-snippet:-1, max-image-preview:large, max-video-preview:-1\" \/>\n<link rel=\"canonical\" href=\"https:\/\/meva.net\/de-de\/meva-newsletter-abonnieren\/\" \/>\n<meta property=\"og:locale\" content=\"de_DE\" \/>\n<meta property=\"og:type\" content=\"article\" \/>\n<meta property=\"og:title\" content=\"MEVA Newsletter abonnieren - MEVA Deutschland\" \/>\n<meta property=\"og:description\" content=\"Im monatlichen Newsletter finden Interessierte brandaktuelle News zu MEVA, neuen Produkten und weltweit spannende Projekten, sowie Tipps und Tricks von Anwendern und Verkaufsaktionen f\u00fcr Schalung und Zubeh\u00f6r. Der Newsletter ist kostenlos und jederzeit k\u00fcndbar.\" \/>\n<meta property=\"og:url\" content=\"https:\/\/meva.net\/de-de\/meva-newsletter-abonnieren\/\" \/>\n<meta property=\"og:site_name\" content=\"MEVA Deutschland\" \/>\n<meta property=\"article:modified_time\" content=\"2023-11-08T15:26:22+00:00\" \/>\n<meta name=\"twitter:card\" content=\"summary_large_image\" \/>\n<script type=\"application\/ld+json\" class=\"yoast-schema-graph\">{\"@context\":\"https:\/\/schema.org\",\"@graph\":[{\"@type\":\"WebPage\",\"@id\":\"https:\/\/meva.net\/de-de\/meva-newsletter-abonnieren\/\",\"url\":\"https:\/\/meva.net\/de-de\/meva-newsletter-abonnieren\/\",\"name\":\"MEVA Newsletter abonnieren - MEVA Deutschland\",\"isPartOf\":{\"@id\":\"https:\/\/meva.net\/de-de\/#website\"},\"datePublished\":\"2022-09-26T12:10:04+00:00\",\"dateModified\":\"2023-11-08T15:26:22+00:00\",\"description\":\"Im monatlichen Newsletter finden Interessierte brandaktuelle News zu MEVA, neuen Produkten und weltweit spannende Projekten, sowie Tipps und Tricks von Anwendern und Verkaufsaktionen f\u00fcr Schalung und Zubeh\u00f6r. Der Newsletter ist kostenlos und jederzeit k\u00fcndbar.\",\"breadcrumb\":{\"@id\":\"https:\/\/meva.net\/de-de\/meva-newsletter-abonnieren\/#breadcrumb\"},\"inLanguage\":\"de\",\"potentialAction\":[{\"@type\":\"ReadAction\",\"target\":[\"https:\/\/meva.net\/de-de\/meva-newsletter-abonnieren\/\"]}]},{\"@type\":\"BreadcrumbList\",\"@id\":\"https:\/\/meva.net\/de-de\/meva-newsletter-abonnieren\/#breadcrumb\",\"itemListElement\":[{\"@type\":\"ListItem\",\"position\":1,\"name\":\"Home\",\"item\":\"https:\/\/meva.net\/de-de\/\"},{\"@type\":\"ListItem\",\"position\":2,\"name\":\"MEVA Newsletter abonnieren\"}]},{\"@type\":\"WebSite\",\"@id\":\"https:\/\/meva.net\/de-de\/#website\",\"url\":\"https:\/\/meva.net\/de-de\/\",\"name\":\"MEVA Deutschland\",\"description\":\"Schalung. Einfach. Clever.\",\"potentialAction\":[{\"@type\":\"SearchAction\",\"target\":{\"@type\":\"EntryPoint\",\"urlTemplate\":\"https:\/\/meva.net\/de-de\/?s={search_term_string}\"},\"query-input\":\"required name=search_term_string\"}],\"inLanguage\":\"de\"}]}<\/script>\n<!-- \/ Yoast SEO plugin. -->","yoast_head_json":{"title":"MEVA Newsletter abonnieren - MEVA Deutschland","description":"Im monatlichen Newsletter finden Interessierte brandaktuelle News zu MEVA, neuen Produkten und weltweit spannende Projekten, sowie Tipps und Tricks von Anwendern und Verkaufsaktionen f\u00fcr Schalung und Zubeh\u00f6r. Der Newsletter ist kostenlos und jederzeit k\u00fcndbar.","robots":{"index":"index","follow":"follow","max-snippet":"max-snippet:-1","max-image-preview":"max-image-preview:large","max-video-preview":"max-video-preview:-1"},"canonical":"https:\/\/meva.net\/de-de\/meva-newsletter-abonnieren\/","og_locale":"de_DE","og_type":"article","og_title":"MEVA Newsletter abonnieren - MEVA Deutschland","og_description":"Im monatlichen Newsletter finden Interessierte brandaktuelle News zu MEVA, neuen Produkten und weltweit spannende Projekten, sowie Tipps und Tricks von Anwendern und Verkaufsaktionen f\u00fcr Schalung und Zubeh\u00f6r. Der Newsletter ist kostenlos und jederzeit k\u00fcndbar.","og_url":"https:\/\/meva.net\/de-de\/meva-newsletter-abonnieren\/","og_site_name":"MEVA Deutschland","article_modified_time":"2023-11-08T15:26:22+00:00","twitter_card":"summary_large_image","schema":{"@context":"https:\/\/schema.org","@graph":[{"@type":"WebPage","@id":"https:\/\/meva.net\/de-de\/meva-newsletter-abonnieren\/","url":"https:\/\/meva.net\/de-de\/meva-newsletter-abonnieren\/","name":"MEVA Newsletter abonnieren - MEVA Deutschland","isPartOf":{"@id":"https:\/\/meva.net\/de-de\/#website"},"datePublished":"2022-09-26T12:10:04+00:00","dateModified":"2023-11-08T15:26:22+00:00","description":"Im monatlichen Newsletter finden Interessierte brandaktuelle News zu MEVA, neuen Produkten und weltweit spannende Projekten, sowie Tipps und Tricks von Anwendern und Verkaufsaktionen f\u00fcr Schalung und Zubeh\u00f6r. Der Newsletter ist kostenlos und jederzeit k\u00fcndbar.","breadcrumb":{"@id":"https:\/\/meva.net\/de-de\/meva-newsletter-abonnieren\/#breadcrumb"},"inLanguage":"de","potentialAction":[{"@type":"ReadAction","target":["https:\/\/meva.net\/de-de\/meva-newsletter-abonnieren\/"]}]},{"@type":"BreadcrumbList","@id":"https:\/\/meva.net\/de-de\/meva-newsletter-abonnieren\/#breadcrumb","itemListElement":[{"@type":"ListItem","position":1,"name":"Home","item":"https:\/\/meva.net\/de-de\/"},{"@type":"ListItem","position":2,"name":"MEVA Newsletter abonnieren"}]},{"@type":"WebSite","@id":"https:\/\/meva.net\/de-de\/#website","url":"https:\/\/meva.net\/de-de\/","name":"MEVA Deutschland","description":"Schalung. Einfach. Clever.","potentialAction":[{"@type":"SearchAction","target":{"@type":"EntryPoint","urlTemplate":"https:\/\/meva.net\/de-de\/?s={search_term_string}"},"query-input":"required name=search_term_string"}],"inLanguage":"de"}]}},"_links":{"self":[{"href":"https:\/\/meva.net\/de-de\/wp-json\/wp\/v2\/pages\/9404"}],"collection":[{"href":"https:\/\/meva.net\/de-de\/wp-json\/wp\/v2\/pages"}],"about":[{"href":"https:\/\/meva.net\/de-de\/wp-json\/wp\/v2\/types\/page"}],"author":[{"embeddable":true,"href":"https:\/\/meva.net\/de-de\/wp-json\/wp\/v2\/users\/7"}],"replies":[{"embeddable":true,"href":"https:\/\/meva.net\/de-de\/wp-json\/wp\/v2\/comments?post=9404"}],"version-history":[{"count":17,"href":"https:\/\/meva.net\/de-de\/wp-json\/wp\/v2\/pages\/9404\/revisions"}],"predecessor-version":[{"id":9421,"href":"https:\/\/meva.net\/de-de\/wp-json\/wp\/v2\/pages\/9404\/revisions\/9421"}],"wp:attachment":[{"href":"https:\/\/meva.net\/de-de\/wp-json\/wp\/v2\/media?parent=9404"}],"curies":[{"name":"wp","href":"https:\/\/api.w.org\/{rel}","templated":true}]}}