{"id":9258,"date":"2022-12-06T09:09:50","date_gmt":"2022-12-06T09:09:50","guid":{"rendered":"https:\/\/meva.net\/de-de\/?page_id=9258"},"modified":"2023-10-05T14:10:51","modified_gmt":"2023-10-05T12:10:51","slug":"wandschalung","status":"publish","type":"page","link":"https:\/\/meva.net\/de-de\/wandschalung\/","title":{"rendered":"Wandschalung"},"content":{"rendered":"","protected":false},"excerpt":{"rendered":"<p>MEVA verf\u00fcgt \u00fcber ein umfangreiches Angebot an Wandschalungen und Aussteifungssystemen f\u00fcr die unterschiedlichsten Bauvorhaben. Besuchen Sie unsere Website f\u00fcr weitere Informationen.<\/p>\n","protected":false},"author":2,"featured_media":0,"parent":0,"menu_order":0,"comment_status":"closed","ping_status":"closed","template":"template-building-blocks-better.php","meta":[],"acf":[],"yoast_head":"<!-- This site is optimized with the Yoast SEO plugin v19.13 - https:\/\/yoast.com\/wordpress\/plugins\/seo\/ -->\n<title>Wandschalung - MEVA Deutschland<\/title>\n<meta name=\"description\" content=\"MEVA verf\u00fcgt \u00fcber ein umfangreiches Angebot an Wandschalungen und Systemen f\u00fcr Abst\u00fctzungen und Aussteifungen f\u00fcr die unterschiedlichsten Bauvorhaben. Besuchen Sie unsere Website f\u00fcr weitere Informationen.\" \/>\n<meta name=\"robots\" content=\"index, follow, max-snippet:-1, max-image-preview:large, max-video-preview:-1\" \/>\n<link rel=\"canonical\" href=\"https:\/\/meva.net\/de-de\/wandschalung\/\" \/>\n<meta property=\"og:locale\" content=\"de_DE\" \/>\n<meta property=\"og:type\" content=\"article\" \/>\n<meta property=\"og:title\" content=\"Wandschalung - MEVA Deutschland\" \/>\n<meta property=\"og:description\" content=\"MEVA verf\u00fcgt \u00fcber ein umfangreiches Angebot an Wandschalungen und Systemen f\u00fcr Abst\u00fctzungen und Aussteifungen f\u00fcr die unterschiedlichsten Bauvorhaben. Besuchen Sie unsere Website f\u00fcr weitere Informationen.\" \/>\n<meta property=\"og:url\" content=\"https:\/\/meva.net\/de-de\/wandschalung\/\" \/>\n<meta property=\"og:site_name\" content=\"MEVA Deutschland\" \/>\n<meta property=\"article:modified_time\" content=\"2023-10-05T12:10:51+00:00\" \/>\n<meta name=\"twitter:card\" content=\"summary_large_image\" \/>\n<script type=\"application\/ld+json\" class=\"yoast-schema-graph\">{\"@context\":\"https:\/\/schema.org\",\"@graph\":[{\"@type\":\"WebPage\",\"@id\":\"https:\/\/meva.net\/de-de\/wandschalung\/\",\"url\":\"https:\/\/meva.net\/de-de\/wandschalung\/\",\"name\":\"Wandschalung - MEVA Deutschland\",\"isPartOf\":{\"@id\":\"https:\/\/meva.net\/de-de\/#website\"},\"datePublished\":\"2022-12-06T09:09:50+00:00\",\"dateModified\":\"2023-10-05T12:10:51+00:00\",\"description\":\"MEVA verf\u00fcgt \u00fcber ein umfangreiches Angebot an Wandschalungen und Systemen f\u00fcr Abst\u00fctzungen und Aussteifungen f\u00fcr die unterschiedlichsten Bauvorhaben. Besuchen Sie unsere Website f\u00fcr weitere Informationen.\",\"breadcrumb\":{\"@id\":\"https:\/\/meva.net\/de-de\/wandschalung\/#breadcrumb\"},\"inLanguage\":\"de\",\"potentialAction\":[{\"@type\":\"ReadAction\",\"target\":[\"https:\/\/meva.net\/de-de\/wandschalung\/\"]}]},{\"@type\":\"BreadcrumbList\",\"@id\":\"https:\/\/meva.net\/de-de\/wandschalung\/#breadcrumb\",\"itemListElement\":[{\"@type\":\"ListItem\",\"position\":1,\"name\":\"Home\",\"item\":\"https:\/\/meva.net\/de-de\/\"},{\"@type\":\"ListItem\",\"position\":2,\"name\":\"Wandschalung\"}]},{\"@type\":\"WebSite\",\"@id\":\"https:\/\/meva.net\/de-de\/#website\",\"url\":\"https:\/\/meva.net\/de-de\/\",\"name\":\"MEVA Deutschland\",\"description\":\"Schalung. Einfach. Clever.\",\"potentialAction\":[{\"@type\":\"SearchAction\",\"target\":{\"@type\":\"EntryPoint\",\"urlTemplate\":\"https:\/\/meva.net\/de-de\/?s={search_term_string}\"},\"query-input\":\"required name=search_term_string\"}],\"inLanguage\":\"de\"}]}<\/script>\n<!-- \/ Yoast SEO plugin. -->","yoast_head_json":{"title":"Wandschalung - MEVA Deutschland","description":"MEVA verf\u00fcgt \u00fcber ein umfangreiches Angebot an Wandschalungen und Systemen f\u00fcr Abst\u00fctzungen und Aussteifungen f\u00fcr die unterschiedlichsten Bauvorhaben. Besuchen Sie unsere Website f\u00fcr weitere Informationen.","robots":{"index":"index","follow":"follow","max-snippet":"max-snippet:-1","max-image-preview":"max-image-preview:large","max-video-preview":"max-video-preview:-1"},"canonical":"https:\/\/meva.net\/de-de\/wandschalung\/","og_locale":"de_DE","og_type":"article","og_title":"Wandschalung - MEVA Deutschland","og_description":"MEVA verf\u00fcgt \u00fcber ein umfangreiches Angebot an Wandschalungen und Systemen f\u00fcr Abst\u00fctzungen und Aussteifungen f\u00fcr die unterschiedlichsten Bauvorhaben. Besuchen Sie unsere Website f\u00fcr weitere Informationen.","og_url":"https:\/\/meva.net\/de-de\/wandschalung\/","og_site_name":"MEVA Deutschland","article_modified_time":"2023-10-05T12:10:51+00:00","twitter_card":"summary_large_image","schema":{"@context":"https:\/\/schema.org","@graph":[{"@type":"WebPage","@id":"https:\/\/meva.net\/de-de\/wandschalung\/","url":"https:\/\/meva.net\/de-de\/wandschalung\/","name":"Wandschalung - MEVA Deutschland","isPartOf":{"@id":"https:\/\/meva.net\/de-de\/#website"},"datePublished":"2022-12-06T09:09:50+00:00","dateModified":"2023-10-05T12:10:51+00:00","description":"MEVA verf\u00fcgt \u00fcber ein umfangreiches Angebot an Wandschalungen und Systemen f\u00fcr Abst\u00fctzungen und Aussteifungen f\u00fcr die unterschiedlichsten Bauvorhaben. Besuchen Sie unsere Website f\u00fcr weitere Informationen.","breadcrumb":{"@id":"https:\/\/meva.net\/de-de\/wandschalung\/#breadcrumb"},"inLanguage":"de","potentialAction":[{"@type":"ReadAction","target":["https:\/\/meva.net\/de-de\/wandschalung\/"]}]},{"@type":"BreadcrumbList","@id":"https:\/\/meva.net\/de-de\/wandschalung\/#breadcrumb","itemListElement":[{"@type":"ListItem","position":1,"name":"Home","item":"https:\/\/meva.net\/de-de\/"},{"@type":"ListItem","position":2,"name":"Wandschalung"}]},{"@type":"WebSite","@id":"https:\/\/meva.net\/de-de\/#website","url":"https:\/\/meva.net\/de-de\/","name":"MEVA Deutschland","description":"Schalung. Einfach. Clever.","potentialAction":[{"@type":"SearchAction","target":{"@type":"EntryPoint","urlTemplate":"https:\/\/meva.net\/de-de\/?s={search_term_string}"},"query-input":"required name=search_term_string"}],"inLanguage":"de"}]}},"_links":{"self":[{"href":"https:\/\/meva.net\/de-de\/wp-json\/wp\/v2\/pages\/9258"}],"collection":[{"href":"https:\/\/meva.net\/de-de\/wp-json\/wp\/v2\/pages"}],"about":[{"href":"https:\/\/meva.net\/de-de\/wp-json\/wp\/v2\/types\/page"}],"author":[{"embeddable":true,"href":"https:\/\/meva.net\/de-de\/wp-json\/wp\/v2\/users\/2"}],"replies":[{"embeddable":true,"href":"https:\/\/meva.net\/de-de\/wp-json\/wp\/v2\/comments?post=9258"}],"version-history":[{"count":25,"href":"https:\/\/meva.net\/de-de\/wp-json\/wp\/v2\/pages\/9258\/revisions"}],"predecessor-version":[{"id":10556,"href":"https:\/\/meva.net\/de-de\/wp-json\/wp\/v2\/pages\/9258\/revisions\/10556"}],"wp:attachment":[{"href":"https:\/\/meva.net\/de-de\/wp-json\/wp\/v2\/media?parent=9258"}],"curies":[{"name":"wp","href":"https:\/\/api.w.org\/{rel}","templated":true}]}}