{"id":5461,"date":"2022-01-25T14:06:41","date_gmt":"2022-01-25T14:06:41","guid":{"rendered":"https:\/\/meva.net\/de-de\/?page_id=5461"},"modified":"2022-09-22T13:53:27","modified_gmt":"2022-09-22T12:53:27","slug":"hilfsunterstutzungsrechner","status":"publish","type":"page","link":"https:\/\/meva.net\/de-de\/tools\/hilfsunterstutzungsrechner\/","title":{"rendered":"Hilfsunterst\u00fctzungsrechner"},"content":{"rendered":"","protected":false},"excerpt":{"rendered":"<p>Berechnen Sie genau, welche Unterst\u00fctzung und Hilfsunterst\u00fctzung Sie f\u00fcr Ihre zu betonierenden Decken ben\u00f6tigen. Sie wissen sofort, wie viele St\u00fctzen pro m\u00b2 Decke ben\u00f6tigt werden. Dieses Tool ber\u00fccksichtigt auch die Eigenlast und die Tragf\u00e4higkeit w\u00e4hrend der Bauzeit sowie verschiedene St\u00fctzenkategorien nach der europ\u00e4ischen Norm DIN EN 1065. Das sorgt f\u00fcr sicheres, materialsparendes Vorgehen bei der Deckenschalung und Abst\u00fctzung.<\/p>\n","protected":false},"author":1,"featured_media":5625,"parent":8398,"menu_order":0,"comment_status":"closed","ping_status":"closed","template":"template-calculator-reshoring.php","meta":[],"acf":[],"yoast_head":"<!-- This site is optimized with the Yoast SEO plugin v19.13 - https:\/\/yoast.com\/wordpress\/plugins\/seo\/ -->\n<title>Hilfsunterst\u00fctzungsrechner - MEVA Deutschland<\/title>\n<meta name=\"description\" content=\"Berechnen Sie genau, welche Unterst\u00fctzung und Hilfsunterst\u00fctzung Sie f\u00fcr Ihre zu betonierenden Decken ben\u00f6tigen. Sie wissen sofort, wie viele St\u00fctzen pro m\u00b2 Decke ben\u00f6tigt werden. Dieses Tool ber\u00fccksichtigt auch die Eigenlast und die Tragf\u00e4higkeit w\u00e4hrend der Bauzeit sowie verschiedene St\u00fctzenkategorien nach der europ\u00e4ischen Norm DIN EN 1065. Das sorgt f\u00fcr sicheres, materialsparendes Vorgehen bei der Deckenschalung und Abst\u00fctzung.\" \/>\n<meta name=\"robots\" content=\"index, follow, max-snippet:-1, max-image-preview:large, max-video-preview:-1\" \/>\n<link rel=\"canonical\" href=\"https:\/\/meva.net\/de-de\/tools\/hilfsunterstutzungsrechner\/\" \/>\n<meta property=\"og:locale\" content=\"de_DE\" \/>\n<meta property=\"og:type\" content=\"article\" \/>\n<meta property=\"og:title\" content=\"Hilfsunterst\u00fctzungsrechner - MEVA Deutschland\" \/>\n<meta property=\"og:description\" content=\"Berechnen Sie genau, welche Unterst\u00fctzung und Hilfsunterst\u00fctzung Sie f\u00fcr Ihre zu betonierenden Decken ben\u00f6tigen. Sie wissen sofort, wie viele St\u00fctzen pro m\u00b2 Decke ben\u00f6tigt werden. Dieses Tool ber\u00fccksichtigt auch die Eigenlast und die Tragf\u00e4higkeit w\u00e4hrend der Bauzeit sowie verschiedene St\u00fctzenkategorien nach der europ\u00e4ischen Norm DIN EN 1065. Das sorgt f\u00fcr sicheres, materialsparendes Vorgehen bei der Deckenschalung und Abst\u00fctzung.\" \/>\n<meta property=\"og:url\" content=\"https:\/\/meva.net\/de-de\/tools\/hilfsunterstutzungsrechner\/\" \/>\n<meta property=\"og:site_name\" content=\"MEVA Deutschland\" \/>\n<meta property=\"article:modified_time\" content=\"2022-09-22T12:53:27+00:00\" \/>\n<meta property=\"og:image\" content=\"https:\/\/meva.net\/de-de\/wp-content\/uploads\/sites\/8\/2022\/01\/meva-reshoring-calculator.jpg\" \/>\n\t<meta property=\"og:image:width\" content=\"1350\" \/>\n\t<meta property=\"og:image:height\" content=\"1013\" \/>\n\t<meta property=\"og:image:type\" content=\"image\/jpeg\" \/>\n<meta name=\"twitter:card\" content=\"summary_large_image\" \/>\n<script type=\"application\/ld+json\" class=\"yoast-schema-graph\">{\"@context\":\"https:\/\/schema.org\",\"@graph\":[{\"@type\":\"WebPage\",\"@id\":\"https:\/\/meva.net\/de-de\/tools\/hilfsunterstutzungsrechner\/\",\"url\":\"https:\/\/meva.net\/de-de\/tools\/hilfsunterstutzungsrechner\/\",\"name\":\"Hilfsunterst\u00fctzungsrechner - MEVA Deutschland\",\"isPartOf\":{\"@id\":\"https:\/\/meva.net\/de-de\/#website\"},\"datePublished\":\"2022-01-25T14:06:41+00:00\",\"dateModified\":\"2022-09-22T12:53:27+00:00\",\"description\":\"Berechnen Sie genau, welche Unterst\u00fctzung und Hilfsunterst\u00fctzung Sie f\u00fcr Ihre zu betonierenden Decken ben\u00f6tigen. Sie wissen sofort, wie viele St\u00fctzen pro m\u00b2 Decke ben\u00f6tigt werden. Dieses Tool ber\u00fccksichtigt auch die Eigenlast und die Tragf\u00e4higkeit w\u00e4hrend der Bauzeit sowie verschiedene St\u00fctzenkategorien nach der europ\u00e4ischen Norm DIN EN 1065. Das sorgt f\u00fcr sicheres, materialsparendes Vorgehen bei der Deckenschalung und Abst\u00fctzung.\",\"breadcrumb\":{\"@id\":\"https:\/\/meva.net\/de-de\/tools\/hilfsunterstutzungsrechner\/#breadcrumb\"},\"inLanguage\":\"de\",\"potentialAction\":[{\"@type\":\"ReadAction\",\"target\":[\"https:\/\/meva.net\/de-de\/tools\/hilfsunterstutzungsrechner\/\"]}]},{\"@type\":\"BreadcrumbList\",\"@id\":\"https:\/\/meva.net\/de-de\/tools\/hilfsunterstutzungsrechner\/#breadcrumb\",\"itemListElement\":[{\"@type\":\"ListItem\",\"position\":1,\"name\":\"Home\",\"item\":\"https:\/\/meva.net\/de-de\/\"},{\"@type\":\"ListItem\",\"position\":2,\"name\":\"Tools\",\"item\":\"https:\/\/meva.net\/de-de\/tools\/\"},{\"@type\":\"ListItem\",\"position\":3,\"name\":\"Hilfsunterst\u00fctzungsrechner\"}]},{\"@type\":\"WebSite\",\"@id\":\"https:\/\/meva.net\/de-de\/#website\",\"url\":\"https:\/\/meva.net\/de-de\/\",\"name\":\"MEVA Deutschland\",\"description\":\"Schalung. Einfach. Clever.\",\"potentialAction\":[{\"@type\":\"SearchAction\",\"target\":{\"@type\":\"EntryPoint\",\"urlTemplate\":\"https:\/\/meva.net\/de-de\/?s={search_term_string}\"},\"query-input\":\"required name=search_term_string\"}],\"inLanguage\":\"de\"}]}<\/script>\n<!-- \/ Yoast SEO plugin. -->","yoast_head_json":{"title":"Hilfsunterst\u00fctzungsrechner - MEVA Deutschland","description":"Berechnen Sie genau, welche Unterst\u00fctzung und Hilfsunterst\u00fctzung Sie f\u00fcr Ihre zu betonierenden Decken ben\u00f6tigen. Sie wissen sofort, wie viele St\u00fctzen pro m\u00b2 Decke ben\u00f6tigt werden. Dieses Tool ber\u00fccksichtigt auch die Eigenlast und die Tragf\u00e4higkeit w\u00e4hrend der Bauzeit sowie verschiedene St\u00fctzenkategorien nach der europ\u00e4ischen Norm DIN EN 1065. Das sorgt f\u00fcr sicheres, materialsparendes Vorgehen bei der Deckenschalung und Abst\u00fctzung.","robots":{"index":"index","follow":"follow","max-snippet":"max-snippet:-1","max-image-preview":"max-image-preview:large","max-video-preview":"max-video-preview:-1"},"canonical":"https:\/\/meva.net\/de-de\/tools\/hilfsunterstutzungsrechner\/","og_locale":"de_DE","og_type":"article","og_title":"Hilfsunterst\u00fctzungsrechner - MEVA Deutschland","og_description":"Berechnen Sie genau, welche Unterst\u00fctzung und Hilfsunterst\u00fctzung Sie f\u00fcr Ihre zu betonierenden Decken ben\u00f6tigen. Sie wissen sofort, wie viele St\u00fctzen pro m\u00b2 Decke ben\u00f6tigt werden. Dieses Tool ber\u00fccksichtigt auch die Eigenlast und die Tragf\u00e4higkeit w\u00e4hrend der Bauzeit sowie verschiedene St\u00fctzenkategorien nach der europ\u00e4ischen Norm DIN EN 1065. Das sorgt f\u00fcr sicheres, materialsparendes Vorgehen bei der Deckenschalung und Abst\u00fctzung.","og_url":"https:\/\/meva.net\/de-de\/tools\/hilfsunterstutzungsrechner\/","og_site_name":"MEVA Deutschland","article_modified_time":"2022-09-22T12:53:27+00:00","og_image":[{"width":1350,"height":1013,"url":"https:\/\/meva.net\/de-de\/wp-content\/uploads\/sites\/8\/2022\/01\/meva-reshoring-calculator.jpg","type":"image\/jpeg"}],"twitter_card":"summary_large_image","schema":{"@context":"https:\/\/schema.org","@graph":[{"@type":"WebPage","@id":"https:\/\/meva.net\/de-de\/tools\/hilfsunterstutzungsrechner\/","url":"https:\/\/meva.net\/de-de\/tools\/hilfsunterstutzungsrechner\/","name":"Hilfsunterst\u00fctzungsrechner - MEVA Deutschland","isPartOf":{"@id":"https:\/\/meva.net\/de-de\/#website"},"datePublished":"2022-01-25T14:06:41+00:00","dateModified":"2022-09-22T12:53:27+00:00","description":"Berechnen Sie genau, welche Unterst\u00fctzung und Hilfsunterst\u00fctzung Sie f\u00fcr Ihre zu betonierenden Decken ben\u00f6tigen. Sie wissen sofort, wie viele St\u00fctzen pro m\u00b2 Decke ben\u00f6tigt werden. Dieses Tool ber\u00fccksichtigt auch die Eigenlast und die Tragf\u00e4higkeit w\u00e4hrend der Bauzeit sowie verschiedene St\u00fctzenkategorien nach der europ\u00e4ischen Norm DIN EN 1065. Das sorgt f\u00fcr sicheres, materialsparendes Vorgehen bei der Deckenschalung und Abst\u00fctzung.","breadcrumb":{"@id":"https:\/\/meva.net\/de-de\/tools\/hilfsunterstutzungsrechner\/#breadcrumb"},"inLanguage":"de","potentialAction":[{"@type":"ReadAction","target":["https:\/\/meva.net\/de-de\/tools\/hilfsunterstutzungsrechner\/"]}]},{"@type":"BreadcrumbList","@id":"https:\/\/meva.net\/de-de\/tools\/hilfsunterstutzungsrechner\/#breadcrumb","itemListElement":[{"@type":"ListItem","position":1,"name":"Home","item":"https:\/\/meva.net\/de-de\/"},{"@type":"ListItem","position":2,"name":"Tools","item":"https:\/\/meva.net\/de-de\/tools\/"},{"@type":"ListItem","position":3,"name":"Hilfsunterst\u00fctzungsrechner"}]},{"@type":"WebSite","@id":"https:\/\/meva.net\/de-de\/#website","url":"https:\/\/meva.net\/de-de\/","name":"MEVA Deutschland","description":"Schalung. Einfach. Clever.","potentialAction":[{"@type":"SearchAction","target":{"@type":"EntryPoint","urlTemplate":"https:\/\/meva.net\/de-de\/?s={search_term_string}"},"query-input":"required name=search_term_string"}],"inLanguage":"de"}]}},"_links":{"self":[{"href":"https:\/\/meva.net\/de-de\/wp-json\/wp\/v2\/pages\/5461"}],"collection":[{"href":"https:\/\/meva.net\/de-de\/wp-json\/wp\/v2\/pages"}],"about":[{"href":"https:\/\/meva.net\/de-de\/wp-json\/wp\/v2\/types\/page"}],"author":[{"embeddable":true,"href":"https:\/\/meva.net\/de-de\/wp-json\/wp\/v2\/users\/1"}],"replies":[{"embeddable":true,"href":"https:\/\/meva.net\/de-de\/wp-json\/wp\/v2\/comments?post=5461"}],"version-history":[{"count":6,"href":"https:\/\/meva.net\/de-de\/wp-json\/wp\/v2\/pages\/5461\/revisions"}],"predecessor-version":[{"id":8758,"href":"https:\/\/meva.net\/de-de\/wp-json\/wp\/v2\/pages\/5461\/revisions\/8758"}],"up":[{"embeddable":true,"href":"https:\/\/meva.net\/de-de\/wp-json\/wp\/v2\/pages\/8398"}],"wp:featuredmedia":[{"embeddable":true,"href":"https:\/\/meva.net\/de-de\/wp-json\/wp\/v2\/media\/5625"}],"wp:attachment":[{"href":"https:\/\/meva.net\/de-de\/wp-json\/wp\/v2\/media?parent=5461"}],"curies":[{"name":"wp","href":"https:\/\/api.w.org\/{rel}","templated":true}]}}