{"id":10896,"date":"2024-03-08T11:02:14","date_gmt":"2024-03-08T10:02:14","guid":{"rendered":"https:\/\/meva.net\/de-de\/?page_id=10896"},"modified":"2026-02-19T14:11:17","modified_gmt":"2026-02-19T13:11:17","slug":"brueckenschalung","status":"publish","type":"page","link":"https:\/\/meva.net\/de-de\/brueckenschalung\/","title":{"rendered":"Br\u00fcckenschalung"},"content":{"rendered":"","protected":false},"excerpt":{"rendered":"<p>MEVA verf\u00fcgt \u00fcber ein umfangreiches Angebot an Wandschalungen und Aussteifungssystemen f\u00fcr die unterschiedlichsten Bauvorhaben. Besuchen Sie unsere Website f\u00fcr weitere Informationen.<\/p>\n","protected":false},"author":8,"featured_media":10917,"parent":0,"menu_order":0,"comment_status":"closed","ping_status":"closed","template":"template-building-blocks-better.php","meta":[],"acf":[],"yoast_head":"<!-- This site is optimized with the Yoast SEO plugin v19.13 - https:\/\/yoast.com\/wordpress\/plugins\/seo\/ -->\n<title>Br\u00fcckenbau - MEVA Deutschland<\/title>\n<meta name=\"description\" content=\"Beim Br\u00fcckenbau sind wichtige Aspekte zu ber\u00fccksichtigen. Ein hohes Ma\u00df an Fachkenntnis, sorgf\u00e4ltige Planung und strikte Einhaltung von Qualit\u00e4tsstandards gew\u00e4hrleisten eine sichere und langlebige Infrastruktur und die Projektumsetzung zur vollen Zufriedenheit des Auftraggebers.\" \/>\n<meta name=\"robots\" content=\"index, follow, max-snippet:-1, max-image-preview:large, max-video-preview:-1\" \/>\n<link rel=\"canonical\" href=\"https:\/\/meva.net\/de-de\/brueckenschalung\/\" \/>\n<meta property=\"og:locale\" content=\"de_DE\" \/>\n<meta property=\"og:type\" content=\"article\" \/>\n<meta property=\"og:title\" content=\"Br\u00fcckenbau - MEVA Deutschland\" \/>\n<meta property=\"og:description\" content=\"Beim Br\u00fcckenbau sind wichtige Aspekte zu ber\u00fccksichtigen. Ein hohes Ma\u00df an Fachkenntnis, sorgf\u00e4ltige Planung und strikte Einhaltung von Qualit\u00e4tsstandards gew\u00e4hrleisten eine sichere und langlebige Infrastruktur und die Projektumsetzung zur vollen Zufriedenheit des Auftraggebers.\" \/>\n<meta property=\"og:url\" content=\"https:\/\/meva.net\/de-de\/brueckenschalung\/\" \/>\n<meta property=\"og:site_name\" content=\"MEVA Deutschland\" \/>\n<meta property=\"article:modified_time\" content=\"2026-02-19T13:11:17+00:00\" \/>\n<meta property=\"og:image\" content=\"https:\/\/meva.net\/de-de\/wp-content\/uploads\/sites\/8\/2024\/03\/18825-scaled.jpeg\" \/>\n\t<meta property=\"og:image:width\" content=\"2560\" \/>\n\t<meta property=\"og:image:height\" content=\"1920\" \/>\n\t<meta property=\"og:image:type\" content=\"image\/jpeg\" \/>\n<meta name=\"twitter:card\" content=\"summary_large_image\" \/>\n<script type=\"application\/ld+json\" class=\"yoast-schema-graph\">{\"@context\":\"https:\/\/schema.org\",\"@graph\":[{\"@type\":\"WebPage\",\"@id\":\"https:\/\/meva.net\/de-de\/brueckenschalung\/\",\"url\":\"https:\/\/meva.net\/de-de\/brueckenschalung\/\",\"name\":\"Br\u00fcckenbau - MEVA Deutschland\",\"isPartOf\":{\"@id\":\"https:\/\/meva.net\/de-de\/#website\"},\"datePublished\":\"2024-03-08T10:02:14+00:00\",\"dateModified\":\"2026-02-19T13:11:17+00:00\",\"description\":\"Beim Br\u00fcckenbau sind wichtige Aspekte zu ber\u00fccksichtigen. Ein hohes Ma\u00df an Fachkenntnis, sorgf\u00e4ltige Planung und strikte Einhaltung von Qualit\u00e4tsstandards gew\u00e4hrleisten eine sichere und langlebige Infrastruktur und die Projektumsetzung zur vollen Zufriedenheit des Auftraggebers.\",\"breadcrumb\":{\"@id\":\"https:\/\/meva.net\/de-de\/brueckenschalung\/#breadcrumb\"},\"inLanguage\":\"de\",\"potentialAction\":[{\"@type\":\"ReadAction\",\"target\":[\"https:\/\/meva.net\/de-de\/brueckenschalung\/\"]}]},{\"@type\":\"BreadcrumbList\",\"@id\":\"https:\/\/meva.net\/de-de\/brueckenschalung\/#breadcrumb\",\"itemListElement\":[{\"@type\":\"ListItem\",\"position\":1,\"name\":\"Home\",\"item\":\"https:\/\/meva.net\/de-de\/\"},{\"@type\":\"ListItem\",\"position\":2,\"name\":\"Br\u00fcckenschalung\"}]},{\"@type\":\"WebSite\",\"@id\":\"https:\/\/meva.net\/de-de\/#website\",\"url\":\"https:\/\/meva.net\/de-de\/\",\"name\":\"MEVA Deutschland\",\"description\":\"Schalung. Einfach. Clever.\",\"potentialAction\":[{\"@type\":\"SearchAction\",\"target\":{\"@type\":\"EntryPoint\",\"urlTemplate\":\"https:\/\/meva.net\/de-de\/?s={search_term_string}\"},\"query-input\":\"required name=search_term_string\"}],\"inLanguage\":\"de\"}]}<\/script>\n<!-- \/ Yoast SEO plugin. -->","yoast_head_json":{"title":"Br\u00fcckenbau - MEVA Deutschland","description":"Beim Br\u00fcckenbau sind wichtige Aspekte zu ber\u00fccksichtigen. Ein hohes Ma\u00df an Fachkenntnis, sorgf\u00e4ltige Planung und strikte Einhaltung von Qualit\u00e4tsstandards gew\u00e4hrleisten eine sichere und langlebige Infrastruktur und die Projektumsetzung zur vollen Zufriedenheit des Auftraggebers.","robots":{"index":"index","follow":"follow","max-snippet":"max-snippet:-1","max-image-preview":"max-image-preview:large","max-video-preview":"max-video-preview:-1"},"canonical":"https:\/\/meva.net\/de-de\/brueckenschalung\/","og_locale":"de_DE","og_type":"article","og_title":"Br\u00fcckenbau - MEVA Deutschland","og_description":"Beim Br\u00fcckenbau sind wichtige Aspekte zu ber\u00fccksichtigen. Ein hohes Ma\u00df an Fachkenntnis, sorgf\u00e4ltige Planung und strikte Einhaltung von Qualit\u00e4tsstandards gew\u00e4hrleisten eine sichere und langlebige Infrastruktur und die Projektumsetzung zur vollen Zufriedenheit des Auftraggebers.","og_url":"https:\/\/meva.net\/de-de\/brueckenschalung\/","og_site_name":"MEVA Deutschland","article_modified_time":"2026-02-19T13:11:17+00:00","og_image":[{"width":2560,"height":1920,"url":"https:\/\/meva.net\/de-de\/wp-content\/uploads\/sites\/8\/2024\/03\/18825-scaled.jpeg","type":"image\/jpeg"}],"twitter_card":"summary_large_image","schema":{"@context":"https:\/\/schema.org","@graph":[{"@type":"WebPage","@id":"https:\/\/meva.net\/de-de\/brueckenschalung\/","url":"https:\/\/meva.net\/de-de\/brueckenschalung\/","name":"Br\u00fcckenbau - MEVA Deutschland","isPartOf":{"@id":"https:\/\/meva.net\/de-de\/#website"},"datePublished":"2024-03-08T10:02:14+00:00","dateModified":"2026-02-19T13:11:17+00:00","description":"Beim Br\u00fcckenbau sind wichtige Aspekte zu ber\u00fccksichtigen. Ein hohes Ma\u00df an Fachkenntnis, sorgf\u00e4ltige Planung und strikte Einhaltung von Qualit\u00e4tsstandards gew\u00e4hrleisten eine sichere und langlebige Infrastruktur und die Projektumsetzung zur vollen Zufriedenheit des Auftraggebers.","breadcrumb":{"@id":"https:\/\/meva.net\/de-de\/brueckenschalung\/#breadcrumb"},"inLanguage":"de","potentialAction":[{"@type":"ReadAction","target":["https:\/\/meva.net\/de-de\/brueckenschalung\/"]}]},{"@type":"BreadcrumbList","@id":"https:\/\/meva.net\/de-de\/brueckenschalung\/#breadcrumb","itemListElement":[{"@type":"ListItem","position":1,"name":"Home","item":"https:\/\/meva.net\/de-de\/"},{"@type":"ListItem","position":2,"name":"Br\u00fcckenschalung"}]},{"@type":"WebSite","@id":"https:\/\/meva.net\/de-de\/#website","url":"https:\/\/meva.net\/de-de\/","name":"MEVA Deutschland","description":"Schalung. Einfach. Clever.","potentialAction":[{"@type":"SearchAction","target":{"@type":"EntryPoint","urlTemplate":"https:\/\/meva.net\/de-de\/?s={search_term_string}"},"query-input":"required name=search_term_string"}],"inLanguage":"de"}]}},"_links":{"self":[{"href":"https:\/\/meva.net\/de-de\/wp-json\/wp\/v2\/pages\/10896"}],"collection":[{"href":"https:\/\/meva.net\/de-de\/wp-json\/wp\/v2\/pages"}],"about":[{"href":"https:\/\/meva.net\/de-de\/wp-json\/wp\/v2\/types\/page"}],"author":[{"embeddable":true,"href":"https:\/\/meva.net\/de-de\/wp-json\/wp\/v2\/users\/8"}],"replies":[{"embeddable":true,"href":"https:\/\/meva.net\/de-de\/wp-json\/wp\/v2\/comments?post=10896"}],"version-history":[{"count":34,"href":"https:\/\/meva.net\/de-de\/wp-json\/wp\/v2\/pages\/10896\/revisions"}],"predecessor-version":[{"id":12009,"href":"https:\/\/meva.net\/de-de\/wp-json\/wp\/v2\/pages\/10896\/revisions\/12009"}],"wp:featuredmedia":[{"embeddable":true,"href":"https:\/\/meva.net\/de-de\/wp-json\/wp\/v2\/media\/10917"}],"wp:attachment":[{"href":"https:\/\/meva.net\/de-de\/wp-json\/wp\/v2\/media?parent=10896"}],"curies":[{"name":"wp","href":"https:\/\/api.w.org\/{rel}","templated":true}]}}