{"id":9873,"date":"2024-04-18T12:59:11","date_gmt":"2024-04-18T11:59:11","guid":{"rendered":"https:\/\/meva.net\/de-ch\/?page_id=9873"},"modified":"2024-04-18T12:59:11","modified_gmt":"2024-04-18T11:59:11","slug":"brueckenschalung","status":"publish","type":"page","link":"https:\/\/meva.net\/de-ch\/brueckenschalung\/","title":{"rendered":"Br\u00fcckenschalung"},"content":{"rendered":"","protected":false},"excerpt":{"rendered":"<p>MEVA verf\u00fcgt \u00fcber ein umfangreiches Angebot an Wandschalungen und Aussteifungssystemen f\u00fcr die unterschiedlichsten Bauvorhaben. Besuchen Sie unsere Website f\u00fcr weitere Informationen.<\/p>\n","protected":false},"author":8,"featured_media":9875,"parent":0,"menu_order":0,"comment_status":"closed","ping_status":"closed","template":"template-building-blocks-better.php","meta":[],"acf":[],"yoast_head":"<!-- This site is optimized with the Yoast SEO plugin v19.13 - https:\/\/yoast.com\/wordpress\/plugins\/seo\/ -->\n<title>Br\u00fcckenbau - MEVA Schweiz (DE)<\/title>\n<meta name=\"description\" content=\"Beim Br\u00fcckenbau sind wichtige Aspekte zu ber\u00fccksichtigen. Ein hohes Ma\u00df an Fachkenntnis, sorgf\u00e4ltige Planung und strikte Einhaltung von Qualit\u00e4tsstandards gew\u00e4hrleisten eine sichere und langlebige Infrastruktur und die Projektumsetzung zur vollen Zufriedenheit des Auftraggebers.\" \/>\n<meta name=\"robots\" content=\"index, follow, max-snippet:-1, max-image-preview:large, max-video-preview:-1\" \/>\n<link rel=\"canonical\" href=\"https:\/\/meva.net\/de-ch\/brueckenschalung\/\" \/>\n<meta property=\"og:locale\" content=\"de_DE\" \/>\n<meta property=\"og:type\" content=\"article\" \/>\n<meta property=\"og:title\" content=\"Br\u00fcckenbau - MEVA Schweiz (DE)\" \/>\n<meta property=\"og:description\" content=\"Beim Br\u00fcckenbau sind wichtige Aspekte zu ber\u00fccksichtigen. Ein hohes Ma\u00df an Fachkenntnis, sorgf\u00e4ltige Planung und strikte Einhaltung von Qualit\u00e4tsstandards gew\u00e4hrleisten eine sichere und langlebige Infrastruktur und die Projektumsetzung zur vollen Zufriedenheit des Auftraggebers.\" \/>\n<meta property=\"og:url\" content=\"https:\/\/meva.net\/de-ch\/brueckenschalung\/\" \/>\n<meta property=\"og:site_name\" content=\"MEVA Schweiz (DE)\" \/>\n<meta property=\"og:image\" content=\"https:\/\/meva.net\/de-ch\/wp-content\/uploads\/sites\/29\/2024\/04\/18825-scaled-2-2.jpeg\" \/>\n\t<meta property=\"og:image:width\" content=\"2560\" \/>\n\t<meta property=\"og:image:height\" content=\"1920\" \/>\n\t<meta property=\"og:image:type\" content=\"image\/jpeg\" \/>\n<meta name=\"twitter:card\" content=\"summary_large_image\" \/>\n<script type=\"application\/ld+json\" class=\"yoast-schema-graph\">{\"@context\":\"https:\/\/schema.org\",\"@graph\":[{\"@type\":\"WebPage\",\"@id\":\"https:\/\/meva.net\/de-ch\/brueckenschalung\/\",\"url\":\"https:\/\/meva.net\/de-ch\/brueckenschalung\/\",\"name\":\"Br\u00fcckenbau - MEVA Schweiz (DE)\",\"isPartOf\":{\"@id\":\"https:\/\/meva.net\/de-ch\/#website\"},\"datePublished\":\"2024-04-18T11:59:11+00:00\",\"dateModified\":\"2024-04-18T11:59:11+00:00\",\"description\":\"Beim Br\u00fcckenbau sind wichtige Aspekte zu ber\u00fccksichtigen. Ein hohes Ma\u00df an Fachkenntnis, sorgf\u00e4ltige Planung und strikte Einhaltung von Qualit\u00e4tsstandards gew\u00e4hrleisten eine sichere und langlebige Infrastruktur und die Projektumsetzung zur vollen Zufriedenheit des Auftraggebers.\",\"breadcrumb\":{\"@id\":\"https:\/\/meva.net\/de-ch\/brueckenschalung\/#breadcrumb\"},\"inLanguage\":\"de-CH\",\"potentialAction\":[{\"@type\":\"ReadAction\",\"target\":[\"https:\/\/meva.net\/de-ch\/brueckenschalung\/\"]}]},{\"@type\":\"BreadcrumbList\",\"@id\":\"https:\/\/meva.net\/de-ch\/brueckenschalung\/#breadcrumb\",\"itemListElement\":[{\"@type\":\"ListItem\",\"position\":1,\"name\":\"Home\",\"item\":\"https:\/\/meva.net\/de-ch\/\"},{\"@type\":\"ListItem\",\"position\":2,\"name\":\"Br\u00fcckenschalung\"}]},{\"@type\":\"WebSite\",\"@id\":\"https:\/\/meva.net\/de-ch\/#website\",\"url\":\"https:\/\/meva.net\/de-ch\/\",\"name\":\"MEVA Schweiz\",\"description\":\"\",\"potentialAction\":[{\"@type\":\"SearchAction\",\"target\":{\"@type\":\"EntryPoint\",\"urlTemplate\":\"https:\/\/meva.net\/de-ch\/?s={search_term_string}\"},\"query-input\":\"required name=search_term_string\"}],\"inLanguage\":\"de-CH\"}]}<\/script>\n<!-- \/ Yoast SEO plugin. -->","yoast_head_json":{"title":"Br\u00fcckenbau - MEVA Schweiz (DE)","description":"Beim Br\u00fcckenbau sind wichtige Aspekte zu ber\u00fccksichtigen. Ein hohes Ma\u00df an Fachkenntnis, sorgf\u00e4ltige Planung und strikte Einhaltung von Qualit\u00e4tsstandards gew\u00e4hrleisten eine sichere und langlebige Infrastruktur und die Projektumsetzung zur vollen Zufriedenheit des Auftraggebers.","robots":{"index":"index","follow":"follow","max-snippet":"max-snippet:-1","max-image-preview":"max-image-preview:large","max-video-preview":"max-video-preview:-1"},"canonical":"https:\/\/meva.net\/de-ch\/brueckenschalung\/","og_locale":"de_DE","og_type":"article","og_title":"Br\u00fcckenbau - MEVA Schweiz (DE)","og_description":"Beim Br\u00fcckenbau sind wichtige Aspekte zu ber\u00fccksichtigen. Ein hohes Ma\u00df an Fachkenntnis, sorgf\u00e4ltige Planung und strikte Einhaltung von Qualit\u00e4tsstandards gew\u00e4hrleisten eine sichere und langlebige Infrastruktur und die Projektumsetzung zur vollen Zufriedenheit des Auftraggebers.","og_url":"https:\/\/meva.net\/de-ch\/brueckenschalung\/","og_site_name":"MEVA Schweiz (DE)","og_image":[{"width":2560,"height":1920,"url":"https:\/\/meva.net\/de-ch\/wp-content\/uploads\/sites\/29\/2024\/04\/18825-scaled-2-2.jpeg","type":"image\/jpeg"}],"twitter_card":"summary_large_image","schema":{"@context":"https:\/\/schema.org","@graph":[{"@type":"WebPage","@id":"https:\/\/meva.net\/de-ch\/brueckenschalung\/","url":"https:\/\/meva.net\/de-ch\/brueckenschalung\/","name":"Br\u00fcckenbau - MEVA Schweiz (DE)","isPartOf":{"@id":"https:\/\/meva.net\/de-ch\/#website"},"datePublished":"2024-04-18T11:59:11+00:00","dateModified":"2024-04-18T11:59:11+00:00","description":"Beim Br\u00fcckenbau sind wichtige Aspekte zu ber\u00fccksichtigen. Ein hohes Ma\u00df an Fachkenntnis, sorgf\u00e4ltige Planung und strikte Einhaltung von Qualit\u00e4tsstandards gew\u00e4hrleisten eine sichere und langlebige Infrastruktur und die Projektumsetzung zur vollen Zufriedenheit des Auftraggebers.","breadcrumb":{"@id":"https:\/\/meva.net\/de-ch\/brueckenschalung\/#breadcrumb"},"inLanguage":"de-CH","potentialAction":[{"@type":"ReadAction","target":["https:\/\/meva.net\/de-ch\/brueckenschalung\/"]}]},{"@type":"BreadcrumbList","@id":"https:\/\/meva.net\/de-ch\/brueckenschalung\/#breadcrumb","itemListElement":[{"@type":"ListItem","position":1,"name":"Home","item":"https:\/\/meva.net\/de-ch\/"},{"@type":"ListItem","position":2,"name":"Br\u00fcckenschalung"}]},{"@type":"WebSite","@id":"https:\/\/meva.net\/de-ch\/#website","url":"https:\/\/meva.net\/de-ch\/","name":"MEVA Schweiz","description":"","potentialAction":[{"@type":"SearchAction","target":{"@type":"EntryPoint","urlTemplate":"https:\/\/meva.net\/de-ch\/?s={search_term_string}"},"query-input":"required name=search_term_string"}],"inLanguage":"de-CH"}]}},"_links":{"self":[{"href":"https:\/\/meva.net\/de-ch\/wp-json\/wp\/v2\/pages\/9873"}],"collection":[{"href":"https:\/\/meva.net\/de-ch\/wp-json\/wp\/v2\/pages"}],"about":[{"href":"https:\/\/meva.net\/de-ch\/wp-json\/wp\/v2\/types\/page"}],"author":[{"embeddable":true,"href":"https:\/\/meva.net\/de-ch\/wp-json\/wp\/v2\/users\/8"}],"replies":[{"embeddable":true,"href":"https:\/\/meva.net\/de-ch\/wp-json\/wp\/v2\/comments?post=9873"}],"version-history":[{"count":1,"href":"https:\/\/meva.net\/de-ch\/wp-json\/wp\/v2\/pages\/9873\/revisions"}],"predecessor-version":[{"id":9876,"href":"https:\/\/meva.net\/de-ch\/wp-json\/wp\/v2\/pages\/9873\/revisions\/9876"}],"wp:featuredmedia":[{"embeddable":true,"href":"https:\/\/meva.net\/de-ch\/wp-json\/wp\/v2\/media\/9875"}],"wp:attachment":[{"href":"https:\/\/meva.net\/de-ch\/wp-json\/wp\/v2\/media?parent=9873"}],"curies":[{"name":"wp","href":"https:\/\/api.w.org\/{rel}","templated":true}]}}