{"id":5507,"date":"2022-01-25T14:07:30","date_gmt":"2022-01-25T14:07:30","guid":{"rendered":"https:\/\/meva.net\/de-ch\/?page_id=5507"},"modified":"2022-08-22T14:19:47","modified_gmt":"2022-08-22T13:19:47","slug":"betondruckrechner","status":"publish","type":"page","link":"https:\/\/meva.net\/de-ch\/tools\/betondruckrechner\/","title":{"rendered":"Betondruckrechner"},"content":{"rendered":"","protected":false},"excerpt":{"rendered":"<p>MEVA hat dieses Online-Berechnungstool entwickelt, um den Druck des Frischbetons auf eine senkrechte (oder bis zu 5 Grad geneigte) Schalung einfach zu berechnen. So k\u00f6nnen Sie eine Schalung mit ausreichender Tragf\u00e4higkeit f\u00fcr den Frischbetondruck planen und einsetzen.<\/p>\n","protected":false},"author":1,"featured_media":8442,"parent":8427,"menu_order":0,"comment_status":"closed","ping_status":"closed","template":"template-calculator-pressure.php","meta":[],"acf":[],"yoast_head":"<!-- This site is optimized with the Yoast SEO plugin v19.13 - https:\/\/yoast.com\/wordpress\/plugins\/seo\/ -->\n<title>Betondruckrechner - MEVA Schweiz (DE)<\/title>\n<meta name=\"description\" content=\"Das Online-Berechnungstool von MEVA zur Berechnung des Frischbetondrucks auf vertikale Schalungen. So k\u00f6nnen Sie eine Schalung planen und einsetzen, die f\u00fcr den Frischbetondruck ausreichend tragf\u00e4hig ist.\" \/>\n<meta name=\"robots\" content=\"index, follow, max-snippet:-1, max-image-preview:large, max-video-preview:-1\" \/>\n<link rel=\"canonical\" href=\"https:\/\/meva.net\/de-ch\/tools\/betondruckrechner\/\" \/>\n<meta property=\"og:locale\" content=\"de_DE\" \/>\n<meta property=\"og:type\" content=\"article\" \/>\n<meta property=\"og:title\" content=\"Betondruckrechner - MEVA Schweiz (DE)\" \/>\n<meta property=\"og:description\" content=\"Das Online-Berechnungstool von MEVA zur Berechnung des Frischbetondrucks auf vertikale Schalungen. So k\u00f6nnen Sie eine Schalung planen und einsetzen, die f\u00fcr den Frischbetondruck ausreichend tragf\u00e4hig ist.\" \/>\n<meta property=\"og:url\" content=\"https:\/\/meva.net\/de-ch\/tools\/betondruckrechner\/\" \/>\n<meta property=\"og:site_name\" content=\"MEVA Schweiz (DE)\" \/>\n<meta property=\"article:modified_time\" content=\"2022-08-22T13:19:47+00:00\" \/>\n<meta property=\"og:image\" content=\"https:\/\/meva.net\/de-ch\/wp-content\/uploads\/sites\/29\/2022\/04\/concrete-pressure-calculator.jpg\" \/>\n\t<meta property=\"og:image:width\" content=\"2560\" \/>\n\t<meta property=\"og:image:height\" content=\"1711\" \/>\n\t<meta property=\"og:image:type\" content=\"image\/jpeg\" \/>\n<meta name=\"twitter:card\" content=\"summary_large_image\" \/>\n<script type=\"application\/ld+json\" class=\"yoast-schema-graph\">{\"@context\":\"https:\/\/schema.org\",\"@graph\":[{\"@type\":\"WebPage\",\"@id\":\"https:\/\/meva.net\/de-ch\/tools\/betondruckrechner\/\",\"url\":\"https:\/\/meva.net\/de-ch\/tools\/betondruckrechner\/\",\"name\":\"Betondruckrechner - MEVA Schweiz (DE)\",\"isPartOf\":{\"@id\":\"https:\/\/meva.net\/de-ch\/#website\"},\"datePublished\":\"2022-01-25T14:07:30+00:00\",\"dateModified\":\"2022-08-22T13:19:47+00:00\",\"description\":\"Das Online-Berechnungstool von MEVA zur Berechnung des Frischbetondrucks auf vertikale Schalungen. So k\u00f6nnen Sie eine Schalung planen und einsetzen, die f\u00fcr den Frischbetondruck ausreichend tragf\u00e4hig ist.\",\"breadcrumb\":{\"@id\":\"https:\/\/meva.net\/de-ch\/tools\/betondruckrechner\/#breadcrumb\"},\"inLanguage\":\"de-CH\",\"potentialAction\":[{\"@type\":\"ReadAction\",\"target\":[\"https:\/\/meva.net\/de-ch\/tools\/betondruckrechner\/\"]}]},{\"@type\":\"BreadcrumbList\",\"@id\":\"https:\/\/meva.net\/de-ch\/tools\/betondruckrechner\/#breadcrumb\",\"itemListElement\":[{\"@type\":\"ListItem\",\"position\":1,\"name\":\"Home\",\"item\":\"https:\/\/meva.net\/de-ch\/\"},{\"@type\":\"ListItem\",\"position\":2,\"name\":\"Tools\",\"item\":\"https:\/\/meva.net\/de-ch\/tools\/\"},{\"@type\":\"ListItem\",\"position\":3,\"name\":\"Betondruckrechner\"}]},{\"@type\":\"WebSite\",\"@id\":\"https:\/\/meva.net\/de-ch\/#website\",\"url\":\"https:\/\/meva.net\/de-ch\/\",\"name\":\"MEVA Schweiz\",\"description\":\"\",\"potentialAction\":[{\"@type\":\"SearchAction\",\"target\":{\"@type\":\"EntryPoint\",\"urlTemplate\":\"https:\/\/meva.net\/de-ch\/?s={search_term_string}\"},\"query-input\":\"required name=search_term_string\"}],\"inLanguage\":\"de-CH\"}]}<\/script>\n<!-- \/ Yoast SEO plugin. -->","yoast_head_json":{"title":"Betondruckrechner - MEVA Schweiz (DE)","description":"Das Online-Berechnungstool von MEVA zur Berechnung des Frischbetondrucks auf vertikale Schalungen. So k\u00f6nnen Sie eine Schalung planen und einsetzen, die f\u00fcr den Frischbetondruck ausreichend tragf\u00e4hig ist.","robots":{"index":"index","follow":"follow","max-snippet":"max-snippet:-1","max-image-preview":"max-image-preview:large","max-video-preview":"max-video-preview:-1"},"canonical":"https:\/\/meva.net\/de-ch\/tools\/betondruckrechner\/","og_locale":"de_DE","og_type":"article","og_title":"Betondruckrechner - MEVA Schweiz (DE)","og_description":"Das Online-Berechnungstool von MEVA zur Berechnung des Frischbetondrucks auf vertikale Schalungen. So k\u00f6nnen Sie eine Schalung planen und einsetzen, die f\u00fcr den Frischbetondruck ausreichend tragf\u00e4hig ist.","og_url":"https:\/\/meva.net\/de-ch\/tools\/betondruckrechner\/","og_site_name":"MEVA Schweiz (DE)","article_modified_time":"2022-08-22T13:19:47+00:00","og_image":[{"width":2560,"height":1711,"url":"https:\/\/meva.net\/de-ch\/wp-content\/uploads\/sites\/29\/2022\/04\/concrete-pressure-calculator.jpg","type":"image\/jpeg"}],"twitter_card":"summary_large_image","schema":{"@context":"https:\/\/schema.org","@graph":[{"@type":"WebPage","@id":"https:\/\/meva.net\/de-ch\/tools\/betondruckrechner\/","url":"https:\/\/meva.net\/de-ch\/tools\/betondruckrechner\/","name":"Betondruckrechner - MEVA Schweiz (DE)","isPartOf":{"@id":"https:\/\/meva.net\/de-ch\/#website"},"datePublished":"2022-01-25T14:07:30+00:00","dateModified":"2022-08-22T13:19:47+00:00","description":"Das Online-Berechnungstool von MEVA zur Berechnung des Frischbetondrucks auf vertikale Schalungen. So k\u00f6nnen Sie eine Schalung planen und einsetzen, die f\u00fcr den Frischbetondruck ausreichend tragf\u00e4hig ist.","breadcrumb":{"@id":"https:\/\/meva.net\/de-ch\/tools\/betondruckrechner\/#breadcrumb"},"inLanguage":"de-CH","potentialAction":[{"@type":"ReadAction","target":["https:\/\/meva.net\/de-ch\/tools\/betondruckrechner\/"]}]},{"@type":"BreadcrumbList","@id":"https:\/\/meva.net\/de-ch\/tools\/betondruckrechner\/#breadcrumb","itemListElement":[{"@type":"ListItem","position":1,"name":"Home","item":"https:\/\/meva.net\/de-ch\/"},{"@type":"ListItem","position":2,"name":"Tools","item":"https:\/\/meva.net\/de-ch\/tools\/"},{"@type":"ListItem","position":3,"name":"Betondruckrechner"}]},{"@type":"WebSite","@id":"https:\/\/meva.net\/de-ch\/#website","url":"https:\/\/meva.net\/de-ch\/","name":"MEVA Schweiz","description":"","potentialAction":[{"@type":"SearchAction","target":{"@type":"EntryPoint","urlTemplate":"https:\/\/meva.net\/de-ch\/?s={search_term_string}"},"query-input":"required name=search_term_string"}],"inLanguage":"de-CH"}]}},"_links":{"self":[{"href":"https:\/\/meva.net\/de-ch\/wp-json\/wp\/v2\/pages\/5507"}],"collection":[{"href":"https:\/\/meva.net\/de-ch\/wp-json\/wp\/v2\/pages"}],"about":[{"href":"https:\/\/meva.net\/de-ch\/wp-json\/wp\/v2\/types\/page"}],"author":[{"embeddable":true,"href":"https:\/\/meva.net\/de-ch\/wp-json\/wp\/v2\/users\/1"}],"replies":[{"embeddable":true,"href":"https:\/\/meva.net\/de-ch\/wp-json\/wp\/v2\/comments?post=5507"}],"version-history":[{"count":5,"href":"https:\/\/meva.net\/de-ch\/wp-json\/wp\/v2\/pages\/5507\/revisions"}],"predecessor-version":[{"id":8948,"href":"https:\/\/meva.net\/de-ch\/wp-json\/wp\/v2\/pages\/5507\/revisions\/8948"}],"up":[{"embeddable":true,"href":"https:\/\/meva.net\/de-ch\/wp-json\/wp\/v2\/pages\/8427"}],"wp:featuredmedia":[{"embeddable":true,"href":"https:\/\/meva.net\/de-ch\/wp-json\/wp\/v2\/media\/8442"}],"wp:attachment":[{"href":"https:\/\/meva.net\/de-ch\/wp-json\/wp\/v2\/media?parent=5507"}],"curies":[{"name":"wp","href":"https:\/\/api.w.org\/{rel}","templated":true}]}}