{"id":6466,"date":"2022-02-24T10:14:56","date_gmt":"2022-02-24T10:14:56","guid":{"rendered":"https:\/\/meva.net\/de-at\/?page_id=6466"},"modified":"2025-03-27T10:06:24","modified_gmt":"2025-03-27T10:06:24","slug":"home","status":"publish","type":"page","link":"https:\/\/meva.net\/de-at\/","title":{"rendered":"Home"},"content":{"rendered":"","protected":false},"excerpt":{"rendered":"","protected":false},"author":1,"featured_media":0,"parent":0,"menu_order":0,"comment_status":"closed","ping_status":"closed","template":"template-building-blocks-better.php","meta":[],"acf":[],"yoast_head":"<!-- This site is optimized with the Yoast SEO plugin v19.13 - https:\/\/yoast.com\/wordpress\/plugins\/seo\/ -->\n<title>Schalung. Einfach. Clever. - MEVA Austria (DE)<\/title>\n<meta name=\"description\" content=\"MEVA ist ein mittelst\u00e4ndischer, familiengef\u00fchrter und international t\u00e4tiger Schalungs\u00adhersteller. Wir beliefern Bauunternehmen von 40 Standorten in der ganzen Welt aus, die Forschung und Entwicklung, Produktion, Logistik, Technik und internationalen Vertrieb umfassen.\" \/>\n<meta name=\"robots\" content=\"index, follow, max-snippet:-1, max-image-preview:large, max-video-preview:-1\" \/>\n<link rel=\"canonical\" href=\"https:\/\/meva.net\/de-at\/\" \/>\n<meta property=\"og:locale\" content=\"de_DE\" \/>\n<meta property=\"og:type\" content=\"article\" \/>\n<meta property=\"og:title\" content=\"Schalung. Einfach. Clever. - MEVA Austria (DE)\" \/>\n<meta property=\"og:description\" content=\"MEVA ist ein mittelst\u00e4ndischer, familiengef\u00fchrter und international t\u00e4tiger Schalungs\u00adhersteller. Wir beliefern Bauunternehmen von 40 Standorten in der ganzen Welt aus, die Forschung und Entwicklung, Produktion, Logistik, Technik und internationalen Vertrieb umfassen.\" \/>\n<meta property=\"og:url\" content=\"https:\/\/meva.net\/de-at\/\" \/>\n<meta property=\"og:site_name\" content=\"MEVA Austria (DE)\" \/>\n<meta property=\"article:modified_time\" content=\"2025-03-27T10:06:24+00:00\" \/>\n<meta name=\"twitter:card\" content=\"summary_large_image\" \/>\n<script type=\"application\/ld+json\" class=\"yoast-schema-graph\">{\"@context\":\"https:\/\/schema.org\",\"@graph\":[{\"@type\":\"WebPage\",\"@id\":\"https:\/\/meva.net\/de-at\/\",\"url\":\"https:\/\/meva.net\/de-at\/\",\"name\":\"Schalung. Einfach. Clever. - MEVA Austria (DE)\",\"isPartOf\":{\"@id\":\"https:\/\/meva.net\/de-at\/#website\"},\"datePublished\":\"2022-02-24T10:14:56+00:00\",\"dateModified\":\"2025-03-27T10:06:24+00:00\",\"description\":\"MEVA ist ein mittelst\u00e4ndischer, familiengef\u00fchrter und international t\u00e4tiger Schalungs\u00adhersteller. Wir beliefern Bauunternehmen von 40 Standorten in der ganzen Welt aus, die Forschung und Entwicklung, Produktion, Logistik, Technik und internationalen Vertrieb umfassen.\",\"breadcrumb\":{\"@id\":\"https:\/\/meva.net\/de-at\/#breadcrumb\"},\"inLanguage\":\"de-AT\",\"potentialAction\":[{\"@type\":\"ReadAction\",\"target\":[\"https:\/\/meva.net\/de-at\/\"]}]},{\"@type\":\"BreadcrumbList\",\"@id\":\"https:\/\/meva.net\/de-at\/#breadcrumb\",\"itemListElement\":[{\"@type\":\"ListItem\",\"position\":1,\"name\":\"Home\",\"item\":\"https:\/\/meva.net\/de-at\/\"},{\"@type\":\"ListItem\",\"position\":2,\"name\":\"Home\"}]},{\"@type\":\"WebSite\",\"@id\":\"https:\/\/meva.net\/de-at\/#website\",\"url\":\"https:\/\/meva.net\/de-at\/\",\"name\":\"MEVA Austria (DE)\",\"description\":\"\",\"potentialAction\":[{\"@type\":\"SearchAction\",\"target\":{\"@type\":\"EntryPoint\",\"urlTemplate\":\"https:\/\/meva.net\/de-at\/?s={search_term_string}\"},\"query-input\":\"required name=search_term_string\"}],\"inLanguage\":\"de-AT\"}]}<\/script>\n<!-- \/ Yoast SEO plugin. -->","yoast_head_json":{"title":"Schalung. Einfach. Clever. - MEVA Austria (DE)","description":"MEVA ist ein mittelst\u00e4ndischer, familiengef\u00fchrter und international t\u00e4tiger Schalungs\u00adhersteller. Wir beliefern Bauunternehmen von 40 Standorten in der ganzen Welt aus, die Forschung und Entwicklung, Produktion, Logistik, Technik und internationalen Vertrieb umfassen.","robots":{"index":"index","follow":"follow","max-snippet":"max-snippet:-1","max-image-preview":"max-image-preview:large","max-video-preview":"max-video-preview:-1"},"canonical":"https:\/\/meva.net\/de-at\/","og_locale":"de_DE","og_type":"article","og_title":"Schalung. Einfach. Clever. - MEVA Austria (DE)","og_description":"MEVA ist ein mittelst\u00e4ndischer, familiengef\u00fchrter und international t\u00e4tiger Schalungs\u00adhersteller. Wir beliefern Bauunternehmen von 40 Standorten in der ganzen Welt aus, die Forschung und Entwicklung, Produktion, Logistik, Technik und internationalen Vertrieb umfassen.","og_url":"https:\/\/meva.net\/de-at\/","og_site_name":"MEVA Austria (DE)","article_modified_time":"2025-03-27T10:06:24+00:00","twitter_card":"summary_large_image","schema":{"@context":"https:\/\/schema.org","@graph":[{"@type":"WebPage","@id":"https:\/\/meva.net\/de-at\/","url":"https:\/\/meva.net\/de-at\/","name":"Schalung. Einfach. Clever. - MEVA Austria (DE)","isPartOf":{"@id":"https:\/\/meva.net\/de-at\/#website"},"datePublished":"2022-02-24T10:14:56+00:00","dateModified":"2025-03-27T10:06:24+00:00","description":"MEVA ist ein mittelst\u00e4ndischer, familiengef\u00fchrter und international t\u00e4tiger Schalungs\u00adhersteller. Wir beliefern Bauunternehmen von 40 Standorten in der ganzen Welt aus, die Forschung und Entwicklung, Produktion, Logistik, Technik und internationalen Vertrieb umfassen.","breadcrumb":{"@id":"https:\/\/meva.net\/de-at\/#breadcrumb"},"inLanguage":"de-AT","potentialAction":[{"@type":"ReadAction","target":["https:\/\/meva.net\/de-at\/"]}]},{"@type":"BreadcrumbList","@id":"https:\/\/meva.net\/de-at\/#breadcrumb","itemListElement":[{"@type":"ListItem","position":1,"name":"Home","item":"https:\/\/meva.net\/de-at\/"},{"@type":"ListItem","position":2,"name":"Home"}]},{"@type":"WebSite","@id":"https:\/\/meva.net\/de-at\/#website","url":"https:\/\/meva.net\/de-at\/","name":"MEVA Austria (DE)","description":"","potentialAction":[{"@type":"SearchAction","target":{"@type":"EntryPoint","urlTemplate":"https:\/\/meva.net\/de-at\/?s={search_term_string}"},"query-input":"required name=search_term_string"}],"inLanguage":"de-AT"}]}},"_links":{"self":[{"href":"https:\/\/meva.net\/de-at\/wp-json\/wp\/v2\/pages\/6466"}],"collection":[{"href":"https:\/\/meva.net\/de-at\/wp-json\/wp\/v2\/pages"}],"about":[{"href":"https:\/\/meva.net\/de-at\/wp-json\/wp\/v2\/types\/page"}],"author":[{"embeddable":true,"href":"https:\/\/meva.net\/de-at\/wp-json\/wp\/v2\/users\/1"}],"replies":[{"embeddable":true,"href":"https:\/\/meva.net\/de-at\/wp-json\/wp\/v2\/comments?post=6466"}],"version-history":[{"count":65,"href":"https:\/\/meva.net\/de-at\/wp-json\/wp\/v2\/pages\/6466\/revisions"}],"predecessor-version":[{"id":10025,"href":"https:\/\/meva.net\/de-at\/wp-json\/wp\/v2\/pages\/6466\/revisions\/10025"}],"wp:attachment":[{"href":"https:\/\/meva.net\/de-at\/wp-json\/wp\/v2\/media?parent=6466"}],"curies":[{"name":"wp","href":"https:\/\/api.w.org\/{rel}","templated":true}]}}